{"id":112,"date":"2018-02-18T10:41:11","date_gmt":"2018-02-18T09:41:11","guid":{"rendered":"http:\/\/shop.mittgard.de\/?page_id=112"},"modified":"2023-10-29T16:44:45","modified_gmt":"2023-10-29T15:44:45","slug":"mittgard-begruesst-seine-gaeste","status":"publish","type":"page","link":"https:\/\/shop.mittgard.de\/","title":{"rendered":"Mittgard begr\u00fc\u00dft seine G\u00e4ste!"},"content":{"rendered":"<p>&nbsp;<br \/>\n<br \/>\n<img loading=\"lazy\" decoding=\"async\" class=\"aligncenter wp-image-205 size-medium\" src=\"http:\/\/shop.mittgard.de\/wp-content\/uploads\/2018\/02\/drache-300x201.png\" alt=\"\" width=\"300\" height=\"201\" srcset=\"https:\/\/shop.mittgard.de\/wp-content\/uploads\/2018\/02\/drache-300x201.png 300w, https:\/\/shop.mittgard.de\/wp-content\/uploads\/2018\/02\/drache-768x514.png 768w, https:\/\/shop.mittgard.de\/wp-content\/uploads\/2018\/02\/drache-1024x685.png 1024w, https:\/\/shop.mittgard.de\/wp-content\/uploads\/2018\/02\/drache-350x234.png 350w\" sizes=\"auto, (max-width: 300px) 100vw, 300px\" \/><\/p>\n<h1 style=\"text-align: center;\">Mittgard begr\u00fc\u00dft seine G\u00e4ste!<\/h1>\n<p>Mittgard im Internet ist ein <a href=\"http:\/\/shop.mittgard.de\/?page_id=5\">Versand-Handel<\/a> mit Hunderten von Artikeln zum Thema Heidentum &amp; Mittelalter, angefangen von Kr\u00e4utern, \u00fcber B\u00fccher bis hin zu R\u00e4ucherwerken, Schmuck und handgen\u00e4hter Gewandung.<\/p>\n<p>Mittgard ist weiterhin ein <a href=\"http:\/\/shop.mittgard.de\/?page_id=108\">Informationsarchiv<\/a> mit geschichtlichen Daten, Informationen zu Kr\u00e4utern und Rezepten, Ihr findet hier auch Texte der Edda und Infos \u00fcber Runen, Bauanleitungen, Ausflugstipps, Sagen und noch etliches mehr&#8230;<\/p>\n","protected":false},"excerpt":{"rendered":"<p>&nbsp; Mittgard begr\u00fc\u00dft seine G\u00e4ste! Mittgard im Internet ist ein Versand-Handel mit Hunderten von Artikeln zum Thema Heidentum &amp; Mittelalter, angefangen von Kr\u00e4utern, \u00fcber B\u00fccher bis hin zu R\u00e4ucherwerken, Schmuck und handgen\u00e4hter Gewandung. Mittgard ist weiterhin ein Informationsarchiv mit geschichtlichen Daten, Informationen zu Kr\u00e4utern und Rezepten, Ihr findet hier auch Texte der Edda und Infos &hellip; <\/p>\n<p class=\"link-more\"><a href=\"https:\/\/shop.mittgard.de\/\" class=\"more-link\"><span class=\"screen-reader-text\">\u201eMittgard begr\u00fc\u00dft seine G\u00e4ste!\u201c <\/span>weiterlesen<\/a><\/p>\n","protected":false},"author":2,"featured_media":0,"parent":0,"menu_order":0,"comment_status":"closed","ping_status":"closed","template":"","meta":{"footnotes":""},"class_list":["post-112","page","type-page","status-publish","hentry"],"_links":{"self":[{"href":"https:\/\/shop.mittgard.de\/index.php?rest_route=\/wp\/v2\/pages\/112","targetHints":{"allow":["GET"]}}],"collection":[{"href":"https:\/\/shop.mittgard.de\/index.php?rest_route=\/wp\/v2\/pages"}],"about":[{"href":"https:\/\/shop.mittgard.de\/index.php?rest_route=\/wp\/v2\/types\/page"}],"author":[{"embeddable":true,"href":"https:\/\/shop.mittgard.de\/index.php?rest_route=\/wp\/v2\/users\/2"}],"replies":[{"embeddable":true,"href":"https:\/\/shop.mittgard.de\/index.php?rest_route=%2Fwp%2Fv2%2Fcomments&post=112"}],"version-history":[{"count":10,"href":"https:\/\/shop.mittgard.de\/index.php?rest_route=\/wp\/v2\/pages\/112\/revisions"}],"predecessor-version":[{"id":23608,"href":"https:\/\/shop.mittgard.de\/index.php?rest_route=\/wp\/v2\/pages\/112\/revisions\/23608"}],"wp:attachment":[{"href":"https:\/\/shop.mittgard.de\/index.php?rest_route=%2Fwp%2Fv2%2Fmedia&parent=112"}],"curies":[{"name":"wp","href":"https:\/\/api.w.org\/{rel}","templated":true}]}}