{"id":124,"date":"2018-02-18T11:05:10","date_gmt":"2018-02-18T10:05:10","guid":{"rendered":"http:\/\/shop.mittgard.de\/?page_id=124"},"modified":"2020-10-30T17:03:21","modified_gmt":"2020-10-30T16:03:21","slug":"literatur","status":"publish","type":"page","link":"https:\/\/shop.mittgard.de\/?page_id=124","title":{"rendered":"Literatur"},"content":{"rendered":"<h1>Literatur<\/h1>\n<h2><a href=\"https:\/\/shop.mittgard.de\/?page_id=5025\">Die Edda &#8211; G\u00f6ttersagen, Helden- und Spruchdichtung der Germanen<\/a><\/h2>\n<p>Die Edda. Zum Teil original mit verschiedenen \u00dcbersetzungen.<\/p>\n<h2><a href=\"https:\/\/shop.mittgard.de\/?page_id=5862\">Runes of the elder Futhark<\/a><\/h2>\n<p>Bedeutung der Runen. In Englisch.<\/p>\n<h2><a href=\"https:\/\/shop.mittgard.de\/?page_id=5978\">Die Runen des \u00e4lteren Futhark<\/a><\/h2>\n<p>Eine Spruchsammlung zur Bedeutung der Runen. In Deutsch.<\/p>\n<h2><a href=\"https:\/\/shop.mittgard.de\/?page_id=258\">Die Merseburger Zauberspr\u00fcche<\/a><\/h2>\n<p>Die zwei \u00fcberlieferten Merseburger Zauberspr\u00fcche. Im Originaltext und mit \u00dcbersetzung.<\/p>\n<h2><a href=\"https:\/\/shop.mittgard.de\/?page_id=115\">Das Hildebrandslied<\/a><\/h2>\n<p>in nieder- und hochdeutscher Sprache &#8211; um 800 aufgezeichnet<\/p>\n<h2><a href=\"https:\/\/shop.mittgard.de\/?page_id=5315\">Der Hort der Dichtung<\/a><\/h2>\n<p>Eine G\u00f6ttersage in sechszehn Ges\u00e4ngen; Leipzig 1853 (germanisches Sagengedicht)<\/p>\n<h2><a href=\"https:\/\/shop.mittgard.de\/?page_id=5320\">Walhalla &#8211; Mythologie der alten Deutschen<\/a><\/h2>\n<p>Ein Herr A. Winter schrieb bereits 1866 eine Abhandlung zur germanischen Mythologie. Hier die Abschrift aus seinem damals erschienen Buch.<\/p>\n","protected":false},"excerpt":{"rendered":"<p>Literatur Die Edda &#8211; G\u00f6ttersagen, Helden- und Spruchdichtung der Germanen Die Edda. Zum Teil original mit verschiedenen \u00dcbersetzungen. Runes of the elder Futhark Bedeutung der Runen. In Englisch. Die Runen des \u00e4lteren Futhark Eine Spruchsammlung zur Bedeutung der Runen. In Deutsch. Die Merseburger Zauberspr\u00fcche Die zwei \u00fcberlieferten Merseburger Zauberspr\u00fcche. Im Originaltext und mit \u00dcbersetzung. Das &hellip; <\/p>\n<p class=\"link-more\"><a href=\"https:\/\/shop.mittgard.de\/?page_id=124\" class=\"more-link\"><span class=\"screen-reader-text\">\u201eLiteratur\u201c <\/span>weiterlesen<\/a><\/p>\n","protected":false},"author":2,"featured_media":0,"parent":108,"menu_order":1100,"comment_status":"closed","ping_status":"closed","template":"","meta":{"footnotes":""},"class_list":["post-124","page","type-page","status-publish","hentry"],"_links":{"self":[{"href":"https:\/\/shop.mittgard.de\/index.php?rest_route=\/wp\/v2\/pages\/124","targetHints":{"allow":["GET"]}}],"collection":[{"href":"https:\/\/shop.mittgard.de\/index.php?rest_route=\/wp\/v2\/pages"}],"about":[{"href":"https:\/\/shop.mittgard.de\/index.php?rest_route=\/wp\/v2\/types\/page"}],"author":[{"embeddable":true,"href":"https:\/\/shop.mittgard.de\/index.php?rest_route=\/wp\/v2\/users\/2"}],"replies":[{"embeddable":true,"href":"https:\/\/shop.mittgard.de\/index.php?rest_route=%2Fwp%2Fv2%2Fcomments&post=124"}],"version-history":[{"count":10,"href":"https:\/\/shop.mittgard.de\/index.php?rest_route=\/wp\/v2\/pages\/124\/revisions"}],"predecessor-version":[{"id":9664,"href":"https:\/\/shop.mittgard.de\/index.php?rest_route=\/wp\/v2\/pages\/124\/revisions\/9664"}],"up":[{"embeddable":true,"href":"https:\/\/shop.mittgard.de\/index.php?rest_route=\/wp\/v2\/pages\/108"}],"wp:attachment":[{"href":"https:\/\/shop.mittgard.de\/index.php?rest_route=%2Fwp%2Fv2%2Fmedia&parent=124"}],"curies":[{"name":"wp","href":"https:\/\/api.w.org\/{rel}","templated":true}]}}