{"id":136,"date":"2018-02-18T11:30:54","date_gmt":"2018-02-18T10:30:54","guid":{"rendered":"http:\/\/shop.mittgard.de\/?page_id=136"},"modified":"2020-10-30T16:45:21","modified_gmt":"2020-10-30T15:45:21","slug":"sagen-aus-sachsen","status":"publish","type":"page","link":"https:\/\/shop.mittgard.de\/?page_id=136","title":{"rendered":"Sagen aus Sachsen"},"content":{"rendered":"<h1 style=\"text-align: center;\">Sagen aus Sachsen<\/h1>\n<p style=\"text-align: center;\"><a href=\"https:\/\/shop.mittgard.de\/?page_id=138\">Drachensagen<\/a><\/p>\n<p style=\"text-align: center;\"><a href=\"https:\/\/shop.mittgard.de\/?page_id=264\">\u00fcber das Brauchtum<\/a><\/p>\n<p style=\"text-align: center;\"><a href=\"https:\/\/shop.mittgard.de\/?page_id=273\">G\u00f6ttersagen<\/a><\/p>\n<p style=\"text-align: center;\"><a href=\"https:\/\/shop.mittgard.de\/?page_id=277\">\u00fcber die Geschichte<\/a><\/p>\n<p style=\"text-align: center;\"><a href=\"https:\/\/shop.mittgard.de\/?page_id=281\">\u00fcber Naturgeister<\/a><\/p>\n<p style=\"text-align: center;\"><a href=\"https:\/\/shop.mittgard.de\/?page_id=285\">\u00fcber Zauberer &amp; Hexen<\/a><\/p>\n<p style=\"text-align: center;\"><a href=\"https:\/\/shop.mittgard.de\/?page_id=289\">Kultplatz-Sagen<\/a><\/p>\n<p style=\"text-align: center;\"><a href=\"https:\/\/shop.mittgard.de\/?page_id=293\">Sagen \u00fcber Zwerge und Kobolde<\/a><\/p>\n<p style=\"text-align: center;\"><a href=\"https:\/\/shop.mittgard.de\/?page_id=297\">Nixensagen<\/a><\/p>\n<p style=\"text-align: center;\"><a href=\"https:\/\/shop.mittgard.de\/?page_id=301\">Alter Aberglaube im Erzgebirge<\/a><\/p>\n","protected":false},"excerpt":{"rendered":"<p>Sagen aus Sachsen Drachensagen \u00fcber das Brauchtum G\u00f6ttersagen \u00fcber die Geschichte \u00fcber Naturgeister \u00fcber Zauberer &amp; Hexen Kultplatz-Sagen Sagen \u00fcber Zwerge und Kobolde Nixensagen Alter Aberglaube im Erzgebirge<\/p>\n","protected":false},"author":2,"featured_media":0,"parent":108,"menu_order":0,"comment_status":"closed","ping_status":"closed","template":"","meta":{"footnotes":""},"class_list":["post-136","page","type-page","status-publish","hentry"],"_links":{"self":[{"href":"https:\/\/shop.mittgard.de\/index.php?rest_route=\/wp\/v2\/pages\/136","targetHints":{"allow":["GET"]}}],"collection":[{"href":"https:\/\/shop.mittgard.de\/index.php?rest_route=\/wp\/v2\/pages"}],"about":[{"href":"https:\/\/shop.mittgard.de\/index.php?rest_route=\/wp\/v2\/types\/page"}],"author":[{"embeddable":true,"href":"https:\/\/shop.mittgard.de\/index.php?rest_route=\/wp\/v2\/users\/2"}],"replies":[{"embeddable":true,"href":"https:\/\/shop.mittgard.de\/index.php?rest_route=%2Fwp%2Fv2%2Fcomments&post=136"}],"version-history":[{"count":14,"href":"https:\/\/shop.mittgard.de\/index.php?rest_route=\/wp\/v2\/pages\/136\/revisions"}],"predecessor-version":[{"id":9657,"href":"https:\/\/shop.mittgard.de\/index.php?rest_route=\/wp\/v2\/pages\/136\/revisions\/9657"}],"up":[{"embeddable":true,"href":"https:\/\/shop.mittgard.de\/index.php?rest_route=\/wp\/v2\/pages\/108"}],"wp:attachment":[{"href":"https:\/\/shop.mittgard.de\/index.php?rest_route=%2Fwp%2Fv2%2Fmedia&parent=136"}],"curies":[{"name":"wp","href":"https:\/\/api.w.org\/{rel}","templated":true}]}}