{"id":143,"date":"2018-02-18T11:40:05","date_gmt":"2018-02-18T10:40:05","guid":{"rendered":"http:\/\/shop.mittgard.de\/?page_id=143"},"modified":"2020-10-30T16:54:25","modified_gmt":"2020-10-30T15:54:25","slug":"stammesgeschichte","status":"publish","type":"page","link":"https:\/\/shop.mittgard.de\/?page_id=143","title":{"rendered":"Stammesgeschichte"},"content":{"rendered":"<h1>Stammesgeschichte<\/h1>\n<h2><a href=\"https:\/\/shop.mittgard.de\/?page_id=5619\">Die Bajuwaren<\/a><\/h2>\n<p>Die Geschichte der Bayern<\/p>\n<h2><a href=\"https:\/\/shop.mittgard.de\/?page_id=5627\">Die Wandalen<\/a><\/h2>\n<p>Die Geschichte der Wandalen<\/p>\n<h2><a href=\"https:\/\/shop.mittgard.de\/?page_id=5631\">Die Goten<\/a><\/h2>\n<p>Die Geschichte der Ost- &amp; Westgoten<\/p>\n<h2><a href=\"https:\/\/shop.mittgard.de\/?page_id=5637\">Die Franken<\/a><\/h2>\n<p>Die Geschichte der Franken<\/p>\n<h2><a href=\"https:\/\/shop.mittgard.de\/?page_id=146\">Der Stamm der Hermunduren<\/a><\/h2>\n<p>Eine kleine Zeittafel des germanischen Stammes in Th\u00fcringen<br \/>\nDazu noch ein witziges Gedicht \u00fcber &#8218;<a href=\"https:\/\/shop.mittgard.de\/?page_id=5642\">Die Geschichte der Wurst<\/a>&#8218;<\/p>\n<h2><a href=\"https:\/\/shop.mittgard.de\/?page_id=5644\">Besiedelung der Striegist\u00e4ler in Sachsen<\/a><\/h2>\n<p>Etwas Historie aus der n\u00e4heren Umgebung.<\/p>\n<h2><a href=\"https:\/\/shop.mittgard.de\/?page_id=5651\">Das alte Island<\/a><\/h2>\n<p>Islands Zeittafel<\/p>\n","protected":false},"excerpt":{"rendered":"<p>Stammesgeschichte Die Bajuwaren Die Geschichte der Bayern Die Wandalen Die Geschichte der Wandalen Die Goten Die Geschichte der Ost- &amp; Westgoten Die Franken Die Geschichte der Franken Der Stamm der Hermunduren Eine kleine Zeittafel des germanischen Stammes in Th\u00fcringen Dazu noch ein witziges Gedicht \u00fcber &#8218;Die Geschichte der Wurst&#8218; Besiedelung der Striegist\u00e4ler in Sachsen Etwas &hellip; <\/p>\n<p class=\"link-more\"><a href=\"https:\/\/shop.mittgard.de\/?page_id=143\" class=\"more-link\"><span class=\"screen-reader-text\">\u201eStammesgeschichte\u201c <\/span>weiterlesen<\/a><\/p>\n","protected":false},"author":2,"featured_media":0,"parent":108,"menu_order":0,"comment_status":"closed","ping_status":"closed","template":"","meta":{"footnotes":""},"class_list":["post-143","page","type-page","status-publish","hentry"],"_links":{"self":[{"href":"https:\/\/shop.mittgard.de\/index.php?rest_route=\/wp\/v2\/pages\/143","targetHints":{"allow":["GET"]}}],"collection":[{"href":"https:\/\/shop.mittgard.de\/index.php?rest_route=\/wp\/v2\/pages"}],"about":[{"href":"https:\/\/shop.mittgard.de\/index.php?rest_route=\/wp\/v2\/types\/page"}],"author":[{"embeddable":true,"href":"https:\/\/shop.mittgard.de\/index.php?rest_route=\/wp\/v2\/users\/2"}],"replies":[{"embeddable":true,"href":"https:\/\/shop.mittgard.de\/index.php?rest_route=%2Fwp%2Fv2%2Fcomments&post=143"}],"version-history":[{"count":7,"href":"https:\/\/shop.mittgard.de\/index.php?rest_route=\/wp\/v2\/pages\/143\/revisions"}],"predecessor-version":[{"id":9660,"href":"https:\/\/shop.mittgard.de\/index.php?rest_route=\/wp\/v2\/pages\/143\/revisions\/9660"}],"up":[{"embeddable":true,"href":"https:\/\/shop.mittgard.de\/index.php?rest_route=\/wp\/v2\/pages\/108"}],"wp:attachment":[{"href":"https:\/\/shop.mittgard.de\/index.php?rest_route=%2Fwp%2Fv2%2Fmedia&parent=143"}],"curies":[{"name":"wp","href":"https:\/\/api.w.org\/{rel}","templated":true}]}}