{"id":181,"date":"2018-02-18T13:00:01","date_gmt":"2018-02-18T12:00:01","guid":{"rendered":"http:\/\/shop.mittgard.de\/?page_id=181"},"modified":"2020-10-30T15:04:29","modified_gmt":"2020-10-30T14:04:29","slug":"jul-bericht","status":"publish","type":"page","link":"https:\/\/shop.mittgard.de\/?page_id=181","title":{"rendered":"Jul-Bericht"},"content":{"rendered":"<h1>Jul-Bericht<\/h1>\n<p>Unsere Julvorbereitungen begannen diesmal schon im November mit der Suche nach dem Braten. Wir hatten beschlossen, dass es dies Jahr Federvieh geben sollte, angestrebt &amp; bestellt wurde eine Wildente.<br \/>\nNachdem fast alle unsrer G\u00e4ste zugesagt hatten, bekamen wir Bedenken, ob die Wildente f\u00fcr alle reichen w\u00fcrde. Also machten wir uns wieder auf die Suche nach einer gl\u00fccklich verstorbenen Hausente vom Bauernhof. Am Ende hatten wir zwei ausgewachsene Enten, wovon aber nur eine in den Ofen passte. Ein weiterer Vorbereitungspunkt war es, G\u00fcnter zu \u00fcberreden f\u00fcr die Kinder den Oski, also Odin in seiner Gestalt des Wunscherf\u00fcllers, zu spielen. G\u00fcnter ist die perfekte Verk\u00f6rperung: langes wei\u00dfes wallendes Haar samt Rauschebart, nun gut, er hat noch beide Augen, die haben wir ihm aber auch gelassen.<br \/>\nTreffen war am 21.Dezember um 14 Uhr bei Aniko zu Hause. Bevor noch alle da waren, bin ich und Aniko schon in den Wald vorgelaufen. Wir hatten vor, den ganzen Weg bis zum Teich eine Spur von Teelichtern in Gl\u00e4sern zu stellen, zum einen damit unser Oski den Weg zu uns findet und zum anderen, damit&#8217;s auf dem R\u00fcckweg im D\u00e4mmerlicht sch\u00f6n aussieht. Au\u00dferdem wollte Aniko an unsrem Ritualplatz schon mal eine Teelichtspirale bauen. Eine Viertelstunde nach uns machten sich dann Martin &amp; Claudia und Mar\u00e9n mit den 6 Kindern auf den Weg. G\u00fcnter wartet bereits im Wald gewandet in einen langen blauen Wollmantel mit braunem Filzschlapphut, den er tief ins Gesicht gezogen hatte, mit einem gro\u00dfen Sack voller \u00c4pfel, N\u00fcsse &amp; Kekse. Diverse Spazierg\u00e4nger fragten ihn schon nach den Teelichtern, die so sch\u00f6n im Wald stehen w\u00fcrden und ob er den Weihnachtsmann spielen w\u00fcrde und fanden das alles herzallerliebst. Irgendwann sah er dann die Kinder, die verstohlen n\u00e4her kamen und staunend fragten wer er sei. Doch noch bevor Oski-G\u00fcnter zu seiner Rede ansetzen konnte, begr\u00fc\u00dfte Martin ihn mit Voenix Worten:<\/p>\n<p style=\"text-align: center;\">Heil dir Oski, Wunscherf\u00fcller,<br \/>\nsegensreicher Freudenbringer,<br \/>\nl\u00e4\u00dft die Herzen sich erw\u00e4rmen,<br \/>\nKinder fangen an zu schw\u00e4rmen,<br \/>\nm\u00f6gen sich nun laben<br \/>\nan deinen guten Gaben.<\/p>\n<p style=\"text-align: center;\">Sp\u00e4ter la\u00dft uns l\u00e4rmend toben,<br \/>\nzu bannen Geister und D\u00e4monen,<br \/>\nda\u00df nun auch im neuen Jahr<br \/>\nVerderben bei uns macht sich rar.<br \/>\nBringst Gl\u00fcck hinein in unser Haus<br \/>\nund tr\u00e4gst das Ungl\u00fcck rasch hinaus.<\/p>\n<p style=\"text-align: center;\">Heil dir, Oski!<\/p>\n<p>Damit war er etwas aus dem Konzept gebracht, aber nach einigen netten Worten machten sich die Kinder \u00fcber den Inhalt des Sackes her bis sich Oski wieder nach Hause trollte.<br \/>\nDerweil wartete ich und Aniko im eisiggefrorenen Wald bis die Kinder freudestrahlend mit unseren Teelichtern, die sie ordentlich wieder eingesammelt hatten, auf uns zugerannt kamen und uns ganz aufgeregt erz\u00e4hlten, da\u00df sie den Weihnachtsmann getroffen h\u00e4tten. Kilian war da allerdings anderer Meinung. Das kann unm\u00f6glich der Weihnachtsmann gewesen sein, weil bei dem Mann im Wald war der Bart echt und er hatte auch kein Kissen als Bauch unterm Mantel. Cleveres Kind!<br \/>\nAlle zusammen gingen wir nun zu unserer Tanne, um sie wie jedes Jahr mit unseren Opfergaben f\u00fcr die Tiere des Waldes zu schm\u00fccken. Und wie jedes Jahr waren uns schon Andere zuvor gekommen und an den umstehenden B\u00e4umen hingen \u00fcberall schon \u00c4pfel, M\u00f6hren und Meisenkn\u00f6del \u00fcberzogen mit einer silbern gl\u00e4nzenden Reifschicht. W\u00e4hrend wir mit den Kindern die Tanne mit unseren Gaben behangen und unter den Baum altes Brot legten, entz\u00fcndete Aniko auf der anderen Seite des Teiches schon die Teelichtspirale. Als wir fertig waren, gingen wir zu ihr her\u00fcber, nahmen uns alle an die Hand und tanzten mit dem vor allem bei den Kindern allseits beliebten Lied &#8222;Oh Tannebaum&#8220; in die Spirale hinein. In der Mitte stand wieder die gro\u00dfe Ritualkerze um die wir kreisf\u00f6rmig unsere Gaben legten: Korn, Beeren, Eier, Honig, R\u00e4ucherst\u00e4bchen&#8230; Gerade als ich beginnen wollte den Sinn des Festes zu erkl\u00e4ren, tauchten noch unsere Nachz\u00fcgler Andi &amp; Claudi auf, die trotz fehlender Teelichter doch noch den Weg zu uns gefunden hatten. Nachdem auch sie im Ringelreihn durch die Teelichtspirale in unsere Mitte gekommen waren, erz\u00e4hlte ich von Baldur&#8217;s Tod zu Mittsommer, von Ragnar\u00f6k und der Wilden Jagd und das jetzt in der l\u00e4ngsten Nacht Baldur wiedergeboren w\u00fcrde, damit ab da die Tage langsam wieder l\u00e4nger werden k\u00f6nnen. Zu Ehren des wiederkehrenden Lichtes intonierten wir dann alle gemeinsam die Rune Sowilo, was diverse Spazierg\u00e4nger auf der anderen Seite des Teiches veranla\u00dfte, neugierig zu uns her\u00fcberzusehen. Claudia verlas dann den Julsegen und wir sangen alle noch &#8222;Schneefl\u00f6ckchen, Wei\u00dfr\u00f6ckchen&#8220;, w\u00e4hrend wir wieder langsam aus der Teelichtspirale hinausgingen. Bevor wir wieder zur\u00fcckgingen, sammelten wir noch alle Teelichter wieder ein und tranken von Andis mitgebrachtem Gl\u00fchwein. Auf dem R\u00fcckweg hatte jeder einmal die ehrenvolle Aufgabe die Ritualkerze zu tragen, wobei es darauf ankam, da\u00df das Licht w\u00e4hrend des anderthalb Kilometer-R\u00fcckweges nicht verlosch. Zu Hause angekommen stellten wir sie in die Mitte des mit Tannengr\u00fcn auf der roten &amp; gr\u00fcnen Tischdecke festlich geschm\u00fcckten Kaffeetisches und machten uns \u00fcber vielerlei Kekse &amp; Kuchen her. W\u00e4hrend anschlie\u00dfend ich und Mar\u00e9n in der K\u00fcche den Aufwasch bew\u00e4ltigten und ich schon mal die Ente in Augenschein nahm, begann Claudia im Wohnzimmer mit der Weihnachtsgeschichte. Daf\u00fcr hatte Aniko ihren Erker mit vielen Kissen &amp; Fellen ausgepolstert und alle Kinder lagen zusammengekuschelt darin und lauschten Claudia&#8217;s M\u00e4rchen. Derweil stopfte ich die Ente mit \u00c4pfeln und Cranberries, setzte sie in eine Backform und steckte sie in die R\u00f6hre.<br \/>\nDr\u00fcben angekommen, bekam ich noch das Ende der Geschichte mit und dann tobten die Kinder auch schon wieder durch den Vorsaal, wo schlie\u00dflich 10 Hundebabies bespielt werden wollten. Inzwischen hatte Mar\u00e9n Kilians Kindergitarre entdeckt und begann sie zu stimmen, Claudia holte ihre extra julgerecht zusammengestellte Liedersammlung und Martin kramte auch seine Gitarre heraus. Und nun schaffte es Claudia wirklich uns innerhalb einer halben Stunde eines ihrer Jullieder beizubringen, da\u00df nur sie kannte und das zweistimmig! Wir waren alle sehr stolz auf uns.<\/p>\n<p style=\"text-align: center;\">Ein Jahr mu\u00df nun vergehen<\/p>\n<p style=\"text-align: center;\">Ein Jahr mu\u00df nun vergehen<br \/>\nin alle Welt verschneit,<br \/>\nund wird doch bald erstehen<br \/>\nhoch \u00fcber aller Zeit.<\/p>\n<p style=\"text-align: center;\">Das alte Jahr mu\u00df bringen<br \/>\nsein Licht dem neuen Jahr,<br \/>\ndoch seine Sterne springen<br \/>\nam ganzen Himmel gar.<\/p>\n<p style=\"text-align: center;\">Ein Jahr wird nun verloren<br \/>\nin unsrer Erde Scho\u00df,<br \/>\nwird neu und jung geboren<br \/>\nund leuchtet, leuchtet gro\u00df.<\/p>\n<p style=\"text-align: center;\">Hans Baumann<\/p>\n<p>Wir sangen noch einige andere Lieder wie &#8222;Hohe Nacht der klaren Sterne&#8220;, &#8222;Es sa\u00df ein klein wild V\u00f6gelein&#8220; und &#8222;Hoch im Norden&#8220;. Viele Lieder kannte ich noch gar nicht, wie dieses hier, was ich auch sehr sch\u00f6n finde:<\/p>\n<p style=\"text-align: center;\">Es singt wohl ein V\u00f6gelein<\/p>\n<p style=\"text-align: center;\">Es singt wohl ein V\u00f6gelein die ganze Nacht,<br \/>\ndie lange, die dunkle, die Winternacht,<br \/>\nso s\u00fc\u00dfe tut es aufsingen.<br \/>\nEia, eia, eia,<br \/>\ndie lange, die dunkle, die Winternacht,<br \/>\nso s\u00fc\u00dfe tut es aufsingen.<\/p>\n<p style=\"text-align: center;\">Es bl\u00fcht eine Blume die ganze Nacht,<br \/>\ndie lange, die dunkle, die Winternacht,<br \/>\nganz heimlich t\u00e4t sie aufspringen.<br \/>\nEia&#8230;<\/p>\n<p style=\"text-align: center;\">Es rauschen viel Wasser die ganze Nacht,<br \/>\ndie lange, die dunkle, die Winternacht,<br \/>\nund alte Brunnen aufspringen.<br \/>\nEia&#8230;<\/p>\n<p style=\"text-align: center;\">Es wiegt die Mutter ihr Kind bei der Nacht,<br \/>\ndie lange, die dunkle, die Winternacht,<br \/>\nund Erde und Himmel aufklingen.<br \/>\nEia&#8230;<br \/>\nDie liebe, die heil&#8217;ge, die Weihenacht,<br \/>\nund Erde und Himmel aufklingen.<\/p>\n<p style=\"text-align: center;\">Helmut Br\u00e4utigam<\/p>\n<p>Zwischendurch sah ich immer mal nach der Ente, Mar\u00e9n bereitete die Kl\u00f6se zu, Aniko das Rotkraut sowie den Pudding zum Nachtisch und Claudia ihre Pilze und die Eiersuppe als Vorspei\u00dfe. Dann konnte schon der Tisch gedeckt werden. Die einzige Beleuchtung bildeten zahllose Kerzen, die im gesamten Raum verteilt waren. Das hei\u00dft als ich die knusprig gebratene Ente hereinbrachte, mu\u00dfte das Licht angemacht werden, weil alle Kinder nocheinmal die Ente bestaunen wollten, bevor sie Martin in kleine St\u00fccke zerschneidet. Das Essen war wieder umwerfend lecker und wir sa\u00dfen danach wieder alle zufrieden und kugelrund gefuttert um den Tisch.<br \/>\nNun war die richtige Zeit gekommen f\u00fcr Geschenke! Die Kinder warteten ja schon den ganzen Tag sehns\u00fcchtig. Die \u00dcberraschung und die Freude war wieder gro\u00df bei allen. Die Kinder mu\u00dften gleich alle Spiele ausprobieren &amp; alle B\u00fccher ansehen, genauso wie wir Gro\u00dfen.<br \/>\nAniko holte dann wieder ihre Runen und die Weltenesche-Karten und unsre allj\u00e4hrliche Orakelrunde konnte beginnen. Es ist immer wieder faszinierend wie passend die Karten bzw. Runen sind und so wurden auch die Runen &amp; Geschehnisse des vergangenen Jahres ausgewertet. In der Zwischenzeit war ein Gro\u00dfteil der Kinder eingeschlafen, sie lagen \u00fcberall im Raum verteilt in den Kissen &amp; Decken, auf dem Sofa oder im Scho\u00df ihrer M\u00fctter &amp; V\u00e4ter. Nun konnte wieder die Sumbelrunde beginnen, die uns das letzte Mal ja so gefallen hatte. Daf\u00fcr hatte ich extra am Tag zuvor Hypocras zubereitet. Das ist ein s\u00fc\u00dfer mittelalterlicher Gew\u00fcrzwein und geht so:<\/p>\n<h3>Hypocras<\/h3>\n<p>Auf eine Flasche herben Rotwein gibt man 400g Zucker und einen kleinen Schu\u00df Rosenwasser. 30g Zimtstangen und 60g Ingwerst\u00fccke gibt man in einen Leinensack, den man mindestens 3 Stunden im Wein ziehen l\u00e4\u00dft. Dann abseihen, fertig.<br \/>\nMir war das noch zu s\u00fc\u00df und ich habe noch einmal um das Doppelte mit Wasser verd\u00fcnnt, dann hat man immer noch einen schweren s\u00fc\u00dfen Gew\u00fcrz-Rotwein, den man auch hei\u00df machen kann.<\/p>\n<p>Den Neulingen erkl\u00e4rten wir noch den Ablauf unseres Sumbels: jeder bekommt der Reihe nach das Glas mit dem Wein, trinkt auf die G\u00f6tter, Freunde und Ahnen oder sagt sonst etwas Kluges, nimmt einen Schluck und gibt das Glas weiter. Gesagt, getan &#8211; wir hatten 3 Flaschen Hypocras vor uns. Nachdem wir wieder all unsre W\u00fcnsche &amp; Bitten &amp; Hoffnungen vorgetragen hatten und auch wieder viel Spa\u00df hatten dabei, schlug Martin eine \u00c4nderung vor: Jeder erz\u00e4hlt etwas \u00fcber ein interessantes Buch, das er gerade liest oder gelesen hat. Auch wieder eine sehr lustige &amp; interessante Runde. Bis der erste Beitrag in Form von lautem Schnarchen vorgetragen wurde &#8211; Andi war auf dem Fu\u00dfboden eingeschlafen, nachdem er einem Kind das Kissen geklaut hatte! Gut, es war fr\u00fch halb 2 und wir beschlossen, da\u00df es wohl an der Zeit w\u00e4re, unser Julfest zu beschlie\u00dfen. Und so trennten wir uns alle wieder zufrieden &amp; gl\u00fccklich und gespannt, was uns das neue Jahr bringen wird.<\/p>\n","protected":false},"excerpt":{"rendered":"<p>Jul-Bericht Unsere Julvorbereitungen begannen diesmal schon im November mit der Suche nach dem Braten. Wir hatten beschlossen, dass es dies Jahr Federvieh geben sollte, angestrebt &amp; bestellt wurde eine Wildente. Nachdem fast alle unsrer G\u00e4ste zugesagt hatten, bekamen wir Bedenken, ob die Wildente f\u00fcr alle reichen w\u00fcrde. Also machten wir uns wieder auf die Suche &hellip; <\/p>\n<p class=\"link-more\"><a href=\"https:\/\/shop.mittgard.de\/?page_id=181\" class=\"more-link\"><span class=\"screen-reader-text\">\u201eJul-Bericht\u201c <\/span>weiterlesen<\/a><\/p>\n","protected":false},"author":2,"featured_media":0,"parent":179,"menu_order":0,"comment_status":"closed","ping_status":"closed","template":"","meta":{"footnotes":""},"class_list":["post-181","page","type-page","status-publish","hentry"],"_links":{"self":[{"href":"https:\/\/shop.mittgard.de\/index.php?rest_route=\/wp\/v2\/pages\/181","targetHints":{"allow":["GET"]}}],"collection":[{"href":"https:\/\/shop.mittgard.de\/index.php?rest_route=\/wp\/v2\/pages"}],"about":[{"href":"https:\/\/shop.mittgard.de\/index.php?rest_route=\/wp\/v2\/types\/page"}],"author":[{"embeddable":true,"href":"https:\/\/shop.mittgard.de\/index.php?rest_route=\/wp\/v2\/users\/2"}],"replies":[{"embeddable":true,"href":"https:\/\/shop.mittgard.de\/index.php?rest_route=%2Fwp%2Fv2%2Fcomments&post=181"}],"version-history":[{"count":3,"href":"https:\/\/shop.mittgard.de\/index.php?rest_route=\/wp\/v2\/pages\/181\/revisions"}],"predecessor-version":[{"id":9637,"href":"https:\/\/shop.mittgard.de\/index.php?rest_route=\/wp\/v2\/pages\/181\/revisions\/9637"}],"up":[{"embeddable":true,"href":"https:\/\/shop.mittgard.de\/index.php?rest_route=\/wp\/v2\/pages\/179"}],"wp:attachment":[{"href":"https:\/\/shop.mittgard.de\/index.php?rest_route=%2Fwp%2Fv2%2Fmedia&parent=181"}],"curies":[{"name":"wp","href":"https:\/\/api.w.org\/{rel}","templated":true}]}}