{"id":183,"date":"2018-02-18T13:13:52","date_gmt":"2018-02-18T12:13:52","guid":{"rendered":"http:\/\/shop.mittgard.de\/?page_id=183"},"modified":"2018-02-18T15:59:03","modified_gmt":"2018-02-18T14:59:03","slug":"ostara","status":"publish","type":"page","link":"https:\/\/shop.mittgard.de\/?page_id=183","title":{"rendered":"Ostara"},"content":{"rendered":"<h1>Ostara<\/h1>\n<p>Es ist schon einige Jahre her, da\u00df ich so sch\u00f6n Ostara feiern konnte wie damals mit den Kindern. Ich versuche also aus dem Ged\u00e4chtnis davon zu berichten und mir sei verziehen, wenn ich verschiedene Ostarafeste durcheinander w\u00fcrfele. Aber das w\u00fcrden ohnehin nur diejenigen bemerken, die dabei waren. Allen anderen soll es Inspiration schenken.<br \/>\n<img loading=\"lazy\" decoding=\"async\" class=\"alignright wp-image-184 size-full\" src=\"http:\/\/shop.mittgard.de\/wp-content\/uploads\/2018\/02\/ostara-1.jpg\" alt=\"\" width=\"298\" height=\"202\" \/>Wir haben uns immer am Nachmittag der Fr\u00fchjahrs-Tagundnachtgleiche am 20. bzw. 21. M\u00e4rz am Gel\u00e4nde des Treppenhauers getroffen. Meist waren wir 5-8 Frauen mit eben soviel Kindern im Alter zwischen 2-6 Jahren. Von zu Hause brachten wir Beutel voller Stoffreste, Stricke und Stroh mit. Mit dort zusammen gesammelten \u00c4sten bastelten wir daraus als erstes den Herrn Winter, den wir schlie\u00dflich alle lautstark austreiben wollten. Nach und nach trudelten alle ein. Wir Frauen bastelten, stellten das Essen f\u00fcr das sp\u00e4tere Picknick in den K\u00fchlschrank und die Kinder tobten durch das Museumsgel\u00e4nde, das langsam aus der Winterstarre erwachte. Als der Herr Winter fertig war und alle sich am Eingangstor versammelt hatten, konnte es ab in den Wald gehen. Es gab ein ziemliches Gerangel unter den Kindern bei der Frage wer die Winterpuppe tragen durfte. Jeder wollte einen Zipfel von ihr ergattern. Die Muttis bestimmten dann, dass abwechselnd getragen werden durfte. Und so ging es laut mit dem Winteraustreib-Lied in den Wald:<\/p>\n<p style=\"text-align: center;\">So treiben wir den Winter aus<br \/>\ndurch unsre Stadt zum Tor hinaus<br \/>\nund jagen ihn zu Schanden,<br \/>\nhinweg aus unsren Landen.<\/p>\n<p style=\"text-align: center;\">Wir st\u00fcrzen ihn von Berg zu Tal,<br \/>\ndamit er sich zu Tode fall<br \/>\nund uns nicht mehr betr\u00fcge<br \/>\nmit seine sp\u00e4ten Z\u00fcge.<\/p>\n<p style=\"text-align: center;\">Nun haben wir den Winter ausgetrieben,<br \/>\nSo bringen wir den Sommer wieder.<br \/>\nDen Sommer und den Maien,<br \/>\ndie Bl\u00fcmlein mancherleien.<\/p>\n<p>Unter dem Vorwand, dass ich noch auf die Nachz\u00fcgler warten wolle, blieb ich mit dem Korb voller bunt gef\u00e4rbter Eier und diverser Schokoleckereien zur\u00fcck. Als ich die Kinder nicht mehr durch die B\u00e4ume sehen konnte, begann ich damit den ganzen Inhalt des Korbes im Wald zu verteilen. Im Geb\u00fcsch, in Str\u00e4uchern, in Astgabelungen, in ausgeh\u00f6hlten Baumst\u00fcmpfen&#8230; danach wetzte ich den anderen hinterher. Die waren inzwischen an unsrer Quelle am Bach angekommen und hatten sie vom Winterm\u00fcll befreit. Es geh\u00f6rt immer bei uns mit zu Ostara die Quelle sauber zu machen. Altes Laub zu entfernen, dass ihren Abfluss verstopft. M\u00fcll aufzusammeln, der von dem nahe gelegenen Jugendclub immer irgendwie seinen Weg in den Wald findet. Es werden Fr\u00fchjahrsbl\u00fcher gepflanzt, wie Narzissen oder Primeln. Um eine gro\u00dfe Kerze drapieren wir unsere Opfergaben: rohe angeknackste Eier (roh deshalb, damit die Tiere des Waldes ohne Probleme die Eier fressen k\u00f6nnen), Milch, Lauch, Hirse, Honig &#8230; darum einige duftige R\u00e4ucherst\u00e4bchen.<br \/>\nDie Kinder stellten nat\u00fcrlich mit Best\u00fcrzung fest, dass inzwischen mein Korb leer war. Ich erfand schnell die Geschichte, dass mich unterwegs doch tats\u00e4chlich der Osterhase \u00fcberfallen hat und alle Eier gestohlen hat! Und als ich ihn verfolgte, hat er bei seiner Flucht alles panisch in den Wald geworfen und deshalb m\u00fcssten die Kinder mir r\u00fcck zu helfen, alles wieder zu finden. Ich erntete nur ein Kopfsch\u00fctteln und die Bemerkung, dass es ein ziemlich dummer Hase gewesen sein muss. \ud83d\ude09<img loading=\"lazy\" decoding=\"async\" class=\"alignleft wp-image-185 size-full\" src=\"http:\/\/shop.mittgard.de\/wp-content\/uploads\/2018\/02\/ostara-2.jpg\" alt=\"\" width=\"298\" height=\"275\" \/><br \/>\nNun wo wir alle beisammen waren, konnte das Ritual mit den Kindern beginnen. Ich erkl\u00e4rte, dass nun die Frau Sommer \u00fcber den Herrn Winter siegt, die Sonne immer w\u00e4rmer strahlt und die Tage l\u00e4nger werden. Und um sie dabei zu unterst\u00fctzen, m\u00fcsste als Erstes der Herr Winter in den Bach geworfen werden, damit er auch wirklich verschwindet. Gesagt getan: die Kinder stellten sich alle auf der sehr wackeligen selbstgebauten Br\u00fccke auf, die \u00fcber den Bach f\u00fchrte. Jedes Kind wollte die Winterpuppe in den Bach werfen. Die M\u00fctter am Ufer hatten die Bef\u00fcrchtung, dass die Kinder gleich mit hinterher fliegen. Aber sie schafften es wie jedes Jahr, dass nur die Winterpuppe in den Bach flog und wie immer sich am einzigen Felsbrocken im Bach vehement festkrallte und ich, auch wie jedes Jahr, bewaffnet mit einem langen Stock zum Bach hinunterklettern musste, um die Winterpuppe vom Felsen zu sto\u00dfen. Der vom Tauwetter angeschwollene Bach nahm die Winterpuppe schnell mit hinunter zur Zschopau. <img loading=\"lazy\" decoding=\"async\" class=\"alignright wp-image-186 size-full\" src=\"http:\/\/shop.mittgard.de\/wp-content\/uploads\/2018\/02\/ostara-3.jpg\" alt=\"\" width=\"298\" height=\"236\" \/>Zur\u00fcck um die Kerze versammelt, begannen wir unsere Runenintonation. Meist waren es Laguz &#8211; f\u00fcr die flie\u00dfenden Wasser &amp; erwachenden Gef\u00fchle, Berkana &#8211; f\u00fcr das erwachende Gr\u00fcn und Sowilo &#8211; f\u00fcr das st\u00e4rker werdende Licht.<br \/>\nBesonders gern erz\u00e4hlte ich zu Ostara von Thor und seinem Kampf gegen die Winteriesen. Witzigerweise ist auch das Wetter meist passend, ein wildes Wechselspiel zwischen Schneegest\u00f6ber und pl\u00f6tzlicher Sonne. Vor vielen Jahren hatte ich f\u00fcr Ostara einen Text zur Anrufung des Gottes verfa\u00dft, den ich dir auch nicht vorenthalten will:<\/p>\n<p style=\"text-align: center;\">Heil dir Thor, Sohn der Erde,<br \/>\nFreund &amp; Besch\u00fctzer der Menschen.<br \/>\nMit Blitz und Donner ziehst du durch die L\u00fcfte.<br \/>\nSt\u00fcrmst vorw\u00e4rts und vertreibst alle Eisriesen<br \/>\nund befreist so deine Mutter Erde,<br \/>\ndamit wieder alles gr\u00fcnen und bl\u00fchen kann.<\/p>\n<p style=\"text-align: center;\">Nun kannst du kommen geweihgeschm\u00fcckter Gott,<br \/>\nder du auch Frey, Pan, Cernunnos genannt wirst.<br \/>\nKomm zu uns mit all deinen Begleitern,<br \/>\nLichtalben, Kobolden, Feen und Idisen.<br \/>\nVerspritze deinen Samen \u00fcber die gr\u00fcnende Erde<br \/>\nauf da\u00df alles gedeiht und w\u00e4chst.<\/p>\n<p style=\"text-align: center;\">Heil Euch, Thor &amp; Frey,<br \/>\nfeiert mit uns unser Fr\u00fchlingsfest!<br \/>\nSeid willkommen!<\/p>\n<p>Man kann ein Eierorakel machen, wo jeder aus einem verdeckten Korb bunt gef\u00e4rbte mit Runen verzierte Eier zieht, die dann dementsprechend gedeutet werden. Die Eier hatte ich in der Nacht zuvor gef\u00e4rbt: Rot mit Rote Bete Saft, Gelb mit Kurkuma, Blau bis Schwarz mit Heidelbeersaft, Gr\u00fcn habe ich mit dickem Brennesseltee versucht, ist aber eher bla\u00dfgelb geworden.<br \/>\nUnd nat\u00fcrlich werden jede Menge Fr\u00fchlingslieder gesungen. Mein absolutes Lieblingslied ist von Swantje Swanwit:<\/p>\n<p style=\"text-align: center;\">Ostara<\/p>\n<p style=\"text-align: center;\">Das Bienenvolk erstarret noch ist<br \/>\nEs wartet auf Baldur&#8217;s w\u00e4rmendes Licht<br \/>\nIm Weidenbusch am Wasserrand<br \/>\nich noch kein einzig&#8216; K\u00e4tzchen fand.<\/p>\n<p style=\"text-align: center;\">Wenn Eisriesen vor Donar&#8217;s Hammerschl\u00e4gen flieh&#8217;n<br \/>\nUnd Schw\u00e4ne wieder gen Norden zieh&#8217;n<br \/>\nEndet Winters Zeit.<br \/>\nWenn Fr\u00fchlingsgr\u00fcn aus kahlen Zweigen bricht<br \/>\nUnd w\u00e4rmer strahlt Baldur&#8217;s goldenes Licht<br \/>\nOstara ist nicht weit.<\/p>\n<p style=\"text-align: center;\">Schneegl\u00f6ckchen wiegen schon leise im Wind<br \/>\nAm Eisblumenfenster tr\u00e4umt einsam ein Kind<br \/>\nVon Sommertagen, Blumenpracht<br \/>\nGebannt h\u00e4lt&#8217;s noch Frau Holles Macht.<\/p>\n<p style=\"text-align: center;\">Wenn Eisriesen vor Donar&#8217;s Hammerschl\u00e4gen&#8230;<\/p>\n<p style=\"text-align: center;\">Der Quellenbach murmelt heimlich und leis&#8216;<br \/>\nEine uralte Zauberweis&#8216;<br \/>\nWenn in der heil&#8217;gen Osternacht<br \/>\nDie Wassergeister sind erwacht.<\/p>\n<p style=\"text-align: center;\">Wenn Eisriesen&#8230;<\/p>\n<p style=\"text-align: center;\">Blasser Mond schimmernd dein&#8216; Haut zart ber\u00fchrt<br \/>\nIm Zauber der Stunde dein Herze verf\u00fchrt<br \/>\nElfen und Alben locken dich fein<br \/>\nSie sind die H\u00fcter von Baum und Hain.<\/p>\n<p style=\"text-align: center;\">Wenn Eisriesen&#8230;<\/p>\n<p><img loading=\"lazy\" decoding=\"async\" class=\"alignleft wp-image-187 size-full\" src=\"http:\/\/shop.mittgard.de\/wp-content\/uploads\/2018\/02\/ostara-4.jpg\" alt=\"\" width=\"248\" height=\"257\" \/>Inzwischen werden die Kinder immer hippeliger und wollen endlich wieder in den Wald, um die Leckereien zu suchen. Wir m\u00fcssen uns auch wirklich beeilen, noch wird es zeitig dunkel und wir m\u00fcssen auch aufpassen, dass die Hunde die Eier nicht zuerst finden. Also schnell noch an der Quelle das Osterwasser gesch\u00f6pft und den Kindern hinterher. Aber wie war das herrlich, dieses vergn\u00fcgte Quietschen und Jauchzen, wenn die Kinder etwas gefunden hatten und schnell f\u00fcllten sich deren mitgebrachten K\u00f6rbchen. Und wir konnten uns oft genug das Lachen nicht verkneifen, wenn jemand zum xten Mal an einem offensichtlichen Versteck vorbei lief und absolut nichts sah. <img loading=\"lazy\" decoding=\"async\" class=\"alignright wp-image-188 size-full\" src=\"http:\/\/shop.mittgard.de\/wp-content\/uploads\/2018\/02\/ostara-5.jpg\" alt=\"\" width=\"248\" height=\"244\" \/>Aber irgendwann hatten wir wieder alles gefunden, hofften wir jedenfalls.<br \/>\nZur\u00fcck im Museumsdorf deckten wir die Tische mit unseren mitgebrachten Picknicksachen. Zu Ostara versuchen wir immer Essen in den Farben Gr\u00fcn, Wei\u00df und Gelb aufzutafeln. Nat\u00fcrlich gab es alles m\u00f6gliche aus Eiern. Die \u00fcblichen buntgef\u00e4rbten Eier, Eiersalat&#8230; was ich immer mache: Aus dem Eigelb Eierlik\u00f6r und dem \u00fcbriggebliebenen Eiwei\u00df Baiser.<\/p>\n<p>Hier die Rezepte:<\/p>\n<p>Ines&#8216; Eierlik\u00f6r<\/p>\n<p>6 Eigelb mit 250g Puderzucker und 2 T\u00fcten Vanillezucker schaumig schlagen. Nach und nach 1 kleine Dose Kondensmilch und dann einen halben Liter Klaren unterr\u00fchren. Alles in eine Flasche f\u00fcllen und solange stehen lassen wie man&#8217;s aush\u00e4lt. Lecker!<\/p>\n<p>Pl\u00e4tzchen aus Zucker im Schnee &#8211; wird heutzutage &#8222;Baiser&#8220; genannt und ist ein Rezept aus dem 17. Jh.<\/p>\n<p>6 Eiwei\u00df mit 200g Zucker steifschlagen. Mit der Spritze kleine Spitzen auf das Backblech setzen und bei 125\u00b0C in 45 min luftig locker backen. Eine schreckliche Kr\u00fcmelei, aber ein Traum!<\/p>\n<p>Dazu gab&#8217;s nat\u00fcrlich selbst gebackenes Wei\u00dfbrot mit Kr\u00e4uter-Schmand-Aufstrich und auch ein Lauch-Apfel-Salat ist sehr fr\u00fchlingshaft. Die Kinder hatten nat\u00fcrlich haupts\u00e4chlich mit ihrem Naschwerk zu tun.<br \/>\nWenn&#8217;s dann langsam dunkel wird, fahren nach und nach alle heim. Doch noch Tage sp\u00e4ter mu\u00df der Kleine einer Freundin regelm\u00e4\u00dfig kontrollieren, ob der Winter jetzt wirklich weggesp\u00fclt worden ist und langsam die Knospen an den B\u00e4umen sprie\u00dfen. Und als einen Monat sp\u00e4ter die Christen immer noch Ostern feiern, beschwert er sich im Kindergarten, dass der dumme Hase langsam aufh\u00f6ren k\u00f6nnte, st\u00e4ndig die Eier zu verstecken. Das wird langsam albern \ud83d\ude09<\/p>\n<p><img loading=\"lazy\" decoding=\"async\" class=\"aligncenter wp-image-189 size-full\" src=\"http:\/\/shop.mittgard.de\/wp-content\/uploads\/2018\/02\/ostara-6.jpg\" alt=\"\" width=\"298\" height=\"198\" \/><\/p>\n","protected":false},"excerpt":{"rendered":"<p>Ostara Es ist schon einige Jahre her, da\u00df ich so sch\u00f6n Ostara feiern konnte wie damals mit den Kindern. Ich versuche also aus dem Ged\u00e4chtnis davon zu berichten und mir sei verziehen, wenn ich verschiedene Ostarafeste durcheinander w\u00fcrfele. Aber das w\u00fcrden ohnehin nur diejenigen bemerken, die dabei waren. Allen anderen soll es Inspiration schenken. Wir &hellip; <\/p>\n<p class=\"link-more\"><a href=\"https:\/\/shop.mittgard.de\/?page_id=183\" class=\"more-link\"><span class=\"screen-reader-text\">\u201eOstara\u201c <\/span>weiterlesen<\/a><\/p>\n","protected":false},"author":2,"featured_media":0,"parent":179,"menu_order":0,"comment_status":"closed","ping_status":"closed","template":"","meta":{"footnotes":""},"class_list":["post-183","page","type-page","status-publish","hentry"],"_links":{"self":[{"href":"https:\/\/shop.mittgard.de\/index.php?rest_route=\/wp\/v2\/pages\/183","targetHints":{"allow":["GET"]}}],"collection":[{"href":"https:\/\/shop.mittgard.de\/index.php?rest_route=\/wp\/v2\/pages"}],"about":[{"href":"https:\/\/shop.mittgard.de\/index.php?rest_route=\/wp\/v2\/types\/page"}],"author":[{"embeddable":true,"href":"https:\/\/shop.mittgard.de\/index.php?rest_route=\/wp\/v2\/users\/2"}],"replies":[{"embeddable":true,"href":"https:\/\/shop.mittgard.de\/index.php?rest_route=%2Fwp%2Fv2%2Fcomments&post=183"}],"version-history":[{"count":3,"href":"https:\/\/shop.mittgard.de\/index.php?rest_route=\/wp\/v2\/pages\/183\/revisions"}],"predecessor-version":[{"id":233,"href":"https:\/\/shop.mittgard.de\/index.php?rest_route=\/wp\/v2\/pages\/183\/revisions\/233"}],"up":[{"embeddable":true,"href":"https:\/\/shop.mittgard.de\/index.php?rest_route=\/wp\/v2\/pages\/179"}],"wp:attachment":[{"href":"https:\/\/shop.mittgard.de\/index.php?rest_route=%2Fwp%2Fv2%2Fmedia&parent=183"}],"curies":[{"name":"wp","href":"https:\/\/api.w.org\/{rel}","templated":true}]}}