{"id":258,"date":"2018-02-24T21:31:39","date_gmt":"2018-02-24T20:31:39","guid":{"rendered":"http:\/\/shop.mittgard.de\/?page_id=258"},"modified":"2018-02-24T21:35:21","modified_gmt":"2018-02-24T20:35:21","slug":"die-merseburger-zaubersprueche","status":"publish","type":"page","link":"https:\/\/shop.mittgard.de\/?page_id=258","title":{"rendered":"Die Merseburger Zauberspr\u00fcche"},"content":{"rendered":"<h1 dir=\"ltr\">Die Merseburger Zauberspr\u00fcche<\/h1>\n<h2 dir=\"ltr\">Spruch zur Befreiung eines Gefangenen<\/h2>\n<p dir=\"ltr\">Eiris s\u00e2zun idisi, s\u00e2zun hera duoder.<br \/>\nsuma hapt heptidun, suma heri lezidun,<br \/>\nsuma cl\u00fbb\u00f4dun umbi cuoniowidi:<br \/>\ninsprinc haptbandun, invar v\u00eegandun!<\/p>\n<p dir=\"ltr\">Einst sa\u00dfen Idise, sa\u00dfen hier und dort.<br \/>\nEinige Hafte hefteten, einige das Heer hemmten,<br \/>\neinige klaubten an den Fesseln:<br \/>\nentspring den Haftbanden, entfahre den K\u00e4mpfern!<\/p>\n<h2 dir=\"ltr\">Spruch zur Heilung einer Beinverrenkung<\/h2>\n<p dir=\"ltr\">Phol ende W\u00f4dan vuorun zi holza.<br \/>\nd\u00fb wart demo Balderes volon s\u00een vuoz birenkit.<br \/>\nthu biguolen Sinthgunt, Sunna era suister;<br \/>\nthu biguolen Fr\u00eeja, Volla era suister;<br \/>\nthu biguolen W\u00f4dan, s\u00f4 h\u00ea wola conda:<br \/>\ns\u00f4se b\u00eanrenk\u00ee, s\u00f4se bluotrenk\u00ee,<br \/>\ns\u00f4se lidirenk\u00ee:<br \/>\nb\u00ean zi b\u00eana, bluot zi bluoda,<br \/>\nlid zi geliden, s\u00f4se gel\u00eemida s\u00een.<\/p>\n<p dir=\"ltr\">Phol und Wodan fuhren zu Holze.<br \/>\nda ward dem Balders Fohlen sein Fu\u00df verrenkt.<br \/>\nda besprach ihn Sinthgunt, der Sonne ihre Schwester;<br \/>\nda besprach ihn Frija, der Volla ihre Schwester;<br \/>\nda besprach ihn Wodan, wie er es wohl konnte:<br \/>\nsei es Beinverrenkung, sei es Blutverrenkung,<br \/>\nsei es Gliederverrenkung:<br \/>\nBein zu Beine, Blut zu Blute,<br \/>\nGlied zu Gliedern, wie wenn sie geleimet w\u00e4ren<\/p>\n","protected":false},"excerpt":{"rendered":"<p>Die Merseburger Zauberspr\u00fcche Spruch zur Befreiung eines Gefangenen Eiris s\u00e2zun idisi, s\u00e2zun hera duoder. suma hapt heptidun, suma heri lezidun, suma cl\u00fbb\u00f4dun umbi cuoniowidi: insprinc haptbandun, invar v\u00eegandun! Einst sa\u00dfen Idise, sa\u00dfen hier und dort. Einige Hafte hefteten, einige das Heer hemmten, einige klaubten an den Fesseln: entspring den Haftbanden, entfahre den K\u00e4mpfern! Spruch zur &hellip; <\/p>\n<p class=\"link-more\"><a href=\"https:\/\/shop.mittgard.de\/?page_id=258\" class=\"more-link\"><span class=\"screen-reader-text\">\u201eDie Merseburger Zauberspr\u00fcche\u201c <\/span>weiterlesen<\/a><\/p>\n","protected":false},"author":2,"featured_media":0,"parent":124,"menu_order":0,"comment_status":"closed","ping_status":"closed","template":"","meta":{"footnotes":""},"class_list":["post-258","page","type-page","status-publish","hentry"],"_links":{"self":[{"href":"https:\/\/shop.mittgard.de\/index.php?rest_route=\/wp\/v2\/pages\/258","targetHints":{"allow":["GET"]}}],"collection":[{"href":"https:\/\/shop.mittgard.de\/index.php?rest_route=\/wp\/v2\/pages"}],"about":[{"href":"https:\/\/shop.mittgard.de\/index.php?rest_route=\/wp\/v2\/types\/page"}],"author":[{"embeddable":true,"href":"https:\/\/shop.mittgard.de\/index.php?rest_route=\/wp\/v2\/users\/2"}],"replies":[{"embeddable":true,"href":"https:\/\/shop.mittgard.de\/index.php?rest_route=%2Fwp%2Fv2%2Fcomments&post=258"}],"version-history":[{"count":2,"href":"https:\/\/shop.mittgard.de\/index.php?rest_route=\/wp\/v2\/pages\/258\/revisions"}],"predecessor-version":[{"id":261,"href":"https:\/\/shop.mittgard.de\/index.php?rest_route=\/wp\/v2\/pages\/258\/revisions\/261"}],"up":[{"embeddable":true,"href":"https:\/\/shop.mittgard.de\/index.php?rest_route=\/wp\/v2\/pages\/124"}],"wp:attachment":[{"href":"https:\/\/shop.mittgard.de\/index.php?rest_route=%2Fwp%2Fv2%2Fmedia&parent=258"}],"curies":[{"name":"wp","href":"https:\/\/api.w.org\/{rel}","templated":true}]}}