{"id":349,"date":"2018-02-28T15:08:03","date_gmt":"2018-02-28T14:08:03","guid":{"rendered":"http:\/\/shop.mittgard.de\/?page_id=349"},"modified":"2018-02-28T15:15:19","modified_gmt":"2018-02-28T14:15:19","slug":"lichtenklinger-hof-oder-im-lichten-klingen","status":"publish","type":"page","link":"https:\/\/shop.mittgard.de\/?page_id=349","title":{"rendered":"Lichtenklinger Hof oder &#8222;Im lichten klingen&#8220;"},"content":{"rendered":"<h1>Lichtenklinger Hof oder &#8222;Im lichten klingen&#8220;<\/h1>\n<p><img loading=\"lazy\" decoding=\"async\" class=\"size-full wp-image-351 alignright\" src=\"http:\/\/shop.mittgard.de\/wp-content\/uploads\/2018\/02\/80.jpg\" alt=\"\" width=\"200\" height=\"267\" \/><\/p>\n<p>Im August hatte ich mir extra ein Wochenende frei von allen M\u00e4rkten gelassen, damit ich wenigstens ein Wochenende im Sommer gemeinsam mit meinem Freund mal die neue Heimat erkunden kann. Irgendwohin in den Odenwald sollte es gehen. Also nahm ich mir das Wanderbuch &#8222;Wandern im Odenwald und an der Bergstra\u00dfe&#8220; und bl\u00e4tterte es durch. Die Wahl fiel auf ein altes Quellheiligtum im Eiterbachtal. Also fuhren wir nach Heiligkreuzsteinach &#8211; ich liebe diese alten verwinkelten Fachwerkd\u00f6rfer &#8211; und von dort aus nach Eiterbach auf den Waldparkplatz. Aus dem lauschigen Tal ging es gleich bergauf in den Wald hinein und schon nach einigen verwinkelten Pfaden findet man die alte Marienkapelle &#8222;Unsere liebe Frau&#8220;, die um 1387 neben der alten Quelle erbaut nach der Reformation um 1556 zur Ruine verfiel.<br \/>\nDenn schon die alten Kelten und nach ihnen die Germanen hielten an der Quelle Liebes- &amp; Fruchtbarkeitsrituale ab. Kein Wunder, da\u00df die Christen diese St\u00e4tte zum Marienkult umfunktionierten. Ab 1786 finden bis heute Marienwallfahrten hierher statt und die Quelle wurde um 1800 in Stein gefa\u00dft und mit den Pilgersymbolen der Rose und Muschel geschm\u00fcckt.<\/p>\n<table>\n<tbody>\n<tr>\n<td><img loading=\"lazy\" decoding=\"async\" class=\"aligncenter size-full wp-image-356\" src=\"http:\/\/shop.mittgard.de\/wp-content\/uploads\/2018\/02\/79.jpg\" alt=\"\" width=\"333\" height=\"250\" srcset=\"https:\/\/shop.mittgard.de\/wp-content\/uploads\/2018\/02\/79.jpg 333w, https:\/\/shop.mittgard.de\/wp-content\/uploads\/2018\/02\/79-300x225.jpg 300w\" sizes=\"auto, (max-width: 333px) 100vw, 333px\" \/><\/td>\n<td><img loading=\"lazy\" decoding=\"async\" class=\"aligncenter size-full wp-image-357\" src=\"http:\/\/shop.mittgard.de\/wp-content\/uploads\/2018\/02\/83.jpg\" alt=\"\" width=\"188\" height=\"250\" \/><\/td>\n<\/tr>\n<\/tbody>\n<\/table>\n<p>Auch wir opferten an der Quelle einen Apfel und Blumen. Den Christen bleibt der Altar vorbehalten, hinter dem immer noch ein h\u00f6lzernes Marienbild h\u00e4ngt.<\/p>\n<p><img loading=\"lazy\" decoding=\"async\" class=\"aligncenter size-full wp-image-358\" src=\"http:\/\/shop.mittgard.de\/wp-content\/uploads\/2018\/02\/82.jpg\" alt=\"\" width=\"150\" height=\"200\" \/><\/p>\n<p><img loading=\"lazy\" decoding=\"async\" class=\"size-full wp-image-359 alignright\" src=\"http:\/\/shop.mittgard.de\/wp-content\/uploads\/2018\/02\/89.jpg\" alt=\"\" width=\"267\" height=\"200\" \/>1910 wurde die Ruine gesichert und macht einen wundersch\u00f6nen verwunschenen Eindruck. Es ranken sich zahlreiche Sagen um den Ort, die alle von einer wei\u00dfen Frau und Elfen erz\u00e4hlen, die singend um die Ruine tanzen. Oft wurden sie vom benachbarten F\u00f6rsterhaus aus gesehen, doch seit einer der F\u00f6rster auf sie schoss, sollen die Erscheinungen verschwunden sein.<br \/>\nDoch vielleicht kann man inzwischen ganz irdische Elfen des n\u00e4chtens dort wieder tanzen sehen? Denn als wir weitergingen, entdeckten wir gleich hinter der Ruine die zweite Quelle. G\u00e4nzlich vergessen von den Christen bildet sie einen kleinen verwilderten Weiher an den sich ein kleineres Sumpfgebiet ins Tal erstreckt.<br \/>\nWie ein W\u00e4chter steht am T\u00fcmpel eine riesige Douglasie in deren rissiger Rinde \u00fcberall kleine Opfergaben steckten: Rosenquarze, Aventurine, kleine M\u00fcnzen, Schneckenh\u00e4user und vertrocknete Blumen. Unter dem Baum konnte man noch Kerzenstummel erkennen.<\/p>\n<table>\n<tbody>\n<tr>\n<td><img loading=\"lazy\" decoding=\"async\" class=\"aligncenter size-full wp-image-360\" src=\"http:\/\/shop.mittgard.de\/wp-content\/uploads\/2018\/02\/86.jpg\" alt=\"\" width=\"333\" height=\"250\" srcset=\"https:\/\/shop.mittgard.de\/wp-content\/uploads\/2018\/02\/86.jpg 333w, https:\/\/shop.mittgard.de\/wp-content\/uploads\/2018\/02\/86-300x225.jpg 300w\" sizes=\"auto, (max-width: 333px) 100vw, 333px\" \/><\/td>\n<td><img loading=\"lazy\" decoding=\"async\" class=\"aligncenter size-full wp-image-361\" src=\"http:\/\/shop.mittgard.de\/wp-content\/uploads\/2018\/02\/88.jpg\" alt=\"\" width=\"333\" height=\"250\" srcset=\"https:\/\/shop.mittgard.de\/wp-content\/uploads\/2018\/02\/88.jpg 333w, https:\/\/shop.mittgard.de\/wp-content\/uploads\/2018\/02\/88-300x225.jpg 300w\" sizes=\"auto, (max-width: 333px) 100vw, 333px\" \/><\/td>\n<\/tr>\n<\/tbody>\n<\/table>\n<p>Hier wird der G\u00f6ttin immer noch geopfert. Es war ein herrliches Gef\u00fchl, dass der alte Glaube hier immer noch gelebt wird.<br \/>\nWir werden sicher wiederkommen.<\/p>\n","protected":false},"excerpt":{"rendered":"<p>Lichtenklinger Hof oder &#8222;Im lichten klingen&#8220; Im August hatte ich mir extra ein Wochenende frei von allen M\u00e4rkten gelassen, damit ich wenigstens ein Wochenende im Sommer gemeinsam mit meinem Freund mal die neue Heimat erkunden kann. Irgendwohin in den Odenwald sollte es gehen. Also nahm ich mir das Wanderbuch &#8222;Wandern im Odenwald und an der &hellip; <\/p>\n<p class=\"link-more\"><a href=\"https:\/\/shop.mittgard.de\/?page_id=349\" class=\"more-link\"><span class=\"screen-reader-text\">\u201eLichtenklinger Hof oder &#8222;Im lichten klingen&#8220;\u201c <\/span>weiterlesen<\/a><\/p>\n","protected":false},"author":2,"featured_media":0,"parent":157,"menu_order":0,"comment_status":"closed","ping_status":"closed","template":"","meta":{"footnotes":""},"class_list":["post-349","page","type-page","status-publish","hentry"],"_links":{"self":[{"href":"https:\/\/shop.mittgard.de\/index.php?rest_route=\/wp\/v2\/pages\/349","targetHints":{"allow":["GET"]}}],"collection":[{"href":"https:\/\/shop.mittgard.de\/index.php?rest_route=\/wp\/v2\/pages"}],"about":[{"href":"https:\/\/shop.mittgard.de\/index.php?rest_route=\/wp\/v2\/types\/page"}],"author":[{"embeddable":true,"href":"https:\/\/shop.mittgard.de\/index.php?rest_route=\/wp\/v2\/users\/2"}],"replies":[{"embeddable":true,"href":"https:\/\/shop.mittgard.de\/index.php?rest_route=%2Fwp%2Fv2%2Fcomments&post=349"}],"version-history":[{"count":7,"href":"https:\/\/shop.mittgard.de\/index.php?rest_route=\/wp\/v2\/pages\/349\/revisions"}],"predecessor-version":[{"id":363,"href":"https:\/\/shop.mittgard.de\/index.php?rest_route=\/wp\/v2\/pages\/349\/revisions\/363"}],"up":[{"embeddable":true,"href":"https:\/\/shop.mittgard.de\/index.php?rest_route=\/wp\/v2\/pages\/157"}],"wp:attachment":[{"href":"https:\/\/shop.mittgard.de\/index.php?rest_route=%2Fwp%2Fv2%2Fmedia&parent=349"}],"curies":[{"name":"wp","href":"https:\/\/api.w.org\/{rel}","templated":true}]}}