{"id":367,"date":"2018-02-28T15:27:13","date_gmt":"2018-02-28T14:27:13","guid":{"rendered":"http:\/\/shop.mittgard.de\/?page_id=367"},"modified":"2020-10-30T11:43:15","modified_gmt":"2020-10-30T10:43:15","slug":"die-knochenkirche-von-kutna-hora","status":"publish","type":"page","link":"https:\/\/shop.mittgard.de\/?page_id=367","title":{"rendered":"Die Knochenkirche von Kutn\u00e1 Hora"},"content":{"rendered":"<h1>Die Knochenkirche von Kutn\u00e1 Hora<\/h1>\n<h2>Ausflug nach Tschechland<\/h2>\n<p>Jedes Jahr lass ich mir einen \u00dcberraschungs-Ausflug schenken, wo ich nicht wei\u00df, wohin&#8217;s geht. Dies Jahr sollte er sogar \u00fcber 2 Tage mit \u00dcbernachtung werden! Ich hab&#8216; mich schon Wochen vorher gefreut. Sch\u00f6nstes Fr\u00fchlingswetter und dann ein Wochenendausflug! Dann begann es einige Tage vorher zu regnen&#8230; das stimmte mich schon etwas verdrieslich, aber Thomas meinte &#8222;Das macht nichts&#8220;. Nun ich war gespannt.<br \/>\nSamstag nach dem Laden ging es los. Ein schneller Blick auf die vielen ausgedruckten Zettel und ich wu\u00dfte schon mal, da\u00df es in die Tschechei gehen sollte. Aber wohin, da\u00df wir es nicht bis zum Abend schaffen w\u00fcrden? Ich hatte keine Ahnung.<\/p>\n<h2>Wundes Land<\/h2>\n<p>Das Wetter wurde tr\u00fcber und genau so tr\u00fcbe wie das Wetter war auch die tschechische Landschaft durch die wir fuhren. Es ist schon eigenartig. Auf der deutschen Seite f\u00e4hrt man durch hohe dunkle Tannenw\u00e4lder und kaum f\u00e4hrt man in Reitzenhain \u00fcber die Grenze hat man ein kurzes St\u00fcck Hochmoor und dann gibt es ewig keinen Wald mehr. B\u00e4ume gibt es schon, aber irgendwie \u00e4hneln sie mehr verkr\u00fcppelten Str\u00e4uchern. \u00dcberall liegt M\u00fcll in der Landschaft, die H\u00e4user verfallen und die D\u00f6rfer sehen aus als w\u00e4re der Krieg gerade erst vorbei. Thomas meint das l\u00e4ge daran, da\u00df hier die Braunkohle-Entschwefelungsanlagen waren, die die ganzen B\u00e4ume kaputt gemacht haben. Und die Menschen &amp; H\u00e4user scheinbar auch. Meine Stimmung hob das nicht gerade. Auch das die Stra\u00dfenf\u00fchrung ein Grauen war und wir uns st\u00e4ndig verfuhren. In Prag sind wir \u00fcber 2 Stunden ziellos umhergeirrt bis wir uns einen Stadtplan gekauft haben. Von Stra\u00dfenschildern und Stra\u00dfennamen haben die dort scheinbar noch nie was geh\u00f6rt. \u00dcberall nur Zwangspfeile, damit man nicht dort abbiegen kann, wohin man mu\u00df. Inzwischen war ich auf 180 und wollte eigentlich nur noch nach Hause. Ich wu\u00dfte ja auch immer noch nicht wohin es \u00fcberhaupt geht. Immer noch 1 Stunde Fahrt bis nach Kolin, wo Thomas eine \u00dcbernachtung suchen wollte. Inzwischen war es 20 Uhr. Nach ewigem Rumsuchen und Durchfragen fanden wir eine Pension, die aber nach langem Klingeln nicht gewillt war, die T\u00fcr zu \u00f6ffnen. Mir war inzwischen alles egal. Doch dann fanden wir das 3-Sterne-Hotel Theresia: 76 Euro das Doppelzimmer mit Fr\u00fchst\u00fcck. Herrlich! Es gab sogar einen kleinen Fernseher mit deutschen Programmen. Gegessen hatten wir den Tag auch noch nicht wirklich etwas. Also wieder runter und nach einer Kneipe gefragt. Die schickten uns gegen\u00fcber vom Hotel ins Pub &#8222;Tatra&#8220;. Wir waren sichtlich irritiert als wir davor standen. Es sah aus wie&#8217;ne alte Zonen-Kantine. Ein hell erleuchteter v\u00f6llig steriler Raum mit rosa! W\u00e4nden. Zwar ziemlich voll, aber neee&#8230; unter einer Kneipe verstehen wir schon was anderes. Also sind wir ins Stadtzentrum auf den Markt gelaufen. Auf dem Markt steht ein sch\u00f6ner Springbrunnen samt dem \u00fcblichen Heiligen-Denkmal. Alles ordentlich nobel aufpoliert und richtig modern. \u00dcberall kleine L\u00e4den und schr\u00e4g \u00fcber&#8217;m Markt fanden wir auch das ersehnte Kneipen-Caf\u00e9 wegen unsres Hungers gingen wir dann aber doch in die Pizzeria nebenan. Wirklich schick dort. Da gibt&#8217;s nicht die Wahl zwischen verschiedenen Pizzengr\u00f6\u00dfen, da gibt&#8217;s aus Prinzip nur die Gr\u00f6\u00dfte und die wird live vor Ort in einem riesigen Ofen gemacht, der mitten im Raum steht. Und Cappucino k\u00f6nnen die machen! Und der Caipirinha war auch lecker mit frischer Zitronenmelisse garniert. Und der Kellner kann deutsch. Und der Pizzeria-Chef ging zu jedem Gast an den Tisch und unterhielt sich mit ihm, wie in so einem alten Mafiosistreifen. H\u00e4tten wir Lust gehabt, h\u00e4tten wir dort noch in die Disco gehen k\u00f6nnen. Scheinbar traf sich der halbe Ort in den beiden Kneipen bevor&#8217;s in die Disco am anderen Ende des Marktes geht. \u00dcberall gab&#8217;s aufgetakelte Hippen zu sehn, die \u00fcberall glitzerten. Was uns aber wirklich davon abhielt, waren die dazugeh\u00f6rigen Kerle. Hey, die gehen dort wirklich im Anzug und Schlips in die Disco! Das ist wirklich eine v\u00f6llig andere Welt dort. Im Regen gingen wir wieder zur\u00fcck ins Hotel. Sch\u00f6n. Ich war wieder ausges\u00f6hnt. Und wu\u00dfte immer noch nicht wo&#8217;s hingeht.<br \/>\nAm n\u00e4chsten Morgen nach dem Fr\u00fchst\u00fcck fuhren wir wieder weiter nach Kutn\u00e1 Hora, zu deutsch Kuttenberg. Nach l\u00e4ngerem Herumirren hielt Thomas an zwei Kirchen &#8211; ich war entsetzt! Den ganzen \u00c4rger auf der Fahrt, um in eine Kirche zu gehen? Nicht mit mir! Thomas fragte zum Gl\u00fcck nochmal einen alten Opa, der des Weges kam. Mit H\u00e4nden und seinem Kr\u00fcckstock machte er uns klar, da\u00df wir falsch waren und wieder zur\u00fcck m\u00fcssen. Zum Gl\u00fcck. Daf\u00fcr, da\u00df der Opa uns nur auf tschechisch und eindeutigen Gesten den Weg erkl\u00e4rt hatte, fanden wir den Weg beeindruckend schnell und einfach. Und wieder standen wir vor einer Kirche. Doch dann sah ich die Totensch\u00e4del am Eingang und wu\u00dfte wo wir waren:<\/p>\n<h2>Die Knochenkirche von Kutn\u00e1 Hora<\/h2>\n<p>Das heutige Beinhaus ist eine alte katholische Kapelle des Zisterzienser-Ordens, die im 13.Jh. zum dazugeh\u00f6rigen Friedhof erbaut wurde. Zur selben Zeit schickte K\u00f6nig Ottokar ll. Premysl den Abt des Klosters nach Jerusalem, der von dort eine Handvoll Erde von Golgata, der Hinrichtungsst\u00e4tte von Jesus Christus, mitbrachte und auf dem Friedhof von Sedlec\/Kutn\u00e1 Hora verstreute. Damit bekam der Friedhof den Ruf der heiligen Erde und wurde zum Wallfahrtsort auf dem sich selbst Menschen aus Polen, Bayern und Belgien beerdigen lie\u00dfen. Dann kam die Pest und allein im Jahr 1318 wurden 30 000 Menschen hier begraben. Ende des 14.Jh. war Kutn\u00e1 Hora die gr\u00f6\u00dfte Stadt nach Prag, hier residierten die b\u00f6hmischen K\u00f6nige und hatten hier ihre M\u00fcnzst\u00e4tte. Viele gro\u00dfe Schlachten der Hussitenkriege fanden hier statt. 1421 brandschatzten die Hussiten das Zisterzienser-Kloster und massakrierten 500 M\u00f6nche. In dieser Zeit hatte der Friedhof eine Gr\u00f6\u00dfe von 3,5 ha.<br \/>\nNach den Hussitenkriegen wurde der Friedhof schrittweise wieder verkleinert. Die dabei ausgegrabenen Gebeine lagerte man um die Kapelle. 1511 stapelte die Gebeine von ca. 40 000 Menschen ein halbblinder M\u00f6nch in der Kapelle zu 6 Knochenpyramiden auf.<br \/>\n1784 wurde das Kloster durch Kaiser Josef ll. aufgel\u00f6st. 1866 kaufte das F\u00fcrstengeschlecht zu Schwarzenberg aus Orl\u00edk das Anwesen und beauftragte den Holzschnitzer Frantisek Rint damit, das Kapelleninnere auszugestalten. Rint desinfizierte und pr\u00e4parierte alle Gebeine, so da\u00df sie heute noch alle erhalten sind. Von den Pyramiden trug er 2 ab und verwendete die Knochen, um damit seine bizarren Kunstwerke zu bauen. Was \u00fcbrig blieb, beerdigte er w\u00fcrdevoll auf dem Friedhof. In der Mitte der Kapelle h\u00e4ngt ein Kronleuchter, in dem alle 206 Knochen des menschlichen K\u00f6rpers verarbeitet sind. Darunter ist der Eingang zur Gruft. In den Nischen des Hauptaltars findet man die Monstranzen in dessen Sch\u00e4del in der Mitte die Hostien aufbewahrt werden, umringt von Sonnenstrahlen aus Oberschenkel- &amp; Kreuzbeinknochen. Im linken Teil der Kapelle findet man an der Wand das Wappen der Schwarzenbergs. Ebenfalls komplett aus Knochen nachgebildet. In beleuchteten Glasvitrinen sind Sch\u00e4del aus den Hussitenkriegen ausgestellt an denen man die Brutalit\u00e4t mittelalterlicher Waffen gut erkennen kann. Von den Knochenpyramiden sind 4 St\u00fcck in Form von Glocken in Holzgestellen noch erhalten. \u00dcberall von den W\u00e4nden und der Decke h\u00e4ngen Schmuckelemente aus Knochen. An der Wand neben dem Eingang hat sich der K\u00fcnstler selbst verewigt.<br \/>\nDer umgebende Friedhof ist voller alter Gr\u00e4ber mit sch\u00f6nen extravaganten Grabsteinen. Auch ein russischer Soldat wurde hier nach dem Krieg begraben, der anstelle eines Kreuzes den sowjetischen Stern und das Lenkrad seines Fliegers oder Wagens als Grabstein hat. Au\u00dferhalb der Kapelle sind einige Souvenirl\u00e4den und auch ein Hotel.<br \/>\nSonst gab&#8217;s in der Gegend leider nicht viel zu sehen und wir sind recht z\u00fcgig wieder nach Hause gefahren. Kein Vergleich mit unserer Odysee bei der Hinfahrt. R\u00fcckzu noch lecker Schweinebraten mit Kn\u00f6del gegessen und der \u00fcbliche Besuch bei den vietnamesischen Ramschst\u00e4nden wegen Oblaten, Cappuccino und s\u00fc\u00dfer Milch (die sind wirklich richtig aufgeschmissen, wenn man mal keine Zigaretten will) und dann waren wir wieder zu Hause.<\/p>\n<h2>Impressionen<\/h2>\n<div id='gallery-1' class='gallery galleryid-367 gallery-columns-3 gallery-size-thumbnail'><figure class='gallery-item'>\n\t\t\t<div class='gallery-icon portrait'>\n\t\t\t\t<a href='https:\/\/shop.mittgard.de\/wp-content\/uploads\/2018\/02\/knochenkirche19.jpg'><img loading=\"lazy\" decoding=\"async\" width=\"150\" height=\"150\" src=\"https:\/\/shop.mittgard.de\/wp-content\/uploads\/2018\/02\/knochenkirche19-150x150.jpg\" class=\"attachment-thumbnail size-thumbnail\" alt=\"\" srcset=\"https:\/\/shop.mittgard.de\/wp-content\/uploads\/2018\/02\/knochenkirche19-150x150.jpg 150w, https:\/\/shop.mittgard.de\/wp-content\/uploads\/2018\/02\/knochenkirche19-100x100.jpg 100w, https:\/\/shop.mittgard.de\/wp-content\/uploads\/2018\/02\/knochenkirche19-250x250.jpg 250w\" sizes=\"auto, 100vw\" \/><\/a>\n\t\t\t<\/div><\/figure><figure class='gallery-item'>\n\t\t\t<div class='gallery-icon portrait'>\n\t\t\t\t<a href='https:\/\/shop.mittgard.de\/wp-content\/uploads\/2018\/02\/knochenkirche17.jpg'><img loading=\"lazy\" decoding=\"async\" width=\"150\" height=\"150\" src=\"https:\/\/shop.mittgard.de\/wp-content\/uploads\/2018\/02\/knochenkirche17-150x150.jpg\" class=\"attachment-thumbnail size-thumbnail\" alt=\"\" srcset=\"https:\/\/shop.mittgard.de\/wp-content\/uploads\/2018\/02\/knochenkirche17-150x150.jpg 150w, https:\/\/shop.mittgard.de\/wp-content\/uploads\/2018\/02\/knochenkirche17-100x100.jpg 100w, https:\/\/shop.mittgard.de\/wp-content\/uploads\/2018\/02\/knochenkirche17-250x250.jpg 250w\" sizes=\"auto, 100vw\" \/><\/a>\n\t\t\t<\/div><\/figure><figure class='gallery-item'>\n\t\t\t<div class='gallery-icon portrait'>\n\t\t\t\t<a href='https:\/\/shop.mittgard.de\/wp-content\/uploads\/2018\/02\/knochenkirche16.jpg'><img loading=\"lazy\" decoding=\"async\" width=\"150\" height=\"150\" src=\"https:\/\/shop.mittgard.de\/wp-content\/uploads\/2018\/02\/knochenkirche16-150x150.jpg\" class=\"attachment-thumbnail size-thumbnail\" alt=\"\" srcset=\"https:\/\/shop.mittgard.de\/wp-content\/uploads\/2018\/02\/knochenkirche16-150x150.jpg 150w, https:\/\/shop.mittgard.de\/wp-content\/uploads\/2018\/02\/knochenkirche16-100x100.jpg 100w, https:\/\/shop.mittgard.de\/wp-content\/uploads\/2018\/02\/knochenkirche16-250x250.jpg 250w\" sizes=\"auto, 100vw\" \/><\/a>\n\t\t\t<\/div><\/figure><figure class='gallery-item'>\n\t\t\t<div class='gallery-icon landscape'>\n\t\t\t\t<a href='https:\/\/shop.mittgard.de\/wp-content\/uploads\/2018\/02\/knochenkirche15.jpg'><img loading=\"lazy\" decoding=\"async\" width=\"150\" height=\"150\" src=\"https:\/\/shop.mittgard.de\/wp-content\/uploads\/2018\/02\/knochenkirche15-150x150.jpg\" class=\"attachment-thumbnail size-thumbnail\" alt=\"\" srcset=\"https:\/\/shop.mittgard.de\/wp-content\/uploads\/2018\/02\/knochenkirche15-150x150.jpg 150w, https:\/\/shop.mittgard.de\/wp-content\/uploads\/2018\/02\/knochenkirche15-100x100.jpg 100w, https:\/\/shop.mittgard.de\/wp-content\/uploads\/2018\/02\/knochenkirche15-250x250.jpg 250w\" sizes=\"auto, 100vw\" \/><\/a>\n\t\t\t<\/div><\/figure><figure class='gallery-item'>\n\t\t\t<div class='gallery-icon portrait'>\n\t\t\t\t<a href='https:\/\/shop.mittgard.de\/wp-content\/uploads\/2018\/02\/knochenkirche14.jpg'><img loading=\"lazy\" decoding=\"async\" width=\"150\" height=\"150\" src=\"https:\/\/shop.mittgard.de\/wp-content\/uploads\/2018\/02\/knochenkirche14-150x150.jpg\" class=\"attachment-thumbnail size-thumbnail\" alt=\"\" srcset=\"https:\/\/shop.mittgard.de\/wp-content\/uploads\/2018\/02\/knochenkirche14-150x150.jpg 150w, https:\/\/shop.mittgard.de\/wp-content\/uploads\/2018\/02\/knochenkirche14-100x100.jpg 100w, https:\/\/shop.mittgard.de\/wp-content\/uploads\/2018\/02\/knochenkirche14-250x250.jpg 250w\" sizes=\"auto, 100vw\" \/><\/a>\n\t\t\t<\/div><\/figure><figure class='gallery-item'>\n\t\t\t<div class='gallery-icon landscape'>\n\t\t\t\t<a href='https:\/\/shop.mittgard.de\/wp-content\/uploads\/2018\/02\/knochenkirche13.jpg'><img loading=\"lazy\" decoding=\"async\" width=\"150\" height=\"150\" src=\"https:\/\/shop.mittgard.de\/wp-content\/uploads\/2018\/02\/knochenkirche13-150x150.jpg\" class=\"attachment-thumbnail size-thumbnail\" alt=\"\" srcset=\"https:\/\/shop.mittgard.de\/wp-content\/uploads\/2018\/02\/knochenkirche13-150x150.jpg 150w, https:\/\/shop.mittgard.de\/wp-content\/uploads\/2018\/02\/knochenkirche13-100x100.jpg 100w, https:\/\/shop.mittgard.de\/wp-content\/uploads\/2018\/02\/knochenkirche13-250x250.jpg 250w\" sizes=\"auto, 100vw\" \/><\/a>\n\t\t\t<\/div><\/figure><figure class='gallery-item'>\n\t\t\t<div class='gallery-icon landscape'>\n\t\t\t\t<a href='https:\/\/shop.mittgard.de\/wp-content\/uploads\/2018\/02\/knochenkirche12.jpg'><img loading=\"lazy\" decoding=\"async\" width=\"150\" height=\"150\" src=\"https:\/\/shop.mittgard.de\/wp-content\/uploads\/2018\/02\/knochenkirche12-150x150.jpg\" class=\"attachment-thumbnail size-thumbnail\" alt=\"\" srcset=\"https:\/\/shop.mittgard.de\/wp-content\/uploads\/2018\/02\/knochenkirche12-150x150.jpg 150w, https:\/\/shop.mittgard.de\/wp-content\/uploads\/2018\/02\/knochenkirche12-100x100.jpg 100w, https:\/\/shop.mittgard.de\/wp-content\/uploads\/2018\/02\/knochenkirche12-250x250.jpg 250w\" sizes=\"auto, 100vw\" \/><\/a>\n\t\t\t<\/div><\/figure><figure class='gallery-item'>\n\t\t\t<div class='gallery-icon landscape'>\n\t\t\t\t<a href='https:\/\/shop.mittgard.de\/wp-content\/uploads\/2018\/02\/knochenkirche11.jpg'><img loading=\"lazy\" decoding=\"async\" width=\"150\" height=\"150\" src=\"https:\/\/shop.mittgard.de\/wp-content\/uploads\/2018\/02\/knochenkirche11-150x150.jpg\" class=\"attachment-thumbnail size-thumbnail\" alt=\"\" srcset=\"https:\/\/shop.mittgard.de\/wp-content\/uploads\/2018\/02\/knochenkirche11-150x150.jpg 150w, https:\/\/shop.mittgard.de\/wp-content\/uploads\/2018\/02\/knochenkirche11-100x100.jpg 100w, https:\/\/shop.mittgard.de\/wp-content\/uploads\/2018\/02\/knochenkirche11-250x250.jpg 250w\" sizes=\"auto, 100vw\" \/><\/a>\n\t\t\t<\/div><\/figure><figure class='gallery-item'>\n\t\t\t<div class='gallery-icon landscape'>\n\t\t\t\t<a href='https:\/\/shop.mittgard.de\/wp-content\/uploads\/2018\/02\/knochenkirche10.jpg'><img loading=\"lazy\" decoding=\"async\" width=\"150\" height=\"150\" src=\"https:\/\/shop.mittgard.de\/wp-content\/uploads\/2018\/02\/knochenkirche10-150x150.jpg\" class=\"attachment-thumbnail size-thumbnail\" alt=\"\" srcset=\"https:\/\/shop.mittgard.de\/wp-content\/uploads\/2018\/02\/knochenkirche10-150x150.jpg 150w, https:\/\/shop.mittgard.de\/wp-content\/uploads\/2018\/02\/knochenkirche10-100x100.jpg 100w, https:\/\/shop.mittgard.de\/wp-content\/uploads\/2018\/02\/knochenkirche10-250x250.jpg 250w\" sizes=\"auto, 100vw\" \/><\/a>\n\t\t\t<\/div><\/figure><figure class='gallery-item'>\n\t\t\t<div class='gallery-icon portrait'>\n\t\t\t\t<a href='https:\/\/shop.mittgard.de\/wp-content\/uploads\/2018\/02\/knochenkirche09.jpg'><img loading=\"lazy\" decoding=\"async\" width=\"150\" height=\"150\" src=\"https:\/\/shop.mittgard.de\/wp-content\/uploads\/2018\/02\/knochenkirche09-150x150.jpg\" class=\"attachment-thumbnail size-thumbnail\" alt=\"\" srcset=\"https:\/\/shop.mittgard.de\/wp-content\/uploads\/2018\/02\/knochenkirche09-150x150.jpg 150w, https:\/\/shop.mittgard.de\/wp-content\/uploads\/2018\/02\/knochenkirche09-100x100.jpg 100w, https:\/\/shop.mittgard.de\/wp-content\/uploads\/2018\/02\/knochenkirche09-250x250.jpg 250w\" sizes=\"auto, 100vw\" \/><\/a>\n\t\t\t<\/div><\/figure><figure class='gallery-item'>\n\t\t\t<div class='gallery-icon landscape'>\n\t\t\t\t<a href='https:\/\/shop.mittgard.de\/wp-content\/uploads\/2018\/02\/knochenkirche08.jpg'><img loading=\"lazy\" decoding=\"async\" width=\"150\" height=\"150\" src=\"https:\/\/shop.mittgard.de\/wp-content\/uploads\/2018\/02\/knochenkirche08-150x150.jpg\" class=\"attachment-thumbnail size-thumbnail\" alt=\"\" srcset=\"https:\/\/shop.mittgard.de\/wp-content\/uploads\/2018\/02\/knochenkirche08-150x150.jpg 150w, https:\/\/shop.mittgard.de\/wp-content\/uploads\/2018\/02\/knochenkirche08-100x100.jpg 100w, https:\/\/shop.mittgard.de\/wp-content\/uploads\/2018\/02\/knochenkirche08-250x250.jpg 250w\" sizes=\"auto, 100vw\" \/><\/a>\n\t\t\t<\/div><\/figure><figure class='gallery-item'>\n\t\t\t<div class='gallery-icon portrait'>\n\t\t\t\t<a href='https:\/\/shop.mittgard.de\/wp-content\/uploads\/2018\/02\/knochenkirche07.jpg'><img loading=\"lazy\" decoding=\"async\" width=\"150\" height=\"150\" src=\"https:\/\/shop.mittgard.de\/wp-content\/uploads\/2018\/02\/knochenkirche07-150x150.jpg\" class=\"attachment-thumbnail size-thumbnail\" alt=\"\" srcset=\"https:\/\/shop.mittgard.de\/wp-content\/uploads\/2018\/02\/knochenkirche07-150x150.jpg 150w, https:\/\/shop.mittgard.de\/wp-content\/uploads\/2018\/02\/knochenkirche07-100x100.jpg 100w, https:\/\/shop.mittgard.de\/wp-content\/uploads\/2018\/02\/knochenkirche07-250x250.jpg 250w\" sizes=\"auto, 100vw\" \/><\/a>\n\t\t\t<\/div><\/figure><figure class='gallery-item'>\n\t\t\t<div class='gallery-icon portrait'>\n\t\t\t\t<a href='https:\/\/shop.mittgard.de\/wp-content\/uploads\/2018\/02\/knochenkirche06.jpg'><img loading=\"lazy\" decoding=\"async\" width=\"150\" height=\"150\" src=\"https:\/\/shop.mittgard.de\/wp-content\/uploads\/2018\/02\/knochenkirche06-150x150.jpg\" class=\"attachment-thumbnail size-thumbnail\" alt=\"\" srcset=\"https:\/\/shop.mittgard.de\/wp-content\/uploads\/2018\/02\/knochenkirche06-150x150.jpg 150w, https:\/\/shop.mittgard.de\/wp-content\/uploads\/2018\/02\/knochenkirche06-100x100.jpg 100w, https:\/\/shop.mittgard.de\/wp-content\/uploads\/2018\/02\/knochenkirche06-250x250.jpg 250w\" sizes=\"auto, 100vw\" \/><\/a>\n\t\t\t<\/div><\/figure><figure class='gallery-item'>\n\t\t\t<div class='gallery-icon landscape'>\n\t\t\t\t<a href='https:\/\/shop.mittgard.de\/wp-content\/uploads\/2018\/02\/knochenkirche05.jpg'><img loading=\"lazy\" decoding=\"async\" width=\"150\" height=\"150\" src=\"https:\/\/shop.mittgard.de\/wp-content\/uploads\/2018\/02\/knochenkirche05-150x150.jpg\" class=\"attachment-thumbnail size-thumbnail\" alt=\"\" srcset=\"https:\/\/shop.mittgard.de\/wp-content\/uploads\/2018\/02\/knochenkirche05-150x150.jpg 150w, https:\/\/shop.mittgard.de\/wp-content\/uploads\/2018\/02\/knochenkirche05-100x100.jpg 100w, https:\/\/shop.mittgard.de\/wp-content\/uploads\/2018\/02\/knochenkirche05-250x250.jpg 250w\" sizes=\"auto, 100vw\" \/><\/a>\n\t\t\t<\/div><\/figure><figure class='gallery-item'>\n\t\t\t<div class='gallery-icon portrait'>\n\t\t\t\t<a href='https:\/\/shop.mittgard.de\/wp-content\/uploads\/2018\/02\/knochenkirche04.jpg'><img loading=\"lazy\" decoding=\"async\" width=\"150\" height=\"150\" src=\"https:\/\/shop.mittgard.de\/wp-content\/uploads\/2018\/02\/knochenkirche04-150x150.jpg\" class=\"attachment-thumbnail size-thumbnail\" alt=\"\" srcset=\"https:\/\/shop.mittgard.de\/wp-content\/uploads\/2018\/02\/knochenkirche04-150x150.jpg 150w, https:\/\/shop.mittgard.de\/wp-content\/uploads\/2018\/02\/knochenkirche04-100x100.jpg 100w, https:\/\/shop.mittgard.de\/wp-content\/uploads\/2018\/02\/knochenkirche04-250x250.jpg 250w\" sizes=\"auto, 100vw\" \/><\/a>\n\t\t\t<\/div><\/figure><figure class='gallery-item'>\n\t\t\t<div class='gallery-icon landscape'>\n\t\t\t\t<a href='https:\/\/shop.mittgard.de\/wp-content\/uploads\/2018\/02\/knochenkirche03.jpg'><img loading=\"lazy\" decoding=\"async\" width=\"150\" height=\"150\" src=\"https:\/\/shop.mittgard.de\/wp-content\/uploads\/2018\/02\/knochenkirche03-150x150.jpg\" class=\"attachment-thumbnail size-thumbnail\" alt=\"\" srcset=\"https:\/\/shop.mittgard.de\/wp-content\/uploads\/2018\/02\/knochenkirche03-150x150.jpg 150w, https:\/\/shop.mittgard.de\/wp-content\/uploads\/2018\/02\/knochenkirche03-100x100.jpg 100w, https:\/\/shop.mittgard.de\/wp-content\/uploads\/2018\/02\/knochenkirche03-250x250.jpg 250w\" sizes=\"auto, 100vw\" \/><\/a>\n\t\t\t<\/div><\/figure><figure class='gallery-item'>\n\t\t\t<div class='gallery-icon landscape'>\n\t\t\t\t<a href='https:\/\/shop.mittgard.de\/wp-content\/uploads\/2018\/02\/knochenkirche02.jpg'><img loading=\"lazy\" decoding=\"async\" width=\"150\" height=\"150\" src=\"https:\/\/shop.mittgard.de\/wp-content\/uploads\/2018\/02\/knochenkirche02-150x150.jpg\" class=\"attachment-thumbnail size-thumbnail\" alt=\"\" srcset=\"https:\/\/shop.mittgard.de\/wp-content\/uploads\/2018\/02\/knochenkirche02-150x150.jpg 150w, https:\/\/shop.mittgard.de\/wp-content\/uploads\/2018\/02\/knochenkirche02-100x100.jpg 100w, https:\/\/shop.mittgard.de\/wp-content\/uploads\/2018\/02\/knochenkirche02-250x250.jpg 250w\" sizes=\"auto, 100vw\" \/><\/a>\n\t\t\t<\/div><\/figure><figure class='gallery-item'>\n\t\t\t<div class='gallery-icon landscape'>\n\t\t\t\t<a href='https:\/\/shop.mittgard.de\/wp-content\/uploads\/2018\/02\/knochenkirche01.jpg'><img loading=\"lazy\" decoding=\"async\" width=\"150\" height=\"150\" src=\"https:\/\/shop.mittgard.de\/wp-content\/uploads\/2018\/02\/knochenkirche01-150x150.jpg\" class=\"attachment-thumbnail size-thumbnail\" alt=\"\" srcset=\"https:\/\/shop.mittgard.de\/wp-content\/uploads\/2018\/02\/knochenkirche01-150x150.jpg 150w, https:\/\/shop.mittgard.de\/wp-content\/uploads\/2018\/02\/knochenkirche01-100x100.jpg 100w, https:\/\/shop.mittgard.de\/wp-content\/uploads\/2018\/02\/knochenkirche01-250x250.jpg 250w\" sizes=\"auto, 100vw\" \/><\/a>\n\t\t\t<\/div><\/figure><figure class='gallery-item'>\n\t\t\t<div class='gallery-icon portrait'>\n\t\t\t\t<a href='https:\/\/shop.mittgard.de\/wp-content\/uploads\/2018\/02\/knochenkirche18.jpg'><img loading=\"lazy\" decoding=\"async\" width=\"150\" height=\"150\" src=\"https:\/\/shop.mittgard.de\/wp-content\/uploads\/2018\/02\/knochenkirche18-150x150.jpg\" class=\"attachment-thumbnail size-thumbnail\" alt=\"\" srcset=\"https:\/\/shop.mittgard.de\/wp-content\/uploads\/2018\/02\/knochenkirche18-150x150.jpg 150w, https:\/\/shop.mittgard.de\/wp-content\/uploads\/2018\/02\/knochenkirche18-100x100.jpg 100w, https:\/\/shop.mittgard.de\/wp-content\/uploads\/2018\/02\/knochenkirche18-250x250.jpg 250w\" sizes=\"auto, 100vw\" \/><\/a>\n\t\t\t<\/div><\/figure>\n\t\t<\/div>\n\n<p>&nbsp;<\/p>\n<p>Wenn ihr auch mal hin wollt: <a href=\"http:\/\/www.kostnice.cz\/\" target=\"_blank\" rel=\"noopener noreferrer\">kostnice.cz<\/a> oder<br \/>\n<a href=\"http:\/\/www.tschechien-online.org\/news\/856-morbide-schonheit-menschlichen-gebeinen-knochenkirche-kutna-hora\/\" target=\"_blank\" rel=\"noopener noreferrer\">Artikel zur Knochenkirche bei Tschechien-Online.org<\/a><\/p>\n<p>\u00d6ffnungszeiten sind variabel nach Jahreszeit;<br \/>\nim Gro aber von ca. 8.00 &#8211; ca. 18.00 Uhr.<\/p>\n<p>Der Ausflug fand kurz nach 2000 statt.<\/p>\n","protected":false},"excerpt":{"rendered":"<p>Die Knochenkirche von Kutn\u00e1 Hora Ausflug nach Tschechland Jedes Jahr lass ich mir einen \u00dcberraschungs-Ausflug schenken, wo ich nicht wei\u00df, wohin&#8217;s geht. Dies Jahr sollte er sogar \u00fcber 2 Tage mit \u00dcbernachtung werden! Ich hab&#8216; mich schon Wochen vorher gefreut. Sch\u00f6nstes Fr\u00fchlingswetter und dann ein Wochenendausflug! Dann begann es einige Tage vorher zu regnen&#8230; das &hellip; <\/p>\n<p class=\"link-more\"><a href=\"https:\/\/shop.mittgard.de\/?page_id=367\" class=\"more-link\"><span class=\"screen-reader-text\">\u201eDie Knochenkirche von Kutn\u00e1 Hora\u201c <\/span>weiterlesen<\/a><\/p>\n","protected":false},"author":2,"featured_media":0,"parent":157,"menu_order":0,"comment_status":"closed","ping_status":"closed","template":"","meta":{"footnotes":""},"class_list":["post-367","page","type-page","status-publish","hentry"],"_links":{"self":[{"href":"https:\/\/shop.mittgard.de\/index.php?rest_route=\/wp\/v2\/pages\/367","targetHints":{"allow":["GET"]}}],"collection":[{"href":"https:\/\/shop.mittgard.de\/index.php?rest_route=\/wp\/v2\/pages"}],"about":[{"href":"https:\/\/shop.mittgard.de\/index.php?rest_route=\/wp\/v2\/types\/page"}],"author":[{"embeddable":true,"href":"https:\/\/shop.mittgard.de\/index.php?rest_route=\/wp\/v2\/users\/2"}],"replies":[{"embeddable":true,"href":"https:\/\/shop.mittgard.de\/index.php?rest_route=%2Fwp%2Fv2%2Fcomments&post=367"}],"version-history":[{"count":8,"href":"https:\/\/shop.mittgard.de\/index.php?rest_route=\/wp\/v2\/pages\/367\/revisions"}],"predecessor-version":[{"id":9616,"href":"https:\/\/shop.mittgard.de\/index.php?rest_route=\/wp\/v2\/pages\/367\/revisions\/9616"}],"up":[{"embeddable":true,"href":"https:\/\/shop.mittgard.de\/index.php?rest_route=\/wp\/v2\/pages\/157"}],"wp:attachment":[{"href":"https:\/\/shop.mittgard.de\/index.php?rest_route=%2Fwp%2Fv2%2Fmedia&parent=367"}],"curies":[{"name":"wp","href":"https:\/\/api.w.org\/{rel}","templated":true}]}}