{"id":419,"date":"2018-02-28T16:29:10","date_gmt":"2018-02-28T15:29:10","guid":{"rendered":"http:\/\/shop.mittgard.de\/?page_id=419"},"modified":"2020-10-30T14:44:49","modified_gmt":"2020-10-30T13:44:49","slug":"slawenburg-raddusch","status":"publish","type":"page","link":"https:\/\/shop.mittgard.de\/?page_id=419","title":{"rendered":"Slawenburg Raddusch"},"content":{"rendered":"<h1>Slawenburg Raddusch<\/h1>\n<p><a href=\"http:\/\/shop.mittgard.de\/wp-content\/uploads\/2018\/02\/1.jpg\"><img loading=\"lazy\" decoding=\"async\" class=\"alignleft wp-image-420 size-medium\" src=\"http:\/\/shop.mittgard.de\/wp-content\/uploads\/2018\/02\/1-300x106.jpg\" alt=\"\" width=\"300\" height=\"106\" srcset=\"https:\/\/shop.mittgard.de\/wp-content\/uploads\/2018\/02\/1-300x106.jpg 300w, https:\/\/shop.mittgard.de\/wp-content\/uploads\/2018\/02\/1-350x124.jpg 350w, https:\/\/shop.mittgard.de\/wp-content\/uploads\/2018\/02\/1.jpg 513w\" sizes=\"auto, (max-width: 300px) 100vw, 300px\" \/><\/a>Ich war beruflich ab und an auf der A15 unterwegs und entdeckte dabei in der N\u00e4he der Abfahrt Vetschau im ehemaligen Tagebaugebiet ein eigent\u00fcmliches Gebilde. Es war ziemlich gro\u00df, rund und schien aus Baumst\u00e4mmen gemacht zu sein. Durch einen Zufall erfuhr ich dann im Internet um was es sich dabei handelte: Der Nachbau einer alten slawischen Ringburg. Das roch nach originalgetreuer Rekonstruktion mit Ausstellung, was sich aber leider als Irrtum erwies. Doch dazu sp\u00e4ter!<\/p>\n<p>Die Burg erreicht man am einfachsten \u00fcber die schon erw\u00e4hnte Abfahrt &#8222;Vetschau&#8220; der Autobahn A15. Von dort ist sie dann mehr oder weniger gut ausgeschildert. Zur Sicherheit hier mal eine kleine Routenbeschreibung. Wenn man aus Richtung Dreieck &#8222;Spreewald&#8220; kommt, f\u00e4hrt man &#8222;Vetschau&#8220; von der Autobahn und biegt links ab. Dann geht es unter der A15 durch bis zur n\u00e4chsten Ampelkreuzung. Dort wieder links abbiegen und der Stra\u00dfe folgen. Wenn man aus Richtung &#8222;Cottbus&#8220; kommt, findet man die gleiche Stra\u00dfe wenn man nach dem Abfahren einfach nach links abbiegt. Die Stra\u00dfe f\u00fchrt parallel zur Autobahn in Richtung &#8222;L\u00fcbben\/L\u00fcbbenau&#8220; also wieder zur\u00fcck zum Dreieck &#8222;Spreewald&#8220;. Nach ein paar Kilometern kommt der Ort &#8222;G\u00f6ritz&#8220;. Durch den geht es einfach gerade hindurch. (Achtung! Hier steht ein Blitzer!) Wieder einige Kilometer weiter kommt eine Kreuzung mit einer deutlich gekennzeichneten Linksabbiegerspur. Dort solltet ihr dann auch links abbiegen. Es geht wieder unter der Autobahn hindurch und links seht ihr euch dann auch schon eurem Ziel n\u00e4her.<\/p>\n<p><a href=\"http:\/\/shop.mittgard.de\/wp-content\/uploads\/2018\/02\/2.jpg\"><img loading=\"lazy\" decoding=\"async\" class=\"alignright wp-image-421 size-medium\" src=\"http:\/\/shop.mittgard.de\/wp-content\/uploads\/2018\/02\/2-300x225.jpg\" alt=\"\" width=\"300\" height=\"225\" srcset=\"https:\/\/shop.mittgard.de\/wp-content\/uploads\/2018\/02\/2-300x225.jpg 300w, https:\/\/shop.mittgard.de\/wp-content\/uploads\/2018\/02\/2-350x263.jpg 350w, https:\/\/shop.mittgard.de\/wp-content\/uploads\/2018\/02\/2.jpg 533w\" sizes=\"auto, (max-width: 300px) 100vw, 300px\" \/><\/a>Der Parkplatz befindet sich ca. 500 Meter von der Burg entfernt und war zum Zeitpunkt unseres Besuches geb\u00fchrenfrei. Von dort aus f\u00fchrt dann ein Splitweg zum Eingangstor der Feste. Dort fiel uns dann die erste Modernisierung ins Auge &#8211; die Beleuchtung des Weges. N\u00e4her kommend nahmen wir dann von dem Gedanken an eine Originalrekonstruktion Abschied, da man sich nicht die M\u00fche gemacht hatte die technischen Anlagen richtig zu verbergen. Aber vielleicht kommt das irgendwann auch noch\u0085<\/p>\n<p><a href=\"http:\/\/shop.mittgard.de\/wp-content\/uploads\/2018\/02\/3.jpg\"><img loading=\"lazy\" decoding=\"async\" class=\"alignleft wp-image-422 size-medium\" src=\"http:\/\/shop.mittgard.de\/wp-content\/uploads\/2018\/02\/3-300x225.jpg\" alt=\"\" width=\"300\" height=\"225\" srcset=\"https:\/\/shop.mittgard.de\/wp-content\/uploads\/2018\/02\/3-300x225.jpg 300w, https:\/\/shop.mittgard.de\/wp-content\/uploads\/2018\/02\/3-350x262.jpg 350w, https:\/\/shop.mittgard.de\/wp-content\/uploads\/2018\/02\/3.jpg 534w\" sizes=\"auto, (max-width: 300px) 100vw, 300px\" \/><\/a>Der scheinbar auf aufgeschichteten und mit Lehm verf\u00fcllten Baumst\u00e4mmen bestehende Burgwall ist in Wirklichkeit ein hohler Betonring, in dem man ein Restaurant und ein kleines Museum untergebracht hat. Dieser Ring wurde dann mit Holzteilen und Lehm verblendet um das \u00e4u\u00dfere Bild der alten Burg zu erreichen. Von au\u00dfen ist das &#8211; abgesehen von den Stahlt\u00fcren &#8211; recht gut gelungen, aber im Inneren zerst\u00f6rt die Metall- und Glasfassade des Restaurants die Illusion komplett.<\/p>\n<p><a href=\"http:\/\/shop.mittgard.de\/wp-content\/uploads\/2018\/02\/4.jpg\"><img loading=\"lazy\" decoding=\"async\" class=\"alignright wp-image-423 size-medium\" src=\"http:\/\/shop.mittgard.de\/wp-content\/uploads\/2018\/02\/4-300x225.jpg\" alt=\"\" width=\"300\" height=\"225\" srcset=\"https:\/\/shop.mittgard.de\/wp-content\/uploads\/2018\/02\/4-300x225.jpg 300w, https:\/\/shop.mittgard.de\/wp-content\/uploads\/2018\/02\/4-350x263.jpg 350w, https:\/\/shop.mittgard.de\/wp-content\/uploads\/2018\/02\/4.jpg 533w\" sizes=\"auto, (max-width: 300px) 100vw, 300px\" \/><\/a>Wenn man durch das Stahltor tritt findet man links im Durchgang die Kasse, die bei unserem Besuch noch recht chaotisch bedient wurde. Mit einer kleinen Scheibe Holz als Zahlungsbest\u00e4tigung darf man dann den Hof \u00fcberqueren um im schr\u00e4g gegen\u00fcberliegenden Durchgang das Museum zu betreten. Ein dort postierter Kontrolleur nimmt die Scheibchen wieder entgegen. Wenn ihr fotografieren wollt, seht zu das ihr euren Zahlungsbeleg behaltet, denn ich hatte damals keinen Nachweis einer Fotoerlaubnis erhalten und konnte es nur mit dem kleinen Zettel nachweisen.<\/p>\n<p><a href=\"http:\/\/shop.mittgard.de\/wp-content\/uploads\/2018\/02\/5.jpg\"><img loading=\"lazy\" decoding=\"async\" class=\"alignleft wp-image-424 size-medium\" src=\"http:\/\/shop.mittgard.de\/wp-content\/uploads\/2018\/02\/5-300x225.jpg\" alt=\"\" width=\"300\" height=\"225\" srcset=\"https:\/\/shop.mittgard.de\/wp-content\/uploads\/2018\/02\/5-300x225.jpg 300w, https:\/\/shop.mittgard.de\/wp-content\/uploads\/2018\/02\/5-350x263.jpg 350w, https:\/\/shop.mittgard.de\/wp-content\/uploads\/2018\/02\/5.jpg 533w\" sizes=\"auto, (max-width: 300px) 100vw, 300px\" \/><\/a>Das Museum selbst ist sehr modern ausgelegt und eine gute Informationsquelle. Mit vielen Texten, kleineren und gr\u00f6\u00dferen Monitoren, Beamern, Lautsprechern, Modellen, Repliken und nat\u00fcrlich etlichen Fundst\u00fccken wird der Besucher \u00fcber gro\u00dfe Bereiche der \u00f6rtlichen Arch\u00e4ologie informiert. Die Themen reichen von der Alt- bis zur Jungsteinzeit, der Bronze- und fr\u00fche Eisenzeit der Lausitzer Kultur und den Germanen in der r\u00f6mischen Kaiserzeit bis hin zum slawischen und deutschen Mittelalter. Auch wie man zu welchen Funden gekommen ist wird in einem kleinen Exkurs dargelegt. Man wird auf etwas verschlungenen Wegen durch das Museum gef\u00fchrt, was aber mit der optimalen Raumausnutzung zusammenh\u00e4ngen mag. Alles in allem waren wir ganz positiv \u00fcberrascht und erstaunt, wie viel man doch auf so kleinem Raum unterbringen kann. Wenn man sich alles genau anschauen und alle Texte durchlesen will, kann man schon ein paar St\u00fcndchen dort zubringen.<\/p>\n<p>Es ergibt sich f\u00fcr mich folgendes Bild: Es war nicht die authentischen Rekonstruktion einer Burgwallanlage, die wir uns erhofft hatten, aber wir fanden ein gut gemachtes und informatives Museum. Und wir finden es empfehlenswert!<\/p>\n<p>Nachtrag: Ich hab noch erfahren, dass mit der Zeit ein kleines Dorf rund um die Burg entstehen soll. Das sollte man vielleicht mal im Auge behalten.<\/p>\n<p>&nbsp;<\/p>\n<p>Weiter Infos findet ihr auf <a href=\"https:\/\/www.slawenburg-raddusch.de\" target=\"_blank\" rel=\"noopener noreferrer\">www.slawenburg-raddusch.de<\/a>.<\/p>\n<p style=\"text-align: right;\">Alex alias Fjosnir Beli<\/p>\n","protected":false},"excerpt":{"rendered":"<p>Slawenburg Raddusch Ich war beruflich ab und an auf der A15 unterwegs und entdeckte dabei in der N\u00e4he der Abfahrt Vetschau im ehemaligen Tagebaugebiet ein eigent\u00fcmliches Gebilde. Es war ziemlich gro\u00df, rund und schien aus Baumst\u00e4mmen gemacht zu sein. Durch einen Zufall erfuhr ich dann im Internet um was es sich dabei handelte: Der Nachbau &hellip; <\/p>\n<p class=\"link-more\"><a href=\"https:\/\/shop.mittgard.de\/?page_id=419\" class=\"more-link\"><span class=\"screen-reader-text\">\u201eSlawenburg Raddusch\u201c <\/span>weiterlesen<\/a><\/p>\n","protected":false},"author":2,"featured_media":0,"parent":157,"menu_order":0,"comment_status":"closed","ping_status":"closed","template":"","meta":{"footnotes":""},"class_list":["post-419","page","type-page","status-publish","hentry"],"_links":{"self":[{"href":"https:\/\/shop.mittgard.de\/index.php?rest_route=\/wp\/v2\/pages\/419","targetHints":{"allow":["GET"]}}],"collection":[{"href":"https:\/\/shop.mittgard.de\/index.php?rest_route=\/wp\/v2\/pages"}],"about":[{"href":"https:\/\/shop.mittgard.de\/index.php?rest_route=\/wp\/v2\/types\/page"}],"author":[{"embeddable":true,"href":"https:\/\/shop.mittgard.de\/index.php?rest_route=\/wp\/v2\/users\/2"}],"replies":[{"embeddable":true,"href":"https:\/\/shop.mittgard.de\/index.php?rest_route=%2Fwp%2Fv2%2Fcomments&post=419"}],"version-history":[{"count":4,"href":"https:\/\/shop.mittgard.de\/index.php?rest_route=\/wp\/v2\/pages\/419\/revisions"}],"predecessor-version":[{"id":9627,"href":"https:\/\/shop.mittgard.de\/index.php?rest_route=\/wp\/v2\/pages\/419\/revisions\/9627"}],"up":[{"embeddable":true,"href":"https:\/\/shop.mittgard.de\/index.php?rest_route=\/wp\/v2\/pages\/157"}],"wp:attachment":[{"href":"https:\/\/shop.mittgard.de\/index.php?rest_route=%2Fwp%2Fv2%2Fmedia&parent=419"}],"curies":[{"name":"wp","href":"https:\/\/api.w.org\/{rel}","templated":true}]}}