{"id":438,"date":"2018-03-01T16:31:04","date_gmt":"2018-03-01T15:31:04","guid":{"rendered":"http:\/\/shop.mittgard.de\/?page_id=438"},"modified":"2020-10-30T15:43:13","modified_gmt":"2020-10-30T14:43:13","slug":"frisuren-in-antike-und-mittelalter","status":"publish","type":"page","link":"https:\/\/shop.mittgard.de\/?page_id=438","title":{"rendered":"Frisuren in Antike und Mittelalter"},"content":{"rendered":"<h1 style=\"text-align: center;\">Frisuren in Antike und Mittelalter<\/h1>\n<h6 style=\"text-align: center;\"><a href=\"https:\/\/shop.mittgard.de\/?page_id=441\">Griechen <\/a>I <a href=\"https:\/\/shop.mittgard.de\/?page_id=451\">R\u00f6mer<\/a> I <a href=\"https:\/\/shop.mittgard.de\/?page_id=458\">Kelten<\/a> I <a href=\"https:\/\/shop.mittgard.de\/?page_id=466\">Germanen <\/a>I <a href=\"https:\/\/shop.mittgard.de\/?page_id=474\">Romanik <\/a>I <a href=\"https:\/\/shop.mittgard.de\/?page_id=481\">Gotik <\/a>I <a href=\"https:\/\/shop.mittgard.de\/?page_id=487\">Renaissance<\/a><\/h6>\n<p>&nbsp;<\/p>\n<p style=\"text-align: center;\">&#8222;&#8230;Wer z\u00e4hlet die Eicheln lieber<br \/>\noder die Bienen im Garten<br \/>\nals alle Launen der Haartracht,<br \/>\ndie sich t\u00e4glich ver\u00e4ndert&#8230;&#8220;<\/p>\n<h5 style=\"text-align: center;\">Ovid 42 v.0 &#8211; 17 n.0<\/h5>\n","protected":false},"excerpt":{"rendered":"<p>Frisuren in Antike und Mittelalter Griechen I R\u00f6mer I Kelten I Germanen I Romanik I Gotik I Renaissance &nbsp; &#8222;&#8230;Wer z\u00e4hlet die Eicheln lieber oder die Bienen im Garten als alle Launen der Haartracht, die sich t\u00e4glich ver\u00e4ndert&#8230;&#8220; Ovid 42 v.0 &#8211; 17 n.0<\/p>\n","protected":false},"author":2,"featured_media":0,"parent":108,"menu_order":0,"comment_status":"closed","ping_status":"closed","template":"","meta":{"footnotes":""},"class_list":["post-438","page","type-page","status-publish","hentry"],"_links":{"self":[{"href":"https:\/\/shop.mittgard.de\/index.php?rest_route=\/wp\/v2\/pages\/438","targetHints":{"allow":["GET"]}}],"collection":[{"href":"https:\/\/shop.mittgard.de\/index.php?rest_route=\/wp\/v2\/pages"}],"about":[{"href":"https:\/\/shop.mittgard.de\/index.php?rest_route=\/wp\/v2\/types\/page"}],"author":[{"embeddable":true,"href":"https:\/\/shop.mittgard.de\/index.php?rest_route=\/wp\/v2\/users\/2"}],"replies":[{"embeddable":true,"href":"https:\/\/shop.mittgard.de\/index.php?rest_route=%2Fwp%2Fv2%2Fcomments&post=438"}],"version-history":[{"count":5,"href":"https:\/\/shop.mittgard.de\/index.php?rest_route=\/wp\/v2\/pages\/438\/revisions"}],"predecessor-version":[{"id":9643,"href":"https:\/\/shop.mittgard.de\/index.php?rest_route=\/wp\/v2\/pages\/438\/revisions\/9643"}],"up":[{"embeddable":true,"href":"https:\/\/shop.mittgard.de\/index.php?rest_route=\/wp\/v2\/pages\/108"}],"wp:attachment":[{"href":"https:\/\/shop.mittgard.de\/index.php?rest_route=%2Fwp%2Fv2%2Fmedia&parent=438"}],"curies":[{"name":"wp","href":"https:\/\/api.w.org\/{rel}","templated":true}]}}