{"id":481,"date":"2018-03-01T17:08:28","date_gmt":"2018-03-01T16:08:28","guid":{"rendered":"http:\/\/shop.mittgard.de\/?page_id=481"},"modified":"2020-10-30T15:46:11","modified_gmt":"2020-10-30T14:46:11","slug":"frisuren-der-gotik","status":"publish","type":"page","link":"https:\/\/shop.mittgard.de\/?page_id=481","title":{"rendered":"Frisuren der Gotik"},"content":{"rendered":"<h1 style=\"text-align: center;\">Gotik<\/h1>\n<h3 style=\"text-align: center;\">1250 &#8211; 1450<\/h3>\n<h6 style=\"text-align: center;\"><a href=\"https:\/\/shop.mittgard.de\/?page_id=441\">Griechen <\/a>I <a href=\"https:\/\/shop.mittgard.de\/?page_id=451\">R\u00f6mer <\/a>I <a href=\"https:\/\/shop.mittgard.de\/?page_id=458\">Kelten <\/a>I <a href=\"https:\/\/shop.mittgard.de\/?page_id=466\">Germanen <\/a>I <a href=\"https:\/\/shop.mittgard.de\/?page_id=474\">Romanik <\/a>I <a href=\"http:\/\/shop.mittgard.de\/?page_id=481\">Gotik <\/a>I <a href=\"https:\/\/shop.mittgard.de\/?page_id=487\">Renaissance<\/a><\/h6>\n<p>&nbsp;<\/p>\n<p>Ende des 13. Jhd. trugen Frauen noch verschiedene Zopffrisuren mit und ohne Schleier. Anfang des 14. Jhd. kam der zuckerhutf\u00f6rmige Hennin aus Flandern in Mode, der eine H\u00f6he bis zu 70 cm erreichen konnte. Um dem Ideal der hohen Stirn entgegen zu kommen, rasierte man sich die Stirn- &amp; Schl\u00e4fenhaare ab. Ende des 14. Jhd. kommen H\u00f6rnerhauben auf, wof\u00fcr das Haar seitlich zu festen Z\u00f6pfen geflochten wurde, um dann in Form von zwei H\u00f6rner festgesteckt zu werden.<\/p>\n<p>Haarnetze, Drahtgestelle und Schleier hielten das Ganze. Nach den gro\u00dfen Pestepidemien des 14.Jh. machte sich eine neue Lebenslust bemerkbar &amp; man hielt sich nicht mehr so streng an kirchliche Bestimmungen. Das Haar wurde wieder offen als Haarkranz getragen oder als Schlaufen um die Ohren, die man heute &#8222;Affenschaukeln&#8220; nennt. Blond &amp; schwarz waren in Mode, rote Haare waren dagegen als teuflisch verrufen.<\/p>\n<p>M\u00e4nner trugen langes oder halblanges gewelltes Haar, ganz im Minnedienst wie die Angebetete. Wohlhabende B\u00fcrger flochten sich sogar Z\u00f6pfe. \u00dcblicherweise waren die M\u00e4nner glattrasiert, nur selten findet man einen Kinn- oder Schnurrbart.<\/p>\n<div id='gallery-1' class='gallery galleryid-481 gallery-columns-4 gallery-size-full'><figure class='gallery-item'>\n\t\t\t<div class='gallery-icon portrait'>\n\t\t\t\t<a href='https:\/\/shop.mittgard.de\/wp-content\/uploads\/2018\/03\/Gotik1.jpg'><img loading=\"lazy\" decoding=\"async\" width=\"170\" height=\"200\" src=\"https:\/\/shop.mittgard.de\/wp-content\/uploads\/2018\/03\/Gotik1.jpg\" class=\"attachment-full size-full\" alt=\"\" sizes=\"auto, 100vw\" \/><\/a>\n\t\t\t<\/div><\/figure><figure class='gallery-item'>\n\t\t\t<div class='gallery-icon portrait'>\n\t\t\t\t<a href='https:\/\/shop.mittgard.de\/wp-content\/uploads\/2018\/03\/Gotik2.jpg'><img loading=\"lazy\" decoding=\"async\" width=\"150\" height=\"280\" src=\"https:\/\/shop.mittgard.de\/wp-content\/uploads\/2018\/03\/Gotik2.jpg\" class=\"attachment-full size-full\" alt=\"\" sizes=\"auto, 100vw\" \/><\/a>\n\t\t\t<\/div><\/figure><figure class='gallery-item'>\n\t\t\t<div class='gallery-icon portrait'>\n\t\t\t\t<a href='https:\/\/shop.mittgard.de\/wp-content\/uploads\/2018\/03\/Gotik3.jpg'><img loading=\"lazy\" decoding=\"async\" width=\"170\" height=\"247\" src=\"https:\/\/shop.mittgard.de\/wp-content\/uploads\/2018\/03\/Gotik3.jpg\" class=\"attachment-full size-full\" alt=\"\" sizes=\"auto, 100vw\" \/><\/a>\n\t\t\t<\/div><\/figure><figure class='gallery-item'>\n\t\t\t<div class='gallery-icon portrait'>\n\t\t\t\t<a href='https:\/\/shop.mittgard.de\/wp-content\/uploads\/2018\/03\/Gotik4.jpg'><img loading=\"lazy\" decoding=\"async\" width=\"150\" height=\"200\" src=\"https:\/\/shop.mittgard.de\/wp-content\/uploads\/2018\/03\/Gotik4.jpg\" class=\"attachment-full size-full\" alt=\"\" sizes=\"auto, 100vw\" \/><\/a>\n\t\t\t<\/div><\/figure>\n\t\t<\/div>\n\n<p style=\"text-align: center;\"><a href=\"https:\/\/shop.mittgard.de\/?page_id=474\">zur\u00fcck <\/a>| <a href=\"https:\/\/shop.mittgard.de\/?page_id=487\">weiter<\/a><\/p>\n","protected":false},"excerpt":{"rendered":"<p>Gotik 1250 &#8211; 1450 Griechen I R\u00f6mer I Kelten I Germanen I Romanik I Gotik I Renaissance &nbsp; Ende des 13. Jhd. trugen Frauen noch verschiedene Zopffrisuren mit und ohne Schleier. Anfang des 14. Jhd. kam der zuckerhutf\u00f6rmige Hennin aus Flandern in Mode, der eine H\u00f6he bis zu 70 cm erreichen konnte. Um dem Ideal &hellip; <\/p>\n<p class=\"link-more\"><a href=\"https:\/\/shop.mittgard.de\/?page_id=481\" class=\"more-link\"><span class=\"screen-reader-text\">\u201eFrisuren der Gotik\u201c <\/span>weiterlesen<\/a><\/p>\n","protected":false},"author":2,"featured_media":0,"parent":438,"menu_order":0,"comment_status":"closed","ping_status":"closed","template":"","meta":{"footnotes":""},"class_list":["post-481","page","type-page","status-publish","hentry"],"_links":{"self":[{"href":"https:\/\/shop.mittgard.de\/index.php?rest_route=\/wp\/v2\/pages\/481","targetHints":{"allow":["GET"]}}],"collection":[{"href":"https:\/\/shop.mittgard.de\/index.php?rest_route=\/wp\/v2\/pages"}],"about":[{"href":"https:\/\/shop.mittgard.de\/index.php?rest_route=\/wp\/v2\/types\/page"}],"author":[{"embeddable":true,"href":"https:\/\/shop.mittgard.de\/index.php?rest_route=\/wp\/v2\/users\/2"}],"replies":[{"embeddable":true,"href":"https:\/\/shop.mittgard.de\/index.php?rest_route=%2Fwp%2Fv2%2Fcomments&post=481"}],"version-history":[{"count":5,"href":"https:\/\/shop.mittgard.de\/index.php?rest_route=\/wp\/v2\/pages\/481\/revisions"}],"predecessor-version":[{"id":9646,"href":"https:\/\/shop.mittgard.de\/index.php?rest_route=\/wp\/v2\/pages\/481\/revisions\/9646"}],"up":[{"embeddable":true,"href":"https:\/\/shop.mittgard.de\/index.php?rest_route=\/wp\/v2\/pages\/438"}],"wp:attachment":[{"href":"https:\/\/shop.mittgard.de\/index.php?rest_route=%2Fwp%2Fv2%2Fmedia&parent=481"}],"curies":[{"name":"wp","href":"https:\/\/api.w.org\/{rel}","templated":true}]}}