{"id":5025,"date":"2018-10-29T17:09:22","date_gmt":"2018-10-29T16:09:22","guid":{"rendered":"http:\/\/shop.mittgard.de\/?page_id=5025"},"modified":"2020-11-01T14:11:01","modified_gmt":"2020-11-01T13:11:01","slug":"die-edda-goettersagen-helden-und-spruchdichtung-der-germanen","status":"publish","type":"page","link":"https:\/\/shop.mittgard.de\/?page_id=5025","title":{"rendered":"Die Edda &#8211; G\u00f6ttersagen, Helden- und Spruchdichtung der Germanen"},"content":{"rendered":"<h1>Die Edda<\/h1>\n<h2>G\u00f6tterdichtung, Spruchdichtung, Merkgedichte und Heldensagen der germanischen Mythologie<\/h2>\n<h3><a href=\"https:\/\/shop.mittgard.de\/?page_id=5029\">Voluspa &#8230; Der Seherin Gesicht<\/a><\/h3>\n<p>Dieses wohl bekannteste Lied, das einen umfassenden Einblick in die Mythologie unserer Vorfahren gibt, habe ich etwas bevorzugt behandelt. Der Text umfa\u00dft den Orginaltext, sowie zwei \u00dcbersetzungen ins deutsche &#8211; eine von K. Simrock und die andere von F. Genzmer. W\u00e4hrend Simrock&#8217;s \u00dcbersetzung als die Vollst\u00e4ndigere gilt ist die Genzmer&#8217;sche bei weitem die \u00e4sthetisch bessere. Es wird gestabreimt, was das Zeug h\u00e4lt.<\/p>\n<h3><a href=\"https:\/\/shop.mittgard.de\/?page_id=5042\">Grimnismal &#8230; Das Grimirlied<\/a><\/h3>\n<p>Odin kommt an den Hof des K\u00f6nigs Geirr\u00f6d, der nicht gerade ein Freund des Gastrechtes gewesen sein mu\u00df. Das allerdings wird ihm zum Verh\u00e4ngnis.<\/p>\n<h3><a href=\"https:\/\/shop.mittgard.de\/?page_id=5050\">Vafthrudnismal &#8230; Das Wafthrudnirlied<\/a><\/h3>\n<p>Beschrieben wird hier ein Wissenwettstreit zwischen Odin und Wafthriudnir, einem weisen Riesen aus Thursenheim.<\/p>\n<h3><a href=\"https:\/\/shop.mittgard.de\/?page_id=5055\">Die Runenlehren<\/a><\/h3>\n<p>Die Entstehung und der Gebrauch der Runen ist hier beschrieben.<\/p>\n<h3><a href=\"https:\/\/shop.mittgard.de\/?page_id=5087\">Odins Rabenzauber<\/a><\/h3>\n<p>Mein Dank f\u00fcr den digitalisierten Text geht an Andrea Peiritsch.<\/p>\n<h3><a href=\"https:\/\/shop.mittgard.de\/?page_id=5096\">Odins Runenlied<\/a><\/h3>\n<p>Ein riesengro\u00dfes Dankesch\u00f6n an Dungeon Keeper f\u00fcr den zugesandten Text.<\/p>\n<h3><a href=\"https:\/\/shop.mittgard.de\/?page_id=5098\">Vegtamskvida \/ Baldurs Traumar &#8211; Das Wegtamslied \/ Baldurs Tr\u00e4ume<\/a><\/h3>\n<p>Unser Dank gilt Anja Stoye f\u00fcr den zugesandten Text.<\/p>\n<h3><a href=\"https:\/\/shop.mittgard.de\/?page_id=5100\">Havamal &#8211; Des Hohen Lied<\/a><\/h3>\n<p>Ein riesengro\u00dfes Dankesch\u00f6n an Dungeon Keeper f\u00fcr den zugesandten Text.<\/p>\n<h3><a href=\"https:\/\/shop.mittgard.de\/?page_id=5102\">Loddfafnir&#8217;s-Lied<\/a><\/h3>\n<p>Ein riesengro\u00dfes Dankesch\u00f6n an Dungeon Keeper f\u00fcr den zugesandten Text.<\/p>\n<h3><a href=\"https:\/\/shop.mittgard.de\/?page_id=5104\">Harbardsliod &#8211; Das Harbardslied<\/a><\/h3>\n<p>Ein riesengro\u00dfes Dankesch\u00f6n an Dungeon Keeper f\u00fcr den zugesandten Text.<\/p>\n<h3><a href=\"https:\/\/shop.mittgard.de\/?page_id=5106\">Hymiskvida &#8211; Die Sage von Hymir<\/a><\/h3>\n<p>Ein riesengro\u00dfes Dankesch\u00f6n an Dungeon Keeper f\u00fcr den zugesandten Text.<\/p>\n<h3><a href=\"https:\/\/shop.mittgard.de\/?page_id=5108\">\u00c4gisdrecka &#8211; \u00c4girs Trinkgelage<\/a><\/h3>\n<p>Ein riesengro\u00dfes Dankesch\u00f6n an Dungeon Keeper f\u00fcr den zugesandten Text.<\/p>\n<h3><a href=\"https:\/\/shop.mittgard.de\/?page_id=5110\">Das Thrymlied<\/a><\/h3>\n<p>Danke Alexander, f\u00fcr den zugesandten Text.<\/p>\n<h3><a href=\"https:\/\/shop.mittgard.de\/?page_id=5112\">Alvissmal &#8211; Das Lied von Alwis<\/a><\/h3>\n<p>Ein riesengro\u00dfes Dankesch\u00f6n an Dungeon Keeper f\u00fcr den zugesandten Text.<\/p>\n<h3><a href=\"https:\/\/shop.mittgard.de\/?page_id=5114\">Skirnisf\u00f6r &#8211; Skirnirs Fahrt<\/a><\/h3>\n<p>Ein riesengro\u00dfes Dankesch\u00f6n an Dungeon Keeper f\u00fcr den zugesandten Text.<\/p>\n<h3><a href=\"https:\/\/shop.mittgard.de\/?page_id=5116\">Grogaldr &#8211; Groas Erweckung<\/a><\/h3>\n<p>Ein riesengro\u00dfes Dankesch\u00f6n an Dungeon Keeper f\u00fcr den zugesandten Text.<\/p>\n<h3><a href=\"https:\/\/shop.mittgard.de\/?page_id=5118\">Fi\u00f6lsvinsmal &#8211; Das Lied von Fi\u00f6lswinn<\/a><\/h3>\n<p>Ein riesengro\u00dfes Dankesch\u00f6n an Dungeon Keeper f\u00fcr den zugesandten Text.<\/p>\n<h3><a href=\"https:\/\/shop.mittgard.de\/?page_id=5120\">Rigsmal &#8211; Das Lied von Rig<\/a><\/h3>\n<p>Ein riesengro\u00dfes Dankesch\u00f6n an Dungeon Keeper f\u00fcr den zugesandten Text.<\/p>\n<h3><a href=\"https:\/\/shop.mittgard.de\/?page_id=5122\">Hyndluliod &#8211; Das Hyndlalied<\/a><\/h3>\n<p>Ein riesengro\u00dfes Dankesch\u00f6n an Dungeon Keeper f\u00fcr den zugesandten Text.<\/p>\n<h3><a href=\"https:\/\/shop.mittgard.de\/?page_id=5124\">V\u00f6lundarkvida &#8211; Das Lied von W\u00f6lund<\/a><\/h3>\n<p>Ein riesengro\u00dfes Dankesch\u00f6n an Dungeon Keeper f\u00fcr den zugesandten Text.<\/p>\n<h3><a href=\"https:\/\/shop.mittgard.de\/?page_id=5126\">Helgakvida Hj\u00f6rvardssonar &#8211; Das Lied von Helgi dem Sohne Hi\u00f6rwards<\/a><\/h3>\n<p>Ein riesengro\u00dfes Dankesch\u00f6n an Dungeon Keeper f\u00fcr den zugesandten Text.<\/p>\n<h3><a href=\"https:\/\/shop.mittgard.de\/?page_id=5128\">Helgakvida Hundingsbana in fyrri &#8211; Das erste Lied von Helgi dem Hundingst\u00f6ter<\/a><\/h3>\n<p>Ein riesengro\u00dfes Dankesch\u00f6n an Dungeon Keeper f\u00fcr den zugesandten Text.<\/p>\n<h3><a href=\"https:\/\/shop.mittgard.de\/?page_id=5130\">Helgakvida Hundingsbana \u00f6nnur &#8211; Das andere Lied von Helgi dem Hindingst\u00f6ter<\/a><\/h3>\n<p>Ein riesengro\u00dfes Dankesch\u00f6n an Dungeon Keeper f\u00fcr den zugesandten Text.<\/p>\n<h3><a href=\"https:\/\/shop.mittgard.de\/?page_id=5132\">Sinfi\u00f6tlalok &#8211; Sinfi\u00f6tlis Ende<\/a><\/h3>\n<p>Ein riesengro\u00dfes Dankesch\u00f6n an Dungeon Keeper f\u00fcr den zugesandten Text.<\/p>\n<h3><a href=\"https:\/\/shop.mittgard.de\/?page_id=5134\">Sigurdharkvida Fafnisbana fyrsta edha Gr\u00eepissp\u00e2<\/a><\/h3>\n<p>Ein riesengro\u00dfes Dankesch\u00f6n an Dungeon Keeper f\u00fcr den zugesandten Text.<\/p>\n<h3><a href=\"https:\/\/shop.mittgard.de\/?page_id=5136\">Sigurdharkvida Fafnisbana \u00f6nnur<\/a><\/h3>\n<p>Ein riesengro\u00dfes Dankesch\u00f6n an Dungeon Keeper f\u00fcr den zugesandten Text.<\/p>\n<h3><a href=\"https:\/\/shop.mittgard.de\/?page_id=5138\">Fafnismal &#8211; Das Lied von Fafnir<\/a><\/h3>\n<p>Ein riesengro\u00dfes Dankesch\u00f6n an Dungeon Keeper f\u00fcr den zugesandten Text.<\/p>\n<h3><a href=\"https:\/\/shop.mittgard.de\/?page_id=5140\">Sigrdrifumal &#8211; Das Lied von Sigdrifa<\/a><\/h3>\n<p>Ein riesengro\u00dfes Dankesch\u00f6n an Dungeon Keeper f\u00fcr den zugesandten Text.<\/p>\n<h3><a href=\"https:\/\/shop.mittgard.de\/?page_id=5142\">Brot af Brynhildarkvidu &#8211; Bruchst\u00fcck eines Br\u00fcnhildenliedes<\/a><\/h3>\n<p>Ein riesengro\u00dfes Dankesch\u00f6n an Dungeon Keeper f\u00fcr den zugesandten Text.<\/p>\n<h3><a href=\"https:\/\/shop.mittgard.de\/?page_id=5144\">Sigurdarkvida Fafnisbana thridja &#8211; Das dritte Lied von Sigurd dem Fafnirst\u00f6ter<\/a><\/h3>\n<p>Ein riesengro\u00dfes Dankesch\u00f6n an Dungeon Keeper f\u00fcr den zugesandten Text.<\/p>\n<h3><a href=\"https:\/\/shop.mittgard.de\/?page_id=5146\">Helreidh Brynhildar &#8211; Br\u00fcnhildens Todesfahrt<\/a><\/h3>\n<p>Ein riesengro\u00dfes Dankesch\u00f6n an Dungeon Keeper f\u00fcr den zugesandten Text.<\/p>\n<h3><a href=\"https:\/\/shop.mittgard.de\/?page_id=5148\">Gudrunarkvida fyrsta &#8211; Das erste Gudrunenlied<\/a><\/h3>\n<p>Ein riesengro\u00dfes Dankesch\u00f6n an Dungeon Keeper f\u00fcr den zugesandten Text.<\/p>\n<h3><a href=\"https:\/\/shop.mittgard.de\/?page_id=5150\">Drap Niflunga &#8211; Mord der Niflunge<\/a><\/h3>\n<p>Ein riesengro\u00dfes Dankesch\u00f6n an Dungeon Keeper f\u00fcr den zugesandten Text.<\/p>\n<h3><a href=\"https:\/\/shop.mittgard.de\/?page_id=5152\">Gudrunarkvida \u00f6nnur &#8211; Das andere Gudrunenlied<\/a><\/h3>\n<p>Ein riesengro\u00dfes Dankesch\u00f6n an Dungeon Keeper f\u00fcr den zugesandten Text.<\/p>\n<h3><a href=\"https:\/\/shop.mittgard.de\/?page_id=5154\">Gudrunarkvida thridja &#8211; Das dritte Gudrunenlied<\/a><\/h3>\n<p>Ein riesengro\u00dfes Dankesch\u00f6n an Dungeon Keeper f\u00fcr den zugesandten Text.<\/p>\n<h3><a href=\"https:\/\/shop.mittgard.de\/?page_id=5156\">Oddrunargratr &#8211; Oddruns Klage<\/a><\/h3>\n<p>Ein riesengro\u00dfes Dankesch\u00f6n an Dungeon Keeper f\u00fcr den zugesandten Text.<\/p>\n<h3><a href=\"https:\/\/shop.mittgard.de\/?page_id=5158\">Atlakvida &#8211; Die Sage von Atli<\/a><\/h3>\n<p>Ein riesengro\u00dfes Dankesch\u00f6n an Dungeon Keeper f\u00fcr den zugesandten Text.<\/p>\n<h3><a href=\"https:\/\/shop.mittgard.de\/?page_id=5160\">Atlamal in Groenlenzku &#8211; Das Lied von Atli<\/a><\/h3>\n<p>Ein riesengro\u00dfes Dankesch\u00f6n an Dungeon Keeper f\u00fcr den zugesandten Text.<\/p>\n<h3><a href=\"https:\/\/shop.mittgard.de\/?page_id=5162\">Gudrunarhvot &#8211; Gudruns Aufreizung<\/a><\/h3>\n<p>Ein riesengro\u00dfes Dankesch\u00f6n an Dungeon Keeper f\u00fcr den zugesandten Text.<\/p>\n<h3><a href=\"https:\/\/shop.mittgard.de\/?page_id=5164\">Hamdismal &#8211; Das Lied von Hamdir<\/a><\/h3>\n<p>Ein riesengro\u00dfes Dankesch\u00f6n an Dungeon Keeper f\u00fcr den zugesandten Text.<\/p>\n<h3><a href=\"https:\/\/shop.mittgard.de\/?page_id=5166\">Grotta songr &#8211; Das M\u00fchlenlied<\/a><\/h3>\n<p>Ein riesengro\u00dfes Dankesch\u00f6n an Dungeon Keeper f\u00fcr den zugesandten Text.<\/p>\n<h3><a href=\"https:\/\/shop.mittgard.de\/?page_id=5168\">Solarliod &#8211; Das Sonnenlied<\/a><\/h3>\n<p>Ein riesengro\u00dfes Dankesch\u00f6n an Dungeon Keeper f\u00fcr den zugesandten Text.<\/p>\n<p>Eine ganze Menge Text ist&#8217;s nun geworden, wir danken allen, die uns Texte in digitalisierter Form zur Verf\u00fcgung gestellt haben.<br \/>\nDie komplette Edda als Text-Datei (zip-gepackt; 116kB) k\u00f6nnt Ihr <a href=\"https:\/\/shop.mittgard.de\/wp-content\/uploads\/2018\/10\/edda.zip\">hier<\/a> downloaden.<\/p>\n","protected":false},"excerpt":{"rendered":"<p>Die Edda G\u00f6tterdichtung, Spruchdichtung, Merkgedichte und Heldensagen der germanischen Mythologie Voluspa &#8230; Der Seherin Gesicht Dieses wohl bekannteste Lied, das einen umfassenden Einblick in die Mythologie unserer Vorfahren gibt, habe ich etwas bevorzugt behandelt. Der Text umfa\u00dft den Orginaltext, sowie zwei \u00dcbersetzungen ins deutsche &#8211; eine von K. Simrock und die andere von F. Genzmer. &hellip; <\/p>\n<p class=\"link-more\"><a href=\"https:\/\/shop.mittgard.de\/?page_id=5025\" class=\"more-link\"><span class=\"screen-reader-text\">\u201eDie Edda &#8211; G\u00f6ttersagen, Helden- und Spruchdichtung der Germanen\u201c <\/span>weiterlesen<\/a><\/p>\n","protected":false},"author":2,"featured_media":0,"parent":124,"menu_order":0,"comment_status":"closed","ping_status":"closed","template":"","meta":{"footnotes":""},"class_list":["post-5025","page","type-page","status-publish","hentry"],"_links":{"self":[{"href":"https:\/\/shop.mittgard.de\/index.php?rest_route=\/wp\/v2\/pages\/5025","targetHints":{"allow":["GET"]}}],"collection":[{"href":"https:\/\/shop.mittgard.de\/index.php?rest_route=\/wp\/v2\/pages"}],"about":[{"href":"https:\/\/shop.mittgard.de\/index.php?rest_route=\/wp\/v2\/types\/page"}],"author":[{"embeddable":true,"href":"https:\/\/shop.mittgard.de\/index.php?rest_route=\/wp\/v2\/users\/2"}],"replies":[{"embeddable":true,"href":"https:\/\/shop.mittgard.de\/index.php?rest_route=%2Fwp%2Fv2%2Fcomments&post=5025"}],"version-history":[{"count":14,"href":"https:\/\/shop.mittgard.de\/index.php?rest_route=\/wp\/v2\/pages\/5025\/revisions"}],"predecessor-version":[{"id":9674,"href":"https:\/\/shop.mittgard.de\/index.php?rest_route=\/wp\/v2\/pages\/5025\/revisions\/9674"}],"up":[{"embeddable":true,"href":"https:\/\/shop.mittgard.de\/index.php?rest_route=\/wp\/v2\/pages\/124"}],"wp:attachment":[{"href":"https:\/\/shop.mittgard.de\/index.php?rest_route=%2Fwp%2Fv2%2Fmedia&parent=5025"}],"curies":[{"name":"wp","href":"https:\/\/api.w.org\/{rel}","templated":true}]}}