{"id":5042,"date":"2018-10-29T18:18:13","date_gmt":"2018-10-29T17:18:13","guid":{"rendered":"http:\/\/shop.mittgard.de\/?page_id=5042"},"modified":"2018-10-29T18:18:13","modified_gmt":"2018-10-29T17:18:13","slug":"grimnismal-das-grimirlied","status":"publish","type":"page","link":"https:\/\/shop.mittgard.de\/?page_id=5042","title":{"rendered":"Grimnismal &#8230; Das Grimirlied"},"content":{"rendered":"<h1>G r \u00ec m n i s m \u00e0 l<\/h1>\n<h2>Das Grimnirlied<\/h2>\n<p>Bei diesem Liede, das wir zu den gr\u00f6\u00dferen Merkgedichten z\u00e4hlen, kommt die Belehrung aus Odins Munde; was sie umfa\u00dft hat, ist schwer zu sagen, denn von den 54 \u00fcberlieferten Strophen ist vieles Zutat. Es ist kein streng einheitlicher Lehrstoff, nur zur H\u00e4lfte zielt er auf den Sprechenden, Odin. Die Merkdichtung ist eben Selbstzweck, und der Gedanke der allm\u00e4hlichen Enth\u00fcllung des Gastes beherrscht die Auswahl nicht. Gleichwohl haben viele der Strophen eine Feierlichkeit, die mehr nach Orakel oder Denkstein klingt als nach gereimter Schulregel. Anfang und Schlu\u00df, nebst einer Beigabe in Prosa, gestalten eine Rahmengeschichte. Es ist eine der Fabeln, die den auf Erden wandernden Odin als Erprober und Verderber irdischer K\u00f6nige zeigen (vgl. Nr. 24 \/ Heidrecksr\u00e4tsel).<\/p>\n<p style=\"text-align: right;\">Heusler<\/p>\n<p>&nbsp;<\/p>\n<p>Odin wollte den K\u00f6nig Geirr\u00f6d, seinen Sch\u00fctzling, pr\u00fcfen, ob er gastfrei sei gegen Fremde. Er kam unerkannt, in dunkelblauem Mantel, an Geirr\u00f6ds Hof und nannte sich Grimnir; auf weitere Fragen antwortete er nicht. Der verblendete K\u00f6nig hielt den Mann f\u00fcr einen b\u00f6sen Zauberer, denn kein Hund wagte sich an ihn. Er wollte ihn zwingen, ihm Rede zu stehn, und lie\u00df ihn zwischen zwei Feuer setzen im Mittelraum der Halle. So sa\u00df Grimnir acht Tage und N\u00e4chte, und nur Agnar, der zehnj\u00e4hrige Sohn des K\u00f6nigs, bot ihm Speis und Trank und sagte zu seinem Vater, er handle schlecht, da\u00df er den Mann schuldlos peinige. Am neunten Tage sprach Grimnir:<\/p>\n<table style=\"width: 100%; border-collapse: collapse; border-style: none; height: 2372px;\" border=\"1\">\n<tbody>\n<tr style=\"height: 181px;\">\n<td style=\"width: 50%; height: 181px; border-style: none; vertical-align: top;\">1.<br \/>\nHei\u00df bist du, Feuer,<br \/>\nund viel zu hoch;<br \/>\nweich, Flamme, fort!<br \/>\nEs glimmt mein Pelz,<br \/>\nheb ich gleich ihn hoch;<br \/>\nes brennt der Mantel mir.<\/td>\n<td style=\"width: 50%; height: 181px; border-style: none; vertical-align: top;\">2.<br \/>\nAcht N\u00e4chte<br \/>\nsa\u00df ich nah den Feuern,<br \/>\nda mir niemand Nahrung bot,<br \/>\nals einzig Agnar,<br \/>\nder Erbe Geirr\u00f6ds,<br \/>\nder das Heervolk beherrschen soll.<\/td>\n<\/tr>\n<tr style=\"height: 181px;\">\n<td style=\"width: 50%; height: 181px; border-style: none; vertical-align: top;\">3.<br \/>\nHeil wird dir, Agnar,<br \/>\nda Heil dir beut<br \/>\ndes Heldenvolks Herr:<br \/>\nbessern Lohn<br \/>\neines Bechers sollst du<br \/>\nnehmen nimmermehr.<\/td>\n<td style=\"width: 50%; height: 181px; border-style: none; vertical-align: top;\">4.<br \/>\nDas Land ist heilig,<br \/>\ndas ich liegen seh<br \/>\nden Asen und Alben nah;<br \/>\ndoch in Thrudheim<br \/>\nwird Thor weilen,<br \/>\nbis die G\u00f6tter vergehn.<\/td>\n<\/tr>\n<tr style=\"height: 181px;\">\n<td style=\"width: 50%; height: 181px; border-style: none; vertical-align: top;\">5.<br \/>\nEibental hei\u00dft es,<br \/>\nwo Ull seinen Saal<br \/>\nsich hingesetzt hat;<br \/>\nAlbenheim gaben<br \/>\ndie Asen Freyr<br \/>\nvor Zeiten als Zahngeschenk.<\/td>\n<td style=\"width: 50%; height: 181px; border-style: none; vertical-align: top;\">6.<br \/>\nDieser Hof ist der dritte,<br \/>\nwo holde G\u00f6tter<br \/>\nmit Silber den Saal deckten:<br \/>\nWalaskjalf hei\u00dft er,<br \/>\nihn wirkte sich<br \/>\nder Ase in Urtagen.<\/td>\n<\/tr>\n<tr style=\"height: 181px;\">\n<td style=\"width: 50%; height: 181px; border-style: none; vertical-align: top;\">7.<br \/>\nKleinodbank hei\u00dft der vierte,<br \/>\ndoch k\u00fchle Wellen<br \/>\nrauschen \u00fcber ihm.<br \/>\nOdin und Saga<br \/>\ntrinken dort alle Tage<br \/>\ngl\u00fccklich aus Goldbechern.<\/td>\n<td style=\"width: 50%; height: 181px; border-style: none; vertical-align: top;\">8.<br \/>\nFrohheim ist der f\u00fcnfte,<br \/>\nwo die funkelnd goldene<br \/>\nWalhall weit sich dehnt;<br \/>\nOdin aber<br \/>\nkiest alle Tage<br \/>\nkampftote Krieger dort.<\/td>\n<\/tr>\n<tr style=\"height: 181px;\">\n<td style=\"width: 50%; height: 181px; border-style: none; vertical-align: top;\">9.<br \/>\nKund ist er allen,<br \/>\ndie zu Odin kommen,<br \/>\nden Saalbau zu sehen:<br \/>\nSchilde sind die Schindeln,<br \/>\nSch\u00e4fte sind die Sparren,<br \/>\nes decken Br\u00fcnnen die Bank.<\/td>\n<td style=\"width: 50%; height: 181px; border-style: none; vertical-align: top;\">10.<br \/>\nKund ist er allen,<br \/>\ndie zu Odin kommen,<br \/>\nden Saalbau zu sehen:<br \/>\nein Wolf h\u00e4ngt<br \/>\nwestlich vom Tor,<br \/>\nein Aar schwebt \u00fcber ihm.<\/td>\n<\/tr>\n<tr style=\"height: 181px;\">\n<td style=\"width: 50%; height: 181px; border-style: none; vertical-align: top;\">11.<br \/>\nThrymheim hei\u00dft der sechste,<br \/>\nwo Thjazi wohnte,<br \/>\nder furchtbare Frostriese;<br \/>\nnun haust Skadi,<br \/>\ndie herrliche G\u00f6tterbraut,<br \/>\nin dem alten Ahnenhof.<\/td>\n<td style=\"width: 50%; height: 181px; border-style: none; vertical-align: top;\">12.<br \/>\nBreitglanz hei\u00dft der siebente,<br \/>\ndort hat Balder sich<br \/>\ndie Halle hingebaut;<br \/>\nauf jener Flur,<br \/>\nder Freveltat<br \/>\nnimmer nahen mag.<\/td>\n<\/tr>\n<tr style=\"height: 181px;\">\n<td style=\"width: 50%; height: 181px; border-style: none; vertical-align: top;\">13.<br \/>\nHimmelsburg hei\u00dft der achte,<br \/>\nwo Heimdall lange<br \/>\ndes Weihtums walten soll;<br \/>\nim behaglichen Haus<br \/>\ntrinkt herrlichen Met<br \/>\ndort gerne der G\u00f6tterwart.<\/td>\n<td style=\"width: 50%; height: 181px; border-style: none; vertical-align: top;\">14.<br \/>\nFolkwang hei\u00dft der neunte,<br \/>\ndoch Freyja waltet<br \/>\ndort der Sitze im Saal;<br \/>\nTag f\u00fcr Tag<br \/>\nkiest sie der Toten H\u00e4lfte,<br \/>\ndoch die andre f\u00e4llt Odin zu.<\/td>\n<\/tr>\n<tr style=\"height: 181px;\">\n<td style=\"width: 50%; height: 181px; border-style: none; vertical-align: top;\">15.<br \/>\nGlastheim hei\u00dft der zehnte,<br \/>\nvon Gold sind die Pforten<br \/>\nund von Silber das Saaldach;<br \/>\ndoch Forseti<br \/>\nwohnt dort viele Tage<br \/>\nund stillt allen Streit.<\/td>\n<td style=\"width: 50%; height: 181px; border-style: none; vertical-align: top;\">16.<br \/>\nNoatun hei\u00dft der elfte,<br \/>\ndoch Nj\u00f6rd hat dort<br \/>\nsich die Halle hingesetzt,<br \/>\nder F\u00fcrst der Menschen,<br \/>\ndes Frevels bar,<br \/>\ner waltet hohes Heiligtums.<\/td>\n<\/tr>\n<tr style=\"height: 181px;\">\n<td style=\"width: 50%; height: 181px; border-style: none; vertical-align: top;\">17.<br \/>\nGestr\u00e4uch w\u00e4chst<br \/>\nund starkes Gras<br \/>\nauf Widars Waldgebiet;<br \/>\nauf Rosses R\u00fccken,<br \/>\nzu r\u00e4chen den Vater,<br \/>\nverhei\u00dft dort der Heldensohn.<\/td>\n<td style=\"width: 50%; height: 181px; border-style: none; vertical-align: top;\">18.<br \/>\nRu\u00dfgesicht<br \/>\nl\u00e4\u00dft den Ru\u00dfsschwarz sieden<br \/>\nim Kessel Kohlenru\u00df,<br \/>\ndas beste Fleisch,<br \/>\ndoch nicht viele wissen,<br \/>\nwas sie essen, die Einherjer.<\/td>\n<\/tr>\n<tr style=\"height: 181px;\">\n<td style=\"width: 50%; height: 181px; border-style: none; vertical-align: top;\">19.<br \/>\nGeri und Freki<br \/>\natzt der vielber\u00fchmte,<br \/>\nder kampfstolze Kriegergott;<br \/>\ndoch von Wein nur<br \/>\nlebt der waffenstrahlende<br \/>\nOdin immerdar.<\/td>\n<td style=\"width: 50%; height: 181px; border-style: none; vertical-align: top;\">20.<br \/>\nHugin und Munin<br \/>\nfliegen manchen Tag<br \/>\nden Erdengrund ab;<br \/>\nf\u00fcr Hugin f\u00fcrcht ich,<br \/>\nda\u00df er heim nicht kehre,<br \/>\ndoch sorg ich um Munin noch mehr.<\/td>\n<\/tr>\n<tr style=\"height: 181px;\">\n<td style=\"width: 50%; height: 181px; border-style: none; vertical-align: top;\">21.<br \/>\nEs rauscht Thund,<br \/>\ndes Riesenwolfs Fisch<br \/>\nschwimmt froh in der Flut;<br \/>\nzu scharf scheint<br \/>\nder Schar der Waltoten<br \/>\nzu durchstapfen die Str\u00f6mung.<\/td>\n<td style=\"width: 50%; height: 181px; border-style: none; vertical-align: top;\">22.<br \/>\nWalgitter hei\u00dft es,<br \/>\ndas vor geweihtem Tor<br \/>\nheilig sich erhebt;<br \/>\nalt ist das Gitter,<br \/>\nes ahnen nicht viele,<br \/>\nwie es der Schl\u00fcssel verschlie\u00dft.<\/td>\n<\/tr>\n<tr style=\"height: 181px;\">\n<td style=\"width: 50%; height: 181px; border-style: none; vertical-align: top;\">23.<br \/>\nF\u00fcnfhundert Vorr\u00e4ume<br \/>\nund vierzig dazu<br \/>\nkenn ich in Bilskirnirs Bau,<br \/>\nvon diesen H\u00e4usern,<br \/>\ndie unter Dach ich wei\u00df,<br \/>\nhat mein Mage das m\u00e4chtigste.<\/td>\n<td style=\"width: 50%; height: 181px; border-style: none; vertical-align: top;\">24.<br \/>\nF\u00fcnfhundert Tore<br \/>\nund vierzig dazu<br \/>\nkenn ich in Walhall wohl;<br \/>\nachthundert Einherjer<br \/>\ngehn auf einmal aus jedem,<br \/>\nwenn&#8217;s mit Fenrir zu fechten gilt.<\/td>\n<\/tr>\n<tr style=\"height: 25px;\">\n<td style=\"width: 50%; height: 25px; border-style: none; vertical-align: top;\">25.<br \/>\nHeidrun hei\u00dft die Gei\u00df,<br \/>\ndie auf der Halle steht<br \/>\nund von L\u00e4rads Laube fri\u00dft;<br \/>\nmit klarem Met<br \/>\nsoll sie die Kannen f\u00fcllen,<br \/>\nnie vertrocknert der Trank.<\/td>\n<td style=\"width: 50%; height: 25px; border-style: none; vertical-align: top;\">26.<br \/>\nEichdorn hei\u00dft der Hirsch,<br \/>\nder auf der Halle steht<br \/>\nund von L\u00e4rads Laube fri\u00dft;<br \/>\nvon seinem Geweih<br \/>\ntr\u00e4uft es ins Wallebecken,<br \/>\ndavon kommen die Quellen all.<\/td>\n<\/tr>\n<tr style=\"height: 25px;\">\n<td style=\"width: 50%; height: 25px; border-style: none; vertical-align: top;\">27.<br \/>\nK\u00f6rmt und \u00d6rmt<br \/>\nund die Kerlauge zwei<br \/>\ndurchwatet t\u00e4glich Thor,<br \/>\nwenn er auszieht,<br \/>\nUrteil zu f\u00e4llen,<br \/>\nzur Esche Yggdrasil;<br \/>\ndenn die Br\u00fccke der Asen<br \/>\nbrennt in Flammen,<br \/>\nund hei\u00df sind die Himmelswasser.<\/td>\n<td style=\"width: 50%; height: 25px; border-style: none; vertical-align: top;\">28.<br \/>\nGelber und Muntrer,<br \/>\nGlanz und Hufschnell,<br \/>\nSehnig und Silberstirn;<br \/>\nGlei\u00dfner und Fahlhuf,<br \/>\nGoldstirn und Leichtfu\u00df:<br \/>\nauf diesen reiten die Rater<br \/>\nalle Tage,<br \/>\nwenn sie zu urteilen ziehn<br \/>\nzur Esche Yggdrasil<\/td>\n<\/tr>\n<tr style=\"height: 25px;\">\n<td style=\"width: 50%; height: 25px; border-style: none; vertical-align: top;\">29.<br \/>\nDrei Wurzeln<br \/>\ngehn nach drei Seiten<br \/>\nvon der Esche Yggdrasil;<br \/>\nHel wohnt unter einer,<br \/>\nunter der andern die Reifthursen,<br \/>\nunter der dritten der Degen Volk.<\/td>\n<td style=\"width: 50%; height: 25px; border-style: none; vertical-align: top;\">30.<br \/>\nNagezahn hei\u00dft das Eichhorn,<br \/>\ndas Immer rennt<br \/>\nauf der Esche Yggdrasil:<br \/>\nvon oben her<br \/>\nsoll es des Adlers Worte<br \/>\nzu Nidh\u00f6gg niedertragen.<\/td>\n<\/tr>\n<tr style=\"height: 25px;\">\n<td style=\"width: 50%; height: 25px; border-style: none; vertical-align: top;\">31.<br \/>\nHirsche gibt es vier,<br \/>\ndie mit erhobnem Kopf<br \/>\ndie Knospen kahlfressen:<br \/>\nDain und Dwalin,<br \/>\nDuneyr und Dyrathror.<\/td>\n<td style=\"width: 50%; height: 25px; border-style: none; vertical-align: top;\">32.<br \/>\nMehr W\u00fcrmer<br \/>\nliegen an den Wurzeln Yggdrasils,<br \/>\nals ein Unweiser ahnt:<br \/>\nGoin und Moin,<br \/>\nGrafwitnirs S\u00f6hne,<br \/>\nGrabak und Grafw\u00f6llud,<br \/>\nOfnir und Swafnir<br \/>\nsollen immerdar<br \/>\nzerfressen die Faserwurzeln.<\/td>\n<\/tr>\n<tr style=\"height: 25px;\">\n<td style=\"width: 50%; height: 25px; border-style: none; vertical-align: top;\">33.<br \/>\nDie Esche Yggdrasil<br \/>\nmu\u00df Unbill leiden<br \/>\nmehr als man meint,<br \/>\nder Hirsch \u00e4st den Wipfel,<br \/>\ndie Wurzeln nagt Nidh\u00f6gg,<br \/>\nan den Flanken F\u00e4ulnis fri\u00dft.<\/td>\n<td style=\"width: 50%; height: 25px; border-style: none; vertical-align: top;\">34.<br \/>\nHrist und Mist<br \/>\nsollen das Horn mir bringen,<br \/>\nSkeggj\u00f6ld und Sk\u00f6gul,<br \/>\nHild und Thrud,<br \/>\nHl\u00f6kk und Heerfessel,<br \/>\nG\u00f6ll und Geirah\u00f6d,<br \/>\nRandgrid und Radgrid<br \/>\nund Reginleif,<br \/>\ndie bringen den Einherjern \u00c4l.<\/td>\n<\/tr>\n<tr style=\"height: 25px;\">\n<td style=\"width: 50%; height: 25px; border-style: none; vertical-align: top;\">35.<br \/>\nArwakr und Alswinn,<br \/>\nvon der Erde hinauf<br \/>\nsollen sie die Sonne ziehn;<br \/>\nunter der Hengste Bug<br \/>\nbargen holde Rater,<br \/>\ndie Asen, Erzk\u00fchle.<\/td>\n<td style=\"width: 50%; height: 25px; border-style: none; vertical-align: top;\">36.<br \/>\nS\u00e4nftiger hei\u00dft er,<br \/>\nder Sonne Schild,<br \/>\nder vor der Strahlenden steht;<br \/>\nBerge und Brandung<br \/>\nm\u00fc\u00dften verbrennen ganz,<br \/>\nwenn er von ihr f\u00e4llt.<\/td>\n<\/tr>\n<tr style=\"height: 25px;\">\n<td style=\"width: 50%; height: 25px; border-style: none; vertical-align: top;\">37.<br \/>\nTrug hei\u00dft der Wolf,<br \/>\nder bis zu des Waldes Schutz<br \/>\ndie funkelnde verfolgt;<br \/>\nder andre, Hasser,<br \/>\nder Erbe Fenrirs,<br \/>\nl\u00e4uft vor der heitern Himmelsbraut.<\/td>\n<td style=\"width: 50%; height: 25px; border-style: none; vertical-align: top;\">38.<br \/>\nAus Ymirs Fleisch<br \/>\nward die Erde geschaffen,<br \/>\naus dem Blute das Brandungsmeer,<br \/>\ndas Gebirg aus den Knochen,<br \/>\ndie B\u00e4ume aus dem Haar,<br \/>\naus der Hirnschale der Himmel.<\/td>\n<\/tr>\n<tr style=\"height: 25px;\">\n<td style=\"width: 50%; height: 25px; border-style: none; vertical-align: top;\">39.<br \/>\nAus des Riesen Wimpern<br \/>\nschufen Rater hold<br \/>\nMidgard den Menschens\u00f6hnen;<br \/>\naus des Riesen Gehirn<br \/>\nsind die rauhgesinnten<br \/>\nWolken alle gewirkt.<\/td>\n<td style=\"width: 50%; height: 25px; border-style: none; vertical-align: top;\">40.<br \/>\nDer hat Ulls Huld<br \/>\nund aller G\u00f6tter,<br \/>\nder zuvorderst zum Feuer greift;<br \/>\ndenn offen sind die Heime,<br \/>\nhebt man ab die Kessel,<br \/>\nallen Asens\u00f6hnen.<\/td>\n<\/tr>\n<tr>\n<td style=\"width: 50%; border-style: none; vertical-align: top;\">41.<br \/>\nIwaldis S\u00f6hne<br \/>\ngingen in Urtagen<br \/>\nzu schaffen Skidbladnir,<br \/>\ndas beste Schiff,<br \/>\ndem schimmernden Freyr,<br \/>\nNj\u00f6rds gesegnetem Sohn.<\/td>\n<td style=\"width: 50%; border-style: none; vertical-align: top;\">42.<br \/>\nDie Esche Yggdrasil<br \/>\nist der erste der B\u00e4ume,<br \/>\ndoch Skidbladnir der Schiffe,<br \/>\nder Rater Odin,<br \/>\nder Rosse Sleipnir,<br \/>\nder Br\u00fccken Bilr\u00f6st,<br \/>\ndoch Bragi der Skalden,<br \/>\nder Habichte Habrok,<br \/>\ndoch der Hunde Garm.<\/td>\n<\/tr>\n<tr>\n<td style=\"width: 50%; border-style: none; vertical-align: top;\">43.<br \/>\nVor der Siegg\u00f6tter S\u00f6hnen<br \/>\ntat ich Gesichte nun kund;<br \/>\ndas weckt heilsame Huld:<br \/>\nallen Asen<br \/>\nsoll es eingehen<br \/>\nauf \u00c4girs Bank,<br \/>\nbei \u00c4girs Trank.<\/td>\n<td style=\"width: 50%; border-style: none; vertical-align: top;\">44.<br \/>\nGrim hie\u00df ich,<br \/>\nGangmatt hie\u00df ich,<br \/>\nHerrscher und Helmtr\u00e4ger,<br \/>\nWalvater, Allvater,<br \/>\nWunschherr und Graubart,<br \/>\nHar und Heerblender.<\/td>\n<\/tr>\n<tr>\n<td style=\"width: 50%; border-style: none; vertical-align: top;\">45.<br \/>\nTrunken bist du, Geirr\u00f6d,<br \/>\nzu gierig trankst du,<br \/>\nverst\u00f6rt ist dein Verstand;<br \/>\nmanches verlorst du,<br \/>\nda du meiner Gunst<br \/>\nund Gefolgeschaft ferne bleibst.<\/td>\n<td style=\"width: 50%; border-style: none; vertical-align: top;\">46.<br \/>\nIch wies dir vieles,<br \/>\ndoch wenig verstandest du:<br \/>\ndich l\u00e4\u00dft fallen dein Freund;<br \/>\nliegen seh ich,<br \/>\nbesudelt mit Blut,<br \/>\nmeines Sch\u00fctzlings Schwert.<\/td>\n<\/tr>\n<tr>\n<td style=\"width: 50%; border-style: none; vertical-align: top;\">47.<br \/>\nSchwertm\u00fcde Beute<br \/>\nsoll der Schlachtgott haben:<br \/>\ndein Leben verlierst du nun;<br \/>\nunhold sind dir die Disen,<br \/>\njetzt kannst du Odin sehn:<br \/>\nnun komm, wenn du kannst.<\/td>\n<td style=\"width: 50%; border-style: none; vertical-align: top;\">48.<br \/>\nOdin hei\u00df ich jetzt,<br \/>\nhie\u00df einstmals Schrecker,<br \/>\nhie\u00df vor Zeiten der Z\u00fcrnende,<br \/>\nEinschl\u00e4frer, Fessler:<br \/>\nmich d\u00fcnkt, da\u00df alles dies<br \/>\neinzig mich nur meint.<\/td>\n<\/tr>\n<\/tbody>\n<\/table>\n<p>K\u00f6nig Geirr\u00f6d hatte dagesessen, das Schwert, halb gez\u00fcckt, \u00fcber den Knien. Als er aber h\u00f6rte, da\u00df es Odin war, sprang er auf und wollte ihn vom Feuer wegnehmen. Da glitt ihm das Schwert aus der Hand, der Knauf nach unten: der K\u00f6nig stolperte und st\u00fcrzte darein, das Schwert ging durch ihn durch: das war sein Tod. Jetzt verschwand Odin. Aber Agnar wurde K\u00f6nig im Lande und herrschte lange.<\/p>\n<h6>Die Genzmer&#8217;sche \u00dcbersetzung stammt aus Die Edda: G\u00f6tterdichtung, Spruchweisheit und Heldenges\u00e4nge der Gemanen, Diederichs Verlag, M\u00fcnchen, 1992<\/h6>\n","protected":false},"excerpt":{"rendered":"<p>G r \u00ec m n i s m \u00e0 l Das Grimnirlied Bei diesem Liede, das wir zu den gr\u00f6\u00dferen Merkgedichten z\u00e4hlen, kommt die Belehrung aus Odins Munde; was sie umfa\u00dft hat, ist schwer zu sagen, denn von den 54 \u00fcberlieferten Strophen ist vieles Zutat. Es ist kein streng einheitlicher Lehrstoff, nur zur H\u00e4lfte zielt &hellip; <\/p>\n<p class=\"link-more\"><a href=\"https:\/\/shop.mittgard.de\/?page_id=5042\" class=\"more-link\"><span class=\"screen-reader-text\">\u201eGrimnismal &#8230; Das Grimirlied\u201c <\/span>weiterlesen<\/a><\/p>\n","protected":false},"author":2,"featured_media":0,"parent":5025,"menu_order":2,"comment_status":"closed","ping_status":"closed","template":"","meta":{"footnotes":""},"class_list":["post-5042","page","type-page","status-publish","hentry"],"_links":{"self":[{"href":"https:\/\/shop.mittgard.de\/index.php?rest_route=\/wp\/v2\/pages\/5042","targetHints":{"allow":["GET"]}}],"collection":[{"href":"https:\/\/shop.mittgard.de\/index.php?rest_route=\/wp\/v2\/pages"}],"about":[{"href":"https:\/\/shop.mittgard.de\/index.php?rest_route=\/wp\/v2\/types\/page"}],"author":[{"embeddable":true,"href":"https:\/\/shop.mittgard.de\/index.php?rest_route=\/wp\/v2\/users\/2"}],"replies":[{"embeddable":true,"href":"https:\/\/shop.mittgard.de\/index.php?rest_route=%2Fwp%2Fv2%2Fcomments&post=5042"}],"version-history":[{"count":4,"href":"https:\/\/shop.mittgard.de\/index.php?rest_route=\/wp\/v2\/pages\/5042\/revisions"}],"predecessor-version":[{"id":5046,"href":"https:\/\/shop.mittgard.de\/index.php?rest_route=\/wp\/v2\/pages\/5042\/revisions\/5046"}],"up":[{"embeddable":true,"href":"https:\/\/shop.mittgard.de\/index.php?rest_route=\/wp\/v2\/pages\/5025"}],"wp:attachment":[{"href":"https:\/\/shop.mittgard.de\/index.php?rest_route=%2Fwp%2Fv2%2Fmedia&parent=5042"}],"curies":[{"name":"wp","href":"https:\/\/api.w.org\/{rel}","templated":true}]}}