{"id":5050,"date":"2018-10-29T18:30:15","date_gmt":"2018-10-29T17:30:15","guid":{"rendered":"http:\/\/shop.mittgard.de\/?page_id=5050"},"modified":"2018-10-29T18:30:15","modified_gmt":"2018-10-29T17:30:15","slug":"vafthrudnismal-das-wafthrudnirlied","status":"publish","type":"page","link":"https:\/\/shop.mittgard.de\/?page_id=5050","title":{"rendered":"Vafthrudnismal &#8230; Das Wafthrudnirlied"},"content":{"rendered":"<h1>V a f th r u d n i s m \u00e0 l<\/h1>\n<h2>Das Wafthrudnirlied<\/h2>\n<p>Auch dieses Lied ist eine reich str\u00f6mende Quelle nordischer Mythenkunde. Erg\u00e4nzt es so der Seherin Gesicht, so ist doch sein Weltbild ein etwas anderes, mehr volkst\u00fcmliches. Der Tau tr\u00e4uft hier nicht von der Weltesche, sondern vom Maule eines n\u00e4chtlichen Himmelsro\u00dfes. Die G\u00f6tter heben die Erde nicht aus der Tiefe empor, sondern schaffen sie, wie auch Meer, Himmel und Wolken, aus dem Leib eines erschlagenen Riesen. Wie der Riesenstamm entstanden ist, wird nach alten Volkssagen genauer erz\u00e4hlt. Die Menschen gehen nicht in dem allgemeinen Weltbrand, sondern in einem verheerenden Winter unter, den nur ein Menschenpaar in einem sch\u00fctzenden Baum \u00fcberdauert, um Stammeltern eines neuen Menschengeschlechts zu werden, eine auch in Deutschland bekannte Sage. Der Wolf stirbt nicht den Schwerterttod, sondern der r\u00e4chende Widar zerrei\u00dft ihm, wie nach altem Volksglauben, den Rachen.<br \/>\nDas Lied hat die Form der Wissenswette: nicht mit dem Hammer wie Thor, sondern mit der Waffe des Geistes \u00fcberwindet Odin den Gegner. Als erster fragt der Riese nach Dingen der mythischen Erd- und Himmelskunde. Dann stellt Odin zw\u00f6lf Fragen, zuerst aus der Vergangenheit, mit der zehnten Frage gleitet der Blick schon auf die Zukunft hin\u00fcber. Da\u00df Nj\u00f6rd gerade als Kultgott so wichtig genommen wird, l\u00e4\u00dft vermuten, da\u00df das Lied aus der Trontheimer Gegend stammt, wo man diesen Gott besonders verehrte. Nach der in anderem Versma\u00df geformten Schlu\u00dffrage der Zw\u00f6lferreihe wechselt Odin die Eingangsformel und stellt nun Fragen nach den letzten Dingen. Die letzte Frage geht \u00e4u\u00dferlich auf Vergangenes, zielt aber wohl darauf hin, da\u00df Odin einen R\u00e4cher f\u00fcr Balder zeugt und da\u00df Balder in der neuen Welt wiederkehren wird; sie kann der Riese nicht beantworten, und so ist sein Haupt dem Gott verfallen.<br \/>\nDie Zahlen der Fragen scheinen eine tiefere Bedeutung zu haben: der Gruppe der zw\u00f6lf Fragen entsprechen die zw\u00f6lf G\u00f6tterwohnungen im Grimnirliede und die zw\u00f6lf Asen der j\u00fcngeren Seherinnenrede. Mit den sechs Fragen der Schlussgruppe erhalten wir achtzehn Fragen Odins gleich den achtzehn Zauberliedern. Z\u00e4hlt man die sechs Fragen des Riesen dazu, so sind es im ganzen vierundzwanzig Fragen; vierundzwanzig aber war die Zahl der \u00e4lteren Runenreihe, die im Runenzauber besonders wichtig war.<\/p>\n<p style=\"text-align: right;\">Genzmer<\/p>\n<p>&nbsp;<\/p>\n<table style=\"height: 2154px; width: 100%; border-collapse: collapse; border-style: none;\" border=\"1\">\n<tbody>\n<tr style=\"height: 181px;\">\n<td style=\"width: 50%; border-style: none; vertical-align: top; height: 181px;\">1 Odin:<br \/>\nRate mir nun, Frigg,<br \/>\nda zur Fahrt mich&#8217;s dr\u00e4ngt<br \/>\nnach der Wohnung Wafthrudnirs!<br \/>\nNach dem Urzeitwissen<br \/>\ndes allweisen Riesen<br \/>\nnenn ich gro\u00df mein Begehr.<\/td>\n<td style=\"width: 50%; border-style: none; vertical-align: top; height: 181px;\">2 Frigg:<br \/>\nDaheim bleiben<br \/>\nsollte Heervater<br \/>\nin der Rater Reich,<br \/>\nda keinen der Riesen<br \/>\nan Kr\u00e4ften gleich<br \/>\nich dem Wafthrudnir wei\u00df.<\/td>\n<\/tr>\n<tr style=\"height: 181px;\">\n<td style=\"width: 50%; border-style: none; vertical-align: top; height: 181px;\">3 Odin:<br \/>\nViel fuhr ich,<br \/>\nviel erforschte ich,<br \/>\nviel befragt ich Erfahrene;<br \/>\nwissen will ich,<br \/>\nwie Wafthrudnirs<br \/>\nSaalbau wohl sei.<\/td>\n<td style=\"width: 50%; border-style: none; vertical-align: top; height: 181px;\">4 Frigg:<br \/>\nHeil zieh hin!<br \/>\nHeil kehr zur\u00fcck!<br \/>\nHeil wandre den Weg!<br \/>\nDein Geist bew\u00e4hre sich,<br \/>\nwenn du, G\u00f6ttervater,<br \/>\ndem Riesen Rede stehst!<\/td>\n<\/tr>\n<tr style=\"height: 181px;\">\n<td style=\"width: 50%; border-style: none; vertical-align: top; height: 181px;\">5<br \/>\nAuszog Odin,<br \/>\ndes allweisen Riesen<br \/>\nKlugheit zu erkunden.<br \/>\nZur Halle kam er<br \/>\nund zum Heim des Thursen,<br \/>\nrasch trat Odin ein.<\/td>\n<td style=\"width: 50%; border-style: none; vertical-align: top; height: 181px;\">6 Odin:<br \/>\nHeil dir, Wafthrudnir!<br \/>\nIn die Halle komm ich,<br \/>\ndich selber zu sehn.<br \/>\nWissen will ich,<br \/>\nob du weise bist<br \/>\nund dich allwissend bew\u00e4hrst.<\/td>\n<\/tr>\n<tr style=\"height: 181px;\">\n<td style=\"width: 50%; border-style: none; vertical-align: top; height: 181px;\">7 Wafthrudnir:<br \/>\nWer ist der Mann,<br \/>\nder in meinem Saal<br \/>\nsein Wort auf mich wirft?<br \/>\nNimmer kehrst du,<br \/>\nbist du der Kl\u00fcgere nicht,<br \/>\naus meiner Halle heim.<\/td>\n<td style=\"width: 50%; border-style: none; vertical-align: top; height: 181px;\">8 Odin:<br \/>\nGagnrad hei\u00df ich,<br \/>\ngegangen komm ich<br \/>\nhungrig zur Halle dein.<br \/>\nZutritt, Riese, &#8211;<br \/>\nbin gezogen weit &#8211;<br \/>\nund Gastgru\u00df begehre ich.<\/td>\n<\/tr>\n<tr style=\"height: 181px;\">\n<td style=\"width: 50%; border-style: none; vertical-align: top; height: 181px;\">9 Wafthrudnir:<br \/>\nWarum antwortest<br \/>\ndu vom Eingang her?<br \/>\nKomm auf den Sitz im Saal!<br \/>\nDann findet sich&#8217;s,<br \/>\nob der Fremdling an Witz<br \/>\n\u00fcbertrifft den Thursengreis.<\/td>\n<td style=\"width: 50%; border-style: none; vertical-align: top; height: 181px;\">10 Odin:<br \/>\nDer mindre Mann,<br \/>\nder zum m\u00e4chtigen kommt,<br \/>\nspreche gut oder gar nichts:<br \/>\nSchwatzhaftigkeit,<br \/>\nmein ich, schadet dem viel,<br \/>\nder zum Kaltherzigen kommt.<\/td>\n<\/tr>\n<tr style=\"height: 181px;\">\n<td style=\"width: 50%; border-style: none; vertical-align: top; height: 181px;\">11 Wafthrudnir:<br \/>\nSage mir, Gagnrad,<br \/>\nwenn dein Gl\u00fcck zu erproben<br \/>\nauf der Diele du denkst:<br \/>\nwie hei\u00dft der Hengst,<br \/>\nder den hellen Tag<br \/>\n\u00fcber die Volkss\u00f6hne f\u00e4hrt?<\/td>\n<td style=\"width: 50%; border-style: none; vertical-align: top; height: 181px;\">12 Odin:<br \/>\nSkinfaxi hei\u00dft er,<br \/>\nder den hellen Tag<br \/>\n\u00fcber die Volkss\u00f6hne f\u00e4hrt;<br \/>\nkein Ro\u00df<br \/>\ngilt den Reidgoten mehr,<br \/>\nseine M\u00e4hne gl\u00e4nzt morgenhell.<\/td>\n<\/tr>\n<tr style=\"height: 181px;\">\n<td style=\"width: 50%; border-style: none; vertical-align: top; height: 181px;\">13 Wafthrudnir:<br \/>\nSage mir, Gagnrad,<br \/>\nwenn dein Gl\u00fcck zu erproben<br \/>\nauf der Diele du denkst:<br \/>\nwie hei\u00dft das Ross,<br \/>\ndas den Ratern die Nacht<br \/>\naufzieht von Osten her?<\/td>\n<td style=\"width: 50%; border-style: none; vertical-align: top; height: 181px;\">14 Odin:<br \/>\nHrimfaxi hei\u00dft es,<br \/>\ndas den Hehren die Nacht<br \/>\naufzieht von Osten her;<br \/>\njeden Morgen<br \/>\ntrauft vom Maul ihm Schaum,<br \/>\ndavon sind die T\u00e4ler betaut.<\/td>\n<\/tr>\n<tr style=\"height: 181px;\">\n<td style=\"width: 50%; border-style: none; vertical-align: top; height: 181px;\">15 Wafthrudnir:<br \/>\nSage mir, Gagnrad,<br \/>\nwenn dein Gl\u00fcck zu erproben<br \/>\nauf der Diele du denkst:<br \/>\nwie hei\u00dft der Flu\u00df,<br \/>\nder wider das Volk der Riesen<br \/>\ndas G\u00f6tterland begrenzt?<\/td>\n<td style=\"width: 50%; border-style: none; vertical-align: top; height: 181px;\">16 Odin:<br \/>\nIfing hei\u00dft der Flu\u00df,<br \/>\nder wider das Volk der Riesen<br \/>\ndas G\u00f6tterland begrenzt;<br \/>\noffen eilen<br \/>\nsoll er in Ewigkeit,<br \/>\nkein Eis setzt er an.<\/td>\n<\/tr>\n<tr style=\"height: 181px;\">\n<td style=\"width: 50%; border-style: none; vertical-align: top; height: 181px;\">17 Wafthrudnir:<br \/>\nSage mir, Gagnrad,<br \/>\nwenn dein Gl\u00fcck zu erproben<br \/>\nauf der Diele du denkst:<br \/>\nwie hei\u00dft das Feld,<br \/>\nwo zur Fehde Surt<br \/>\nden G\u00f6ttern begegnen wird?<\/td>\n<td style=\"width: 50%; border-style: none; vertical-align: top; height: 181px;\">18 Odin:<br \/>\nWigrid hei\u00dft das Feld,<br \/>\nwo zur Fehde Surt<br \/>\nden G\u00f6ttern begegnen wird;<br \/>\nhundert Meilen<br \/>\nmi\u00dft es hin und wieder;<br \/>\ndies ist als St\u00e4tte bestimmt.<\/td>\n<\/tr>\n<tr style=\"height: 25px;\">\n<td style=\"width: 50%; border-style: none; vertical-align: top; height: 25px;\">19 Wafthrudnir:<br \/>\nRatklug bist du, Gast!<br \/>\nKomm auf des Riesen Bank!<br \/>\nSprich auf dem Sitz im Saal!<br \/>\nLa\u00df ums Haupt<br \/>\nuns in der Halle wetten,<br \/>\nFremdling, auf Vielkunde!<\/td>\n<td style=\"width: 50%; border-style: none; vertical-align: top; height: 25px;\">20 Odin:<br \/>\nSage mir zum ersten,<br \/>\nwenn deine Einsicht taugt<br \/>\nund du, Wafthrudnir, es wei\u00dft:<br \/>\nwoher kam die Erde<br \/>\nund oben der Himmel,<br \/>\nratkluger Riese, einst?<\/td>\n<\/tr>\n<tr style=\"height: 25px;\">\n<td style=\"width: 50%; border-style: none; vertical-align: top; height: 25px;\">21 Wafthrudnir:<br \/>\nAus Ymirs Fleisch<br \/>\nward die Erde geschaffen,<br \/>\naus dem Gebein das Gebirg,<br \/>\nder Himmel aus dem Sch\u00e4del<br \/>\ndes schneekalten Riesen,<br \/>\ndie Brandung aus dem Blut.<\/td>\n<td style=\"width: 50%; border-style: none; vertical-align: top; height: 25px;\">22 Odin:<br \/>\nSage mir zum andern,<br \/>\nwenn deine Einsicht taugt<br \/>\nund du, Wafthrudnir, es wei\u00dft:<br \/>\nwoher mag der Mond,<br \/>\nder \u00fcber die Menschen geht,<br \/>\nund die Sonne wohl sein?<\/td>\n<\/tr>\n<tr style=\"height: 25px;\">\n<td style=\"width: 50%; border-style: none; vertical-align: top; height: 25px;\">23 Wafthrudnir:<br \/>\nMundilfari hei\u00dft er,<br \/>\ner soll des Mondes Vater<br \/>\nund der Sonne sein;<br \/>\nsie ziehen t\u00e4glich,<br \/>\nzum Zeitma\u00df den Menschen,<br \/>\n\u00fcber den Himmel hin.<\/td>\n<td style=\"width: 50%; border-style: none; vertical-align: top; height: 25px;\">24 Odin:<br \/>\nSage mir zum dritten,<br \/>\nwenn man bedacht dich nennt<br \/>\nund du, Wafthrudnir, es wei\u00dft:<br \/>\nwoher kam der Tag,<br \/>\nder \u00fcber die T\u00e4ler geht,<br \/>\nund die Nacht mit dem Neumond?<\/td>\n<\/tr>\n<tr style=\"height: 25px;\">\n<td style=\"width: 50%; border-style: none; vertical-align: top; height: 25px;\">25 Wafthrudnir:<br \/>\nDelling hei\u00dft er,<br \/>\nvon diesem stammt der Tag,<br \/>\ndoch N\u00f6r hat die Nacht gezeugt;<br \/>\nVollmond und Neumond,<br \/>\nden V\u00f6lkern zum Zeitma\u00df,<br \/>\nschufen g\u00fctige G\u00f6tter einst.<\/td>\n<td style=\"width: 50%; border-style: none; vertical-align: top; height: 25px;\">26 Odin:<br \/>\nSage mir zum vierten,<br \/>\nwenn man erfahren dich nennt<br \/>\nund du, Wafthrudnir, es wei\u00dft:<br \/>\nwoher kam der Winter<br \/>\nund der warme Sommer<br \/>\neinst ins Asenreich?<\/td>\n<\/tr>\n<tr style=\"height: 25px;\">\n<td style=\"width: 50%; border-style: none; vertical-align: top; height: 25px;\">27 Wafthrudnir:<br \/>\nWindswal hei\u00dft er,<br \/>\ner ist des Winters Vater,<br \/>\ndoch der Sommer ist Swasuds<br \/>\nWindswal war &#8230; Sohn;<br \/>\ndem Wasud entsprossen,<br \/>\nfrostig ist all das Volk.<\/td>\n<td style=\"width: 50%; border-style: none; vertical-align: top; height: 25px;\">28 Odin:<br \/>\nSage mir zum f\u00fcnften,<br \/>\nwenn man erfahren dich nennt<br \/>\nund du, Wafthrudnir, es wei\u00dft:<br \/>\nwer erwuchs in der Vorzeit<br \/>\nvon Ymirs Stamm<br \/>\nund den Asen als \u00e4ltester?<\/td>\n<\/tr>\n<tr style=\"height: 25px;\">\n<td style=\"width: 50%; border-style: none; vertical-align: top; height: 25px;\">29 Wafthrudnir:<br \/>\nVor unz\u00e4hligen Wintern,<br \/>\neh die Erde geschaffen,<br \/>\nwar geboren Bergelmir;<br \/>\nThrudgelmir<br \/>\nwar des Thursen Vater,<br \/>\ndoch Aurgelmir sein Ahn.<\/td>\n<td style=\"width: 50%; border-style: none; vertical-align: top; height: 25px;\">30 Odin:<br \/>\nSage mir zum sechsten,<br \/>\nwenn man sinnreich dich nennt<br \/>\nund du, Wafthrudnir, es wei\u00dft:<br \/>\nwoher kam Aurgelmir,<br \/>\nder urweise Thurse,<br \/>\neinst zu der Riesen Reich?<\/td>\n<\/tr>\n<tr style=\"height: 25px;\">\n<td style=\"width: 50%; border-style: none; vertical-align: top; height: 25px;\">31 Wafthrudnir:<br \/>\nAus den Eliwagar<br \/>\nflogen Eistropfen,<br \/>\naus den Tropfen der Thurse wuchs;<br \/>\nunsre Sippen<br \/>\nstammen dort alle her,<br \/>\ndrum ist&#8217;s ein schlimm Geschlecht.<\/td>\n<td style=\"width: 50%; border-style: none; vertical-align: top; height: 25px;\">32 Odin:<br \/>\nSage mir zum siebenten,<br \/>\nwenn man sinnreich dich nennt<br \/>\nund du, Wafthrudnir, es wei\u00dft:<br \/>\nwie zeugte Kinder<br \/>\nder k\u00fchne Riese,<br \/>\nda er kein Weib gewann?<\/td>\n<\/tr>\n<tr style=\"height: 25px;\">\n<td style=\"width: 50%; border-style: none; vertical-align: top; height: 25px;\">33 Wafthrudnir:<br \/>\nKnabe und M\u00e4dchen<br \/>\nwuchsen dem k\u00fchnen Thursen<br \/>\nunterm Arm vereint;<br \/>\nder Fu\u00df mit dem Fu\u00df<br \/>\ndes Vielweisen zeugte<br \/>\nden sechsh\u00e4uptigen Sohn.<\/td>\n<td style=\"width: 50%; border-style: none; vertical-align: top; height: 25px;\">34 Odin:<br \/>\nSage mir zum achten,<br \/>\nwenn man dich einsichtig nennt<br \/>\nund du, Wafthrudnir, es wei\u00dft:<br \/>\nwas wei\u00dft du als fr\u00fchestes?<br \/>\nwas wei\u00dft du als fernstes?<br \/>\nAllwissend bist du wohl.<\/td>\n<\/tr>\n<tr style=\"height: 25px;\">\n<td style=\"width: 50%; border-style: none; vertical-align: top; height: 25px;\">35 Wafthrudnir:<br \/>\nVor unz&#8220;hligen Wintern,<br \/>\neh die Erde geschaffen,<br \/>\nwar geboren Bergelmir;<br \/>\nals fr\u00fchestes wei\u00df ich,<br \/>\nda\u00df den vielklugen Riesen<br \/>\nauf den Mahlkasten M\u00e4nner legten.<\/td>\n<td style=\"width: 50%; border-style: none; vertical-align: top; height: 25px;\">36 Odin:<br \/>\nSage mir zum neunten,<br \/>\nwenn die Vernunft dir taugt<br \/>\nund du, Wafthrudnir, es wei\u00dft:<br \/>\nwoher kommt der Wind,<br \/>\nder \u00fcber die Wogen geht?<br \/>\nNiemand sieht ihn selbst.<\/td>\n<\/tr>\n<tr style=\"height: 25px;\">\n<td style=\"width: 50%; border-style: none; vertical-align: top; height: 25px;\">37 Wafthrudnir:<br \/>\nHr\u00e4swelg hei\u00dft er,<br \/>\ner sitzt an Himmels Rand,<br \/>\nder J\u00f6te, in Aargestalt;<br \/>\nvon des Riesen Fl\u00fcgeln<br \/>\n\u00fcber die V\u00f6lker alle<br \/>\nsollen die Winde wehn.<\/td>\n<td style=\"width: 50%; border-style: none; vertical-align: top; height: 25px;\">38 Odin:<br \/>\nSage mir zum zehnten,<br \/>\nwenn die Zukunft der G\u00f6tter<br \/>\ndu, Wafthrudnir, wei\u00dft:<br \/>\nwoher kam Nj\u00f6rd<br \/>\nnach Noatun,<br \/>\nda er bei den Asen nicht aufwuchs?<\/td>\n<\/tr>\n<tr style=\"height: 25px;\">\n<td style=\"width: 50%; border-style: none; vertical-align: top; height: 25px;\">39 Wafthrudnir:<br \/>\nIn Wanenheim<br \/>\nschufen ihn weise Rater<br \/>\nals Geisel f\u00fcrs G\u00f6tterreich:<br \/>\nbeim Weltende<br \/>\nwird er wiederkehren<br \/>\nzu den weisen Wanen einst.<\/td>\n<td style=\"width: 50%; border-style: none; vertical-align: top; height: 25px;\">40 Odin:<br \/>\nSage mir zum elften,<br \/>\nwer in Odins Hof<br \/>\nk\u00e4mpft Tag f\u00fcr Tag;<br \/>\nsie kiesen die Wal,<br \/>\nreiten vom Kampfe heim,<br \/>\nsitzen beisammen vers\u00f6hnt.<\/td>\n<\/tr>\n<tr style=\"height: 25px;\">\n<td style=\"width: 50%; border-style: none; vertical-align: top; height: 25px;\">41 Wafthrudnir:<br \/>\nAlle Einherjer<br \/>\nin Odins Hof<br \/>\nk\u00e4mpfen Tag f\u00fcr Tag;<br \/>\nsie kiesen die Wal,<br \/>\nreiten vom Kampfe heim,<br \/>\nsitzen beisammen vers\u00f6hnt.<\/td>\n<td style=\"width: 50%; border-style: none; vertical-align: top; height: 25px;\">42 Odin:<br \/>\nSage mir zum zw\u00f6lften,<br \/>\nwoher die Zukunft der G\u00f6tter<br \/>\ndu, Wafthrudnir, wei\u00dft!<br \/>\nDer Rater und Riesen<br \/>\nRunenkunde<br \/>\nweisest du f\u00fcrwahr,<br \/>\nratkluger Riesengreis!<\/td>\n<\/tr>\n<tr style=\"height: 25px;\">\n<td style=\"width: 50%; border-style: none; vertical-align: top; height: 25px;\">43 Wafthrudnir:<br \/>\nDer Rater und Riesen<br \/>\nRunenkunde<br \/>\nkann ich weisen f\u00fcrwahr,<br \/>\nda ich alle Welten durchwallt;<br \/>\nzog zu neun Heimen<br \/>\nbis Nifelhel nieder,<br \/>\nwo der Gestorbnen St\u00e4tte ist.<\/td>\n<td style=\"width: 50%; border-style: none; vertical-align: top; height: 25px;\">44 Odin:<br \/>\nViel fuhr ich,<br \/>\nviel erforschte ich,<br \/>\nviel befragt ich Erfahrene:<br \/>\nwer lebt von den Menschen,<br \/>\nwenn der m\u00e4chtige Winter<br \/>\nauf Erden enden wird?<\/td>\n<\/tr>\n<tr style=\"height: 25px;\">\n<td style=\"width: 50%; border-style: none; vertical-align: top; height: 25px;\">45 Wafthrudnir:<br \/>\nLif und Lifthrasir,<br \/>\nihr Leben bergen sie<br \/>\nim Holze Hoddmimirs;<br \/>\nMorgentau<br \/>\nwird ihr Mahl dort sein,<br \/>\nsie pflanzen die V\u00f6lker fort.<\/td>\n<td style=\"width: 50%; border-style: none; vertical-align: top; height: 25px;\">46 Odin:<br \/>\nViel fuhr ich,<br \/>\nviel erforschte ich,<br \/>\nviel befragt ich Erfahrene:<br \/>\nwie kommt eine Sonne<br \/>\nan den klaren Himmel,<br \/>\nwenn diese Fenrir erfa\u00dft?<\/td>\n<\/tr>\n<tr style=\"height: 25px;\">\n<td style=\"width: 50%; border-style: none; vertical-align: top; height: 25px;\">47 Wafthrudnir:<br \/>\nEine Tochter<br \/>\nhat die Tagesleuchte,<br \/>\neh sie Fenrir erfa\u00dft;<br \/>\nreiten soll sie,<br \/>\nwenn die Rater sterben,<br \/>\nder Mutter Bahn, die Maid.<\/td>\n<td style=\"width: 50%; border-style: none; vertical-align: top; height: 25px;\">48 Odin:<br \/>\nViel fuhr ich,<br \/>\nviel erforschte ich,<br \/>\nviel befragt ich Erfahrene:<br \/>\nwer sind die M\u00e4dchen,<br \/>\ndie \u00fcbers Meer schweben &#8211;<br \/>\nvoll Weisheit wandern sie?<\/td>\n<\/tr>\n<tr style=\"height: 25px;\">\n<td style=\"width: 50%; border-style: none; vertical-align: top; height: 25px;\">49 Wafthrudnir:<br \/>\nDrei starke Str\u00f6me<br \/>\nst\u00fcrzen \u00fcbern Hof<br \/>\nder M\u00e4dchen M\u00f6gthrasirs;<br \/>\nSchutzgeister sind sie<br \/>\ndem Geschlecht der Menschen,<br \/>\nwohnend in der Riesen Reich.<\/td>\n<td style=\"width: 50%; border-style: none; vertical-align: top; height: 25px;\">50 Odin:<br \/>\nViel fuhr ich,<br \/>\nviel erforschte ich,<br \/>\nviel befragt ich Erfahrene:<br \/>\nwer soll herrschen<br \/>\nin den Heimen der Asen,<br \/>\nwenn Surts Lohe erlosch?<\/td>\n<\/tr>\n<tr style=\"height: 25px;\">\n<td style=\"width: 50%; border-style: none; vertical-align: top; height: 25px;\">51 Wafthrudnir:<br \/>\nWidar und Wali<br \/>\nsollen im Weihtum hausen,<br \/>\nwenn Surts Lohe erlosch;<br \/>\nModi und Magni<br \/>\nsollen Mj\u00f6llnir f\u00fchren<br \/>\nnach dem Tode Thors.<\/td>\n<td style=\"width: 50%; border-style: none; vertical-align: top; height: 25px;\">52 Odin:<br \/>\nViel fuhr ich,<br \/>\nviel erforschte ich,<br \/>\nviel befragt ich Erfahrene:<br \/>\nwer wird Odin<br \/>\ndas Ende bringen,<br \/>\nwenn die G\u00f6tter vergehn?<\/td>\n<\/tr>\n<tr style=\"height: 25px;\">\n<td style=\"width: 50%; border-style: none; vertical-align: top; height: 25px;\">53 Wafthrudnir:<br \/>\nWalvater wird<br \/>\nder Wolf verschlingen;<br \/>\nihn r\u00e4cht Widar am Wolf:<br \/>\nden grimmen Rachen<br \/>\nsoll zerrei\u00dfen er<br \/>\nzum Ende dem Unget\u00fcm.<\/td>\n<td style=\"width: 50%; border-style: none; vertical-align: top; height: 25px;\">54 Odin:<br \/>\nViel fuhr ich,<br \/>\nviel erforschte ich,<br \/>\nviel befragt ich Erfahrene:<br \/>\nwas sagte Odin<br \/>\ndem Sohn ins Ohr,<br \/>\neh man auf den Holzsto\u00df ihn<br \/>\nhob?<\/td>\n<\/tr>\n<tr style=\"height: 25px;\">\n<td style=\"width: 50%; border-style: none; vertical-align: top; height: 25px;\">55 Wafthrudnir:<br \/>\nNicht einer wei\u00df,<br \/>\nwas in alten Tagen<br \/>\ndeinem Sohn du gesagt!<br \/>\nVerfallen dem Tod,<br \/>\nerz\u00e4hlte ich Vorzeitkunde<br \/>\nund von der Asen Untergang!<br \/>\nMit Odin ma\u00df ich<br \/>\nmein Allwissen:<br \/>\ndu bleibst der Wesen Weisester!<\/td>\n<td style=\"width: 50%; border-style: none; vertical-align: top; height: 25px;\"><\/td>\n<\/tr>\n<\/tbody>\n<\/table>\n<h6>Die Genzmer&#8217;sche \u00dcbersetzung stammt aus Die Edda: G\u00f6tterdichtung, Spruchweisheit und Heldenges\u00e4nge der Gemanen, Diederichs Verlag, M\u00fcnchen, 1992<\/h6>\n","protected":false},"excerpt":{"rendered":"<p>V a f th r u d n i s m \u00e0 l Das Wafthrudnirlied Auch dieses Lied ist eine reich str\u00f6mende Quelle nordischer Mythenkunde. Erg\u00e4nzt es so der Seherin Gesicht, so ist doch sein Weltbild ein etwas anderes, mehr volkst\u00fcmliches. Der Tau tr\u00e4uft hier nicht von der Weltesche, sondern vom Maule eines n\u00e4chtlichen Himmelsro\u00dfes. &hellip; <\/p>\n<p class=\"link-more\"><a href=\"https:\/\/shop.mittgard.de\/?page_id=5050\" class=\"more-link\"><span class=\"screen-reader-text\">\u201eVafthrudnismal &#8230; Das Wafthrudnirlied\u201c <\/span>weiterlesen<\/a><\/p>\n","protected":false},"author":2,"featured_media":0,"parent":5025,"menu_order":0,"comment_status":"closed","ping_status":"closed","template":"","meta":{"footnotes":""},"class_list":["post-5050","page","type-page","status-publish","hentry"],"_links":{"self":[{"href":"https:\/\/shop.mittgard.de\/index.php?rest_route=\/wp\/v2\/pages\/5050","targetHints":{"allow":["GET"]}}],"collection":[{"href":"https:\/\/shop.mittgard.de\/index.php?rest_route=\/wp\/v2\/pages"}],"about":[{"href":"https:\/\/shop.mittgard.de\/index.php?rest_route=\/wp\/v2\/types\/page"}],"author":[{"embeddable":true,"href":"https:\/\/shop.mittgard.de\/index.php?rest_route=\/wp\/v2\/users\/2"}],"replies":[{"embeddable":true,"href":"https:\/\/shop.mittgard.de\/index.php?rest_route=%2Fwp%2Fv2%2Fcomments&post=5050"}],"version-history":[{"count":2,"href":"https:\/\/shop.mittgard.de\/index.php?rest_route=\/wp\/v2\/pages\/5050\/revisions"}],"predecessor-version":[{"id":5052,"href":"https:\/\/shop.mittgard.de\/index.php?rest_route=\/wp\/v2\/pages\/5050\/revisions\/5052"}],"up":[{"embeddable":true,"href":"https:\/\/shop.mittgard.de\/index.php?rest_route=\/wp\/v2\/pages\/5025"}],"wp:attachment":[{"href":"https:\/\/shop.mittgard.de\/index.php?rest_route=%2Fwp%2Fv2%2Fmedia&parent=5050"}],"curies":[{"name":"wp","href":"https:\/\/api.w.org\/{rel}","templated":true}]}}