{"id":5087,"date":"2018-11-03T16:54:09","date_gmt":"2018-11-03T15:54:09","guid":{"rendered":"http:\/\/shop.mittgard.de\/?page_id=5087"},"modified":"2018-11-03T16:54:09","modified_gmt":"2018-11-03T15:54:09","slug":"odins-rabenzauber","status":"publish","type":"page","link":"https:\/\/shop.mittgard.de\/?page_id=5087","title":{"rendered":"Odins Rabenzauber"},"content":{"rendered":"<h1>Hrafnagaldr \u00d4dhins<\/h1>\n<h2>Odins Rabenzauber<\/h2>\n<table class=\"alignleft\" style=\"width: 100%; border-collapse: collapse; border-style: none;\" border=\"1\">\n<tbody>\n<tr>\n<td style=\"width: 50%; border-style: none; text-align: left; vertical-align: top;\"><span style=\"font-size: 10pt;\">1<\/span><br \/>\n<span style=\"font-size: 10pt;\">Allvater waltet, Alfen verstehn,<\/span><br \/>\n<span style=\"font-size: 10pt;\">Wanen wissen, Nornen weisen,<\/span><br \/>\n<span style=\"font-size: 10pt;\">Iwidie<sup>(1)<\/sup> n\u00e4hrt, Menschen dulden,<\/span><br \/>\n<span style=\"font-size: 10pt;\">Thursen erwarten, Walk\u00fcren trachten.<\/span><\/td>\n<td style=\"width: 50%; border-style: none; text-align: left; vertical-align: top;\"><span style=\"font-size: 10pt;\">2<\/span><br \/>\n<span style=\"font-size: 10pt;\">Die Asen ahnten \u00fcbles Verh\u00e4ngnis,<\/span><br \/>\n<span style=\"font-size: 10pt;\">Verwirrt vom widrigen Winken der Seherin.<\/span><br \/>\n<span style=\"font-size: 10pt;\">Urda sollte Odhr\u00e4rir<sup>(2)<\/sup> bewachen,<\/span><br \/>\n<span style=\"font-size: 10pt;\">Wenn sie w\u00fc\u00dfte so gro\u00dfen Schaden zu wehren.<\/span><\/td>\n<\/tr>\n<tr>\n<td style=\"width: 50%; border-style: none; text-align: left; vertical-align: top;\"><span style=\"font-size: 10pt;\">3<\/span><br \/>\n<span style=\"font-size: 10pt;\">Auf hub sich Hugin den Himmel zu suchen;<\/span><br \/>\n<span style=\"font-size: 10pt;\">Unheil f\u00fcrchteten die Asen, verweil er.<\/span><br \/>\n<span style=\"font-size: 10pt;\">Thrains Ausspruch ist schwerer Traum,<\/span><br \/>\n<span style=\"font-size: 10pt;\">Dunkler Traum ist Dain<sup>(3)<\/sup> Ausspruch.<\/span><\/td>\n<td style=\"width: 50%; border-style: none; text-align: left; vertical-align: top;\"><span style=\"font-size: 10pt;\">4<\/span><br \/>\n<span style=\"font-size: 10pt;\">Den Zwergen schwindet die St\u00e4rke. Die Himmel<\/span><br \/>\n<span style=\"font-size: 10pt;\">Neigen sich nieder zu Ginnungs<sup>(4)<\/sup> N\u00e4he.<\/span><br \/>\n<span style=\"font-size: 10pt;\">Alswidr l\u00e4\u00dft oftmals sie sinken,<\/span><br \/>\n<span style=\"font-size: 10pt;\">Oft die sinkenden hebt er aber empor.<\/span><\/td>\n<\/tr>\n<tr>\n<td style=\"width: 50%; border-style: none; text-align: left; vertical-align: top;\"><span style=\"font-size: 10pt;\">5<\/span><br \/>\n<span style=\"font-size: 10pt;\">Nirgends haftet Sonne noch Erde,<\/span><br \/>\n<span style=\"font-size: 10pt;\">Es schwanken und st\u00fcrzen die Str\u00f6me der Luft.<\/span><br \/>\n<span style=\"font-size: 10pt;\">In Mimirs klarer Quelle versiecht<\/span><br \/>\n<span style=\"font-size: 10pt;\">Die Weisheit der M\u00e4nner. Wi\u00dft ihr was das bedeutet?<\/span><\/td>\n<td style=\"width: 50%; border-style: none; text-align: left; vertical-align: top;\"><span style=\"font-size: 10pt;\">6<\/span><br \/>\n<span style=\"font-size: 10pt;\">Im Tale weilt die vorwissende G\u00f6ttin<\/span><br \/>\n<span style=\"font-size: 10pt;\">Hinab von Yggdrasils Esche gesunken,<\/span><br \/>\n<span style=\"font-size: 10pt;\">Alfengeschlechtern Idun<sup>(5)<\/sup> genannt,<\/span><br \/>\n<span style=\"font-size: 10pt;\">Die J\u00fcngste von Iwalts \u00e4ltern Kindern.<\/span><\/td>\n<\/tr>\n<tr>\n<td style=\"width: 50%; border-style: none; text-align: left; vertical-align: top;\"><span style=\"font-size: 10pt;\">7<\/span><br \/>\n<span style=\"font-size: 10pt;\">Schwer tr\u00e4gt sie dies Niedersinken<\/span><br \/>\n<span style=\"font-size: 10pt;\">Unter des Laubbaums Stamm gebannt.<\/span><br \/>\n<span style=\"font-size: 10pt;\">Nicht behagt es ihr bei N\u00f6rwis Tochter<sup>(6)<\/sup>,<\/span><br \/>\n<span style=\"font-size: 10pt;\">An heitere Wohnung gew\u00f6hnt so lange.<\/span><\/td>\n<td style=\"width: 50%; border-style: none; text-align: left; vertical-align: top;\"><span style=\"font-size: 10pt;\">8<\/span><br \/>\n<span style=\"font-size: 10pt;\">Die Siegg\u00f6tter sehen die Sorge Nannas<sup>(7)<\/sup><\/span><br \/>\n<span style=\"font-size: 10pt;\">Um die niedre Wohnung: sie geben ihr ein Wolfsfell.<\/span><br \/>\n<span style=\"font-size: 10pt;\">Damit bekleidet verkehrt sie den Sinn,<\/span><br \/>\n<span style=\"font-size: 10pt;\">Freut sich der Auskunft, erneut die Farbe.<\/span><\/td>\n<\/tr>\n<tr>\n<td style=\"width: 50%; border-style: none; text-align: left; vertical-align: top;\"><span style=\"font-size: 10pt;\">9<\/span><br \/>\n<span style=\"font-size: 10pt;\">W\u00e4hlte Widrir<sup>(8)<\/sup> den W\u00e4chter der Br\u00fccke,<\/span><br \/>\n<span style=\"font-size: 10pt;\">Den Giallerert\u00f6ner<sup>(9)<\/sup> die G\u00f6ttin zu fragen<\/span><br \/>\n<span style=\"font-size: 10pt;\">Was sie wisse von den Weltgeschicken.<\/span><br \/>\n<span style=\"font-size: 10pt;\">Ihn geleiten Loptr<sup>(10)<\/sup> und Bragi.<\/span><\/td>\n<td style=\"width: 50%; border-style: none; text-align: left; vertical-align: top;\"><span style=\"font-size: 10pt;\">10<\/span><br \/>\n<span style=\"font-size: 10pt;\">Weihlieder sangen, auf W\u00f6lfen ritten<\/span><br \/>\n<span style=\"font-size: 10pt;\">Die Herrscher und H\u00fcter der Himmelswelt.<\/span><br \/>\n<span style=\"font-size: 10pt;\">Odhin sp\u00e4hte von Hlidskialfs Sitz<\/span><br \/>\n<span style=\"font-size: 10pt;\">Und wandte weit hinweg die Zeugen.<\/span><\/td>\n<\/tr>\n<tr>\n<td style=\"width: 50%; border-style: none; text-align: left; vertical-align: top;\"><span style=\"font-size: 10pt;\">11<\/span><br \/>\n<span style=\"font-size: 10pt;\">Der Weise fragte die W\u00e4chterin des Tranks,<\/span><br \/>\n<span style=\"font-size: 10pt;\">Ob von den Asen und ihren Geschicken<\/span><br \/>\n<span style=\"font-size: 10pt;\">Unten im Hause der Hel sie w\u00fc\u00dften<\/span><br \/>\n<span style=\"font-size: 10pt;\">Anfang und Dauer und endlichen Tod.<\/span><\/td>\n<td style=\"width: 50%; border-style: none; text-align: left; vertical-align: top;\"><span style=\"font-size: 10pt;\">12<\/span><br \/>\n<span style=\"font-size: 10pt;\">Sie mochte nicht reden, nicht melden konnte sies:<\/span><br \/>\n<span style=\"font-size: 10pt;\">Wie begierig sie fragten, sie gab keinen Laut.<\/span><br \/>\n<span style=\"font-size: 10pt;\">Z\u00e4hren schossen aus den Spiegeln des Haupts,<\/span><br \/>\n<span style=\"font-size: 10pt;\">M\u00fchsam verhehlt, und netzten die H\u00e4nde.<\/span><\/td>\n<\/tr>\n<tr>\n<td style=\"width: 50%; border-style: none; text-align: left; vertical-align: top;\"><span style=\"font-size: 10pt;\">13<\/span><br \/>\n<span style=\"font-size: 10pt;\">Wie schlafbet\u00e4ubt erschien den G\u00f6ttern<\/span><br \/>\n<span style=\"font-size: 10pt;\">Die Harmvolle, die des Worts sich enthielt.<\/span><br \/>\n<span style=\"font-size: 10pt;\">Je mehr sie sich weigerte, je mehr sie dr\u00e4ngten;<\/span><br \/>\n<span style=\"font-size: 10pt;\">Doch mit allem Forschen erfragten sie nichts.<\/span><\/td>\n<td style=\"width: 50%; border-style: none; text-align: left; vertical-align: top;\"><span style=\"font-size: 10pt;\">14<\/span><br \/>\n<span style=\"font-size: 10pt;\">Da fuhr hinweg der Vormann der Botschaft,<\/span><br \/>\n<span style=\"font-size: 10pt;\">Der H\u00fcter von Herians gellendem Horn.<\/span><br \/>\n<span style=\"font-size: 10pt;\">Den Sohn der Nal<sup>(11)<\/sup> nahm er zum Begleiter;<\/span><br \/>\n<span style=\"font-size: 10pt;\">Als W\u00e4chter der Sch\u00f6nen blieb Odhins Skalde<sup>(12)<\/sup>.<\/span><\/td>\n<\/tr>\n<tr>\n<td style=\"width: 50%; border-style: none; text-align: left; vertical-align: top;\"><span style=\"font-size: 10pt;\">15<\/span><br \/>\n<span style=\"font-size: 10pt;\">Gen Wingolf(<sup>13)<\/sup> kehrten Widrirs Gesandte,<\/span><br \/>\n<span style=\"font-size: 10pt;\">Beide von Forniots Freunden<sup>(14)<\/sup> getragen.<\/span><br \/>\n<span style=\"font-size: 10pt;\">Eintraten sie itzt und gr\u00fc\u00dften die Asen,<\/span><br \/>\n<span style=\"font-size: 10pt;\">Yggrs Gef\u00e4hrten beim fr\u00f6hlichen Mahl.<\/span><\/td>\n<td style=\"width: 50%; border-style: none; text-align: left; vertical-align: top;\"><span style=\"font-size: 10pt;\">16<\/span><br \/>\n<span style=\"font-size: 10pt;\">Sie w\u00fcnschten dem Odhin, dem seligsten Asen,<\/span><br \/>\n<span style=\"font-size: 10pt;\">lang auf dem Hochsitz der Lande zu walten;<\/span><br \/>\n<span style=\"font-size: 10pt;\">Den G\u00f6ttern, bei Gastmal vergn\u00fcgt sich zu reihen,<\/span><br \/>\n<span style=\"font-size: 10pt;\">Bei Allvater ewiger Ehren genie\u00dfend.<\/span><\/td>\n<\/tr>\n<tr>\n<td style=\"width: 50%; border-style: none; text-align: left; vertical-align: top;\"><span style=\"font-size: 10pt;\">17<\/span><br \/>\n<span style=\"font-size: 10pt;\">Nach B\u00f6lwerks<sup>(15)<\/sup> Gebot auf die B\u00e4nke verteilt,<\/span><br \/>\n<span style=\"font-size: 10pt;\">Von S\u00e4hrimnir speisend sa\u00dfen die G\u00f6tter.<\/span><br \/>\n<span style=\"font-size: 10pt;\">Sk\u00f6gul schenkte in Hnikars Schalen<sup>(16)<\/sup><\/span><br \/>\n<span style=\"font-size: 10pt;\">Den Met und ma\u00df ihn aus Mimirs Horn.<\/span><\/td>\n<td style=\"width: 50%; border-style: none; text-align: left; vertical-align: top;\"><span style=\"font-size: 10pt;\">18<\/span><br \/>\n<span style=\"font-size: 10pt;\">Mancherlei fragten sie \u00fcber dem Mahle<\/span><br \/>\n<span style=\"font-size: 10pt;\">Den Heimdal die G\u00f6tter, die G\u00f6ttinen Loki,<\/span><br \/>\n<span style=\"font-size: 10pt;\">ob Spruch und Sp\u00e4hung gespendet die Jungfrau &#8211;<\/span><br \/>\n<span style=\"font-size: 10pt;\">Bis Dunkel am Abend den Himmel deckte.<\/span><\/td>\n<\/tr>\n<tr>\n<td style=\"width: 50%; border-style: none; text-align: left; vertical-align: top;\"><span style=\"font-size: 10pt;\">19<\/span><br \/>\n<span style=\"font-size: 10pt;\">\u00dcbel, sagten sie, sei es ergangen,<\/span><br \/>\n<span style=\"font-size: 10pt;\">Erfolglos die Werbung, und wenig erforscht.<\/span><br \/>\n<span style=\"font-size: 10pt;\">Nur mit List gewinnen lie\u00dfe der Rat sich<\/span><br \/>\n<span style=\"font-size: 10pt;\">Da\u00df ihnen die G\u00f6ttliche Auskunft g\u00e4be.<\/span><\/td>\n<td style=\"width: 50%; border-style: none; text-align: left; vertical-align: top;\"><span style=\"font-size: 10pt;\">20<\/span><br \/>\n<span style=\"font-size: 10pt;\">Antwort gab Omi<sup>(17)<\/sup>, sie Alle h\u00f6rten es:<\/span><br \/>\n<span style=\"font-size: 10pt;\">&#8222;Die Nacht ist zu n\u00fctzen zu neuem Entschlu\u00df.<\/span><br \/>\n<span style=\"font-size: 10pt;\">Bis Morgen bedenke wer es vermag<\/span><br \/>\n<span style=\"font-size: 10pt;\">Gl\u00fccklichen Rat den G\u00f6ttern zu finden.&#8220;<\/span><\/td>\n<\/tr>\n<tr>\n<td style=\"width: 50%; border-style: none; text-align: left; vertical-align: top;\"><span style=\"font-size: 10pt;\">21<\/span><br \/>\n<span style=\"font-size: 10pt;\">\u00dcber die Wege von Wallis<sup>(18)<\/sup> Mutter<\/span><br \/>\n<span style=\"font-size: 10pt;\">Nieder sank die Nahrung Fenrirs<sup>(19)<\/sup>.<\/span><br \/>\n<span style=\"font-size: 10pt;\">Vom Gastmal schieden die G\u00f6tter entlassend<\/span><br \/>\n<span style=\"font-size: 10pt;\">Hroptr<sup>(20)<\/sup> und Frigg, als Hrimfai auffuhr.<\/span><\/td>\n<td style=\"width: 50%; border-style: none; text-align: left; vertical-align: top;\"><span style=\"font-size: 10pt;\">22<\/span><br \/>\n<span style=\"font-size: 10pt;\">Da hebt sich von Osten aus den Eliwagar<\/span><br \/>\n<span style=\"font-size: 10pt;\">des reifkalten Riesen<sup>(21)<\/sup> dornige Rute,<\/span><br \/>\n<span style=\"font-size: 10pt;\">mit der er in den Schlaf die V\u00f6lker schl\u00e4gt,<\/span><br \/>\n<span style=\"font-size: 10pt;\">die Midgard bewohnen, vor Mitternacht.<\/span><\/td>\n<\/tr>\n<tr>\n<td style=\"width: 50%; border-style: none; text-align: left; vertical-align: top;\"><span style=\"font-size: 10pt;\">23<\/span><br \/>\n<span style=\"font-size: 10pt;\">Die Kr\u00e4fte ermatten, erm\u00fcden die Arme,<\/span><br \/>\n<span style=\"font-size: 10pt;\">Schwindelnd wankt der wei\u00dfe Schwertgott<sup>(22)<\/sup>.<\/span><br \/>\n<span style=\"font-size: 10pt;\">Ohnmacht bef\u00e4llt sie in der eisigen Nachtluft,<\/span><br \/>\n<span style=\"font-size: 10pt;\">die Sinne schwanken der ganzen Versammlung.<\/span><\/td>\n<td style=\"width: 50%; border-style: none; text-align: left; vertical-align: top;\"><span style=\"font-size: 10pt;\">24<\/span><br \/>\n<span style=\"font-size: 10pt;\">Da trieb aus dem Tore wieder der Tag<\/span><br \/>\n<span style=\"font-size: 10pt;\">Sein sch\u00f6n mit Gestein geschm\u00fccktes Ro\u00df;<\/span><br \/>\n<span style=\"font-size: 10pt;\">weit \u00fcber Mannheim gl\u00e4nzte die M\u00e4hne:<\/span><br \/>\n<span style=\"font-size: 10pt;\">Des Zwergs \u00dcberlisterin<sup>(23)<\/sup> zog es im Wagen.<\/span><\/td>\n<\/tr>\n<tr>\n<td style=\"width: 50%; border-style: none; text-align: left; vertical-align: top;\"><span style=\"font-size: 10pt;\">25<\/span><br \/>\n<span style=\"font-size: 10pt;\">Am n\u00f6rdlichen Rand der n\u00e4hrenden Erde<\/span><br \/>\n<span style=\"font-size: 10pt;\">Unter des Urbaums \u00e4u\u00dferste Wurzeln<\/span><br \/>\n<span style=\"font-size: 10pt;\">Gingen zur Ruhe Gygien und Thursen<sup>(24)<\/sup>.<\/span><br \/>\n<span style=\"font-size: 10pt;\">Gespenster Zwergen und Schwarzalfen.<\/span><\/td>\n<td style=\"width: 50%; border-style: none; text-align: left; vertical-align: top;\"><span style=\"font-size: 10pt;\">26<\/span><br \/>\n<span style=\"font-size: 10pt;\">Auf standen die Herrscher und die Alfenbestrahlerin<sup>(25)<\/sup>.<\/span><br \/>\n<span style=\"font-size: 10pt;\">Die Nacht sank n\u00f6rdlich gen Nifelheim.<\/span><br \/>\n<span style=\"font-size: 10pt;\">Ulfrunas<sup>(26)<\/sup> Sohn stieg Argi\u00f6l<sup>(27)<\/sup> hinan,<\/span><br \/>\n<span style=\"font-size: 10pt;\">Der Hornbl\u00e4ser, zu den Himmelsbergen.<\/span><\/td>\n<\/tr>\n<\/tbody>\n<\/table>\n<h3>Anmerkungen<\/h3>\n<table style=\"width: 100%; border-collapse: collapse; border-style: none;\" border=\"1\">\n<tbody>\n<tr>\n<td style=\"width: 5.51724%; border-style: none; text-align: left; vertical-align: top;\"><span style=\"font-size: 10pt;\">1<\/span><\/td>\n<td style=\"width: 94.4828%; border-style: none; text-align: left; vertical-align: top;\"><span style=\"font-size: 10pt;\">Iwiedie, Waldgeister<\/span><\/td>\n<\/tr>\n<tr>\n<td style=\"width: 5.51724%; border-style: none; text-align: left; vertical-align: top;\"><span style=\"font-size: 10pt;\">2<\/span><\/td>\n<td style=\"width: 94.4828%; border-style: none; text-align: left; vertical-align: top;\"><span style=\"font-size: 10pt;\">\u00d6dhr\u00f6rir (Geistanreger), g\u00f6ttlicher Met, Unsterblichkeitstrank; wird von der Norne Urd bewahrt<\/span><\/td>\n<\/tr>\n<tr>\n<td style=\"width: 5.51724%; border-style: none; text-align: left; vertical-align: top;\"><span style=\"font-size: 10pt;\">3<\/span><\/td>\n<td style=\"width: 94.4828%; border-style: none; text-align: left; vertical-align: top;\"><span style=\"font-size: 10pt;\">Dain und Thrain, Zwerge (vgl. V\u00f6lupsa, Strophen 11 und 12)<\/span><\/td>\n<\/tr>\n<tr>\n<td style=\"width: 5.51724%; border-style: none; text-align: left; vertical-align: top;\"><span style=\"font-size: 10pt;\">4<\/span><\/td>\n<td style=\"width: 94.4828%; border-style: none; text-align: left; vertical-align: top;\"><span style=\"font-size: 10pt;\">Ginnung, Ginnungagap, die Leere, Urzustand<\/span><\/td>\n<\/tr>\n<tr>\n<td style=\"width: 5.51724%; border-style: none; text-align: left; vertical-align: top;\"><span style=\"font-size: 10pt;\">5<\/span><\/td>\n<td style=\"width: 94.4828%; border-style: none; text-align: left; vertical-align: top;\"><span style=\"font-size: 10pt;\"> Idun, Tochter des Zwergs Iwalt; symbolisiert die Vegetation und verwahrt die goldenen \u00c4pfel (Lebensspeise der G\u00f6tter). Hier verschmilzt sie mit Urd, die den Lebenstrank bewahrt.<\/span><\/td>\n<\/tr>\n<tr>\n<td style=\"width: 5.51724%; border-style: none; text-align: left; vertical-align: top;\"><span style=\"font-size: 10pt;\">6<\/span><\/td>\n<td style=\"width: 94.4828%; border-style: none; text-align: left; vertical-align: top;\"><span style=\"font-size: 10pt;\"> N\u00f6rwis Tochter, die Nacht<\/span><\/td>\n<\/tr>\n<tr>\n<td style=\"width: 5.51724%; border-style: none; text-align: left; vertical-align: top;\"><span style=\"font-size: 10pt;\">7<\/span><\/td>\n<td style=\"width: 94.4828%; border-style: none; text-align: left; vertical-align: top;\"><span style=\"font-size: 10pt;\">Nanna, Baldurs Frau, Bl\u00fcteng\u00f6ttin; hier als Synonym f\u00fcr Idun<\/span><\/td>\n<\/tr>\n<tr>\n<td style=\"width: 5.51724%; border-style: none; text-align: left; vertical-align: top;\"><span style=\"font-size: 10pt;\">8<\/span><\/td>\n<td style=\"width: 94.4828%; border-style: none; text-align: left; vertical-align: top;\"><span style=\"font-size: 10pt;\">Widrir, Odin<\/span><\/td>\n<\/tr>\n<tr>\n<td style=\"width: 5.51724%; border-style: none; text-align: left; vertical-align: top;\"><span style=\"font-size: 10pt;\">9<\/span><\/td>\n<td style=\"width: 94.4828%; border-style: none; text-align: left; vertical-align: top;\"><span style=\"font-size: 10pt;\">Giallarert\u00f6ner, Heimdall<\/span><\/td>\n<\/tr>\n<tr>\n<td style=\"width: 5.51724%; border-style: none; text-align: left; vertical-align: top;\"><span style=\"font-size: 10pt;\">10<\/span><\/td>\n<td style=\"width: 94.4828%; border-style: none; text-align: left; vertical-align: top;\"><span style=\"font-size: 10pt;\">Loptr, Loki<\/span><\/td>\n<\/tr>\n<tr>\n<td style=\"width: 5.51724%; border-style: none; text-align: left; vertical-align: top;\"><span style=\"font-size: 10pt;\">11<\/span><\/td>\n<td style=\"width: 94.4828%; border-style: none; text-align: left; vertical-align: top;\"><span style=\"font-size: 10pt;\">Nal, Lokis Mutter, auch Laufey<\/span><\/td>\n<\/tr>\n<tr>\n<td style=\"width: 5.51724%; border-style: none; text-align: left; vertical-align: top;\"><span style=\"font-size: 10pt;\">12<\/span><\/td>\n<td style=\"width: 94.4828%; border-style: none; text-align: left; vertical-align: top;\"><span style=\"font-size: 10pt;\">Skalde, Bragi<\/span><\/td>\n<\/tr>\n<tr>\n<td style=\"width: 5.51724%; border-style: none; text-align: left; vertical-align: top;\"><span style=\"font-size: 10pt;\">13<\/span><\/td>\n<td style=\"width: 94.4828%; border-style: none; text-align: left; vertical-align: top;\"><span style=\"font-size: 10pt;\">Wingolf, Sitz der G\u00f6tinnen<\/span><\/td>\n<\/tr>\n<tr>\n<td style=\"width: 5.51724%; border-style: none; text-align: left; vertical-align: top;\"><span style=\"font-size: 10pt;\">14<\/span><\/td>\n<td style=\"width: 94.4828%; border-style: none; text-align: left; vertical-align: top;\"><span style=\"font-size: 10pt;\">Horniots Freunde, die Elemente Wasser, Feuer Luft<\/span><\/td>\n<\/tr>\n<tr>\n<td style=\"width: 5.51724%; border-style: none; text-align: left; vertical-align: top;\"><span style=\"font-size: 10pt;\">15<\/span><\/td>\n<td style=\"width: 94.4828%; border-style: none; text-align: left; vertical-align: top;\"><span style=\"font-size: 10pt;\">B\u00f6lwerk, Odin<\/span><\/td>\n<\/tr>\n<tr>\n<td style=\"width: 5.51724%; border-style: none; text-align: left; vertical-align: top;\"><span style=\"font-size: 10pt;\">16<\/span><\/td>\n<td style=\"width: 94.4828%; border-style: none; text-align: left; vertical-align: top;\"><span style=\"font-size: 10pt;\">Hnikars Schalen, Odins Trinkgef\u00e4\u00dfe, in denen die Walk\u00fcre Sk\u00f6gul Met ausschenkt<\/span><\/td>\n<\/tr>\n<tr>\n<td style=\"width: 5.51724%; border-style: none; text-align: left; vertical-align: top;\"><span style=\"font-size: 10pt;\">17<\/span><\/td>\n<td style=\"width: 94.4828%; border-style: none; text-align: left; vertical-align: top;\"><span style=\"font-size: 10pt;\">Omi, Odin<\/span><\/td>\n<\/tr>\n<tr>\n<td style=\"width: 5.51724%; border-style: none; text-align: left; vertical-align: top;\"><span style=\"font-size: 10pt;\">18<\/span><\/td>\n<td style=\"width: 94.4828%; border-style: none; text-align: left; vertical-align: top;\"><span style=\"font-size: 10pt;\">Wallis Mutter, Walis Mutter Rindr<\/span><\/td>\n<\/tr>\n<tr>\n<td style=\"width: 5.51724%; border-style: none; text-align: left; vertical-align: top;\"><span style=\"font-size: 10pt;\">19<\/span><\/td>\n<td style=\"width: 94.4828%; border-style: none; text-align: left; vertical-align: top;\"><span style=\"font-size: 10pt;\">Nahrung Fenrirs, der Mond<\/span><\/td>\n<\/tr>\n<tr>\n<td style=\"width: 5.51724%; border-style: none; text-align: left; vertical-align: top;\"><span style=\"font-size: 10pt;\">20<\/span><\/td>\n<td style=\"width: 94.4828%; border-style: none; text-align: left; vertical-align: top;\"><span style=\"font-size: 10pt;\">Hroptr, Odin<\/span><\/td>\n<\/tr>\n<tr>\n<td style=\"width: 5.51724%; border-style: none; text-align: left; vertical-align: top;\"><span style=\"font-size: 10pt;\">21<\/span><\/td>\n<td style=\"width: 94.4828%; border-style: none; text-align: left; vertical-align: top;\"><span style=\"font-size: 10pt;\">reifkalter Riese, N\u00f6rwi, der Vater der Nacht<\/span><\/td>\n<\/tr>\n<tr>\n<td style=\"width: 5.51724%; border-style: none; text-align: left; vertical-align: top;\"><span style=\"font-size: 10pt;\">22<\/span><\/td>\n<td style=\"width: 94.4828%; border-style: none; text-align: left; vertical-align: top;\"><span style=\"font-size: 10pt;\">der wei\u00dfe Schwertgott, Heimdall<\/span><\/td>\n<\/tr>\n<tr>\n<td style=\"width: 5.51724%; border-style: none; text-align: left; vertical-align: top;\"><span style=\"font-size: 10pt;\">23<\/span><\/td>\n<td style=\"width: 94.4828%; border-style: none; text-align: left; vertical-align: top;\"><span style=\"font-size: 10pt;\">des Zwergs \u00dcberlisterin, die Sonne, von deren Strahl die Zwerge erstarren<\/span><\/td>\n<\/tr>\n<tr>\n<td style=\"width: 5.51724%; border-style: none; text-align: left; vertical-align: top;\"><span style=\"font-size: 10pt;\">24<\/span><\/td>\n<td style=\"width: 94.4828%; border-style: none; text-align: left; vertical-align: top;\"><span style=\"font-size: 10pt;\">Gygien und Thursen, Riesen<\/span><\/td>\n<\/tr>\n<tr>\n<td style=\"width: 5.51724%; border-style: none; text-align: left; vertical-align: top;\"><span style=\"font-size: 10pt;\">25<\/span><\/td>\n<td style=\"width: 94.4828%; border-style: none; text-align: left; vertical-align: top;\"><span style=\"font-size: 10pt;\">Alfenbestrahlerin, die Sonne<\/span><\/td>\n<\/tr>\n<tr>\n<td style=\"width: 5.51724%; border-style: none; text-align: left; vertical-align: top;\"><span style=\"font-size: 10pt;\">26<\/span><\/td>\n<td style=\"width: 94.4828%; border-style: none; text-align: left; vertical-align: top;\"><span style=\"font-size: 10pt;\">Ulfruna, eine der neun M\u00fctter Heimdalls<\/span><\/td>\n<\/tr>\n<tr>\n<td style=\"width: 5.51724%; border-style: none; text-align: left; vertical-align: top;\"><span style=\"font-size: 10pt;\">27<\/span><\/td>\n<td style=\"width: 94.4828%; border-style: none; text-align: left; vertical-align: top;\"><span style=\"font-size: 10pt;\">Argi\u00f6l, Beiname der Himmelsbr\u00fccke Bifr\u00f6st<\/span><\/td>\n<\/tr>\n<\/tbody>\n<\/table>\n<h6>Nach der Handschrift des Brynjolfur Sveinsson in der \u00dcbertragung von Karl Simrock. Mein Dank f\u00fcr den digitalisierten Text geht an Andrea Peiritsch.<\/h6>\n","protected":false},"excerpt":{"rendered":"<p>Hrafnagaldr \u00d4dhins Odins Rabenzauber 1 Allvater waltet, Alfen verstehn, Wanen wissen, Nornen weisen, Iwidie(1) n\u00e4hrt, Menschen dulden, Thursen erwarten, Walk\u00fcren trachten. 2 Die Asen ahnten \u00fcbles Verh\u00e4ngnis, Verwirrt vom widrigen Winken der Seherin. Urda sollte Odhr\u00e4rir(2) bewachen, Wenn sie w\u00fc\u00dfte so gro\u00dfen Schaden zu wehren. 3 Auf hub sich Hugin den Himmel zu suchen; Unheil &hellip; <\/p>\n<p class=\"link-more\"><a href=\"https:\/\/shop.mittgard.de\/?page_id=5087\" class=\"more-link\"><span class=\"screen-reader-text\">\u201eOdins Rabenzauber\u201c <\/span>weiterlesen<\/a><\/p>\n","protected":false},"author":2,"featured_media":0,"parent":5025,"menu_order":0,"comment_status":"closed","ping_status":"closed","template":"","meta":{"footnotes":""},"class_list":["post-5087","page","type-page","status-publish","hentry"],"_links":{"self":[{"href":"https:\/\/shop.mittgard.de\/index.php?rest_route=\/wp\/v2\/pages\/5087","targetHints":{"allow":["GET"]}}],"collection":[{"href":"https:\/\/shop.mittgard.de\/index.php?rest_route=\/wp\/v2\/pages"}],"about":[{"href":"https:\/\/shop.mittgard.de\/index.php?rest_route=\/wp\/v2\/types\/page"}],"author":[{"embeddable":true,"href":"https:\/\/shop.mittgard.de\/index.php?rest_route=\/wp\/v2\/users\/2"}],"replies":[{"embeddable":true,"href":"https:\/\/shop.mittgard.de\/index.php?rest_route=%2Fwp%2Fv2%2Fcomments&post=5087"}],"version-history":[{"count":5,"href":"https:\/\/shop.mittgard.de\/index.php?rest_route=\/wp\/v2\/pages\/5087\/revisions"}],"predecessor-version":[{"id":5092,"href":"https:\/\/shop.mittgard.de\/index.php?rest_route=\/wp\/v2\/pages\/5087\/revisions\/5092"}],"up":[{"embeddable":true,"href":"https:\/\/shop.mittgard.de\/index.php?rest_route=\/wp\/v2\/pages\/5025"}],"wp:attachment":[{"href":"https:\/\/shop.mittgard.de\/index.php?rest_route=%2Fwp%2Fv2%2Fmedia&parent=5087"}],"curies":[{"name":"wp","href":"https:\/\/api.w.org\/{rel}","templated":true}]}}