{"id":5102,"date":"2018-11-05T16:48:26","date_gmt":"2018-11-05T15:48:26","guid":{"rendered":"http:\/\/shop.mittgard.de\/?page_id=5102"},"modified":"2018-11-05T16:48:26","modified_gmt":"2018-11-05T15:48:26","slug":"loddfafnirs-lied","status":"publish","type":"page","link":"https:\/\/shop.mittgard.de\/?page_id=5102","title":{"rendered":"Loddfafnir&#8217;s-Lied"},"content":{"rendered":"<h1 style=\"text-align: center;\">Loddfafnir&#8217;s-Lied<\/h1>\n<p style=\"text-align: center;\">Zeit ist&#8217;s zu reden vom Rednerstuhl.<br \/>\nAn dem Brunnen Urdas<br \/>\nSa\u00df ich und schwieg, sa\u00df ich und dachte<br \/>\nUnd merkte der M\u00e4nner Reden.<\/p>\n<p style=\"text-align: center;\">Von Runen h\u00f6rt ich reden und vom Ritzen der Schrift<br \/>\nUnd vernahm auch n\u00fctze Lehren.<br \/>\nBei des Hohen Halle, in des Hohen Halle<br \/>\nH\u00f6rt ich sagen so:<\/p>\n<p style=\"text-align: center;\">Dies rat ich, Loddfafnir, vernimm die Lehre,<br \/>\nWohl dir, wenn du sie merkst.<br \/>\nSteh nachts nicht auf, wenn die Not nicht dr\u00e4ngt,<br \/>\nDu w\u00e4rst denn zum W\u00e4chter geordnet.<\/p>\n<p style=\"text-align: center;\">Das rat ich, Loddfafnir, vernimm die Lehre,<br \/>\nWohl dir, wenn du sie merkst.<br \/>\nln der Zauberfrau Scho\u00df schlaf du nicht,<br \/>\nSo da\u00df ihre Glieder dich g\u00fcrten.<\/p>\n<p style=\"text-align: center;\">Sie bet\u00f6rt dich so, du entsinnst dich nicht mehr<br \/>\nDes Gerichts und der Rede der F\u00fcrsten,<br \/>\nGedenkst nicht des Mahls noch m\u00e4nnlicher Freuden,<br \/>\nSorgenvoll suchst du dein Lager.<\/p>\n<p style=\"text-align: center;\">Das rat ich, Loddfafnir, vernimm die Lehre,<br \/>\nWohl dir, wenn du sie merkst.<br \/>\nDes andern Frau verf\u00fchre du nicht.<br \/>\nZu heimlicher Zwiesprach.<\/p>\n<p style=\"text-align: center;\">Das rat ich, Loddfafnir, vernimm die Lehre,<br \/>\nWohl dir, wenn du sie merkst.<br \/>\n\u00dcber Furten und Felsen so du zu fahren hast,<br \/>\nSo sorge f\u00fcr reichliche Speise.<\/p>\n<p style=\"text-align: center;\">Dem \u00fcbeln Mann er\u00f6ffne nicht<br \/>\nWas dir Widriges widerf\u00e4hrt:<br \/>\nVon argem Mann erntest du nimmer doch<br \/>\nSo guten Vertrauns Vergeltung.<\/p>\n<p style=\"text-align: center;\">Verderben stiften einem Degen sah ich<br \/>\n\u00dcbeln Weibes Wort:<br \/>\nDie giftige Zunge gab ihm den Tod,<br \/>\nNicht seine Schuld.<\/p>\n<p style=\"text-align: center;\">Gewannst du den Freund, dem du wohl vertraust,<br \/>\nSo besuch ihn nicht selten,<br \/>\nDenn Strauchwerk gr\u00fcnt und hohes Gras<br \/>\nAuf dem Weg, den niemand wandelt.<\/p>\n<p style=\"text-align: center;\">Das rat ich, Loddfafnir, vernimm die Lehre,<br \/>\nWohl dir, wenn du sie merkst.<br \/>\nGuten Freund gewinne dir zu erfreuender Zwiesprach;<br \/>\nHeilspruch lerne so lange du lebst.<\/p>\n<p style=\"text-align: center;\">Altem Freunde sollst du der erste<br \/>\nDen Bund nicht brechen.<br \/>\nDas Herz fri\u00dft dir Sorge, magst du keinem mehr<br \/>\nDeine Gedanken all.<\/p>\n<p style=\"text-align: center;\">Das rat ich, Loddfafnir, vernimm die Lehre,<br \/>\nWohl dir, wenn du sie merkst.<br \/>\nMit ungesalznem Narren sollst du<br \/>\nNicht Worte wechseln.<\/p>\n<p style=\"text-align: center;\">Von albernem Mann magst du niemals<br \/>\nGuten Lohn erlangen.<br \/>\nNur der Wackere mag dir erwerben<br \/>\nGuten Leumund durch sein Lob.<\/p>\n<p style=\"text-align: center;\">Das ist Seelentausch, sagt einer getreulich<br \/>\nDem andern alles, was er denkt.<br \/>\nNichts ist \u00fcbler als unstet sein:<br \/>\nDer ist kein Freund,<br \/>\nder zu Gefallen spricht.<\/p>\n<p style=\"text-align: center;\">Das rat ich, Loddfafnir, vernimm die Lehre,<br \/>\nWohl dir, wenn du sie merkst.<br \/>\nDrei Worte nicht sollst du mit dem Schlechten wechseln:<br \/>\nOft unterliegt der Gute,<br \/>\nDer mit dem Schlechten streitet.<\/p>\n<p style=\"text-align: center;\">Schuhe nicht sollst du noch Sch\u00e4fte machen<br \/>\nF\u00fcr andre als f\u00fcr dich:<br \/>\nSitzt der Schuh nicht, ist krumm der Schaft,<br \/>\nW\u00fcnscht man dir alles \u00dcbel.<\/p>\n<p style=\"text-align: center;\">Das rat ich, Loddfafnir, vernimm die Lehre,<br \/>\nWohl dir, wenn du sie merkst.<br \/>\nWo Not du findest, deren nimm dich an;<br \/>\ndoch gib dem Feind nicht Frieden.<\/p>\n<p style=\"text-align: center;\">Das rat ich, Loddfafnir, vernimm die Lehre,<br \/>\nWohl dir, wenn du sie merkst.<br \/>\nDich soll andrer Ungl\u00fcck nicht freuen;<br \/>\nIhren Vorteil la\u00df dir gefallen.<\/p>\n<p style=\"text-align: center;\">Das rat ich, Loddfafnir, vernimm die Lehre,<br \/>\nWohl dir, wenn du sie merkst.<br \/>\nNicht aufschaun sollst du im Schlachtget\u00f6se:<br \/>\nEbern \u00e4hnlich wurden oft Erdenkinder;<br \/>\nSo aber zwingt dich kein Zauber.<\/p>\n<p style=\"text-align: center;\">Willst du ein gutes Weib zu deinem Willen bereden<br \/>\nUnd Freude bei ihr finden,<br \/>\nSo verhei\u00df ihr Holdes und halt es treulich:<br \/>\nDes Guten wird die Maid nicht m\u00fcde.<\/p>\n<p style=\"text-align: center;\">Sei vorsichtig, doch sei&#8217;s nicht allzusehr,<br \/>\nAm meisten sei&#8217;s beim Met<br \/>\nUnd bei des andern Weib; auch wahre dich<br \/>\nZum dritten vor der Diebe List.<\/p>\n<p style=\"text-align: center;\">Mit Schimpf und Hohn verspotte nicht<br \/>\nDen Fremden noch den Fahrenden.<br \/>\nSelten wei\u00df, der zu Hause sitzt<br \/>\nWie edel ist, der einkehrt.<\/p>\n<p style=\"text-align: center;\">Laster und Tugenden liegen den Menschen<br \/>\nIn der Brust beieinander.<br \/>\nKein Mensch ist so gut, da\u00df nichts ihm mangle,<br \/>\nNoch so b\u00f6se, da\u00df er zu nichts n\u00fctze.<\/p>\n<p style=\"text-align: center;\">Haarlosen Redner verh\u00f6hne nicht:<br \/>\nOft ist gut was der Greis spricht.<br \/>\nAus welker Haut kommt oft weiser Rat;<br \/>\nH\u00e4ngt ihm die H\u00fclle gleich,<br \/>\nSchinden ihn auch Schrammen,<br \/>\nDer unter Wichten wankt.<\/p>\n<p style=\"text-align: center;\">Das rat ich, Loddfafnir, vernimm die Lehre,<br \/>\nWohl dir, wenn du sie merkst.<br \/>\nDen Wandrer fahr nicht an, noch weis ihm die T\u00fcr:<br \/>\nGib dem Gehenden gern.<\/p>\n<p style=\"text-align: center;\">Stark w\u00e4r der Riegel, der sich r\u00fccken sollte<br \/>\nAllen aufzutun.<br \/>\nGib einen Scherf; dies Geschlecht sonst w\u00fcnscht<br \/>\nDir alles Unheil an.<\/p>\n<p style=\"text-align: center;\">Dies rat ich, Loddfafnir, vernimm die Lehre,<br \/>\nWohl dir, wenn du sie merkst:<br \/>\nWo Ael getrunken wird, ruf die Erdkraft an:<br \/>\nErde trinkt und wird nicht trunken.<br \/>\nFeuer hebt Krankheit, Eiche Verh\u00e4rtung,<br \/>\n\u00c4hre Vergiftung,<br \/>\nDer Hausgeist h\u00e4uslichen Hader.<br \/>\nMond mindert Tobsucht,<br \/>\nHundsbi\u00df heilt Hundshaar,<br \/>\nRune Beredung;<br \/>\nDie Erde nehme Na\u00df auf.<\/p>\n<p style=\"text-align: center;\"><span style=\"font-size: 8pt;\">Unser Dank gilt Dungeon Keeper f\u00fcr den zugesanden Text.<\/span><\/p>\n","protected":false},"excerpt":{"rendered":"<p>Loddfafnir&#8217;s-Lied Zeit ist&#8217;s zu reden vom Rednerstuhl. An dem Brunnen Urdas Sa\u00df ich und schwieg, sa\u00df ich und dachte Und merkte der M\u00e4nner Reden. Von Runen h\u00f6rt ich reden und vom Ritzen der Schrift Und vernahm auch n\u00fctze Lehren. Bei des Hohen Halle, in des Hohen Halle H\u00f6rt ich sagen so: Dies rat ich, Loddfafnir, &hellip; <\/p>\n<p class=\"link-more\"><a href=\"https:\/\/shop.mittgard.de\/?page_id=5102\" class=\"more-link\"><span class=\"screen-reader-text\">\u201eLoddfafnir&#8217;s-Lied\u201c <\/span>weiterlesen<\/a><\/p>\n","protected":false},"author":2,"featured_media":0,"parent":5025,"menu_order":0,"comment_status":"closed","ping_status":"closed","template":"","meta":{"footnotes":""},"class_list":["post-5102","page","type-page","status-publish","hentry"],"_links":{"self":[{"href":"https:\/\/shop.mittgard.de\/index.php?rest_route=\/wp\/v2\/pages\/5102","targetHints":{"allow":["GET"]}}],"collection":[{"href":"https:\/\/shop.mittgard.de\/index.php?rest_route=\/wp\/v2\/pages"}],"about":[{"href":"https:\/\/shop.mittgard.de\/index.php?rest_route=\/wp\/v2\/types\/page"}],"author":[{"embeddable":true,"href":"https:\/\/shop.mittgard.de\/index.php?rest_route=\/wp\/v2\/users\/2"}],"replies":[{"embeddable":true,"href":"https:\/\/shop.mittgard.de\/index.php?rest_route=%2Fwp%2Fv2%2Fcomments&post=5102"}],"version-history":[{"count":1,"href":"https:\/\/shop.mittgard.de\/index.php?rest_route=\/wp\/v2\/pages\/5102\/revisions"}],"predecessor-version":[{"id":5103,"href":"https:\/\/shop.mittgard.de\/index.php?rest_route=\/wp\/v2\/pages\/5102\/revisions\/5103"}],"up":[{"embeddable":true,"href":"https:\/\/shop.mittgard.de\/index.php?rest_route=\/wp\/v2\/pages\/5025"}],"wp:attachment":[{"href":"https:\/\/shop.mittgard.de\/index.php?rest_route=%2Fwp%2Fv2%2Fmedia&parent=5102"}],"curies":[{"name":"wp","href":"https:\/\/api.w.org\/{rel}","templated":true}]}}