{"id":5108,"date":"2018-11-05T16:51:50","date_gmt":"2018-11-05T15:51:50","guid":{"rendered":"http:\/\/shop.mittgard.de\/?page_id=5108"},"modified":"2018-11-05T16:51:50","modified_gmt":"2018-11-05T15:51:50","slug":"aegisdrecka-aegirs-trinkgelage","status":"publish","type":"page","link":"https:\/\/shop.mittgard.de\/?page_id=5108","title":{"rendered":"\u00c4gisdrecka &#8211; \u00c4girs Trinkgelage"},"content":{"rendered":"<h1 style=\"text-align: center;\">\u00c4gisdrecka<br \/>\n\u00c4girs Trinkgelage<\/h1>\n<p style=\"text-align: center;\">\u00c4gir, der mit anderm Namen Gymir hie\u00df, bereitete den Asen ein Gastmahl, nachdem er den gro\u00dfen Kessel erlangt hatte, wie eben gesagt ist. Zu diesem Gastmahl kam Odin und Frigg, sein Weib. Thor kam nicht, denn er war auf der Ostfahrt. Sif war zugegen, Thors Weib, desgleichen Bragi und Idun sein Gemahl. Auch Tyr war da, der nur eine Hand hatte, denn der Fenriswolf hatte ihm die andre abgebissen, als er gebunden wurde. Da war auch Ni\u00f6rd und Skadi, sein Weib, Freyr und Freyja, und Widar, Odins Sohn. Auch Loki war da und Freyrs Diener Byggwir und Beyla. Da waren noch viele Asen und Alfen.<br \/>\n\u00c4gir hatte zwei Diener, Fimafeng und Eldir. Leuchtendes Gold diente statt brennenden Lichtes. Das Ael trug sich selber auf. Der Ort hatte sehr heiligen Frieden. Alle G\u00e4ste r\u00fchmten, wie gut \u00c4girs Leute sie bedienten. Loki, der das nicht h\u00f6ren mochte, erschlug den Fimafeng. Da sch\u00fcttelten die Asen ihre Schilde und rannten wider Loki und verfolgten ihn in den Wald und fuhren dann zu dem Mahl. Loki kam wieder und sprach zu Eldir, den er vor dem Saale fand:<\/p>\n<p style=\"text-align: center;\">Sage mir, Eldir, eh du mit einem<br \/>\nFu\u00dfe vorw\u00e4rts schreitest,<br \/>\nWas f\u00fcr Tischgespr\u00e4che tauschen hier innen<br \/>\nDer Siegg\u00f6tter S\u00f6hne?<\/p>\n<p style=\"text-align: center;\">Eldir:<br \/>\nVon Waffen reden und ruhmvollen K\u00e4mpfen<br \/>\nDer Siegg\u00f6tter S\u00f6hne.<br \/>\nAsen und Alfen, die hier innen sind,<br \/>\nKeiner wei\u00df von dir ein gutes Wort.<\/p>\n<p style=\"text-align: center;\">Loki:<br \/>\nEin will ich treten in \u00c4girs Hallen,<br \/>\nSelber dies Gelag zu sehn.<br \/>\nSchimpf und Schande schaff ich den Asen<br \/>\nUnd mische Gift in ihren Met.<\/p>\n<p style=\"text-align: center;\">Eldir:<br \/>\nWisse, wenn du eintrittst in \u00c4girs Halle,<br \/>\nSelber dies Gelag zu sehn,<br \/>\nUnd die guten G\u00f6tter \u00fcbergie\u00dfest mit Schmach,<br \/>\nGib acht, sie trocknen sie ab an dir.<\/p>\n<p style=\"text-align: center;\">Loki:<br \/>\nWisse das, Eldir, wenn miteinander wir<br \/>\nIn scharfen Worten streiten,<br \/>\n\u00dcppiger werd ich in Antworten sein,<br \/>\nWas du auch zu reden wei\u00dft.<\/p>\n<p style=\"text-align: center;\">Da ging Loki in die Halle. Jene aber, die darinnen waren, als sie ihn eingetreten sahen, schwiegen alle still.<\/p>\n<p style=\"text-align: center;\">Loki:<br \/>\nDurstig komm ich in diese Halle<br \/>\nLoptr den langen Weg<br \/>\nDie Asen zu bitten, mir einen Trunk<br \/>\nZu schenken ihres s\u00fc\u00dfen Mets.<\/p>\n<p style=\"text-align: center;\">Warum schweigt ihr still, verstockte G\u00f6tter,<br \/>\nUnd erwidert nicht ein Wort?<br \/>\nSitz und Stelle sucht mir bei dem Mahl,<br \/>\nOder hei\u00dft mich hinnen weichen.<\/p>\n<p style=\"text-align: center;\">Bragi:<br \/>\nSitz und Stelle suchen dir bei dem Mahl<br \/>\nDie Asen nun und nimmer.<br \/>\nDie Asen wissen wohl wem sie sollen<br \/>\nAnteil g\u00f6nnen am Gelag.<\/p>\n<p style=\"text-align: center;\">Loki:<br \/>\nGedenkt dir, Odin, wie in Urzeiten wir<br \/>\nDas Blut mischten beide?<br \/>\nDu gelobtest, nimmer dich zu laben mit Trank,<br \/>\nW\u00fcrd er uns beiden nicht gebracht.<\/p>\n<p style=\"text-align: center;\">Odin:<br \/>\nSteh denn auf, Widar, dem Vater des Wolfs<br \/>\nSitz zu schaffen beim Mahl,<br \/>\nDa\u00df l\u00e4nger Loki uns nicht l\u00e4stere<br \/>\nHier in \u00c4girs Halle.<\/p>\n<p style=\"text-align: center;\">Da stand Widar auf und schenkte dem Loki. Als er aber getrunken hatte, sprach er zu den Asen:<\/p>\n<p style=\"text-align: center;\">Heil euch. Asen, Heil euch Asinnen,<br \/>\nEuch hochheiligen G\u00f6ttern all,<br \/>\nAu\u00dfer dem Asen allein, der da sitzt<br \/>\nAuf Bragis Bank.<\/p>\n<p style=\"text-align: center;\">Bragi:<br \/>\nSchwert und Schecken aus meinem Sch\u00e4tze zahl ich<br \/>\nUnd einen Baug (Ring) zur Bu\u00dfe,<br \/>\nDa\u00df du den Asen nicht \u00c4rgernis gebest:<br \/>\nMache dir nicht gram die G\u00f6tter.<\/p>\n<p style=\"text-align: center;\">Loki:<br \/>\nRo\u00df und Ringe, nicht allzureich doch<br \/>\nWei\u00df ich dich, Bragi, der beiden!<br \/>\nVon Asen und Alfen, die hier innen sind,<br \/>\nScheut keiner so den Streit,<br \/>\nFlieht Geschosse keiner feiger.<\/p>\n<p style=\"text-align: center;\">Bragi:<br \/>\nIch wei\u00df doch, war ich drau\u00dfen,<br \/>\nwie ich drinnen bin<br \/>\nHier in \u00c4girs Halle,<br \/>\nDein Haupt h\u00e4tt ich in meiner Hand schon;<br \/>\nAlso lohnt ich dir der L\u00fcge.<\/p>\n<p style=\"text-align: center;\">Loki:<br \/>\nSitzend bist du schnell, doch schwerlich leistest du&#8217;s,<br \/>\nBragi, B\u00e4nkeh\u00fcter!<br \/>\nZum Zweikampf vor, wenn du zornig bist:<br \/>\nDer Tapfre sieht nicht um und s\u00e4umt.<\/p>\n<p style=\"text-align: center;\">Idun:<br \/>\nIch bitte dich, Bragi, bei deiner Gebornen<br \/>\nUnd aller W\u00fcnschels\u00f6hne Wohl,<br \/>\nSprich zu Loki nicht mit l\u00e4sternden Worten<br \/>\nHier in \u00c4girs Halle.<\/p>\n<p style=\"text-align: center;\">Loki:<br \/>\nSchweig, Idun! Von allen Frauen<br \/>\nMein ich dich die M\u00e4nnertollste:<br \/>\nDu legtest die Arme, die leuchtenden, gleich<br \/>\nUm den M\u00f6rder eines Bruders.<\/p>\n<p style=\"text-align: center;\">Idun:<br \/>\nZu Loki sprech ich nicht mit l\u00e4sternden Worten<br \/>\nHier in \u00c4girs Halle;<br \/>\nDen Bragi s\u00e4nft ich, den bierberauschten,<br \/>\nDa\u00df er im Zorn den Zweikampf meide.<\/p>\n<p style=\"text-align: center;\">Gefion:<br \/>\nIhr Asen beide, was ist&#8217;s, da\u00df ihr euch<br \/>\nMit scharfen Worten streitet?<br \/>\nLoptr tr\u00e4umt sich nicht, da\u00df er betrogen ist,<br \/>\nIhn hier die Himmlischen hassen.<\/p>\n<p style=\"text-align: center;\">Loki:<br \/>\nSchweig du, Gefion! sonst verge\u00df ich&#8217;s nicht<br \/>\nWie dich zur Lust verlockte<br \/>\nJener wei\u00dfe Knabe, der dir das Kleinod gab,<br \/>\nAls du den Schenkel um ihn schlangst.<\/p>\n<p style=\"text-align: center;\">Odin:<br \/>\nIrr bist du, Loki, und aberwitzig,<br \/>\nWenn du Gefion gram dir machst:<br \/>\nAller Lebenden Lose wei\u00df sie<br \/>\nEbenwohl als ich.<\/p>\n<p style=\"text-align: center;\">Loki:<br \/>\nSchweig nur, Odin, ungerecht zwischen<br \/>\nDen Sterblichen teilst du den Streit:<br \/>\nOftmals gabst du, dem du nicht geben solltest,<br \/>\nDem schlechtem Manne den Sieg.<\/p>\n<p style=\"text-align: center;\">Odin:<br \/>\nWei\u00dft du, da\u00df ich gab, dem ich nicht geben sollte,<br \/>\nDem schlechtem Manne den Sieg,<br \/>\nUnter der Erde acht Winter warst du<br \/>\nMilchende Kuh und Mutter<br \/>\n[Denn du gebarest da:<br \/>\nDas d\u00fcnkt mich eines Argen Art].<\/p>\n<p style=\"text-align: center;\">Loki:<br \/>\nDu schlichest, sagt man, in Sams\u00f6 umher<br \/>\nVon Haus zu Haus als Wala.<br \/>\nVermummter Zauberer trogst du das Menschenvolk:<br \/>\nDas d\u00fcnkt mich eines Argen Art.<\/p>\n<p style=\"text-align: center;\">Frigg:<br \/>\nEuer Geschicke solltet ihr nie<br \/>\nErw\u00e4hnen vor der Welt,<br \/>\nWas ihr Asen beide in Urzeiten triebet:<br \/>\nDie fr\u00fchsten Taten bergt dem Volk.<\/p>\n<p style=\"text-align: center;\">Loki:<br \/>\nSchweig du, Frigg! Fi\u00f6rgyns Tochter bist du<br \/>\nUnd den M\u00e4nnern allzumild,<br \/>\nDie Wili und We als Widrirs Gemahlin<br \/>\nBeide bargst in deinem Scho\u00df.<\/p>\n<p style=\"text-align: center;\">Frigg:<br \/>\nWisse, h\u00e4tt ich hier in den Hallen \u00c4girs<br \/>\nEinen Sohn wie Baldur schnell,<br \/>\nNicht k\u00e4mst du hinaus von den Asens\u00f6hnen,<br \/>\nDu h\u00e4ttest schon zu fechten gefunden.<\/p>\n<p style=\"text-align: center;\">Loki:<br \/>\nUnd willst du, Frigg, da\u00df ich ferner gedenke<br \/>\nMeiner Meintaten,<br \/>\nSo bin ich schuld, da\u00df du nicht mehr schauen wirst<br \/>\nBaldur reiten zum Rat der G\u00f6tter.<\/p>\n<p style=\"text-align: center;\">Freyja:<br \/>\nIrr bist du, Loki, da\u00df du selber anf\u00fchrst<br \/>\nDie schn\u00f6den Schandtaten.<br \/>\nWohl wei\u00df Frigg alles was sich begibt,<br \/>\nOb sie schon es nicht sagt.<\/p>\n<p style=\"text-align: center;\">Loki:<br \/>\nSchweig du, Freyja, dich vollends kenn ich;<br \/>\nKeines Makels mangelst du;<br \/>\nDer Asen und Alfen, die hier inne sind,<br \/>\nBist du jedes Buhlerin.<\/p>\n<p style=\"text-align: center;\">Freyja :<br \/>\nDeine Zunge frevelt; doch f\u00fcrcht ich, da\u00df sie dir<br \/>\nWenig Gutes gellt.<br \/>\nAbhold sind dir die Asen und die Asinnen,<br \/>\nUnfr\u00f6hlich f\u00e4hrst du nach Haus.<\/p>\n<p style=\"text-align: center;\">Loki:<br \/>\nSchweig du, Freyja, Gift f\u00fchrst du mit dir,<br \/>\nBist alles Unheils voll.<br \/>\nVor den G\u00f6ttern umarmtest du den eigenen Bruder:<br \/>\nSo b\u00f6ser Wind entfuhr dir, Freyja!<\/p>\n<p style=\"text-align: center;\">Ni\u00f6rdr:<br \/>\nDie Sch\u00f6ngeschm\u00fcckten, das schadet nicht,<br \/>\nW\u00e4hlen M\u00e4nner wie sie m\u00f6gen;<br \/>\nDes Verworfnen Weilen bei den Asen wundert nur,<br \/>\nDer Kinder konnte geb\u00e4ren.<\/p>\n<p style=\"text-align: center;\">Loki:<br \/>\nSchweig du, Ni\u00f6rd, von Osten gesendet<br \/>\nAls Geisel bist du den G\u00f6ttern.<br \/>\nHymirs T\u00f6chter nahmen dich da zum Nachtgeschirre<br \/>\nUnd machten dir in den Mund.<\/p>\n<p style=\"text-align: center;\">Ni\u00f6rdr:<br \/>\nDes Schadens tr\u00f6stet mich, seit ich gesendet ward<br \/>\nFernher als Geisel den G\u00f6ttern,<br \/>\nDa\u00df mir erwuchs der Sohn, wider den niemand ist,<br \/>\nDer f\u00fcr den Ersten der Asen gilt.<\/p>\n<p style=\"text-align: center;\">Loki:<br \/>\nLa\u00df endlich, Ni\u00f6rd, den \u00dcbermut,<br \/>\nIch hab es l\u00e4nger nicht hehl:<br \/>\nMit der eignen Schwester den Sohn erzeugtest du,<br \/>\nDer eben so arg ist wie du.<\/p>\n<p style=\"text-align: center;\">Tyr:<br \/>\nFreyr ist der beste von allen, die Bifr\u00f6st<br \/>\nTr\u00e4gt zu der hohen Halle:<br \/>\nKeine Maid betr\u00fcbt er, keines Mannes Weib,<br \/>\nEinen jeden nimmt er aus N\u00f6ten.<\/p>\n<p style=\"text-align: center;\">Loki:<br \/>\nSchweig du, Tyr! Du taugst zum Kampfe nicht<br \/>\nZu gleicher Zeit mit zweien.<br \/>\nDeine rechte Hand ist dir geraubt,<br \/>\nFenris fra\u00df sie, der Wolf.<\/p>\n<p style=\"text-align: center;\">Tyr:<br \/>\nDer Hand mu\u00df ich darben; so darbst du Fenris.<br \/>\nEins ist schlimm wie das andre;<br \/>\nAuch der Wolf ist freudenlos: gefesselt erwartet er<br \/>\nDer Asen Untergang.<\/p>\n<p style=\"text-align: center;\">Loki:<br \/>\nSchweig du, Tyr! Deinem Weibe geschah&#8217;s,<br \/>\nDa\u00df sie von mir ein Kind bekam.<br \/>\nNicht Pfenningsbu\u00dfe empfingst du f\u00fcr die Schmach:<br \/>\nHabe dir das, du Hahnrei!<\/p>\n<p style=\"text-align: center;\">Freyr:<br \/>\nGefesselt liegt Fenris vor des Flusses Ursprung<br \/>\nBis die G\u00f6tter vergehen.<br \/>\nSo soll auch dir geschehn, wenn du nicht schweigen wirst<br \/>\nEndlich, Unheilschmied.<\/p>\n<p style=\"text-align: center;\">Loki:<br \/>\nMit Gold erkauftest du Gymirs Tochter<br \/>\nUnd gabst dem Skirnir dein Schwert.<br \/>\nWenn aber Muspels S\u00f6hne durch Myrkwid reiten,<br \/>\nWomit willst du streiten. Unselger?<\/p>\n<p style=\"text-align: center;\">War ich so edeln Stamms als Ingunar Freyr,<br \/>\nUnd h\u00e4tte so erhabnen Sitz,<br \/>\nMorscher als Mark malmt ich dich, freche Kr\u00e4he,<br \/>\nUnd l\u00e4hmte dir alle Gelenke.<\/p>\n<p style=\"text-align: center;\">Loki:<br \/>\nWas ist Winziges dort, das ich wedeln sehe<br \/>\nNach Speise schnappend?<br \/>\nDem Freyr in die Ohren bl\u00e4st es immerdar,<br \/>\nUnd m\u00fcht sich mit M\u00e4gdearbeit.<\/p>\n<p style=\"text-align: center;\">Byggwir:<br \/>\nByggwir bin ich, bieder r\u00fchmen mich<br \/>\nDie Asen all und Menschen.<br \/>\nBehende helf ich hier, da\u00df Hropts Freunde trinken<br \/>\nAel in \u00c4girs Halle.<\/p>\n<p style=\"text-align: center;\">Loki:<br \/>\nSchweig du, Byggwir, \u00fcbel verstehst du<br \/>\nDer M\u00e4nner Mahl zu ordnen.<br \/>\nUnterm Bettstroh verbargst du dich feige,<br \/>\nWenn es zum Kampfe kam.<\/p>\n<p style=\"text-align: center;\">Heimdal:<br \/>\nTrunken bist du, Loki! vertrankst den Verstand:<br \/>\nLa\u00df endlich ab, Loki,<br \/>\nDenn im Rausche reden die Leute viel<br \/>\nUnd wissen nicht was.<\/p>\n<p style=\"text-align: center;\">Loki:<br \/>\nSchweig du, Heimdal! In der Sch\u00f6pfung Beginn<br \/>\nWard dir ein leidig Los.<br \/>\nMit feuchtem R\u00fccken f\u00e4ngst du den Tau auf<br \/>\nUnd wachst der G\u00f6tter W\u00e4rter!<\/p>\n<p style=\"text-align: center;\">Skadi:<br \/>\nLustig bist du, Loki; doch lange magst du nicht<br \/>\nSpielen mit losem Schweif,<br \/>\nDa auf die scharfe Kante des kalten Vetters bald<br \/>\nMit D\u00e4rmen dich die G\u00f6tter binden.<\/p>\n<p style=\"text-align: center;\">Loki:<br \/>\nWenn auf die scharfe Kante des reifkalten Vetters<br \/>\nSie mich mit D\u00e4rmen binden bald,<br \/>\nSo war ich der erste und auch der eifrigste,<br \/>\nAls es Thiassi zu t\u00f6ten galt.<\/p>\n<p style=\"text-align: center;\">Skadi:<br \/>\nWarst du der erste und auch der eifrigste,<br \/>\nAls es Thiassi zu t\u00f6ten galt,<br \/>\nSo soll aus meinem Hof und Heiligtum<br \/>\nImmer kalter Rat dir kommen.<\/p>\n<p style=\"text-align: center;\">Loki:<br \/>\nGelinder sprachst du zu Laufeyjas Sohn,<br \/>\nAls du mich auf dein Lager ludst.<br \/>\nDessen gedenk ich nun, da es genauer gilt<br \/>\nUnsre Meintaten zu melden.<\/p>\n<p style=\"text-align: center;\">Da trat Sif vor und schenkte dem Loki Met in den Eiskelch und sprach:<\/p>\n<p style=\"text-align: center;\">Heil dir nun, Loki, den Eiskelch lang ich dir<br \/>\nFirnen Metes voll,<br \/>\nDa\u00df du mich eine doch von den Asenkindern<br \/>\nUngel\u00e4stert lassest.<\/p>\n<p style=\"text-align: center;\">Jener nahm den Kelch, trank und sprach:<\/p>\n<p style=\"text-align: center;\">Du einzig bliebest verschont, w\u00e4rest du immer keusch<br \/>\nUnd dem Gatten ergeben gewesen.<br \/>\nEinen wei\u00df ich und wei\u00df ihn gewi\u00df,<br \/>\nDer auch den Hlorridi zum Hahnrei machte.<br \/>\n[Und das war der listige Loki.]<\/p>\n<p style=\"text-align: center;\">Beyla:<br \/>\nAlle Felsen beben, von der Bergfahrt kehrt<br \/>\nHlorridi heim.<br \/>\nZum Schweigen bringt er den, der hier mit Schmach bel\u00e4dt<br \/>\nDie G\u00f6tter all und G\u00e4ste.<\/p>\n<p style=\"text-align: center;\">Loki:<br \/>\nSchweig du, Beyla! du bist Byggwirs Weib<br \/>\nUnd aller Untat voll.<br \/>\nKein \u00e4rger Ungeheuer ist unter den Asenkindern,<br \/>\nGanz bist du mit Schmutz besudelt.<\/p>\n<p style=\"text-align: center;\">Da kam Thor an und sprach:<\/p>\n<p style=\"text-align: center;\">Schweig, unreiner Wicht, sonst soll mein Hammer<br \/>\nMi\u00f6lnir den Mund dir schlie\u00dfen.<br \/>\nVom Halse hau ich dir die Schulterh\u00fcgel,<br \/>\nDa\u00df dich das Leben l\u00e4\u00dft.<\/p>\n<p style=\"text-align: center;\">Loki:<br \/>\nDer Erde Sohn ist eingetreten:<br \/>\nNun kannst du knirschen, Thor;<br \/>\nDoch wenig wagst du, wenn du den Wolf bestehen sollst,<br \/>\nDer den Siegvater schlingt.<\/p>\n<p style=\"text-align: center;\">Thor:<br \/>\nSchweig, unreiner Wicht, sonst soll mein Hammer<br \/>\nMi\u00f6lnir den Mund dir schlie\u00dfen.<br \/>\nOder auf gen Osten werf ich dich,<br \/>\nDa\u00df kein Mann dich mehr erschaut.<\/p>\n<p style=\"text-align: center;\">Loki:<br \/>\nDeine Ostfahrten w\u00fcrden unbesprochen<br \/>\nAllzeit besser bleiben,<br \/>\nSeit im D\u00e4umling du, K\u00e4mpe, des Handschuhs kauertest<br \/>\nUnd selbst nicht meintest Thor zu sein.<\/p>\n<p style=\"text-align: center;\">Thor:<br \/>\nSchweig, unreiner Wicht, sonst soll mein Hammer<br \/>\nMi\u00f6lnir den Mund dir schlie\u00dfen.<br \/>\nMit Hrungnirs T\u00f6ter trifft diese Hand dich<br \/>\nUnd bricht dir alle Gebeine.<\/p>\n<p style=\"text-align: center;\">Loki:<br \/>\nNoch lange Jahre zu leben denk ich<br \/>\nTrotz deiner Hammerhiebe.<br \/>\nHart schienen dir Skrymirs Knoten;<br \/>\nDu mu\u00dftest der Mahlzeit darben,<br \/>\nOb du vor Hei\u00dfhunger vergingst.<\/p>\n<p style=\"text-align: center;\">Thor:<br \/>\nSchweig, unreiner Wicht, sonst soll mein Hammer<br \/>\nMi\u00f6lnir den Mund dir schlie\u00dfen.<br \/>\nHrungnirs T\u00f6ter schickt dich zu Hel hinab<br \/>\nHinter der Toten Gittertor.<\/p>\n<p style=\"text-align: center;\">Loki:<br \/>\nIch sang vor Asen, sang vor Asens\u00f6hnen<br \/>\nWas ich auf dem Herzen hatte.<br \/>\nNun wend ich mich weg: dir weich ich allein,<br \/>\nDenn ich zweifle nicht, da\u00df du zuschl\u00e4gst.<\/p>\n<p style=\"text-align: center;\">Ein Mahl gabst du, \u00c4gir; nicht mehr hinfort<br \/>\nWirst du die G\u00f6tter bewirten.<br \/>\nAll dein Eigentum, das hier innen ist,<br \/>\nFri\u00dft die Flamme<br \/>\nUnd raschelt dir \u00fcber den R\u00fccken.<\/p>\n<p style=\"text-align: center;\">Darauf nahm Loki die Gestalt eines Lachses an und entsprang in den Wasserfall Franang. Da fingen ihn die Asen und banden ihn mit den Ged\u00e4rmen seines Sohnes Nari. Sein anderer Sohn Narfi aber wurde in einen Wolf verwandelt. Skadi nahm eine Giftschlange und hing sie auf \u00fcber Lokis Antlitz. Der Schlange enttr\u00e4ufelte Gift. Sigyn, Lokis Weib, setzte sich neben ihn und hielt eine Schale unter die Gifttropfen. Wenn aber die Schale voll war, trug sie das Gift hinweg: unterdessen tr\u00e4ufelte das Gift in Lokis Angesicht, wobei er sich so stark wand, da\u00df die ganze Erde zitterte. Das wird nun Erdbeben genannt.<\/p>\n<p style=\"text-align: center;\"><span style=\"font-size: 8pt;\">Unser Dank gilt Dungeon Keeper f\u00fcr den zugesanden Text.<\/span><\/p>\n","protected":false},"excerpt":{"rendered":"<p>\u00c4gisdrecka \u00c4girs Trinkgelage \u00c4gir, der mit anderm Namen Gymir hie\u00df, bereitete den Asen ein Gastmahl, nachdem er den gro\u00dfen Kessel erlangt hatte, wie eben gesagt ist. Zu diesem Gastmahl kam Odin und Frigg, sein Weib. Thor kam nicht, denn er war auf der Ostfahrt. Sif war zugegen, Thors Weib, desgleichen Bragi und Idun sein Gemahl. &hellip; <\/p>\n<p class=\"link-more\"><a href=\"https:\/\/shop.mittgard.de\/?page_id=5108\" class=\"more-link\"><span class=\"screen-reader-text\">\u201e\u00c4gisdrecka &#8211; \u00c4girs Trinkgelage\u201c <\/span>weiterlesen<\/a><\/p>\n","protected":false},"author":2,"featured_media":0,"parent":5025,"menu_order":0,"comment_status":"closed","ping_status":"closed","template":"","meta":{"footnotes":""},"class_list":["post-5108","page","type-page","status-publish","hentry"],"_links":{"self":[{"href":"https:\/\/shop.mittgard.de\/index.php?rest_route=\/wp\/v2\/pages\/5108","targetHints":{"allow":["GET"]}}],"collection":[{"href":"https:\/\/shop.mittgard.de\/index.php?rest_route=\/wp\/v2\/pages"}],"about":[{"href":"https:\/\/shop.mittgard.de\/index.php?rest_route=\/wp\/v2\/types\/page"}],"author":[{"embeddable":true,"href":"https:\/\/shop.mittgard.de\/index.php?rest_route=\/wp\/v2\/users\/2"}],"replies":[{"embeddable":true,"href":"https:\/\/shop.mittgard.de\/index.php?rest_route=%2Fwp%2Fv2%2Fcomments&post=5108"}],"version-history":[{"count":1,"href":"https:\/\/shop.mittgard.de\/index.php?rest_route=\/wp\/v2\/pages\/5108\/revisions"}],"predecessor-version":[{"id":5109,"href":"https:\/\/shop.mittgard.de\/index.php?rest_route=\/wp\/v2\/pages\/5108\/revisions\/5109"}],"up":[{"embeddable":true,"href":"https:\/\/shop.mittgard.de\/index.php?rest_route=\/wp\/v2\/pages\/5025"}],"wp:attachment":[{"href":"https:\/\/shop.mittgard.de\/index.php?rest_route=%2Fwp%2Fv2%2Fmedia&parent=5108"}],"curies":[{"name":"wp","href":"https:\/\/api.w.org\/{rel}","templated":true}]}}