{"id":5110,"date":"2018-11-05T16:53:02","date_gmt":"2018-11-05T15:53:02","guid":{"rendered":"http:\/\/shop.mittgard.de\/?page_id=5110"},"modified":"2018-11-05T16:53:02","modified_gmt":"2018-11-05T15:53:02","slug":"das-thrymlied","status":"publish","type":"page","link":"https:\/\/shop.mittgard.de\/?page_id=5110","title":{"rendered":"Das Thrymlied"},"content":{"rendered":"<h1 style=\"text-align: center;\">Das Thrymlied<\/h1>\n<p style=\"text-align: center;\">Grimm ward da Wingthor,<br \/>\nals er erwachte<br \/>\nund umsonst seinen Hammer suchte:<br \/>\ner schwenkte den Bart<br \/>\nj\u00e4h griff um sich<br \/>\nder J\u00f6rd Spr\u00f6\u00dfling<\/p>\n<p style=\"text-align: center;\">Und also war<br \/>\nsein erstes Wort:<br \/>\n&#8222;Lausche, was ich,<br \/>\nLoki, dir sage,<br \/>\nwas niemand noch vernahm auf Erden,<br \/>\nnoch auf Himmels H\u00f6hn:<br \/>\nMein Hammer ist gestohlen!&#8220;<\/p>\n<p style=\"text-align: center;\">Sie schritten zu Freyjas<br \/>\nsch\u00f6nem Hofe,<br \/>\nund also war<br \/>\nsein erstes Wort:<br \/>\n&#8222;Leih mir, Freyja,<br \/>\ndein Federkleid,<br \/>\nda\u00df meinen Hammer<br \/>\nich holen kann!&#8220;<\/p>\n<p style=\"text-align: center;\">Freija:<br \/>\n&#8222;Dir wollt ichs geben,<br \/>\nobs auch golden w\u00e4re;<br \/>\ndein sollt es sein,<br \/>\nwenn es silbern w\u00e4re.&#8220;<\/p>\n<p style=\"text-align: center;\">Es flog Loki,<br \/>\ndie Federn rauschten,<br \/>\nbis hinter ihm lag<br \/>\ndas Heim der Asen<br \/>\nund vor ihm lag<br \/>\ndie Flur der Riesen.<\/p>\n<p style=\"text-align: center;\">Auf dem H\u00fcgel sa\u00df Thrym,<br \/>\nder Thurfen K\u00f6nig;<br \/>\ner band den Bracken<br \/>\nB\u00e4nder von Gold<br \/>\nund strich den M\u00e4hren<br \/>\ndie M\u00e4hnen glatt<\/p>\n<p style=\"text-align: center;\">Thrym:<br \/>\n&#8222;Was gibts bei den Asen?<br \/>\nWas gibts bei den Alben?<br \/>\nWas trieb dich allein<br \/>\nnach Thurfenheim?&#8220;<\/p>\n<p style=\"text-align: center;\">Loki:<br \/>\n&#8222;Schlimm gehts den Asen!<br \/>\nSchlimm gehts den Alben!<br \/>\nHast du verhohlen<br \/>\nden Hammer Thors?&#8220;<\/p>\n<p style=\"text-align: center;\">Thrym:<br \/>\n&#8222;Verhohlen hab ich<br \/>\nden Hammer Thors<br \/>\nunter der Erde<br \/>\nwohl acht Meilen.<br \/>\nWieder heimw\u00e4rts<br \/>\nholt ihn niemand,<br \/>\nf\u00fchrt man als Frau<br \/>\nmir Freyja nicht her.&#8220;<\/p>\n<p style=\"text-align: center;\">Es flog Loki,<br \/>\ndie Federn rauschten,<br \/>\nbis hinter ihm lag<br \/>\ndas Heim der Riesen<br \/>\nund vor ihm lag<br \/>\ndie Flur der Asen.<br \/>\nDrau\u00dfen traf er<br \/>\nThor im Hofe,<br \/>\nund also war<br \/>\nsein erstes Wort:<\/p>\n<p style=\"text-align: center;\">&#8222;Ward dir Wissen,<br \/>\ndas Wert der M\u00fch?<br \/>\nSag aus der Luft<br \/>\nlangen Bericht!<br \/>\nDas Sagen verfliegt<br \/>\ndem Sitzenden oft;<br \/>\nL\u00fcgen bringt leicht<br \/>\nder Liegende vor.&#8220;<\/p>\n<p style=\"text-align: center;\">Loki:<br \/>\n&#8222;Wissen ward mir,<br \/>\ndas wert der M\u00fch:<br \/>\nThrym hat den Hammer,<br \/>\nder Thurfen K\u00f6nig.<br \/>\nWieder heimw\u00e4rts<br \/>\nholt ihn niemand,<br \/>\nf\u00fchrt man als Frau<br \/>\nihm Freyja nicht hin.&#8220;<\/p>\n<p style=\"text-align: center;\">Sie schritten hin<br \/>\nzur sch\u00f6nen Freyja,<br \/>\nund also war sein erstes Wort:<br \/>\n&#8222;Binde dich, Freyja,<br \/>\nmit Brautlinnen!<br \/>\nWir reisen zu zweien<br \/>\nnach Riesenheim.&#8220;<\/p>\n<p style=\"text-align: center;\">Grimm ward da Freyja,<br \/>\ngrollend schnob sie,<br \/>\nder ganze Saal<br \/>\nder G\u00f6tter bebte,<br \/>\nhinsprang der breite<br \/>\nBrisingenschmuck:<br \/>\n&#8222;Die mannstollste<br \/>\nm\u00fc\u00dfte ich sein<br \/>\nreist ich mit dir<br \/>\nnach Riesenheim!&#8220;<\/p>\n<p style=\"text-align: center;\">Die Asen eilten<br \/>\nalle zum Ding<br \/>\nund die Asinnen<br \/>\nalle zum Rat;<br \/>\nund das berieten<br \/>\ndie reichen G\u00f6tter,<br \/>\nwie heim sie holten<br \/>\nden Hammer Thors.<\/p>\n<p style=\"text-align: center;\">Da sprach Heimdall,<br \/>\nder hellste Gott &#8211;<br \/>\ner wu\u00dfte die Zukunft,<br \/>\nden Wanen gleich:<\/p>\n<p style=\"text-align: center;\">&#8222;Binden wir Thor<br \/>\nmit Brautlinnen!<br \/>\nEr trage den breiten<br \/>\nBrisingenscmuck!<br \/>\nLassen wir Schl\u00fcssel<br \/>\nam Leib ihm flirren<br \/>\nund Frauenkleider<br \/>\naufs Knie fallen<br \/>\nund breite Steine<br \/>\nauf der Brust liegen,<br \/>\nt\u00fcrmen wir hoch<br \/>\nden Hauptschmuck ihm!&#8220;<\/p>\n<p style=\"text-align: center;\">Da sagte Thor,<br \/>\nder trutzstarke:<br \/>\n&#8222;Weibisch nennen mich<br \/>\nWanen und Asen,<br \/>\nla\u00df ich mich binden<br \/>\nmit Brautlinnen.&#8220;<\/p>\n<p style=\"text-align: center;\">Da sprach Loki,<br \/>\nder Lausey Sohn:<br \/>\n&#8222;Solche Sprache<br \/>\nspare dir, Thor!<br \/>\nBald sitzen Riesen<br \/>\nim Ratersaal<br \/>\nholst du nicht heim<br \/>\nden Hammer dir.&#8220;<\/p>\n<p style=\"text-align: center;\">Sie banden Thor<br \/>\nmit Brautlinnen<br \/>\nund mit dem breiten<br \/>\nBrisingenschmuck.<br \/>\nSie lie\u00dfen Schl\u00fcssel<br \/>\nam Leib ihm flirren<br \/>\nund Frauenkleider<br \/>\naufs Knie fallen<br \/>\nund breite Steine<br \/>\nauf der Brust liegen<br \/>\nund t\u00fcrmten hoch<br \/>\nden Hauptschmuck ihm.<\/p>\n<p style=\"text-align: center;\">Da sprach Loki,<br \/>\nder Lausey Sohn:<br \/>\n&#8222;Ich will bei dir<br \/>\nals Dienerin sein;<br \/>\nwir reisen zu zweien<br \/>\nnach Riesenheim.&#8220;<\/p>\n<p style=\"text-align: center;\">Bald waren heim<br \/>\ndie B\u00f6cke getrieben,<br \/>\nan die Sielen geschirrt,<br \/>\nsie sollten rennen.<br \/>\nberge barsten,<br \/>\nes brannte der Grund:<br \/>\naus fuhr da Thor<br \/>\nnach Riesenheim.<\/p>\n<p style=\"text-align: center;\">Da sagte Thrym,<br \/>\nder Thurfen K\u00f6nig:<br \/>\n&#8222;Stehet nun auf,<br \/>\nbestreut die B\u00e4nke!<br \/>\nF\u00fchrt mir als Frau<br \/>\nnun Freyja her,<br \/>\ndes Nj\u00f6rd Tochter<br \/>\naus Noatun!<\/p>\n<p style=\"text-align: center;\">Zum Hof gehn hier K\u00fche,<br \/>\ndie H\u00f6rner golden,<br \/>\nrabenschwarze Ochsen,<br \/>\ndem Riesen zur Lust;<br \/>\nhab vielen Schmuck,<br \/>\nhab viele Sch\u00e4tze,<br \/>\nFreyja allein<br \/>\nfehlte mir noch.&#8220;<\/p>\n<p style=\"text-align: center;\">Man fand zu Abend<br \/>\ndort fr\u00fch sich ein;<br \/>\nherbeigebracht<br \/>\nward das Bier den Riesen.<br \/>\nEinen Ochsen a\u00df er<br \/>\nund acht Lachse,<br \/>\nalles Backwerk,<br \/>\ngebracht den Frauen,<br \/>\nes trank da Thor<br \/>\ndrei Tonnen Met.<\/p>\n<p style=\"text-align: center;\">Da sagte Thrym,<br \/>\nder Thurfen K\u00f6nig:<br \/>\n&#8222;Wo schautest du Br\u00e4ute<br \/>\nsch\u00e4rfer bei\u00dfen?<br \/>\nNie sah ich Br\u00e4ute<br \/>\nbreiter bei\u00dfer<br \/>\nnoch auch mehr Met<br \/>\neine Maid trinken.&#8220;<\/p>\n<p style=\"text-align: center;\">Da war nicht weit<br \/>\ndie gewitzte Magd;<br \/>\nauf des Riesen Rede<br \/>\nfand rasch sie ein Wort:<br \/>\n&#8222;Nichts a\u00df Freyja<br \/>\nacht N\u00e4chte lang;<br \/>\nso sehnte sie sich<br \/>\nnach dem Saale Thryms.&#8220;<\/p>\n<p style=\"text-align: center;\">Unters Linnen lugt er,<br \/>\nl\u00fcstern zu k\u00fcssen;<br \/>\neinen Satz tat er,<br \/>\nden Saal entlang:<br \/>\n&#8222;Wie furchtbar sind<br \/>\nFreyjas Augen!<br \/>\nWie Feuer flammt es<br \/>\naus Freyjas Blick!&#8220;<\/p>\n<p style=\"text-align: center;\">Da war nicht weit<br \/>\ndie gewitzte Magd;<br \/>\nauf des Riesen Rede<br \/>\nfand rasch sie ein Wort:<br \/>\n&#8222;Nicht schlief Freyja<br \/>\nacht N\u00e4chte lang;<br \/>\nso sehnte sie sich<br \/>\nnach dem Saale Thryms.&#8220;<\/p>\n<p style=\"text-align: center;\">Herein kam die arme<br \/>\nRiesenschwester,<br \/>\ndie um Brautgabe<br \/>\nbitten wollte:<br \/>\n&#8222;Die roten Ringe<br \/>\nreich mir vom Arm,<br \/>\nwillst du meine<br \/>\nMinne haben,<br \/>\nmeine Minne<br \/>\nund meine Huld!&#8220;<\/p>\n<p style=\"text-align: center;\">Da sagte Thrym,<br \/>\nder Thurfen K\u00f6nig:<br \/>\n&#8222;Bringt den Hammer,<br \/>\ndie Braut zu weihn!<br \/>\nLeget Mj\u00f6llnir<br \/>\nder Maid in den Scho\u00df!<br \/>\nMit der Hand der War<br \/>\nweiht uns zusammen!&#8220;<\/p>\n<p style=\"text-align: center;\">Das Herz im Leib<br \/>\nlachte da Thor,<br \/>\nals der hartgemute<br \/>\nden Hammer sah:<br \/>\nerst traf er Thrym,<br \/>\nder Thurfen K\u00f6nig;<br \/>\nder Riesen Geschlecht<br \/>\nerschlug er ganz.<\/p>\n<p style=\"text-align: center;\">Er schlug auch die arme<br \/>\nSchwester der Riesen,<br \/>\ndie Brautgabe<br \/>\nerbeten hatte:<br \/>\nSchellen bekam sie<br \/>\nstatt Schillinge<br \/>\nund Hammerhiebe<br \/>\nstatt heller Ringe.<\/p>\n<p style=\"text-align: center;\">So holte Thor<br \/>\nden Hammer zur\u00fcck.<\/p>\n<p style=\"text-align: center;\"><span style=\"font-size: 8pt;\">Unser Dank gilt Alexander f\u00fcr den zugesanden Text.<\/span><\/p>\n","protected":false},"excerpt":{"rendered":"<p>Das Thrymlied Grimm ward da Wingthor, als er erwachte und umsonst seinen Hammer suchte: er schwenkte den Bart j\u00e4h griff um sich der J\u00f6rd Spr\u00f6\u00dfling Und also war sein erstes Wort: &#8222;Lausche, was ich, Loki, dir sage, was niemand noch vernahm auf Erden, noch auf Himmels H\u00f6hn: Mein Hammer ist gestohlen!&#8220; Sie schritten zu Freyjas &hellip; <\/p>\n<p class=\"link-more\"><a href=\"https:\/\/shop.mittgard.de\/?page_id=5110\" class=\"more-link\"><span class=\"screen-reader-text\">\u201eDas Thrymlied\u201c <\/span>weiterlesen<\/a><\/p>\n","protected":false},"author":2,"featured_media":0,"parent":5025,"menu_order":0,"comment_status":"closed","ping_status":"closed","template":"","meta":{"footnotes":""},"class_list":["post-5110","page","type-page","status-publish","hentry"],"_links":{"self":[{"href":"https:\/\/shop.mittgard.de\/index.php?rest_route=\/wp\/v2\/pages\/5110","targetHints":{"allow":["GET"]}}],"collection":[{"href":"https:\/\/shop.mittgard.de\/index.php?rest_route=\/wp\/v2\/pages"}],"about":[{"href":"https:\/\/shop.mittgard.de\/index.php?rest_route=\/wp\/v2\/types\/page"}],"author":[{"embeddable":true,"href":"https:\/\/shop.mittgard.de\/index.php?rest_route=\/wp\/v2\/users\/2"}],"replies":[{"embeddable":true,"href":"https:\/\/shop.mittgard.de\/index.php?rest_route=%2Fwp%2Fv2%2Fcomments&post=5110"}],"version-history":[{"count":1,"href":"https:\/\/shop.mittgard.de\/index.php?rest_route=\/wp\/v2\/pages\/5110\/revisions"}],"predecessor-version":[{"id":5111,"href":"https:\/\/shop.mittgard.de\/index.php?rest_route=\/wp\/v2\/pages\/5110\/revisions\/5111"}],"up":[{"embeddable":true,"href":"https:\/\/shop.mittgard.de\/index.php?rest_route=\/wp\/v2\/pages\/5025"}],"wp:attachment":[{"href":"https:\/\/shop.mittgard.de\/index.php?rest_route=%2Fwp%2Fv2%2Fmedia&parent=5110"}],"curies":[{"name":"wp","href":"https:\/\/api.w.org\/{rel}","templated":true}]}}