{"id":5112,"date":"2018-11-05T16:53:59","date_gmt":"2018-11-05T15:53:59","guid":{"rendered":"http:\/\/shop.mittgard.de\/?page_id=5112"},"modified":"2018-11-05T16:53:59","modified_gmt":"2018-11-05T15:53:59","slug":"alvissmal-das-lied-von-alwis","status":"publish","type":"page","link":"https:\/\/shop.mittgard.de\/?page_id=5112","title":{"rendered":"Alvissmal &#8211; Das Lied von Alwis"},"content":{"rendered":"<h1 style=\"text-align: center;\">Alvissmal<br \/>\nDas Lied von Alwis<\/h1>\n<p style=\"text-align: center;\">Alwis:<br \/>\nGedeckt sind die B\u00e4nke: so sei die Braut nun<br \/>\nMit mir zu reisen bereit.<br \/>\nF\u00fcr allzuhastig h\u00e4lt man mich wohl;<br \/>\nDoch daheim wer raubt uns die Ruhe?<\/p>\n<p style=\"text-align: center;\">Thor:<br \/>\nWer bist du, Bursch? Wie so bleich um die Nase?<br \/>\nHast du bei Leichen gelegen?<br \/>\nVom Thursen ahn ich etwas in dir:<br \/>\nBist solcher Braut nicht geboren.<\/p>\n<p style=\"text-align: center;\">Alwis:<br \/>\nAlwis hei\u00df ich, unter der Erde<br \/>\nSteht mein Haus im Gestein.<br \/>\nWarnen will ich den Wagenlenker:<br \/>\nBreche niemand festen Bund.<\/p>\n<p style=\"text-align: center;\">Thor:<br \/>\nIch will ihn brechen: die Braut hat der Vater<br \/>\nAllein zu gew\u00e4hren Gewalt.<br \/>\nIch war nicht daheim, da sie dir verhei\u00dfen ward;<br \/>\nKein anderer gibt sie der G\u00f6tter.<\/p>\n<p style=\"text-align: center;\">Alwis:<br \/>\nWer ist der Recke, der sich r\u00fchmt zu schalten<br \/>\n\u00dcber die bl\u00fchende Braut?<br \/>\nAls Landstreicher l\u00e4stert dich niemand:<br \/>\nWer hat dich mit Ringen beraten?<\/p>\n<p style=\"text-align: center;\">Thor:<br \/>\nWingthor hei\u00df ich, der weitgewanderte,<br \/>\nSidgranis Sohn.<br \/>\nWider meinen Willen erwirbst du das M\u00e4dchen nicht<br \/>\nNoch das Jawort je.<\/p>\n<p style=\"text-align: center;\">Alwis:<br \/>\nSo w\u00fcnsch ich denn deine Bewilligung<br \/>\nUnd das Jawort zu gewinnen.<br \/>\nBesser zu haben als zu entbehren<br \/>\nIst mir das mehlwei\u00dfe M\u00e4dchen.<\/p>\n<p style=\"text-align: center;\">Thor:<br \/>\nDes M\u00e4dchens Minne mag ich dir,<br \/>\nWeiser Gast, nicht weigern,<br \/>\nKannst du aus allen Welten mir kund tun<br \/>\nWas ich zu wissen w\u00fcnsche.<\/p>\n<p style=\"text-align: center;\">Alwis:<br \/>\nVersuch es, Wingthor, da du gesonnen bist<br \/>\nAn des Zwerges Wissen zu zweifeln.<br \/>\nAlle neun Himmel hab ich durchmessen<br \/>\nUnd wei\u00df von allen Wesen.<\/p>\n<p style=\"text-align: center;\">Thor:<br \/>\nSo sage mir, Alwis, da alle Wesen,<br \/>\nKluger Zwerg, du erkennst,<br \/>\nWie hei\u00dft die Erde, die allern\u00e4hrende,<br \/>\nIn den Welten allen?<\/p>\n<p style=\"text-align: center;\">Alwis:<br \/>\nErde den Menschen, den Asen Feld,<br \/>\nDie Wanen nennen sie Weg,<br \/>\nAllgr\u00fcn die Joten, die Alfen Wachstum,<br \/>\nLehm hei\u00dfen sie h\u00f6here M\u00e4chte.<\/p>\n<p style=\"text-align: center;\">Thor:<br \/>\nSage mir, Alwis, da alle Wesen,<br \/>\nKluger Zwerg, du erkennst,<br \/>\nWie hei\u00dft der Himmel, der hoch sich w\u00f6lbt,<br \/>\nIn den Welten allen?<\/p>\n<p style=\"text-align: center;\">Alwis:<br \/>\nHimmel den Menschen, den Himmlischen Dach,<br \/>\nWindweber den Wanen,<br \/>\nRiesen \u00dcberwelt, Elfen Gl\u00e4nzhelm,<br \/>\nZwergen Tr\u00e4ufeltor.<\/p>\n<p style=\"text-align: center;\">Thor:<br \/>\nSage mir, Alwis, da alle Wesen,<br \/>\nKluger Zwerg, du erkennst,<br \/>\nWie hei\u00dft der Mond, den die Menschen schaun,<br \/>\nIn den Welten allen?<\/p>\n<p style=\"text-align: center;\">Alwis:<br \/>\nMond sagen Sterbliche, Scheibe G\u00f6tter,<br \/>\nBei Hel sagt man rollendes Rad,<br \/>\nSputer bei Riesen, Schein bei Zwergen,<br \/>\nJahrz\u00e4hler aber bei Alfen.<\/p>\n<p style=\"text-align: center;\">Thor:<br \/>\nSage mir, Alwis, da alle Wesen,<br \/>\nKluger Zwerg, du erkennst,<br \/>\nWie hei\u00dft die Sonne, die den Geschlechtern leuchtet,<br \/>\nIn den Welten allen?<\/p>\n<p style=\"text-align: center;\">Alwis:<br \/>\nSonne sagen Menschen, Gestirn die Seligen,<br \/>\nZwerge Zwergs \u00dcberlisterin,<br \/>\nLichtauge Joten, Alfen Glanzkrei\u00df,<br \/>\nAllklar der Asen Freunde.<\/p>\n<p style=\"text-align: center;\">Thor:<br \/>\nSage mir, Alwis, da alle Wesen,<br \/>\nKluger Zwerg, du erkennst,<br \/>\nWie nennt man die Wolken, die nebelfeuchten,<br \/>\nIn den Welten allen?<\/p>\n<p style=\"text-align: center;\">Alwis:<br \/>\nMenschen sagen Wolken, W\u00e4sserer G\u00f6tter,<br \/>\nWindschiff die Wanen,<br \/>\nRiesen Regenbringer, Alfen Naschwetter,<br \/>\nBei Hel hei\u00dfen sie Nebelhelm.<\/p>\n<p style=\"text-align: center;\">Thor:<br \/>\nSage mir, Alwis, da alle Wesen,<br \/>\nKluger Zwerg, du erkennst,<br \/>\nWie hei\u00dft der Wind, der weithin f\u00e4hrt,<br \/>\nIn den Welten allen?<\/p>\n<p style=\"text-align: center;\">Alwis:<br \/>\nWind bei den Menschen, Wehn bei den G\u00f6ttern,<br \/>\nWieherer h\u00f6hern Wesen,<br \/>\nGreiner bei Joten, bei Alfen L\u00e4rmer,<br \/>\nBei Hel hei\u00dft er Heuler.<\/p>\n<p style=\"text-align: center;\">Thor:<br \/>\nSage mir, Alwis, da alle Wesen,<br \/>\nKluger Zwerg, du erkennst,<br \/>\nWie hei\u00dft die Luftstille, die liegen soll<br \/>\n\u00dcber allen Welten?<\/p>\n<p style=\"text-align: center;\">Alwis:<br \/>\nDen Menschen Luft, Lager den G\u00f6ttern,<br \/>\nWindflucht sagen die Wanen,<br \/>\nSchw\u00fcle die Riesen, Alfen Morgenruhe,<br \/>\nZwerge, hei\u00dfen sie Heiterkeit.<\/p>\n<p style=\"text-align: center;\">Thor:<br \/>\nSage mir, Alwis, da alle Wesen,<br \/>\nKluger Zwerg, du erkennst,<br \/>\nWie hei\u00dft das Meer, das M\u00e4nner berudern,<br \/>\nIn den Welten allen?<\/p>\n<p style=\"text-align: center;\">Alwis:<br \/>\nSee sagen Menschen, Spiegler die G\u00f6tter,<br \/>\nWanen nennen es Woge,<br \/>\nRiesen Aalheim, Alfen Wasserschatz,<br \/>\nZwerge hei\u00dfen es hohes Meer.<\/p>\n<p style=\"text-align: center;\">Thor:<br \/>\nSage mir, Alwis, da alle Wesen,<br \/>\nKluger Zwerg, du erkennst,<br \/>\nWie hei\u00dft das Feuer, das den V\u00f6lkern brennt,<br \/>\nIn den Welten allen?<\/p>\n<p style=\"text-align: center;\">Alwis:<br \/>\nDen Menschen Feuer, Flamme den G\u00f6ttern,<br \/>\nWoger sagen Wanen,<br \/>\nRiesen Raschler, Zwerge Z\u00fcnder,<br \/>\nBei Hel hei\u00dft es W\u00fcster.<\/p>\n<p style=\"text-align: center;\">Thor:<br \/>\nSage mir, Alwis, da alle Wesen,<br \/>\nKluger Zwerg, du erkennst,<br \/>\nWie hei\u00dft der Wald, der ewig wachsen soll,<br \/>\nIn den Welten allen?<\/p>\n<p style=\"text-align: center;\">Alwis:<br \/>\nWald hei\u00dft er Menschen, G\u00f6ttern Haar der Berge,<br \/>\nBei Hel H\u00fcgelmoos,<br \/>\nBei Riesen Indieglut, bei Alfen Sch\u00f6nverzweigt,<br \/>\nWanen hei\u00dft er Heister.<\/p>\n<p style=\"text-align: center;\">Thor:<br \/>\nSage mir, Alwis, da alle Wesen,<br \/>\nKluger Zwerg, du erkennst,<br \/>\nWie hei\u00dft die Nacht, die N\u00f6rwis Tochter ist,<br \/>\nIn den Welten allen?<\/p>\n<p style=\"text-align: center;\">Alwis:<br \/>\nNacht bei den Menschen, Nebel den G\u00f6ttern,<br \/>\nH\u00fclle h\u00f6hern Wesen,<br \/>\nRiesen Ohnelicht, Alfen Schlummerlust,<br \/>\nTraumgenu\u00df nennen sie Zwerge.<\/p>\n<p style=\"text-align: center;\">Thor:<br \/>\nSage mir, Alwis, da alle Wesen,<br \/>\nKluger Zwerg, du erkennst,<br \/>\nWie hei\u00dft die Saat, die da ges\u00e4t wird,<br \/>\nIn den Welten allen?<\/p>\n<p style=\"text-align: center;\">Alwis:<br \/>\nBei Menschen Saat, Samen bei G\u00f6ttern,<br \/>\nGew\u00e4chs bei den Wanen,<br \/>\nBei Riesen Atzung, bei Alfen Stoff,<br \/>\nBei Hel hei\u00dft sie wallende See.<\/p>\n<p style=\"text-align: center;\">Thor:<br \/>\nSage mir, Alwis, da alle Wesen,<br \/>\nKluger Zwerg, du erkennst,<br \/>\nWie hei\u00dft das Ael, das alle trinken,<br \/>\nIn den Welten allen?<\/p>\n<p style=\"text-align: center;\">Alwis:<br \/>\nBei Menschen Ael, bei Asen Bier,<br \/>\nWanen sagen Saft,<br \/>\nBei Hel hei\u00dft es Met, bei Riesen helle Flut,<br \/>\nGeschl\u00fcrf bei Suttungs S\u00f6hnen.<\/p>\n<p style=\"text-align: center;\">Thor:<br \/>\nAus einer Brust alter Kunden<br \/>\nVernahm ich nie so viel.<br \/>\nMit schlauen L\u00fcsten, verlorst du die Wette,<br \/>\nDer Tag verzaubert dich, Zwerg:<br \/>\nDie Sonne scheint in den Saal.<\/p>\n<p style=\"text-align: center;\"><span style=\"font-size: 8pt;\">Unser Dank gilt Dungeon Keeper f\u00fcr den zugesanden Text.<\/span><\/p>\n","protected":false},"excerpt":{"rendered":"<p>Alvissmal Das Lied von Alwis Alwis: Gedeckt sind die B\u00e4nke: so sei die Braut nun Mit mir zu reisen bereit. F\u00fcr allzuhastig h\u00e4lt man mich wohl; Doch daheim wer raubt uns die Ruhe? Thor: Wer bist du, Bursch? Wie so bleich um die Nase? Hast du bei Leichen gelegen? Vom Thursen ahn ich etwas in &hellip; <\/p>\n<p class=\"link-more\"><a href=\"https:\/\/shop.mittgard.de\/?page_id=5112\" class=\"more-link\"><span class=\"screen-reader-text\">\u201eAlvissmal &#8211; Das Lied von Alwis\u201c <\/span>weiterlesen<\/a><\/p>\n","protected":false},"author":2,"featured_media":0,"parent":5025,"menu_order":0,"comment_status":"closed","ping_status":"closed","template":"","meta":{"footnotes":""},"class_list":["post-5112","page","type-page","status-publish","hentry"],"_links":{"self":[{"href":"https:\/\/shop.mittgard.de\/index.php?rest_route=\/wp\/v2\/pages\/5112","targetHints":{"allow":["GET"]}}],"collection":[{"href":"https:\/\/shop.mittgard.de\/index.php?rest_route=\/wp\/v2\/pages"}],"about":[{"href":"https:\/\/shop.mittgard.de\/index.php?rest_route=\/wp\/v2\/types\/page"}],"author":[{"embeddable":true,"href":"https:\/\/shop.mittgard.de\/index.php?rest_route=\/wp\/v2\/users\/2"}],"replies":[{"embeddable":true,"href":"https:\/\/shop.mittgard.de\/index.php?rest_route=%2Fwp%2Fv2%2Fcomments&post=5112"}],"version-history":[{"count":1,"href":"https:\/\/shop.mittgard.de\/index.php?rest_route=\/wp\/v2\/pages\/5112\/revisions"}],"predecessor-version":[{"id":5113,"href":"https:\/\/shop.mittgard.de\/index.php?rest_route=\/wp\/v2\/pages\/5112\/revisions\/5113"}],"up":[{"embeddable":true,"href":"https:\/\/shop.mittgard.de\/index.php?rest_route=\/wp\/v2\/pages\/5025"}],"wp:attachment":[{"href":"https:\/\/shop.mittgard.de\/index.php?rest_route=%2Fwp%2Fv2%2Fmedia&parent=5112"}],"curies":[{"name":"wp","href":"https:\/\/api.w.org\/{rel}","templated":true}]}}