{"id":5116,"date":"2018-11-05T16:55:42","date_gmt":"2018-11-05T15:55:42","guid":{"rendered":"http:\/\/shop.mittgard.de\/?page_id=5116"},"modified":"2018-11-05T16:55:42","modified_gmt":"2018-11-05T15:55:42","slug":"grogaldr-groas-erweckung","status":"publish","type":"page","link":"https:\/\/shop.mittgard.de\/?page_id=5116","title":{"rendered":"Grogaldr &#8211; Groas Erweckung"},"content":{"rendered":"<h1 style=\"text-align: center;\">Grogaldr<br \/>\nGroas Erweckung<\/h1>\n<p style=\"text-align: center;\">Wache, Groa, erwache, gutes Weib,<br \/>\nIch wecke dich am Totentor.<br \/>\nGedenkt dir des nicht? Zu deinem Grab<br \/>\nHast du den Sohn beschieden.<\/p>\n<p style=\"text-align: center;\">&#8222;Was bek\u00fcmmert nun mein einziges Kind?<br \/>\nWelch Unheil \u00e4ngstet dich,<br \/>\nDa\u00df du die Mutter anrufst, die in der Erde ruht,<br \/>\nMenschliche Wohnungen l\u00e4ngst verlie\u00df?&#8220;<\/p>\n<p style=\"text-align: center;\">Zu \u00fcbelm Spiel beschiedst du mich. Arge:<br \/>\nDie mein Vater umfing<br \/>\nLud an den Ort mich, den kein Lebender kennt,<br \/>\nEine Frau hier zu finden.<\/p>\n<p style=\"text-align: center;\">&#8222;Lang ist die Wanderung, die Wege sind lang,<br \/>\nLang ist der Menschen Verlangen.<br \/>\nWenn es sich f\u00fcgt, da\u00df sich erf\u00fcllt dein Wunsch,<br \/>\nSo lacht dir g\u00fcnstiges Gl\u00fcck.&#8220;<\/p>\n<p style=\"text-align: center;\">Heb ein Lied an, das heilsam ist,<br \/>\nKr\u00e4ftige, Mutter, dein Kind.<br \/>\nUnterwegs f\u00fcrcht ich den Untergang,<br \/>\nAllzujung eracht ich mich.<\/p>\n<p style=\"text-align: center;\">&#8222;So heb ich zuerst an ein heilkr\u00e4ftig Lied,<br \/>\nDas Rinda sang der Ran:<br \/>\nHinter die Schultern wirf was du beschwerlich w\u00e4hnst,<br \/>\nDir selbst vertraue selber.<\/p>\n<p style=\"text-align: center;\">Zum \u00e4ndern sing ich dir, da du irren sollst<br \/>\nAuf weiten Wegen wonnelos:<br \/>\nDer Urd Riegel sollen dich allseits wahren,<br \/>\nWo du Sch\u00e4ndliches siehst.<\/p>\n<p style=\"text-align: center;\">Zum dritten sing ich dies, wenn wo verderblich<br \/>\nFlutende Fl\u00fcsse brausen,<br \/>\nDer rei\u00dfende, rauschende rinne dem Abgrund zu,<br \/>\nVor dir Versand er und schwinde.<\/p>\n<p style=\"text-align: center;\">Dies sing ich zum vierten, so Feinde dir dr\u00e4uend<br \/>\nAm Galgenweg begegnen,<br \/>\nIhnen mangle der Mut, die Macht sei bei dir<br \/>\nBis sie zum Frieden sich f\u00fcgen.<\/p>\n<p style=\"text-align: center;\">Dies sing ich zum f\u00fcnften, so Fesseln sich dir<br \/>\nUm die Gelenke legen,<br \/>\nL\u00f6sende Glut gie\u00dft dir mein Lied um die Glieder,<br \/>\nDer Haft springt von der Hand,<br \/>\nVon den F\u00fc\u00dfen die Fessel.<\/p>\n<p style=\"text-align: center;\">Dies sing ich zum sechsten, st\u00fcrmt die See<br \/>\nWilder als Menschen wissen,<br \/>\nSturm und Flut fa\u00df in den Schlauch,<br \/>\nDa\u00df sie frohe Fahrt gew\u00e4hren.<\/p>\n<p style=\"text-align: center;\">Dies sing ich zum siebenten, wenn dich schaurig umweht<br \/>\nDer Frost auf Felsenh\u00f6hen,<br \/>\nKein Glied verletze dir der grimme Hauch,<br \/>\nNoch soll er die Sehnen dir straff ziehn.<\/p>\n<p style=\"text-align: center;\">Dies sing ich zum achten, \u00fcberf\u00e4llt dich<br \/>\nDie Nacht auf nebligem Wege,<br \/>\nNichts desto minder mag dir nicht schaden<br \/>\nEin getauftes totes Weib.<\/p>\n<p style=\"text-align: center;\">Zum neunten sing ich dir, wird dir Not mit dem Joten,<br \/>\nDem schwertgeschm\u00fcckten, zu reden,<br \/>\nWortes und Witzes sei im bewu\u00dften Herzen<br \/>\nF\u00fclle dir und \u00dcberflu\u00df.<\/p>\n<p style=\"text-align: center;\">Nun fahre getrost der Gefahr entgegen,<br \/>\nDich mag kein Hindernis hemmen.<br \/>\nIch stand auf dem Stein an der Schwelle des Grabs<br \/>\nUnd lie\u00df mein Lied dir erklingen.<\/p>\n<p style=\"text-align: center;\">Nimm mit dir, Sohn, der Mutter Worte<br \/>\nUnd behalte sie im Herzen:<br \/>\nHeils genug hast du immer<br \/>\nDieweil mein Wort dir gedenkt.&#8220;<\/p>\n<p style=\"text-align: center;\"><span style=\"font-size: 8pt;\">Unser Dank gilt Dungeon Keeper f\u00fcr den zugesanden Text.<\/span><\/p>\n","protected":false},"excerpt":{"rendered":"<p>Grogaldr Groas Erweckung Wache, Groa, erwache, gutes Weib, Ich wecke dich am Totentor. Gedenkt dir des nicht? Zu deinem Grab Hast du den Sohn beschieden. &#8222;Was bek\u00fcmmert nun mein einziges Kind? Welch Unheil \u00e4ngstet dich, Da\u00df du die Mutter anrufst, die in der Erde ruht, Menschliche Wohnungen l\u00e4ngst verlie\u00df?&#8220; Zu \u00fcbelm Spiel beschiedst du mich. &hellip; <\/p>\n<p class=\"link-more\"><a href=\"https:\/\/shop.mittgard.de\/?page_id=5116\" class=\"more-link\"><span class=\"screen-reader-text\">\u201eGrogaldr &#8211; Groas Erweckung\u201c <\/span>weiterlesen<\/a><\/p>\n","protected":false},"author":2,"featured_media":0,"parent":5025,"menu_order":0,"comment_status":"closed","ping_status":"closed","template":"","meta":{"footnotes":""},"class_list":["post-5116","page","type-page","status-publish","hentry"],"_links":{"self":[{"href":"https:\/\/shop.mittgard.de\/index.php?rest_route=\/wp\/v2\/pages\/5116","targetHints":{"allow":["GET"]}}],"collection":[{"href":"https:\/\/shop.mittgard.de\/index.php?rest_route=\/wp\/v2\/pages"}],"about":[{"href":"https:\/\/shop.mittgard.de\/index.php?rest_route=\/wp\/v2\/types\/page"}],"author":[{"embeddable":true,"href":"https:\/\/shop.mittgard.de\/index.php?rest_route=\/wp\/v2\/users\/2"}],"replies":[{"embeddable":true,"href":"https:\/\/shop.mittgard.de\/index.php?rest_route=%2Fwp%2Fv2%2Fcomments&post=5116"}],"version-history":[{"count":1,"href":"https:\/\/shop.mittgard.de\/index.php?rest_route=\/wp\/v2\/pages\/5116\/revisions"}],"predecessor-version":[{"id":5117,"href":"https:\/\/shop.mittgard.de\/index.php?rest_route=\/wp\/v2\/pages\/5116\/revisions\/5117"}],"up":[{"embeddable":true,"href":"https:\/\/shop.mittgard.de\/index.php?rest_route=\/wp\/v2\/pages\/5025"}],"wp:attachment":[{"href":"https:\/\/shop.mittgard.de\/index.php?rest_route=%2Fwp%2Fv2%2Fmedia&parent=5116"}],"curies":[{"name":"wp","href":"https:\/\/api.w.org\/{rel}","templated":true}]}}