{"id":5122,"date":"2018-11-05T16:58:18","date_gmt":"2018-11-05T15:58:18","guid":{"rendered":"http:\/\/shop.mittgard.de\/?page_id=5122"},"modified":"2018-11-05T16:58:18","modified_gmt":"2018-11-05T15:58:18","slug":"hyndluliod-das-hyndlalied","status":"publish","type":"page","link":"https:\/\/shop.mittgard.de\/?page_id=5122","title":{"rendered":"Hyndluliod &#8211; Das Hyndlalied"},"content":{"rendered":"<h1 style=\"text-align: center;\">Hyndluliod<br \/>\nDas Hyndlalied<\/h1>\n<p style=\"text-align: center;\">Freyja:<br \/>\nWache, Maid der Maide, meine Freundin, erwache!<br \/>\nHyndla, Schwester, H\u00f6hlenbewohnerin.<br \/>\nNacht ist&#8217;s und Nebel; reiten wir nun<br \/>\nWallhall zu, geweihten St\u00e4tten.<\/p>\n<p style=\"text-align: center;\">Laden Heervatern in unsre Herzen:<br \/>\nEr g\u00f6nnt und gibt das Gold den Werten.<br \/>\nEr gab Hermod Helm und Br\u00fcnne,<br \/>\nLie\u00df den Siegmund das Schwert gewinnen.<\/p>\n<p style=\"text-align: center;\">Gibt Sieg den S\u00f6hnen, gibt andern Sold,<br \/>\nWorte manchem und Witz den Mannen,<br \/>\nFahrwind den Schiffern, den Skalden Lieder,<br \/>\nMannheit und Mut dem heitern Mann.<\/p>\n<p style=\"text-align: center;\">Dem Thor werd ich opfern, werd ihn erflehen,<br \/>\nDa\u00df er g\u00fcnstig immerdar sich dir erweise,<br \/>\nOb freilich kein Freund der Riesenfrauen.<\/p>\n<p style=\"text-align: center;\">Nun w\u00e4hl aus dem Stall deiner W\u00f6lfe einen,<br \/>\nUnd la\u00df ihn rennen mit dem Runenhalfter.<\/p>\n<p style=\"text-align: center;\">Hyndla:<br \/>\nDein Eber ist tr\u00e4g G\u00f6tterwege zu treten;<br \/>\nIch will mein Ro\u00df, das rasche, nicht satteln.<\/p>\n<p style=\"text-align: center;\">Verschmitzt bist du, Freyja, da\u00df du mich versuchst<br \/>\nUnd also die Augen wendest zu uns.<br \/>\nHast du den Mann doch dahin zum Gef\u00e4hrten,<br \/>\nOttar den jungen, Innsteins Sohn.<\/p>\n<p style=\"text-align: center;\">Freyja :<br \/>\nDu faselst, Hyndla, tr\u00e4umt dir vielleicht?<br \/>\nDa\u00df du sagst, mein Geselle sei mein Mann.<br \/>\nMeinem Eber gl\u00fchn die goldnen Borsten,<br \/>\nDem Hildiswin, den herrlich schufen<br \/>\nDie beiden Zwerge Dain und Nabbi.<\/p>\n<p style=\"text-align: center;\">La\u00df uns im Sattel sitzen und plaudern<br \/>\nUnd von den Geschlechtern der F\u00fcrsten sprechen,<br \/>\nDen St\u00e4mmen der Helden, die G\u00f6ttern entsprangen.<br \/>\nDar\u00fcber wetteten um goldnes Erbe<br \/>\nOttar der junge und Angantyr.<\/p>\n<p style=\"text-align: center;\">Wir helfen billig, da\u00df dem jungen Helden<br \/>\nSein Vatergut werde nach seinen Freunden:<\/p>\n<p style=\"text-align: center;\">Er hat mir aus Steinen ein Haus errichtet,<br \/>\nGleich dem Glase nun gl\u00e4nzen die Mauern,<br \/>\nSo oft tr\u00e4nkt er sie mit Ochsenblut.<br \/>\nImmer den Asinnen war Ottar hold.<\/p>\n<p style=\"text-align: center;\">Die Reihen der Ahnen rechne nun her<br \/>\nUnd die entsprungnen Geschlechter der F\u00fcrsten.<br \/>\nWelche sind Ski\u00f6ldunge? Welche sind Skilfinge?<br \/>\nWelche sind \u00d6dlinge? Welche sind Ynglinge?<br \/>\nWelche sind W\u00f6lfinge? Welche sind W\u00f6lsunge?<br \/>\nWer stammt von Freien? Wer stammt von Hersen<br \/>\nUnter den M\u00e4nnern, die Midgard bewohnen?<\/p>\n<p style=\"text-align: center;\">HyndIa:<br \/>\nOttar, du bist von Innstein gezeugt,<br \/>\nAlf dem Alten ist Innstein entstammt.<br \/>\nAlf von Ulf, Ulf von S\u00e4far,<br \/>\nAber S\u00e4far von Swan dem Roten.<\/p>\n<p style=\"text-align: center;\">Deines Vaters Mutter, die festlich geschm\u00fcckte,<br \/>\nHledis, w\u00e4hn ich, hie\u00df sie, die Priesterin.<br \/>\nIhr Vater war Prodi, Friant ihre Mutter.<br \/>\n\u00dcbermenschlich schien all dies Geschlecht.<\/p>\n<p style=\"text-align: center;\">Ali war der M\u00e4nner m\u00e4chtigster einst,<br \/>\nHalfdan der alte der hehrste der Ski\u00f6ldungen.<br \/>\nBekannt sind die K\u00e4mpfe, die die K\u00fchnen fochten;<br \/>\nIhre Taten flogen zu des Himmels Gefilden.<\/p>\n<p style=\"text-align: center;\">Sein Schw\u00e4her Eymund half ihm, der h\u00f6chste der M\u00e4nner,<br \/>\nDen Sigtrygg schlug er mit kaltem Schwert.<br \/>\nAlmweig ehlicht er, die edle Frau;<br \/>\nAlmweig gebar ihm achtzehn S\u00f6hne.<\/p>\n<p style=\"text-align: center;\">Daher die Ski\u00f6ldunge, daher die Skilfinge,<br \/>\nDaher die \u00d6dlinge, daher die Ynglinge,<br \/>\nDaher die W\u00f6lfinge, daher die W\u00f6lsunge,<br \/>\nDaher die Freien, daher die Hersen,<br \/>\nDie Bl\u00fcte der M\u00e4nner, die Midgard bewohnen.<br \/>\nDies all ist dein Geschlecht, Ottar du Bl\u00f6der!<\/p>\n<p style=\"text-align: center;\">Hildigunna war der Hehren Mutter,<br \/>\nSwawas Tochter und des Seek\u00f6nigs.<br \/>\nDies ist all dein Geschlecht, Ottar du Bl\u00f6der!<br \/>\nDies wiss und bewahre: willst du noch mehr?<\/p>\n<p style=\"text-align: center;\">Dag hatte Thora, die Heldenmutter:<br \/>\nDem Stamm entstiegen der Streiter beste:<br \/>\nFradmar und Gyrd und beide Freki,<br \/>\nAm, J\u00f6sur, M\u00e4r und Alf der Alte.<br \/>\nDies wiss und bewahre: willst du noch mehr?<\/p>\n<p style=\"text-align: center;\">Ketil ihr Freund, der Erbe Klypis,<br \/>\nWar deiner Mutter Muttervater.<br \/>\nFrodi war fr\u00fcher als Kari,<br \/>\nAber der \u00e4lteste Alf geboren.<\/p>\n<p style=\"text-align: center;\">Die n\u00e4chste war Nanna, N\u00f6ckis Tochter,<br \/>\nIhr Sohn der Vetter deines Vaters.<br \/>\nAlt ist die Sippe, ich schreite weiter.<br \/>\nIch kannte beide Brodd und H\u00f6rfi:<br \/>\nDies all ist dein Geschlecht, Ottar du Bl\u00f6der!<\/p>\n<p style=\"text-align: center;\">Isolf und Asolf, \u00d6lmods S\u00f6hne<br \/>\nUnd Skurhildens, der Tochter Skeckils.<br \/>\nAuf steigt dein Ursprung zu vielen Ahnen.<br \/>\nDies all ist dein Geschlecht, Ottar du Bl\u00f6der!<\/p>\n<p style=\"text-align: center;\">Gunnar, Balk, Grim, Ardskafi,<br \/>\nJarnski\u00f6ld, Thorir und Ulf, der G\u00e4hnende. &#8211;<br \/>\n(Herward, Hi\u00f6rward, Hrani, Angantyr)<br \/>\nBui und Brami, Barri und Reifnir,<br \/>\nTind und Tyrfing, zwei Haddinge:<br \/>\nDies all ist dein Geschlecht, Ottar du Bl\u00f6der!<\/p>\n<p style=\"text-align: center;\">Zu Sorgen und Arbeit hatte die S\u00f6hne<br \/>\nArngrim gezeugt mit Eyfura,<br \/>\nDa\u00df Schauer und Schrecken von Berserkerschw\u00e4rmen<br \/>\n\u00dcber Land und Meer gleich Flammen lohten:<br \/>\nDies ist all dein Geschlecht, Ottar du Bl\u00f6der!<\/p>\n<p style=\"text-align: center;\">Ich kannte beide, Brodd und H\u00f6rfi<br \/>\nDort am Hofe Hrolfs des Alten.<br \/>\nDie alle stammen von J\u00f6rmunreck,<br \/>\nDem Eidam Sigurds &#8211; ich sage dir&#8217;s &#8211;<br \/>\nDes volkgrimmen, der Fafnirn erschlug.<\/p>\n<p style=\"text-align: center;\">So war der K\u00f6nig, dem W\u00f6lsung entstammt,<br \/>\nUnd Hi\u00f6rdisa von Hraudung,<br \/>\nEylimi aber von den \u00d6dlingen.<br \/>\nDies all ist dein Geschlecht, Ottar du Bl\u00f6der!<\/p>\n<p style=\"text-align: center;\">Gunnar und H\u00f6gni waren Giukis Erben,<br \/>\nDesgleichen Gudrun, Gunnars Schwester.<br \/>\nNicht war Guttorm von Giukis Stamm,<br \/>\nGleichwohl ein Bruder war er der beiden,<br \/>\nDies all ist dein Geschlecht, Ottar du Bl\u00f6der!<\/p>\n<p style=\"text-align: center;\">Harald Hildetann, Hr\u00f6reks Erzeugter,<br \/>\nDes Ringverschleudrers, war Auds Sohn.<br \/>\nAud die \u00dcberreiche war Iwars Tochter,<br \/>\nAber Radbard Randwers Vater.<br \/>\nDies waren Helden den G\u00f6ttern geweiht.<br \/>\nDies all ist dein Geschlecht, Ottar du Bl\u00f6der!<\/p>\n<p style=\"text-align: center;\">Elfe wurden der Asen gez\u00e4hlt,<br \/>\nAls Baldur beschritt die t\u00f6dlichen Scheite.<br \/>\nWall bew\u00e4hrte sich wert ihn zu r\u00e4chen,<br \/>\nDa er den M\u00f6rder des Bruders bemeisterte.<br \/>\nDies all ist dein Geschlecht, Ottar du Bl\u00f6der!<\/p>\n<p style=\"text-align: center;\">Baldurn erzeugte Buris Erbe.<br \/>\nFreyr nahm Gerd, Gymirs Tochter,<br \/>\nDen Riesen anverwandt und der Aurboda.<br \/>\nSo war auch Thiassi verwandt mit ihr,<br \/>\nDer hochm\u00fctige Thurse, dessen Tochter Skadi war.<\/p>\n<p style=\"text-align: center;\">Vieles erw\u00e4hnt ich, mehr noch wei\u00df ich;<br \/>\nWi\u00dft und bewahrt es: wollt ihr noch mehr?<\/p>\n<p style=\"text-align: center;\">Von Hwednas S\u00f6hnen war Haki der schlimmste nicht.<br \/>\nHwednas Vater war Hi\u00f6rward.<br \/>\nHeid und Hrossthiof sind Hrimnirn entstammt.<\/p>\n<p style=\"text-align: center;\">Von Widolf kommen die Walen alle,<br \/>\nAlle Zaubrer sind Wilmeidis Erzeugte.<br \/>\nDie Sudk\u00fcnstler stammen von Swarth\u00f6fdi,<br \/>\nAber von Ymir alle die Riesen.<\/p>\n<p style=\"text-align: center;\">Vieles erw\u00e4hnt ich, mehr noch wei\u00df ich;<br \/>\nWi\u00dft und bewahrt es: wollt ihr noch mehr?<\/p>\n<p style=\"text-align: center;\">Geboren ward einer am Anfang der Tage,<br \/>\nEin Wunder der St\u00e4rke, g\u00f6ttlichen Stamms.<br \/>\nNeune gebaren ihn, der Frieden verliehn hat,<br \/>\nDer Riesent\u00f6chter am Erdenrand.<\/p>\n<p style=\"text-align: center;\">Gialp gebar ihn, Greip gebar ihn,<br \/>\nIhn gebar Eistia und Angeyja,<br \/>\nUlfrun gebar ihn und Eyrgiafa,<br \/>\nImd und Atla, und Jarnsaxa.<\/p>\n<p style=\"text-align: center;\">Dem Sohn mehrte die Erde die Macht,<br \/>\nWindkalte See und Sonnenstrahlen.<br \/>\nVieles erw\u00e4hnt ich, mehr noch wei\u00df ich;<br \/>\nWi\u00dft und bewahrt es: wollt ihr noch mehr?<\/p>\n<p style=\"text-align: center;\">Den Wolf zeugte Loki mit Angurboda,<br \/>\nDen Sleipnir empfing er von Swadilfari.<br \/>\nEin Scheusal schien das allerabscheulichste:<br \/>\nDas war von Bileistis Bruder erzeugt.<\/p>\n<p style=\"text-align: center;\">Ein gesottnes Herz a\u00df Loki im Holz,<br \/>\nDa fand er halbverbrannt das steinharte Frauenherz.<br \/>\nLopturs List kommt von dem losen Weibe;<br \/>\nAlle Unget\u00fcme sind ihm entstammt.<\/p>\n<p style=\"text-align: center;\">Meerwogen heben sich zur Himmelsw\u00f6lbung<br \/>\nUnd lassen sich nieder, wenn die Luft sich abk\u00fchlt.<br \/>\nDann kommt der Schnee und st\u00fcrmische Winde:<br \/>\nDas ist das Ende der ewigen G\u00fcsse.<\/p>\n<p style=\"text-align: center;\">Allen \u00fcberhehr ward einer geboren;<br \/>\nDem Sohn mehrte die Erde die Macht.<br \/>\nIhn r\u00fchmt man der Herrscher reichsten und gr\u00f6\u00dften,<br \/>\nDurch Sippe gesippt den V\u00f6lkern gesamt.<\/p>\n<p style=\"text-align: center;\">Einst kommt ein andrer m\u00e4chtiger als er;<br \/>\nDoch noch ihn zu nennen wag ich nicht.<br \/>\nWenige werden weiter blicken<br \/>\nAls bis Odin den Wolf angreift.<\/p>\n<p style=\"text-align: center;\">Freyja :<br \/>\nReiche das Ael meinem Gast zur Erinnerung,<br \/>\nDa\u00df Bewu\u00dftsein ihm w\u00e4hre von deinen Worten<br \/>\nAm dritten Morgen, und deiner Reden all,<br \/>\nWenn er und Angantur die Ahnen z\u00e4hlen.<\/p>\n<p style=\"text-align: center;\">Hyndlu:<br \/>\nNun scheide von hier, zu schlafen begehr ich:<br \/>\nWenig erlangst du noch Liebes von mir.<br \/>\nLauf in Liebesglut N\u00e4chte lang,<br \/>\nWie zwischen B\u00f6cken die Ziege rennt.<\/p>\n<p style=\"text-align: center;\">Du liefst bis zur Wut nach M\u00e4nnern verlangend,<br \/>\nMancher schon schl\u00fcpfte dir unter die Sch\u00fcrze.<br \/>\nLauf in Liebesglut N\u00e4chte lang,<br \/>\nWie zwischen B\u00f6cken die Ziege rennt.<\/p>\n<p style=\"text-align: center;\">Freya:<br \/>\nDie Waldbewohnerin umweb ich mit Feuer,<br \/>\nSo da\u00df du schwerlich entrinnst der St\u00e4tte.<br \/>\n(Lauf in Liebesglut N\u00e4chte lang,<br \/>\nWie zwischen B\u00f6cken die Ziege rennt.)<\/p>\n<p style=\"text-align: center;\">Hyndla:<br \/>\nFeuer seh ich gl\u00fchen, die Erde flammen:<br \/>\nSein Leben mu\u00df ein jeder l\u00f6sen.<br \/>\nSo reiche das Ael Ottar deinem Liebling:<br \/>\nDer Met vergeh ihm, der giftgemischte.<\/p>\n<p style=\"text-align: center;\">Freyja :<br \/>\nWenig verfangen soll dein Fluch<br \/>\nObgleich du. Riesenbraut, ihm B\u00f6ses sinnst.<br \/>\nSchl\u00fcrfen soll er segnenden Trank:<br \/>\nOttar, dir erfleh ich aller G\u00f6tter Hilfe.<\/p>\n<p style=\"text-align: center;\">\n<span style=\"font-size: 8pt;\">Unser Dank gilt Dungeon Keeper f\u00fcr den zugesanden Text.<\/span><\/p>\n","protected":false},"excerpt":{"rendered":"<p>Hyndluliod Das Hyndlalied Freyja: Wache, Maid der Maide, meine Freundin, erwache! Hyndla, Schwester, H\u00f6hlenbewohnerin. Nacht ist&#8217;s und Nebel; reiten wir nun Wallhall zu, geweihten St\u00e4tten. Laden Heervatern in unsre Herzen: Er g\u00f6nnt und gibt das Gold den Werten. Er gab Hermod Helm und Br\u00fcnne, Lie\u00df den Siegmund das Schwert gewinnen. Gibt Sieg den S\u00f6hnen, gibt &hellip; <\/p>\n<p class=\"link-more\"><a href=\"https:\/\/shop.mittgard.de\/?page_id=5122\" class=\"more-link\"><span class=\"screen-reader-text\">\u201eHyndluliod &#8211; Das Hyndlalied\u201c <\/span>weiterlesen<\/a><\/p>\n","protected":false},"author":2,"featured_media":0,"parent":5025,"menu_order":0,"comment_status":"closed","ping_status":"closed","template":"","meta":{"footnotes":""},"class_list":["post-5122","page","type-page","status-publish","hentry"],"_links":{"self":[{"href":"https:\/\/shop.mittgard.de\/index.php?rest_route=\/wp\/v2\/pages\/5122","targetHints":{"allow":["GET"]}}],"collection":[{"href":"https:\/\/shop.mittgard.de\/index.php?rest_route=\/wp\/v2\/pages"}],"about":[{"href":"https:\/\/shop.mittgard.de\/index.php?rest_route=\/wp\/v2\/types\/page"}],"author":[{"embeddable":true,"href":"https:\/\/shop.mittgard.de\/index.php?rest_route=\/wp\/v2\/users\/2"}],"replies":[{"embeddable":true,"href":"https:\/\/shop.mittgard.de\/index.php?rest_route=%2Fwp%2Fv2%2Fcomments&post=5122"}],"version-history":[{"count":1,"href":"https:\/\/shop.mittgard.de\/index.php?rest_route=\/wp\/v2\/pages\/5122\/revisions"}],"predecessor-version":[{"id":5123,"href":"https:\/\/shop.mittgard.de\/index.php?rest_route=\/wp\/v2\/pages\/5122\/revisions\/5123"}],"up":[{"embeddable":true,"href":"https:\/\/shop.mittgard.de\/index.php?rest_route=\/wp\/v2\/pages\/5025"}],"wp:attachment":[{"href":"https:\/\/shop.mittgard.de\/index.php?rest_route=%2Fwp%2Fv2%2Fmedia&parent=5122"}],"curies":[{"name":"wp","href":"https:\/\/api.w.org\/{rel}","templated":true}]}}