{"id":5140,"date":"2018-11-05T17:06:23","date_gmt":"2018-11-05T16:06:23","guid":{"rendered":"http:\/\/shop.mittgard.de\/?page_id=5140"},"modified":"2018-11-05T17:06:23","modified_gmt":"2018-11-05T16:06:23","slug":"sigrdrifumal-das-lied-von-sigdrifa","status":"publish","type":"page","link":"https:\/\/shop.mittgard.de\/?page_id=5140","title":{"rendered":"Sigrdrifumal &#8211; Das Lied von Sigdrifa"},"content":{"rendered":"<h1 style=\"text-align: center;\">Sigrdrifumal<br \/>\nDas Lied von Sigdrifa<\/h1>\n<p style=\"text-align: center;\">Sigurd ritt hinauf nach Hindarfiall und wandte sich s\u00fcdw\u00e4rts gen Frankenland. Auf dem Berge sah er ein gro\u00dfes Licht gleich als brennte ein Feuer, von dem es zum Himmel emporleuchtete. Aber als er hinzukam, stand da eine Schildburg und oben heraus ein Banner. Sigurd ging in die Schildburg und sah, da\u00df da ein Mann lag und in voller R\u00fcstung schlief. Dem zog er zuerst den Helm vom Haupt: da sah er, da\u00df es ein Weib war. Die Br\u00fcnne war fest als war sie ans Fleisch gewachsen. Da ritzte er mit Gram die Br\u00fcnne durch vom Haupt herab und danach auch an beiden Armen. Darauf zog er ihr die Br\u00fcnne ab; aber sie erwachte, richtete sich empor, sah den Sigurd an und sprach:<\/p>\n<p style=\"text-align: center;\">Was zerschnitt mir die Br\u00fcnne? Wie brach mir der Schlaf?<br \/>\nWer befreite mich der falben Bande?<\/p>\n<p style=\"text-align: center;\">Sigurd:<br \/>\nSigmunds Sohn: eben zerschnitt<br \/>\nDas Wehrgewand dir Sigurds Waffe.<\/p>\n<p style=\"text-align: center;\">Sigdrifa:<br \/>\nLange schlief ich, lange hielt mich der Schlummer,<br \/>\nLange lasten Menschenlose.<br \/>\nSo waltete Odin, ich wu\u00dfte nicht<br \/>\nDie Schlummerrunen abzusch\u00fctteln.<\/p>\n<p style=\"text-align: center;\">Sigurd setzte sich nieder und fragte nach ihrem Namen. Da nahm sie ein Horn voll Met und gab ihm Minnetrank.<\/p>\n<p style=\"text-align: center;\">Heil dir Tag, Heil euch Tagess\u00f6hnen,<br \/>\nHeil dir Nacht und n\u00e4hrende Erde:<br \/>\nMit unzorngen Augen schaut auf uns<br \/>\nUnd gebt uns Sitzenden Sieg.<\/p>\n<p style=\"text-align: center;\">Heil euch Asen, Heil euch Asinnen,<br \/>\nHeil dir, fruchtbares Feld!<br \/>\nWort und Weisheit gew\u00e4hrt uns edeln zwein<br \/>\nUnd immer heilende H\u00e4nde!<\/p>\n<p style=\"text-align: center;\">Sie nannte sich Sigdrifa und war Walk\u00fcre. Sie erz\u00e4hlte, wie zwei K\u00f6nige sich bekriegten: der eine hie\u00df Hialmgunnar, der war alt und der gr\u00f6\u00dfte Krieger, und Odin hatte ihm Sieg verhei\u00dfen:<\/p>\n<p style=\"text-align: center;\">Der andre hie\u00df Agnar, Adas Bruder:<br \/>\nDem wollte niemand Schutz gew\u00e4hren.<\/p>\n<p style=\"text-align: center;\">Sigdrifa f\u00e4llte den Hialmgunnar in der Schlacht; aber Odin stach sie zur Strafe daf\u00fcr mit einem Schlafdorn und sagte, von nun an solle sie nie wieder Sieg erfechten im Kampfe, sondern sich verm\u00e4hlen. &#8222;Aber ich sagte ihm, da\u00df ich das Gel\u00fcbde t\u00e4te, mich keinem Manne zu verm\u00e4hlen, der sich f\u00fcrchten k\u00f6nne.&#8220; Sigurd antwortete und bat sie, ihn Weisheit zu lehren, da sie die M\u00e4ren aus allen Welten w\u00fc\u00dfte.<\/p>\n<p style=\"text-align: center;\">Sigdrifa:<br \/>\nBier bring ich dir, du Baum in der Schlacht,<br \/>\nMit Macht gemischt und Mannesruhm,<br \/>\nVoll der Lieder und lindernder Spr\u00fcche,<br \/>\nGuter Zauber voll und Freudenrunen.<\/p>\n<p style=\"text-align: center;\">Siegrunen schneide, wenn du Sieg willst haben;<br \/>\nGrabe sie auf des Schwertes Griff;<br \/>\nAuf die Seiten einige, andere auf das Stichblatt<br \/>\nUnd nenne zweimal Tyr.<\/p>\n<p style=\"text-align: center;\">Aelrunen kenne, da\u00df des andern Frau<br \/>\nDich nicht tr\u00fcge wenn du traust.<br \/>\nAuf das Horn ritze sie und den R\u00fccken der Hand<br \/>\nUnd mal ein N (Not) auf den Nagel.<\/p>\n<p style=\"text-align: center;\">Die F\u00fcllung segne vor Gefahr dich zu sch\u00fctzen<br \/>\nUnd lege Lauch in den Trank.<br \/>\nSo wei\u00df ich wohl wird dir nimmerdar<br \/>\nDer Met mit Wein gemischt.<\/p>\n<p style=\"text-align: center;\">Bergrunen schneide, wenn du bergen willst<br \/>\nUnd l\u00f6sen die Frucht von Frauen,<br \/>\nIn die hohle Hand und hart um die Kn\u00f6chel<br \/>\nUnd heische der Disen Hilfe.<\/p>\n<p style=\"text-align: center;\">Brandungsrunen schneide, wenn du bergen willst<br \/>\nIm Sund die Segelrosse;<br \/>\nAufs Steven sollst du sie und aufs Steuerblatt ritzen,<br \/>\nDabei ins Ruder brennen:<br \/>\nNicht so wild ist der Sturm, nicht so schwarz die Welle,<br \/>\nHeil kommst du heim vom Meere.<\/p>\n<p style=\"text-align: center;\">Astrunen kenne, wenn du Arzt willst sein<br \/>\nUnd Wunden wissen zu heilen.<br \/>\nIn die Rinde ritze sie und das Reis am Baum,<br \/>\nWo ostw\u00e4rts die \u00c4ste sich wenden.<\/p>\n<p style=\"text-align: center;\">Gerichtsrunen kenne, wenn du der Rache willst<br \/>\nDeiner Sch\u00e4den sicher sein.<br \/>\nDie winde du ein, die wickle du ein<br \/>\nUnd setze sie alle zusammen<br \/>\nBei der Malst\u00e4tte, wo M\u00e4nner sollen<br \/>\nZu vollz\u00e4hligem Gerichte ziehen.<\/p>\n<p style=\"text-align: center;\">Geistrunen schneide, willst du kl\u00fcger scheinen<br \/>\nAls ein anderer Mann.<br \/>\nDie ersann und sprach, die schnitt zuerst<br \/>\nOdin, der sie auserdacht<br \/>\nAus der Flut, die geflossen war<br \/>\nAus dem Hirn Heiddraupnirs;<br \/>\nAus dem Horn Hoddraupnirs.<\/p>\n<p style=\"text-align: center;\">Auf dem Berge stand er mit blankem Schwert,<br \/>\nDen Helm auf dem Haupte.<br \/>\nDa hub Mimirs Haupt an weise das erste Wort<br \/>\nUnd sagte wahre St\u00e4be.<\/p>\n<p style=\"text-align: center;\">Auf dem Schilde st\u00fcnden sie vor dem scheinenden Gott,<br \/>\nAuf Arwakrs Ohr und Alswidrs Huf,<br \/>\nAuf dem Rad, das da rollt unter R\u00f6gnirs Wagen,<br \/>\nAuf Sleipnirs Z\u00e4hnen, auf des Schlittens Bandern.<\/p>\n<p style=\"text-align: center;\">Auf des B\u00e4ren Tatze, auf Bragis Zunge,<br \/>\nAuf den Klauen des Wolfs und den Krallen des Adlers,<br \/>\nAuf blutigen Schwingen, auf der Br\u00fccke Kopf,<br \/>\nAuf des L\u00f6senden Hand und des Lindernden Spur.<\/p>\n<p style=\"text-align: center;\">Auf Gold und Glas, auf dem Gl\u00fcck der Menschen,<br \/>\nIn Wein und W\u00fcrze, auf der Wala Sitz,<br \/>\nAuf Gungnirs Spitze und Granis Brust,<br \/>\nAuf dem Nagel der Norn und der Nachteule Schnabel.<\/p>\n<p style=\"text-align: center;\">Geschabt wurden alle, die geschnitten waren,<br \/>\nMit hehrem Met geheiligt<br \/>\nUnd gesandt auf weite Wege.<br \/>\nDie sind bei den Asen, die bei den Alfen,<br \/>\nDie bei weisen Wanen,<br \/>\nEinige unter Menschen.<\/p>\n<p style=\"text-align: center;\">Das sind Buchrunen, das sind Bergrunen,<br \/>\nDies alle Aelrunen<br \/>\nUnd r\u00fchmliche Machtrunen,<br \/>\nWer sie unverwirrt und unverdorben<br \/>\nWalten l\u00e4\u00dft zu seinem Wohl.<br \/>\nLerne sie und la\u00df sie wirken<br \/>\nBis die G\u00f6tter vergehn.<\/p>\n<p style=\"text-align: center;\">W\u00e4hle nun, da die Wahl dir geboten ist,<br \/>\nScharfer Waffenstamm:<br \/>\nSagen oder Schweigen ersinne dir selber;<br \/>\nAlle Meintat hat ihr Ma\u00df.<\/p>\n<p style=\"text-align: center;\">Sigurd:<br \/>\nNicht werd ich weichen, war gewi\u00df mir der Tod,<br \/>\nIch bin nicht bl\u00f6de geboren.<br \/>\nDeinem treuen Rat vertrauen werd ich<br \/>\nSo lange mir Leben w\u00e4hrt.<\/p>\n<p style=\"text-align: center;\">Sigdrifa:<br \/>\nDas rat ich zuv\u00f6rderst, gegen Freunde stets<br \/>\nLedig zu leben aller Schuld.<br \/>\nSei zu Rache nicht rasch, wenn sie dir Unrecht tun,<br \/>\nDas sagt man, taugt im Tode.<\/p>\n<p style=\"text-align: center;\">Das rat ich zum andern, keinen Eid zu schw\u00f6ren,<br \/>\nDer sich als wahr nicht bew\u00e4hrt.<br \/>\nGrimme Fesseln folgen dem Meineid,<br \/>\nUnselig ist der Schwurbrecher.<\/p>\n<p style=\"text-align: center;\">Das rat ich zum dritten, da\u00df du beim Dingmahl nicht<br \/>\nMit l\u00e4ppischen Leuten rechtest.<br \/>\nEin unkluger Mann kann oft doch sagen<br \/>\nSchlimmere Dinge, denn er wei\u00df.<\/p>\n<p style=\"text-align: center;\">Schlimm bleiben sie stets, denn schweigst du dazu,<br \/>\nSo d\u00fcnkst du bl\u00f6de geboren,<br \/>\nOder nicht mit Unrecht angeklagt.<br \/>\nViel liegt am Leumund,<br \/>\nDrum gib dir M\u00fch um guten.<br \/>\nLa\u00df andern Tags sein Leben enden:<br \/>\nSo lohne den Leuten die L\u00fcge.<\/p>\n<p style=\"text-align: center;\">Das rat ich zum vierten, wenn eine Vettel, die<br \/>\nAm Wege wohnt, der Schanden voll,<br \/>\nBesser als bleiben dabei ist fortgehn,<br \/>\n\u00dcbern\u00e4hme dich auch die Nacht.<\/p>\n<p style=\"text-align: center;\">Muntrer Augen braucht ein Menschensohn,<br \/>\nWo es kommt zu hei\u00dfem Kampf.<br \/>\nAm Wege sitzen b\u00f6se Weiber oft,<br \/>\nDie Schwert und Sinn bet\u00e4uben.<\/p>\n<p style=\"text-align: center;\">Das rat ich dir f\u00fcnftens, wo du sch\u00f6ne Frauen<br \/>\nSitzen siehst auf den B\u00e4nken,<br \/>\nLa\u00df Weibersch\u00f6nheit dir den Schlaf nicht rauben,<br \/>\nNoch hoffe sie heimlich zu k\u00fcssen.<\/p>\n<p style=\"text-align: center;\">Das rat ich dir sechstens, wo M\u00e4nner gesellig<br \/>\nWorte wechseln hin und her,<br \/>\nTrunken tadle nicht tapfre M\u00e4nner:<br \/>\nManchem raubt der Wein den Witz.<\/p>\n<p style=\"text-align: center;\">Tobende Trunkenheit hat Betr\u00fcbnis schon<br \/>\nManchem Manne gebracht,<br \/>\nEinigen Unheil, andern den Tod;<br \/>\nVielf\u00e4ltig ist das Leiden.<\/p>\n<p style=\"text-align: center;\">Das rat ich zum siebenten, wo du zu schaffen hast<br \/>\nMit beherzten Helden,<br \/>\nMehr frommt fechten als in Feuer aufgehn<br \/>\nMit Hof und Halle.<\/p>\n<p style=\"text-align: center;\">Das rat ich dir achtens. Unrecht zu meiden<br \/>\nUnd List und lose T\u00fccke;<br \/>\nKeine Maid verf\u00fchre, noch des andern Gemahl,<br \/>\nVerleite sie nicht zur L\u00fcsternheit.<\/p>\n<p style=\"text-align: center;\">Das rat ich dir neuntens, nimm dich des Toten an,<br \/>\nWo du im Feld ihn findest,<br \/>\nSei er siechtot oder seetot,<br \/>\nOder am Stahl gestorben.<\/p>\n<p style=\"text-align: center;\">Ein H\u00fcgel hebe sich dem Hingegangenen,<br \/>\nGewaschen seien Haupt und Hand.<br \/>\nZur Kiste komm er gek\u00e4mmt und trocken,<br \/>\nUnd bitte, da\u00df er selig schlafe.<\/p>\n<p style=\"text-align: center;\">Das rat ich zum zehnten, z\u00f6gre zu trauen<br \/>\nGesipptem Freund des Feindes,<br \/>\nDessen Bruder du umbrachtest,<br \/>\nDessen Vater du f\u00e4lltest:<br \/>\nDir steckt ein Wolf im unm\u00fcndigen Sohn,<br \/>\nHat gleich ihn Gold beschwichtigt.<\/p>\n<p style=\"text-align: center;\">W\u00e4hne Streit und Ha\u00df nicht eingeschlafen,<br \/>\nNoch halte Harm f\u00fcr vergessen.<br \/>\nWitz und Waffen wisse zu brauchen,<br \/>\nDer von allen der erste sein will.<\/p>\n<p style=\"text-align: center;\">Das rat ich dir elftens, betrachte das \u00dcbel,<br \/>\nWelchen Weg es nehmen will.<br \/>\nNicht lange w\u00e4hn ich des K\u00f6nigs Leben:<br \/>\n\u00dcbler Trug ist angelegt.<\/p>\n<p style=\"text-align: center;\">Sigurd sprach: Kein weiseres Weib ist zu finden als du, und das schw\u00f6r ich, da\u00df ich dich haben will, denn du bist nach meinem Sinn. Sie antwortete: Dich will ich und keinen andern, h\u00e4tt ich auch zu w\u00e4hlen unter allen M\u00e4nnern. Und dies befestigten sie unter sich mit Eiden.<\/p>\n<p style=\"text-align: center;\">\n<span style=\"font-size: 8pt;\">Unser Dank gilt Dungeon Keeper f\u00fcr den zugesanden Text.<\/span><\/p>\n","protected":false},"excerpt":{"rendered":"<p>Sigrdrifumal Das Lied von Sigdrifa Sigurd ritt hinauf nach Hindarfiall und wandte sich s\u00fcdw\u00e4rts gen Frankenland. Auf dem Berge sah er ein gro\u00dfes Licht gleich als brennte ein Feuer, von dem es zum Himmel emporleuchtete. Aber als er hinzukam, stand da eine Schildburg und oben heraus ein Banner. Sigurd ging in die Schildburg und sah, &hellip; <\/p>\n<p class=\"link-more\"><a href=\"https:\/\/shop.mittgard.de\/?page_id=5140\" class=\"more-link\"><span class=\"screen-reader-text\">\u201eSigrdrifumal &#8211; Das Lied von Sigdrifa\u201c <\/span>weiterlesen<\/a><\/p>\n","protected":false},"author":2,"featured_media":0,"parent":5025,"menu_order":0,"comment_status":"closed","ping_status":"closed","template":"","meta":{"footnotes":""},"class_list":["post-5140","page","type-page","status-publish","hentry"],"_links":{"self":[{"href":"https:\/\/shop.mittgard.de\/index.php?rest_route=\/wp\/v2\/pages\/5140","targetHints":{"allow":["GET"]}}],"collection":[{"href":"https:\/\/shop.mittgard.de\/index.php?rest_route=\/wp\/v2\/pages"}],"about":[{"href":"https:\/\/shop.mittgard.de\/index.php?rest_route=\/wp\/v2\/types\/page"}],"author":[{"embeddable":true,"href":"https:\/\/shop.mittgard.de\/index.php?rest_route=\/wp\/v2\/users\/2"}],"replies":[{"embeddable":true,"href":"https:\/\/shop.mittgard.de\/index.php?rest_route=%2Fwp%2Fv2%2Fcomments&post=5140"}],"version-history":[{"count":1,"href":"https:\/\/shop.mittgard.de\/index.php?rest_route=\/wp\/v2\/pages\/5140\/revisions"}],"predecessor-version":[{"id":5141,"href":"https:\/\/shop.mittgard.de\/index.php?rest_route=\/wp\/v2\/pages\/5140\/revisions\/5141"}],"up":[{"embeddable":true,"href":"https:\/\/shop.mittgard.de\/index.php?rest_route=\/wp\/v2\/pages\/5025"}],"wp:attachment":[{"href":"https:\/\/shop.mittgard.de\/index.php?rest_route=%2Fwp%2Fv2%2Fmedia&parent=5140"}],"curies":[{"name":"wp","href":"https:\/\/api.w.org\/{rel}","templated":true}]}}