{"id":5150,"date":"2018-11-05T17:10:28","date_gmt":"2018-11-05T16:10:28","guid":{"rendered":"http:\/\/shop.mittgard.de\/?page_id=5150"},"modified":"2018-11-05T17:10:28","modified_gmt":"2018-11-05T16:10:28","slug":"drap-niflunga-mord-der-niflunge","status":"publish","type":"page","link":"https:\/\/shop.mittgard.de\/?page_id=5150","title":{"rendered":"Drap Niflunga &#8211; Mord der Niflunge"},"content":{"rendered":"<h1>Drap Niflunga<br \/>\nMord der Niflunge<\/h1>\n<p>Gunnar und H\u00f6gni nahmen da alles Gold, Fafnirs Erbe. Da entstand Feindschaft zwischen den Giukungen und Atli. Denn er beschuldigte die Giukungen, sie seien an Br\u00fcnhilds Tod schuld. Da verglichen sie sich dahin, da\u00df sie ihm Gudrun zur Ehe g\u00e4ben. Dieser aber gaben sie einen Vergessenheitstrank zu trinken ehe sie einwilligte, da\u00df sie dem Atli verm\u00e4hlt w\u00fcrde. Atlis S\u00f6hne waren Erp und Eitil; aber Gudruns Tochter von Sigurd war Swanhild. K\u00f6nig Atli lud Gunnar und H\u00f6gni zum Gastgebot, wozu er sich als Boten des Wingi oder Knefr\u00f6d bediente. Gudrun ahnte T\u00fccke und schickte in runischen Zeichen Warnungsworte, da\u00df sie nicht kommen sollten, und zum Wahrzeichen schickte sie dem H\u00f6gni den Ring Andwaranaut, an den sie Wolfshaare kn\u00fcpfte. Gunnar hatte Oddrun, Atlis Schwester, zur Gemahlin begehrt, aber nicht erhalten. Da verm\u00e4hlte er sich der Glaumw\u00f6r und H\u00f6gni der Kostbera. Deren S\u00f6hne waren Solar und Sn\u00e4war und Giuki. Als aber die Giukungen zu Atli kamen, da bat Gudrun ihre S\u00f6hne, da\u00df sie der Giukungen Leben erb\u00e4ten; aber sie wollten das nicht. Dem H\u00f6gni ward das Herz ausgeschnitten und Gunnar in den Schlangenturm geworfen. Er schlug die Harfe und sang die Schlangen in den Schlaf; aber eine Natter durchbohrte ihn bis zur Leber.<\/p>\n<p><span style=\"font-size: 8pt;\">Unser Dank gilt Dungeon Keeper f\u00fcr den zugesanden Text.<\/span><\/p>\n","protected":false},"excerpt":{"rendered":"<p>Drap Niflunga Mord der Niflunge Gunnar und H\u00f6gni nahmen da alles Gold, Fafnirs Erbe. Da entstand Feindschaft zwischen den Giukungen und Atli. Denn er beschuldigte die Giukungen, sie seien an Br\u00fcnhilds Tod schuld. Da verglichen sie sich dahin, da\u00df sie ihm Gudrun zur Ehe g\u00e4ben. Dieser aber gaben sie einen Vergessenheitstrank zu trinken ehe sie &hellip; <\/p>\n<p class=\"link-more\"><a href=\"https:\/\/shop.mittgard.de\/?page_id=5150\" class=\"more-link\"><span class=\"screen-reader-text\">\u201eDrap Niflunga &#8211; Mord der Niflunge\u201c <\/span>weiterlesen<\/a><\/p>\n","protected":false},"author":2,"featured_media":0,"parent":5025,"menu_order":0,"comment_status":"closed","ping_status":"closed","template":"","meta":{"footnotes":""},"class_list":["post-5150","page","type-page","status-publish","hentry"],"_links":{"self":[{"href":"https:\/\/shop.mittgard.de\/index.php?rest_route=\/wp\/v2\/pages\/5150","targetHints":{"allow":["GET"]}}],"collection":[{"href":"https:\/\/shop.mittgard.de\/index.php?rest_route=\/wp\/v2\/pages"}],"about":[{"href":"https:\/\/shop.mittgard.de\/index.php?rest_route=\/wp\/v2\/types\/page"}],"author":[{"embeddable":true,"href":"https:\/\/shop.mittgard.de\/index.php?rest_route=\/wp\/v2\/users\/2"}],"replies":[{"embeddable":true,"href":"https:\/\/shop.mittgard.de\/index.php?rest_route=%2Fwp%2Fv2%2Fcomments&post=5150"}],"version-history":[{"count":1,"href":"https:\/\/shop.mittgard.de\/index.php?rest_route=\/wp\/v2\/pages\/5150\/revisions"}],"predecessor-version":[{"id":5151,"href":"https:\/\/shop.mittgard.de\/index.php?rest_route=\/wp\/v2\/pages\/5150\/revisions\/5151"}],"up":[{"embeddable":true,"href":"https:\/\/shop.mittgard.de\/index.php?rest_route=\/wp\/v2\/pages\/5025"}],"wp:attachment":[{"href":"https:\/\/shop.mittgard.de\/index.php?rest_route=%2Fwp%2Fv2%2Fmedia&parent=5150"}],"curies":[{"name":"wp","href":"https:\/\/api.w.org\/{rel}","templated":true}]}}