{"id":62,"date":"2018-02-11T16:13:33","date_gmt":"2018-02-11T15:13:33","guid":{"rendered":"http:\/\/shop.mittgard.de\/?page_id=62"},"modified":"2025-07-22T14:40:00","modified_gmt":"2025-07-22T12:40:00","slug":"versandarten","status":"publish","type":"page","link":"https:\/\/shop.mittgard.de\/?page_id=62","title":{"rendered":"Impressum"},"content":{"rendered":"<p><span style=\"font-size: 14pt;\"><strong>Impressum<\/strong><\/span><\/p>\n<p>Gesetzliche Anbieterkennung:<\/p>\n<p>Ines Hardy<br \/>\nMittgard<br \/>\nTurnerstra\u00dfe 23<br \/>\n69126 Heidelberg<br \/>\nDeutschland<br \/>\nTelefon: 015204547595<br \/>\nE-Mail: info@mittgard.de<br \/>\nUSt-IdNr.: DE259853962<\/p>\n<p>Inhaltlich Verantwortlicher gem\u00e4\u00df \u00a7 18 Abs. 2 M StV:<\/p>\n<p>Frau Ines Hardy &#8211; Turnerstra\u00dfe 23, Heidelberg 69126, Deutschland<\/p>\n<p>Alternative Streitbeilegung:<br \/>\nDie Europ\u00e4ische Kommission stellt eine Plattform f\u00fcr die au\u00dfergerichtliche Online-Streitbeilegung (OS-Plattform) bereit, aufrufbar unter <a href=\"https:\/\/ec.europa.eu\/consumers\/odr\">https:\/\/ec.europa.eu\/consumers\/odr<\/a>\u00a0.<\/p>\n<p>Wir sind seit 19.12.2018 Mitglied der Initiative &#8222;FairCommerce&#8220;.<br \/>\nN\u00e4here Informationen hierzu finden Sie unter <a href=\"http:\/\/www.haendlerbund.de\/faircommerce.\">www.haendlerbund.de\/faircommerce<\/a>.<br \/>\n<div class=\"woocommerce woocommerce-gzd woocommerce-gzd-complaints-shortcode\">\n\t\t\t<h3>Alternative Streitbeilegung gem\u00e4\u00df Art. 14 Abs. 1 ODR-VO und \u00a7 36 VSBG:<\/h3>\n\t\nVerbraucher haben die M\u00f6glichkeit, sich f\u00fcr die Beilegung ihrer Streitigkeiten an [Name, Anschrift, Webseite der Schlichtungsstelle] zu wenden. Wir sind verpflichtet, an Verfahren zur Streitbeilegung vor dieser Stelle teilzunehmen. Wir werden an einem solchen Verfahren teilnehmen.<\/div><\/p>\n","protected":false},"excerpt":{"rendered":"<p>Impressum Gesetzliche Anbieterkennung: Ines Hardy Mittgard Turnerstra\u00dfe 23 69126 Heidelberg Deutschland Telefon: 015204547595 E-Mail: info@mittgard.de USt-IdNr.: DE259853962 Inhaltlich Verantwortlicher gem\u00e4\u00df \u00a7 18 Abs. 2 M StV: Frau Ines Hardy &#8211; Turnerstra\u00dfe 23, Heidelberg 69126, Deutschland Alternative Streitbeilegung: Die Europ\u00e4ische Kommission stellt eine Plattform f\u00fcr die au\u00dfergerichtliche Online-Streitbeilegung (OS-Plattform) bereit, aufrufbar unter https:\/\/ec.europa.eu\/consumers\/odr\u00a0. Wir sind seit &hellip; <\/p>\n<p class=\"link-more\"><a href=\"https:\/\/shop.mittgard.de\/?page_id=62\" class=\"more-link\"><span class=\"screen-reader-text\">\u201eImpressum\u201c <\/span>weiterlesen<\/a><\/p>\n","protected":false},"author":2,"featured_media":0,"parent":0,"menu_order":140,"comment_status":"closed","ping_status":"closed","template":"","meta":{"footnotes":""},"class_list":["post-62","page","type-page","status-publish","hentry"],"_links":{"self":[{"href":"https:\/\/shop.mittgard.de\/index.php?rest_route=\/wp\/v2\/pages\/62","targetHints":{"allow":["GET"]}}],"collection":[{"href":"https:\/\/shop.mittgard.de\/index.php?rest_route=\/wp\/v2\/pages"}],"about":[{"href":"https:\/\/shop.mittgard.de\/index.php?rest_route=\/wp\/v2\/types\/page"}],"author":[{"embeddable":true,"href":"https:\/\/shop.mittgard.de\/index.php?rest_route=\/wp\/v2\/users\/2"}],"replies":[{"embeddable":true,"href":"https:\/\/shop.mittgard.de\/index.php?rest_route=%2Fwp%2Fv2%2Fcomments&post=62"}],"version-history":[{"count":13,"href":"https:\/\/shop.mittgard.de\/index.php?rest_route=\/wp\/v2\/pages\/62\/revisions"}],"predecessor-version":[{"id":25772,"href":"https:\/\/shop.mittgard.de\/index.php?rest_route=\/wp\/v2\/pages\/62\/revisions\/25772"}],"wp:attachment":[{"href":"https:\/\/shop.mittgard.de\/index.php?rest_route=%2Fwp%2Fv2%2Fmedia&parent=62"}],"curies":[{"name":"wp","href":"https:\/\/api.w.org\/{rel}","templated":true}]}}