{"id":6589,"date":"2019-01-11T17:31:33","date_gmt":"2019-01-11T16:31:33","guid":{"rendered":"http:\/\/shop.mittgard.de\/?page_id=6589"},"modified":"2019-01-11T17:31:33","modified_gmt":"2019-01-11T16:31:33","slug":"der-kyffhaeuser","status":"publish","type":"page","link":"https:\/\/shop.mittgard.de\/?page_id=6589","title":{"rendered":"Der Kyffh\u00e4user"},"content":{"rendered":"<h1>Der Kyffh\u00e4user<\/h1>\n<h2>Geschichte des Kyffh\u00e4user<\/h2>\n<p><img loading=\"lazy\" decoding=\"async\" class=\"alignright size-full wp-image-6590\" src=\"http:\/\/shop.mittgard.de\/wp-content\/uploads\/2019\/01\/kyff1.jpg\" alt=\"\" width=\"144\" height=\"398\" srcset=\"https:\/\/shop.mittgard.de\/wp-content\/uploads\/2019\/01\/kyff1.jpg 144w, https:\/\/shop.mittgard.de\/wp-content\/uploads\/2019\/01\/kyff1-109x300.jpg 109w\" sizes=\"auto, (max-width: 144px) 100vw, 144px\" \/>Wie Funde beweisen, suchten die Menschen bereits in der Jungsteinzeit (5500-2300 v.Chr.) die H\u00f6hen der Kyffh\u00e4user auf. Das nach drei Seiten offene Massiv bot eine nat\u00fcrliche Verteidigungs- und Aussichtsanlage. Spuren erster befestigter Anlagen f\u00fchren ebenfalls bis in die Jungsteinzeit zur\u00fcck. Auch heute noch reicht die ungehinderte Sicht von der H\u00f6he bis weit nach Nord- und Ostth\u00fcringen hinein.<br \/>\nIm Mittelalter wurde dann mit der Errichtung einer m\u00e4chtigen Burganlage begonnen, um k\u00f6nigliche und kaiserliche Eigent\u00fcmer sicher zu k\u00f6nnen.<br \/>\nIn ihrer Bl\u00fctezeit erstreckte sich die Burg auf 608 Meter L\u00e4nge und war somit wohl die gr\u00f6\u00dfte Burg im Deutschen Reich, allein die Unterburg erstreckte sich \u00fcber eine L\u00e4nge von 60 Metern.<br \/>\nDer \u00e4lteste Teil ist die Oberburg, die bis Ende des 19. Jh. das monumentale Denkmal aufnehmen musste.<br \/>\nDie Mittelburg fiel im 15. Jh. einem r\u00fccksichtslos betriebenen Steinbruch zum Opfer. Die prachtvollen und romantischen Anlagen der Unterburg beherbergen die Reste der 1433 als Wallfahrtsort geweihten Burgkapelle (&#8222;Zum heiligen Kreuz&#8220;). Nur kurze Zeit nach der Errichtung der Anlage muss sie allerdings wieder zerst\u00f6rt worden sein.<br \/>\nZur Regierungszeit von Kaiser Barbarossa wurden gewaltige Wiederauf- und Ausbauarbeiten get\u00e4tigt. Die Bl\u00fctezeit der Anlage w\u00e4hrte indessen doch nicht lang; schon zu Beginn des 15. Jh. wurde die Burg als unbewohnbar bezeichnet.<img loading=\"lazy\" decoding=\"async\" class=\"alignleft size-full wp-image-6591\" src=\"http:\/\/shop.mittgard.de\/wp-content\/uploads\/2019\/01\/kyff2.jpg\" alt=\"\" width=\"250\" height=\"254\" \/><br \/>\nDer heute noch beeindruckende Turmstumpf der Oberburg gilt als Haupteingang zu Barbarossas unterirdischen Aufenthaltsort im Berg, allerdings f\u00fcr neugierige Blicke verborgen von einem unsichtbaren Schleier.<br \/>\nNur in bestimmten N\u00e4chten kann es passieren, das Zwerge einen nichtsahnenden Besucher in die geheimen Gew\u00f6lbe, Kammern und Hallen unterhalb der Burg direkt zu Barbarossa f\u00fchren.<\/p>\n<p>Sage \u00fcber den Kyffh\u00e4user<\/p>\n<p>Es hei\u00dft, Barbarossa schliefe im Berg und wartete darauf, mit seinen Getreuen den Endkampf antreten zu k\u00f6nnen.<\/p>\n<p style=\"text-align: center;\">&#8222;Die letzte Schlacht auf Erden&#8220;<br \/>\nF\u00fcr eine Welt ohne Krieg; eine Welt in Frieden.<\/p>\n<p><img loading=\"lazy\" decoding=\"async\" class=\"alignright size-full wp-image-6592\" src=\"http:\/\/shop.mittgard.de\/wp-content\/uploads\/2019\/01\/kyff3.jpg\" alt=\"\" width=\"300\" height=\"233\" \/>Im Jahre 1546 schien die Sage wahr zu werden;<br \/>\neinigen Sch\u00e4fern, die ihren Tieren bis in die Ruinen der Kyffh\u00e4userburg folgten, erschien pl\u00f6tzlich eine Geist gleichen Alters, er trat aus dem Gem\u00e4uer und war dann wieder verschwunden.<br \/>\nIn den folgenden Monaten wollten einige sogar mit ihm gesprochen haben, man erz\u00e4hlte, das der Geist behauptet Barbarossa zu sein. Als das bekannt wurde, entstanden wahre Wallfahrten zum Kyffh\u00e4user, jeder wollte Barbarossa sehen.<br \/>\nDen Landesherren der Umgebung war das nicht geheuer, selbst Luther, den man um Rat bat, wusste nicht, was er davon halten sollte. Er vermutete eine List des Teufels.<br \/>\nSchlie\u00dflich nahm der Graf von Schwarzenburg, Besitzer des Kyffh\u00e4usergebietes, den &#8222;Unt\u00e4ter&#8220; vorsichtshalber erstmal in Gewahrsam und lies ihm einen strengen Verh\u00f6r unterziehen.<br \/>\nBarbarossa entpuppte sich dabei bald als ein verr\u00fcckt gewordener Schneider aus Langensalza, Johannes Leupold.<\/p>\n<h6 style=\"text-align: right;\">denise.mittgard.02<\/h6>\n","protected":false},"excerpt":{"rendered":"<p>Der Kyffh\u00e4user Geschichte des Kyffh\u00e4user Wie Funde beweisen, suchten die Menschen bereits in der Jungsteinzeit (5500-2300 v.Chr.) die H\u00f6hen der Kyffh\u00e4user auf. Das nach drei Seiten offene Massiv bot eine nat\u00fcrliche Verteidigungs- und Aussichtsanlage. Spuren erster befestigter Anlagen f\u00fchren ebenfalls bis in die Jungsteinzeit zur\u00fcck. Auch heute noch reicht die ungehinderte Sicht von der H\u00f6he &hellip; <\/p>\n<p class=\"link-more\"><a href=\"https:\/\/shop.mittgard.de\/?page_id=6589\" class=\"more-link\"><span class=\"screen-reader-text\">\u201eDer Kyffh\u00e4user\u201c <\/span>weiterlesen<\/a><\/p>\n","protected":false},"author":2,"featured_media":0,"parent":157,"menu_order":0,"comment_status":"closed","ping_status":"closed","template":"","meta":{"footnotes":""},"class_list":["post-6589","page","type-page","status-publish","hentry"],"_links":{"self":[{"href":"https:\/\/shop.mittgard.de\/index.php?rest_route=\/wp\/v2\/pages\/6589","targetHints":{"allow":["GET"]}}],"collection":[{"href":"https:\/\/shop.mittgard.de\/index.php?rest_route=\/wp\/v2\/pages"}],"about":[{"href":"https:\/\/shop.mittgard.de\/index.php?rest_route=\/wp\/v2\/types\/page"}],"author":[{"embeddable":true,"href":"https:\/\/shop.mittgard.de\/index.php?rest_route=\/wp\/v2\/users\/2"}],"replies":[{"embeddable":true,"href":"https:\/\/shop.mittgard.de\/index.php?rest_route=%2Fwp%2Fv2%2Fcomments&post=6589"}],"version-history":[{"count":1,"href":"https:\/\/shop.mittgard.de\/index.php?rest_route=\/wp\/v2\/pages\/6589\/revisions"}],"predecessor-version":[{"id":6593,"href":"https:\/\/shop.mittgard.de\/index.php?rest_route=\/wp\/v2\/pages\/6589\/revisions\/6593"}],"up":[{"embeddable":true,"href":"https:\/\/shop.mittgard.de\/index.php?rest_route=\/wp\/v2\/pages\/157"}],"wp:attachment":[{"href":"https:\/\/shop.mittgard.de\/index.php?rest_route=%2Fwp%2Fv2%2Fmedia&parent=6589"}],"curies":[{"name":"wp","href":"https:\/\/api.w.org\/{rel}","templated":true}]}}