{"id":6614,"date":"2019-01-11T18:10:33","date_gmt":"2019-01-11T17:10:33","guid":{"rendered":"http:\/\/shop.mittgard.de\/?page_id=6614"},"modified":"2019-01-11T18:10:33","modified_gmt":"2019-01-11T17:10:33","slug":"die-felsenhoehlen-bei-buchfahrt","status":"publish","type":"page","link":"https:\/\/shop.mittgard.de\/?page_id=6614","title":{"rendered":"Die Felsenh\u00f6hlen bei Buchfahrt"},"content":{"rendered":"<h1>Die Felsenh\u00f6hlen bei Buchfahrt in Th\u00fcringen<\/h1>\n<p><img loading=\"lazy\" decoding=\"async\" class=\"alignleft size-full wp-image-6615\" src=\"http:\/\/shop.mittgard.de\/wp-content\/uploads\/2019\/01\/1-1-2.jpg\" alt=\"\" width=\"220\" height=\"129\" \/>Es war ein wundersch\u00f6ner Herbsttag als wir von der Ordensburg Liebstedt kamen und der Meinung waren, bei so sch\u00f6nem Wetter uns noch etwas ansehen zu m\u00fcssen. Also bl\u00e4tterten wir in der Ausflugskarte, die wir von der Ordensburg mitgenommen hatten und entdeckten nicht weit von der Autobahn vor Weimar die Felsenh\u00f6hlen von Buchfahrt. Das klang germanisch, nach wenig Touristen und keinem Eintrittsgeld &#8211; also hin. In Buchfahrt angekommen fuhren wir langsam durch das malerische D\u00f6rfchen auf der Suche nach irgendeinem Hinweisschild. Mitten im Dorf ging es \u00fcber eine komplett \u00fcberdachte Holzbr\u00fccke. Ich f\u00fchlte mich unweigerlich an einen dieser Hollywoodschinken erinnert &#8211; &#8222;Der Pferdefl\u00fcsterer&#8220; oder in &#8222;Sleepy Hollow&#8220; kommen auch solche alten Br\u00fccken vor. Nur ein Schild fanden wir nicht und ehe wir uns versahen, waren wir auch schon raus aus dem \u00d6rtchen. Nun gut, im Prospekt stand &#8222;Betreten verboten&#8220;. Wen interessiert&#8217;s?! Auf der Suche nach einer gelegenen Stelle zum Wenden schaute ich gespannt aus dem Fenster. Neben uns erstreckte sich eine gr\u00fcne Aue durch die sich die Ilm schl\u00e4ngelte und dahinter ragte eine helle Steilwand empor. Pl\u00f6tzlich bemerkte ich etwa 15m \u00fcber dem Bach dunkle L\u00f6cher in dieser Steilwand. Das mussten die Felsenh\u00f6hlen sein. Also parkten wir gleich am Stra\u00dfenrand, wo ein Trampelpfad zu einer Br\u00fccke \u00fcber die Ilm f\u00fchrte. Von den hiesigen Anglern mit neugierigen Blicken verfolgt, eilten wir Richtung Steilwand. Fast erschien sie uns etwas zu steil, bewachsen mit so ziemlich jedem europ\u00e4ischen Strauch, der Dornen und Stacheln aufweist. Doch was soll&#8217;s, wir wollten hinauf. Also ging&#8217;s an&#8217;s Kraxeln. Nach einigen Abrutschern, abgesch\u00fcrften H\u00e4nden, Dornen und Gestr\u00fcpp im Haar und einem Riss in der Hose waren wir endlich oben. Ein schmaler Pfad, auf dem man kaum seine beiden F\u00fc\u00dfe nebeneinander stellen konnte, f\u00fchrte an der Wand entlang von H\u00f6hle zu H\u00f6hle. Die meisten von ihnen waren nicht sehr gro\u00df, mehr eine Nische in der Wand. Um so weiter man Richtung Dorf ging, umso gr\u00f6\u00dfer wurden die Nischen. Bald erkannte man Spuren von Feuerstellen in ihnen. Ja, das ist auch wirklich ein sch\u00f6ner Flecken, wo man zu zehnt die Jahresfeste feiern kann. Nur mit dem Alkohol sollte man sparen &#8211; bei dem steilen Abhang! Die letzte H\u00f6hle war die Gr\u00f6\u00dfte. Schon fast eine kleine Wohnung, in der man erkennen konnte, dass sich die damaligen Benutzer auch f\u00fcr l\u00e4ngere Zeit hier eingerichtet hatten. Die H\u00f6hle besa\u00df Fenster und T\u00fcren. Doch war auch hier schon einiges zerst\u00f6rt und es war eine kleine Kletterpartie in ihr Innerstes vorzudringen. Oben angekommen bot sich eine wundervolle Aussicht auf den Sonnenuntergang, man konnte das ganze Land \u00fcbersehn. Die H\u00f6hlen wurden sicher aus strategischen Gr\u00fcnden hier angelegt. Doch der Sonnenuntergang mahnte uns an die R\u00fcckkehr. Und so kraxelten wir wieder aus der H\u00f6hle heraus und balancierten weiter den schmalen Pfad entlang, der &#8211; zu unserer Erleichterung &#8211; an einem ganz gew\u00f6hnlichen Wanderpfad endete. Da hatten wir uns also auf dem Hinweg v\u00f6llig umsonst die Hose zerrissen! Wir steigen also \u00fcber das Gel\u00e4nder, das die Touristen davon abhalten soll den schmalen Pfad entlang zu gehen und kamen an ein Informationsschild auf dem stand:<\/p>\n<h6><img loading=\"lazy\" decoding=\"async\" class=\"alignright size-full wp-image-6616\" src=\"http:\/\/shop.mittgard.de\/wp-content\/uploads\/2019\/01\/2-1-1.jpg\" alt=\"\" width=\"200\" height=\"145\" \/>Gesch\u00fctztes Bodendenkmal<br \/>\nH\u00f6hlenburg, Schloss<br \/>\nMittelalterliche Anlage des 11.-14. Jahrhunderts, im Steilhang \u00fcber der Ilm sind zw\u00f6lf Kammern eingebaut, eine heute abgest\u00fcrzte Terrasse verband sie miteinander.<br \/>\n1348 Ludolf von Heitingesburg als Burgverwalter der Orlam\u00fcnder Grafen genannt, steinerner L\u00f6wenkopf aus der Schutzmauer stellt orlam\u00fcndisches Wappentier dar; stein- und bronzezeitliche Funde aus der Umgebung lassen \u00e4ltere Nutzung der H\u00f6hlen vermuten.<\/h6>\n<h6>Vorsicht Einsturzgefahr, Betreten des Steilhanges verboten!<\/h6>\n<h6>Th\u00fcr. Landesamt f\u00fcr arch\u00e4olog. Denkmalpflege Weimar<\/h6>\n<p><img loading=\"lazy\" decoding=\"async\" class=\"alignleft size-full wp-image-6617\" src=\"http:\/\/shop.mittgard.de\/wp-content\/uploads\/2019\/01\/3-1-1.jpg\" alt=\"\" width=\"200\" height=\"293\" \/>Den Wanderpfad gingen wir nun den Berg hinab und kamen zwischen Gartensparten in der N\u00e4he der sch\u00f6nen Holzbr\u00fccke im Dorf heraus. Nun mussten wir nur noch die Ilm entlang gehen und waren an unserem Auto. Ein letzter Blick zu den Felsenh\u00f6hlen, deren Steilwand gerade im Feuer des Sonnenunterganges ein letztes Mal aufflammte und wir fuhren wieder nach Hause; betr\u00fcbt, das dieser sch\u00f6ne Ort doch zu weit von uns entfernt lag, um hier die Feste feiern zu k\u00f6nnen. Doch von Euch da drau\u00dfen ist er f\u00fcr manchen sicher nicht zu weit entfernt. Vielleicht sieht ja einer von Euch zum Ostarafest die Fr\u00fchlingsg\u00f6ttin, die laut einer th\u00fcringischen Sage in diesen H\u00f6hlen \u00fcberwintern soll, auf ihrem wei\u00dfen Hirsch mit dem goldenen Geweih begleitet von Lichtalben ausreiten, um die winterliche Erde zu segnen und alles zum Gr\u00fcnen und Bl\u00fchen zu bringen und so f\u00fcr eine gute Ernte sorgt. Doch Vorsicht! Wer sie sieht, verf\u00e4llt ihrer Sch\u00f6nheit und folgt ihr im Herbst, wenn sich auch die Natur zum Schlafen legt, wieder nach Buchfahrt in die Felsenh\u00f6hlen und steigt mit ihr zur Hel, wo sie auf den n\u00e4chsten Fr\u00fchling wartet.<\/p>\n","protected":false},"excerpt":{"rendered":"<p>Die Felsenh\u00f6hlen bei Buchfahrt in Th\u00fcringen Es war ein wundersch\u00f6ner Herbsttag als wir von der Ordensburg Liebstedt kamen und der Meinung waren, bei so sch\u00f6nem Wetter uns noch etwas ansehen zu m\u00fcssen. Also bl\u00e4tterten wir in der Ausflugskarte, die wir von der Ordensburg mitgenommen hatten und entdeckten nicht weit von der Autobahn vor Weimar die &hellip; <\/p>\n<p class=\"link-more\"><a href=\"https:\/\/shop.mittgard.de\/?page_id=6614\" class=\"more-link\"><span class=\"screen-reader-text\">\u201eDie Felsenh\u00f6hlen bei Buchfahrt\u201c <\/span>weiterlesen<\/a><\/p>\n","protected":false},"author":2,"featured_media":0,"parent":157,"menu_order":0,"comment_status":"closed","ping_status":"closed","template":"","meta":{"footnotes":""},"class_list":["post-6614","page","type-page","status-publish","hentry"],"_links":{"self":[{"href":"https:\/\/shop.mittgard.de\/index.php?rest_route=\/wp\/v2\/pages\/6614","targetHints":{"allow":["GET"]}}],"collection":[{"href":"https:\/\/shop.mittgard.de\/index.php?rest_route=\/wp\/v2\/pages"}],"about":[{"href":"https:\/\/shop.mittgard.de\/index.php?rest_route=\/wp\/v2\/types\/page"}],"author":[{"embeddable":true,"href":"https:\/\/shop.mittgard.de\/index.php?rest_route=\/wp\/v2\/users\/2"}],"replies":[{"embeddable":true,"href":"https:\/\/shop.mittgard.de\/index.php?rest_route=%2Fwp%2Fv2%2Fcomments&post=6614"}],"version-history":[{"count":1,"href":"https:\/\/shop.mittgard.de\/index.php?rest_route=\/wp\/v2\/pages\/6614\/revisions"}],"predecessor-version":[{"id":6618,"href":"https:\/\/shop.mittgard.de\/index.php?rest_route=\/wp\/v2\/pages\/6614\/revisions\/6618"}],"up":[{"embeddable":true,"href":"https:\/\/shop.mittgard.de\/index.php?rest_route=\/wp\/v2\/pages\/157"}],"wp:attachment":[{"href":"https:\/\/shop.mittgard.de\/index.php?rest_route=%2Fwp%2Fv2%2Fmedia&parent=6614"}],"curies":[{"name":"wp","href":"https:\/\/api.w.org\/{rel}","templated":true}]}}