{"id":6724,"date":"2019-01-13T12:27:22","date_gmt":"2019-01-13T11:27:22","guid":{"rendered":"http:\/\/shop.mittgard.de\/?page_id=6724"},"modified":"2020-10-30T14:18:45","modified_gmt":"2020-10-30T13:18:45","slug":"unterirdische-gaenge","status":"publish","type":"page","link":"https:\/\/shop.mittgard.de\/?page_id=6724","title":{"rendered":"Unterirdische G\u00e4nge"},"content":{"rendered":"<h1>Burg Rabenstein (Chemnitz\/Sa.)<\/h1>\n<h2>Unterirdische G\u00e4nge<\/h2>\n<p style=\"text-align: justify;\">I. In die Zeit der Klosterherrschaft zur\u00fcck versetzt uns die Sage von dem unterirdischen Gange, der von der Burg Rabenstein nach dem Chemnitzer Bergkloster, dem sp\u00e4teren Schloss Chemnitz, f\u00fchren soll. Diesen Gang haben nach der Sage die Kloster\u00e4bte benutzt, wenn sie sich in Rabenstein von den Sorgen ihres Amtes erholen wollten, vor allem jener Abt Ortwin Schindelbach (gest. 1425), der &#8211; wie die Sage erz\u00e4hlt &#8211; mit der sch\u00f6nen Rabensteiner Sch\u00e4ferstochter Elsbeth \u00f6fter ein Sch\u00e4ferst\u00fcndchen abhielt.<\/p>\n<p style=\"text-align: justify;\">II. Ein zweiter Gang soll vom Hohen Graben&#8220; abgehen, auch nach Schloss Chemnitz. Aber hier handelt es sich &#8211; wahrscheinlich &#8211; lediglich um einen Kalkbruchstollen, der bald wieder aufgegeben wurde, weil sich der Abbau nicht lohnte.<\/p>\n<p style=\"text-align: justify;\">III. Ein dritter Gang soll von der Burg nach dem Totensteine f\u00fchren, nach einigen sogar bis Kohren (bei Frohburg). Bei Arbeiten am heutigen Springbrunnenteiche vor der Burg ist man 1905 auf ein Gew\u00f6lbe gesto\u00dfen, das sehr wohl ein St\u00fcck unterirdischen Ganges gewesen sein k\u00f6nnte. Leider sind damals die Untersuchungen nicht fortgesetzt worden.<\/p>\n<h6 style=\"text-align: right;\"><a href=\"https:\/\/shop.mittgard.de\/?page_id=6728\">n\u00e4chste Seite<\/a><\/h6>\n","protected":false},"excerpt":{"rendered":"<p>Burg Rabenstein (Chemnitz\/Sa.) Unterirdische G\u00e4nge I. In die Zeit der Klosterherrschaft zur\u00fcck versetzt uns die Sage von dem unterirdischen Gange, der von der Burg Rabenstein nach dem Chemnitzer Bergkloster, dem sp\u00e4teren Schloss Chemnitz, f\u00fchren soll. Diesen Gang haben nach der Sage die Kloster\u00e4bte benutzt, wenn sie sich in Rabenstein von den Sorgen ihres Amtes erholen &hellip; <\/p>\n<p class=\"link-more\"><a href=\"https:\/\/shop.mittgard.de\/?page_id=6724\" class=\"more-link\"><span class=\"screen-reader-text\">\u201eUnterirdische G\u00e4nge\u201c <\/span>weiterlesen<\/a><\/p>\n","protected":false},"author":2,"featured_media":0,"parent":6690,"menu_order":0,"comment_status":"closed","ping_status":"closed","template":"","meta":{"footnotes":""},"class_list":["post-6724","page","type-page","status-publish","hentry"],"_links":{"self":[{"href":"https:\/\/shop.mittgard.de\/index.php?rest_route=\/wp\/v2\/pages\/6724","targetHints":{"allow":["GET"]}}],"collection":[{"href":"https:\/\/shop.mittgard.de\/index.php?rest_route=\/wp\/v2\/pages"}],"about":[{"href":"https:\/\/shop.mittgard.de\/index.php?rest_route=\/wp\/v2\/types\/page"}],"author":[{"embeddable":true,"href":"https:\/\/shop.mittgard.de\/index.php?rest_route=\/wp\/v2\/users\/2"}],"replies":[{"embeddable":true,"href":"https:\/\/shop.mittgard.de\/index.php?rest_route=%2Fwp%2Fv2%2Fcomments&post=6724"}],"version-history":[{"count":4,"href":"https:\/\/shop.mittgard.de\/index.php?rest_route=\/wp\/v2\/pages\/6724\/revisions"}],"predecessor-version":[{"id":9622,"href":"https:\/\/shop.mittgard.de\/index.php?rest_route=\/wp\/v2\/pages\/6724\/revisions\/9622"}],"up":[{"embeddable":true,"href":"https:\/\/shop.mittgard.de\/index.php?rest_route=\/wp\/v2\/pages\/6690"}],"wp:attachment":[{"href":"https:\/\/shop.mittgard.de\/index.php?rest_route=%2Fwp%2Fv2%2Fmedia&parent=6724"}],"curies":[{"name":"wp","href":"https:\/\/api.w.org\/{rel}","templated":true}]}}