{"id":6755,"date":"2019-01-13T12:49:56","date_gmt":"2019-01-13T11:49:56","guid":{"rendered":"http:\/\/shop.mittgard.de\/?page_id=6755"},"modified":"2020-10-30T14:47:15","modified_gmt":"2020-10-30T13:47:15","slug":"bauanleitungen","status":"publish","type":"page","link":"https:\/\/shop.mittgard.de\/?page_id=6755","title":{"rendered":"Bauanleitungen"},"content":{"rendered":"<h1>Bauanleitungen<\/h1>\n<p><a href=\"https:\/\/shop.mittgard.de\/?page_id=6757\">Orient-Reisebericht oder Das Schuhwerk des Orients<\/a><\/p>\n<p><a href=\"https:\/\/shop.mittgard.de\/?page_id=6908\">Grunds\u00e4tzliches zur Lederbearbeitung<\/a><\/p>\n<p><a href=\"https:\/\/shop.mittgard.de\/?page_id=6921\">K\u00f6cher f\u00fcr Pfeile<\/a><\/p>\n<p><a href=\"https:\/\/shop.mittgard.de\/?page_id=6932\">G\u00fcrteltasche<\/a><\/p>\n<p><a href=\"https:\/\/shop.mittgard.de\/?page_id=6948\">Geldbeutel<\/a><\/p>\n<p><a href=\"https:\/\/shop.mittgard.de\/?page_id=6965\">Halbschuhe<\/a><\/p>\n<p><a href=\"https:\/\/shop.mittgard.de\/?page_id=6986\">Geschn\u00fcrte Schnabelstiefel<\/a><\/p>\n<p><a href=\"https:\/\/shop.mittgard.de\/?page_id=6998\">Trippen &#8211; Teil I<\/a><\/p>\n<p><a href=\"https:\/\/shop.mittgard.de\/?page_id=7012\">Trippen &#8211; Teil II<\/a><\/p>\n","protected":false},"excerpt":{"rendered":"<p>Bauanleitungen Orient-Reisebericht oder Das Schuhwerk des Orients Grunds\u00e4tzliches zur Lederbearbeitung K\u00f6cher f\u00fcr Pfeile G\u00fcrteltasche Geldbeutel Halbschuhe Geschn\u00fcrte Schnabelstiefel Trippen &#8211; Teil I Trippen &#8211; Teil II<\/p>\n","protected":false},"author":2,"featured_media":0,"parent":108,"menu_order":0,"comment_status":"closed","ping_status":"closed","template":"","meta":{"footnotes":""},"class_list":["post-6755","page","type-page","status-publish","hentry"],"_links":{"self":[{"href":"https:\/\/shop.mittgard.de\/index.php?rest_route=\/wp\/v2\/pages\/6755","targetHints":{"allow":["GET"]}}],"collection":[{"href":"https:\/\/shop.mittgard.de\/index.php?rest_route=\/wp\/v2\/pages"}],"about":[{"href":"https:\/\/shop.mittgard.de\/index.php?rest_route=\/wp\/v2\/types\/page"}],"author":[{"embeddable":true,"href":"https:\/\/shop.mittgard.de\/index.php?rest_route=\/wp\/v2\/users\/2"}],"replies":[{"embeddable":true,"href":"https:\/\/shop.mittgard.de\/index.php?rest_route=%2Fwp%2Fv2%2Fcomments&post=6755"}],"version-history":[{"count":12,"href":"https:\/\/shop.mittgard.de\/index.php?rest_route=\/wp\/v2\/pages\/6755\/revisions"}],"predecessor-version":[{"id":9629,"href":"https:\/\/shop.mittgard.de\/index.php?rest_route=\/wp\/v2\/pages\/6755\/revisions\/9629"}],"up":[{"embeddable":true,"href":"https:\/\/shop.mittgard.de\/index.php?rest_route=\/wp\/v2\/pages\/108"}],"wp:attachment":[{"href":"https:\/\/shop.mittgard.de\/index.php?rest_route=%2Fwp%2Fv2%2Fmedia&parent=6755"}],"curies":[{"name":"wp","href":"https:\/\/api.w.org\/{rel}","templated":true}]}}