{"id":6908,"date":"2019-01-27T10:06:12","date_gmt":"2019-01-27T09:06:12","guid":{"rendered":"http:\/\/shop.mittgard.de\/?page_id=6908"},"modified":"2019-01-27T10:11:13","modified_gmt":"2019-01-27T09:11:13","slug":"grundsaetzliches-zur-lederbearbeitung","status":"publish","type":"page","link":"https:\/\/shop.mittgard.de\/?page_id=6908","title":{"rendered":"Grunds\u00e4tzliches zur Lederbearbeitung"},"content":{"rendered":"<h1>Grunds\u00e4tzliches zur Lederbearbeitung<\/h1>\n<p style=\"text-align: justify;\"><img loading=\"lazy\" decoding=\"async\" class=\"alignleft size-full wp-image-6909\" src=\"http:\/\/shop.mittgard.de\/wp-content\/uploads\/2019\/01\/bild1.jpg\" alt=\"\" width=\"382\" height=\"193\" srcset=\"https:\/\/shop.mittgard.de\/wp-content\/uploads\/2019\/01\/bild1.jpg 382w, https:\/\/shop.mittgard.de\/wp-content\/uploads\/2019\/01\/bild1-300x152.jpg 300w, https:\/\/shop.mittgard.de\/wp-content\/uploads\/2019\/01\/bild1-350x177.jpg 350w\" sizes=\"auto, (max-width: 382px) 100vw, 382px\" \/>Leder ist ein sehr festes, widerstandsf\u00e4higes Material. Um Verletzungen, Horn- und Blasenbildung so gering wie m\u00f6glich zu halten, sollte man einige alterprobte und wirkungsvolle Schutzma\u00dfnahmen ergreifen. Dazu geh\u00f6rt eine massive Unterlage beim Vorstechen der L\u00f6cher, die nach M\u00f6glichkeit aus Weichholz beschaffen sein sollte.<br \/>\nDesweiteren empfehle ich jedem, der die Absicht hat, Stunden seiner wertvollen Freizeit zu opfern, sich Fingerlinge aus z\u00e4hem Leder zu beschaffen oder zu bauen (Bild 1, links). Diese sind unabdingbar beim Vorstechen, beim N\u00e4hen selber und \u00fcberhaupt ist das eine feine \u00dcbung, um das Material kennenzulernen.<\/p>\n<p style=\"text-align: justify;\">Werkzeug:<br \/>\nUm eine einigerma\u00dfen ordentliche Arbeit abliefern zu k\u00f6nnen, ist gutes Werkzeug das A und O. Auf Tr\u00f6delm\u00e4rkten wird man meist f\u00fcndig, aber selbst alte Schuster und Sattler sind froh, wenn sich jemand f\u00fcr alte Handwerkskunst interessiert und helfen mit Rat und materieller Unterst\u00fctzung aus. Diese Erfahrung habe ich jedenfalls machen d\u00fcrfen.<\/p>\n<p style=\"text-align: justify;\"><img loading=\"lazy\" decoding=\"async\" class=\"alignright size-full wp-image-6911\" src=\"http:\/\/shop.mittgard.de\/wp-content\/uploads\/2019\/01\/bild4.jpg\" alt=\"\" width=\"322\" height=\"297\" srcset=\"https:\/\/shop.mittgard.de\/wp-content\/uploads\/2019\/01\/bild4.jpg 322w, https:\/\/shop.mittgard.de\/wp-content\/uploads\/2019\/01\/bild4-300x277.jpg 300w\" sizes=\"auto, (max-width: 322px) 100vw, 322px\" \/> N\u00f6tig braucht man:<br \/>\n&#8211; Ahlen verschiedener Form<br \/>\n&#8211; scharfe Messer wie Skalpelle oder Cutter<br \/>\n&#8211; das Bein<br \/>\n&#8211; Bienenwachs<br \/>\n&#8211; Hanfzwirn zwischen o.5 und o.66 mm<br \/>\n&#8211; Kr\u00e4ftige Scheren<\/p>\n<p style=\"text-align: justify;\">Das Bein ist ein Werkzeug, das so \u00e4hnlich wie ein alter abgeschliffener L\u00f6ffel aussieht und ist aus Bein, wie der Name sagt. Man benutzt es, um den Schnitt im Sohlenleder eines Schuhes, in dem die Naht l\u00e4uft, auszuweiten, bevor man die L\u00f6cher setzt. Die Naht mu\u00df deswegen in der Sohle versteckt werden, weil sie sich sonst durchl\u00e4uft!!!<\/p>\n<p style=\"text-align: justify;\">Zeitaufwand:<br \/>\nLederbearbeitung ist mit ein klein wenig \u00dcbung eine Sache, die relativ schnell zu greifbaren Ergebnissen f\u00fchrt. Trotzdem sollte man den Arbeitsaufwand nicht untersch\u00e4tzen. F\u00fcr ein Paar Schuhe wie in Bild 3 ben\u00f6tigt man ca. 4 Arbeitstage mit je 8 Stunden Arbeitszeit. \u00dcber den Stiefeln in Bild 4 war ich knapp zwei Wochen. Diese Zeiten erkl\u00e4ren sich aus der<\/p>\n<p style=\"text-align: justify;\">Arbeitsabfolge:<br \/>\n1) Material und Werkzeugbeschaffung<img loading=\"lazy\" decoding=\"async\" class=\"alignright size-full wp-image-6910\" src=\"http:\/\/shop.mittgard.de\/wp-content\/uploads\/2019\/01\/bild3.gif\" alt=\"\" width=\"260\" height=\"119\" \/><br \/>\n2) Anfertigen individueller Schnittmuster<br \/>\n3) \u00dcbertragen derselben auf das Leder<br \/>\n4) Anzeichnen der Linie, auf der die L\u00f6cher liegen<br \/>\n5) Eventuell setzen des Sohlenschnittes<br \/>\n6) Vorstechen der L\u00f6cher<br \/>\n7) Ausweiten der L\u00f6cher<br \/>\n8) Wachsen des Fadens<br \/>\n9) N\u00e4hen<br \/>\n10) Fertiges Kunstwerk geb\u00fchrend bewundern<\/p>\n<p style=\"text-align: justify;\">Letzterer Punkt ist besonders wichtig und sollte mit nicht zuwenig Met begossen werden!<\/p>\n<p style=\"text-align: justify;\">\r\n\t<a class=\"paoc-popup-click paoc-popup-cust-6913 paoc-popup-simple_link paoc-popup-link\" href=\"javascript:void(0);\">Bild 2<\/a>\r\n\r\n zeigt ein Paar N\u00e4hnadeln mit eingef\u00e4deltem, gewachstem Zwirn. Ledern\u00e4hnadeln gibt es in jedem Baumarkt, bei Raumausstattern oder man nimmt einfach stabile Stopfnadeln von der Oma. Gen\u00e4ht wird immer mit zwei Nadeln gleichzeitig, die symmetrisch gegeneinander gef\u00fchrt werden, sonst zersticht man sich den Faden. Au\u00dferdem ist es &#8211; gerade bei Schuhwerk- n\u00f6tig, nach jedem Stich einen einfachen Knoten in beide F\u00e4den zu schlingen. Sollte die Naht durch Verschlei\u00df n\u00e4mlich doch eines Tages aufgehen, so tut sie dies nur an EINER Stelle. Die Knoten bewahren das Produkt unseres Flei\u00dfes vor dem Zerfall. Zus\u00e4tzlich verklebt das Bienenwachs den Knoten regelrecht, so dass die Naht an sich widerstandsf\u00e4higer wird und bei steifem Leder die zu verbindenden Teile nicht auseinander dr\u00e4ngen k\u00f6nnen. Das Auseinanderdr\u00e4ngen ist oftmals ein Problem. Richtig widerw\u00e4rtig wird es aber erst beim Schuhbau, wo gleichzeitig drei St\u00fccke zusammengen\u00e4ht werden m\u00fcssen (Sohle, Oberleder und Brandsohle). Siehe Detail \r\n\t<a class=\"paoc-popup-click paoc-popup-cust-6916 paoc-popup-simple_link paoc-popup-link\" href=\"javascript:void(0);\">Bild 5<\/a>\r\n\r\n. Aber unsere Vorfahren lie\u00dfen sich etwas einfallen: Das Sohlenleder wird &#8211; noch bevor man den Schnitt f\u00fcr die Naht setzt und damit man ihn \u00fcberhaupt setzen kann (!) &#8211; in kaltes Wasser eingelegt, bis es sich richtig vollgesaugt hat. Jetzt ist es weich und l\u00e4sst sich willenlos formen, was auch erforderlich ist bei Schnabelschuhen!!<\/p>\n<p style=\"text-align: right;\">Loke Klingsor<\/p>\n","protected":false},"excerpt":{"rendered":"<p>Grunds\u00e4tzliches zur Lederbearbeitung Leder ist ein sehr festes, widerstandsf\u00e4higes Material. Um Verletzungen, Horn- und Blasenbildung so gering wie m\u00f6glich zu halten, sollte man einige alterprobte und wirkungsvolle Schutzma\u00dfnahmen ergreifen. Dazu geh\u00f6rt eine massive Unterlage beim Vorstechen der L\u00f6cher, die nach M\u00f6glichkeit aus Weichholz beschaffen sein sollte. Desweiteren empfehle ich jedem, der die Absicht hat, Stunden &hellip; <\/p>\n<p class=\"link-more\"><a href=\"https:\/\/shop.mittgard.de\/?page_id=6908\" class=\"more-link\"><span class=\"screen-reader-text\">\u201eGrunds\u00e4tzliches zur Lederbearbeitung\u201c <\/span>weiterlesen<\/a><\/p>\n","protected":false},"author":2,"featured_media":0,"parent":6755,"menu_order":0,"comment_status":"closed","ping_status":"closed","template":"","meta":{"footnotes":""},"class_list":["post-6908","page","type-page","status-publish","hentry"],"_links":{"self":[{"href":"https:\/\/shop.mittgard.de\/index.php?rest_route=\/wp\/v2\/pages\/6908","targetHints":{"allow":["GET"]}}],"collection":[{"href":"https:\/\/shop.mittgard.de\/index.php?rest_route=\/wp\/v2\/pages"}],"about":[{"href":"https:\/\/shop.mittgard.de\/index.php?rest_route=\/wp\/v2\/types\/page"}],"author":[{"embeddable":true,"href":"https:\/\/shop.mittgard.de\/index.php?rest_route=\/wp\/v2\/users\/2"}],"replies":[{"embeddable":true,"href":"https:\/\/shop.mittgard.de\/index.php?rest_route=%2Fwp%2Fv2%2Fcomments&post=6908"}],"version-history":[{"count":4,"href":"https:\/\/shop.mittgard.de\/index.php?rest_route=\/wp\/v2\/pages\/6908\/revisions"}],"predecessor-version":[{"id":6919,"href":"https:\/\/shop.mittgard.de\/index.php?rest_route=\/wp\/v2\/pages\/6908\/revisions\/6919"}],"up":[{"embeddable":true,"href":"https:\/\/shop.mittgard.de\/index.php?rest_route=\/wp\/v2\/pages\/6755"}],"wp:attachment":[{"href":"https:\/\/shop.mittgard.de\/index.php?rest_route=%2Fwp%2Fv2%2Fmedia&parent=6908"}],"curies":[{"name":"wp","href":"https:\/\/api.w.org\/{rel}","templated":true}]}}