{"id":6921,"date":"2019-01-27T10:25:21","date_gmt":"2019-01-27T09:25:21","guid":{"rendered":"http:\/\/shop.mittgard.de\/?page_id=6921"},"modified":"2019-01-27T10:25:21","modified_gmt":"2019-01-27T09:25:21","slug":"koecher-fuer-pfeile","status":"publish","type":"page","link":"https:\/\/shop.mittgard.de\/?page_id=6921","title":{"rendered":"K\u00f6cher f\u00fcr Pfeile"},"content":{"rendered":"<h1>K\u00f6cher f\u00fcr Pfeile<\/h1>\n<p style=\"text-align: justify;\">Wer sich einmal geistig dazu durchgerungen hat und anf\u00e4ngt, Dinge selbst zu bauen, wird es meist nicht fertig bringen, nach einem ersten abgeschlossenen Projekt aufzuh\u00f6ren. Es ist eine Art Sucht. Und je mehr und versiertere Sachen man im Laufe der Zeit zustande bringt, desto h\u00f6her steckt man seine Ziele.<br \/>\nBaut man sich zum Beispiel einen Bogen, will man nat\u00fcrlich auch selbst hergestellte Pfeile verwenden (was eindeutig der gr\u00f6\u00dferen Erfahrung bedarf, la\u00dft euch warnen!).<br \/>\n<img loading=\"lazy\" decoding=\"async\" class=\"alignleft size-full wp-image-6922\" src=\"http:\/\/shop.mittgard.de\/wp-content\/uploads\/2019\/01\/bild1a.jpg\" alt=\"\" width=\"307\" height=\"223\" srcset=\"https:\/\/shop.mittgard.de\/wp-content\/uploads\/2019\/01\/bild1a.jpg 307w, https:\/\/shop.mittgard.de\/wp-content\/uploads\/2019\/01\/bild1a-300x218.jpg 300w\" sizes=\"auto, (max-width: 307px) 100vw, 307px\" \/> Was wiederum nach sich zieht, da\u00df ein Beh\u00e4ltnis f\u00fcr sie her mu\u00df! Ein K\u00f6cher jedoch ist ein einfach Ding:<br \/>\nEin konischer Schlauch, der unten verschlossen wird, oben ein Sieb bekommt und an der Seite eine Lasche. Bild 1A zeigt das Bodendetail, die \r\n\t<a class=\"paoc-popup-click paoc-popup-cust-6924 paoc-popup-simple_link paoc-popup-link\" href=\"javascript:void(0);\">Skizzen<\/a>\r\n\r\nverdeutlichen die Konstuktion.<br \/>\nUm also gewappnet zu sein, sollte man rechtzeitig anfangen, sich einen gewissen Grundstock an Material zu organisieren. Nicht immer mu\u00df es das hochwertigste sein und schon gar nicht teuer. Oft entpuppt sich ein unansehnliches St\u00fcck als genau das, was man eigentlich braucht. Ich pers\u00f6nlich beispielsweise bevorzuge die Schlachtung von alten ausrangierten Turnger\u00e4ten wie Matten oder Pferden. Das ist archaisch, kostet nichts und im Handumdrehen ist man im Besitz von 2 &#8211; 3 Quadratmetern wirklich gut gegerbtem Leder, das jeder Strapaze trotzt. Gerade f\u00fcr Teile, die eine gewisse Form halten sollen, ist steifes Schweins- oder Rindsleder w\u00fcnschenswert. So auch bei einem K\u00f6cher (Bild 2A).<br \/>\n<img loading=\"lazy\" decoding=\"async\" class=\"alignright size-full wp-image-6923\" src=\"http:\/\/shop.mittgard.de\/wp-content\/uploads\/2019\/01\/bild2a.jpg\" alt=\"\" width=\"414\" height=\"153\" srcset=\"https:\/\/shop.mittgard.de\/wp-content\/uploads\/2019\/01\/bild2a.jpg 414w, https:\/\/shop.mittgard.de\/wp-content\/uploads\/2019\/01\/bild2a-300x111.jpg 300w, https:\/\/shop.mittgard.de\/wp-content\/uploads\/2019\/01\/bild2a-350x129.jpg 350w\" sizes=\"auto, (max-width: 414px) 100vw, 414px\" \/> Ein K\u00f6cher ist so lang, da\u00df die Pfeilenden oben nicht mehr als zwei Handbreit herausschauen. Es kommt also darauf an, mit welchen Pfeilen man haupts\u00e4chlich schie\u00dft. Holzpfeile haben bei uns meist 28&#8243;, seltener 32&#8243;. Japanische Kyudo-Sch\u00fctzen verwenden solche von \u00fcber 45&#8243; L\u00e4nge (siehe auch \r\n\t<a class=\"paoc-popup-click paoc-popup-cust-6928 paoc-popup-simple_link paoc-popup-link\" href=\"javascript:void(0);\">Skizze Pfeill\u00e4nge nach Leonardo da Vinci<\/a>\r\n\r\n). Eine Handbreit entspricht in etwa 4-5 Zoll. Es ergibt sich eine &#8222;T\u00fctenl\u00e4nge&#8220; von minimal 20&#8243;, maximal 40&#8243;. Desweiteren mu\u00df in einem K\u00f6cher mindestens ein Satz Pfeile -das sind 12 St\u00fcck, oder wie man fr\u00fcher sagte: ein Dutzend- Platz finden, eher aber zwei, ohne da\u00df sich die Federn oder fletches ber\u00fchren, damit sie sich nicht gegenseitig zerst\u00f6ren.<br \/>\nEin &#8222;Sieb&#8220; wird aus diesen Gr\u00fcnden einen Fingerbreit unterhalb des oberen Randes mit zwei kleinen Laschen in die \u00d6ffnung gebracht, das jedem Pfeil sein eigenes Loch zuweist und der T\u00fcte Stabilit\u00e4t verleiht (siehe \r\n\t<a class=\"paoc-popup-click paoc-popup-cust-6924 paoc-popup-simple_link paoc-popup-link\" href=\"javascript:void(0);\">Skizzen<\/a>\r\n\r\n Nr. II). Der obere Umfang sollte nicht unter 50 cm liegen, der untere dagegen bei ca. 25 cm, damit die Pfeile oben auseinandergehen wie ein Mikadospiel.<br \/>\nAnsonsten verweise ich an dieser Stelle auf die Vorbemerkung &#8222;Grunds\u00e4tzliches zur Lederbearbeitung&#8220;.<br \/>\nBleibt mir nur noch, viel Spa\u00df und Erfolg zu w\u00fcnschen.<\/p>\n<p style=\"text-align: right;\">Loke Klingsor<\/p>\n","protected":false},"excerpt":{"rendered":"<p>K\u00f6cher f\u00fcr Pfeile Wer sich einmal geistig dazu durchgerungen hat und anf\u00e4ngt, Dinge selbst zu bauen, wird es meist nicht fertig bringen, nach einem ersten abgeschlossenen Projekt aufzuh\u00f6ren. Es ist eine Art Sucht. Und je mehr und versiertere Sachen man im Laufe der Zeit zustande bringt, desto h\u00f6her steckt man seine Ziele. Baut man sich &hellip; <\/p>\n<p class=\"link-more\"><a href=\"https:\/\/shop.mittgard.de\/?page_id=6921\" class=\"more-link\"><span class=\"screen-reader-text\">\u201eK\u00f6cher f\u00fcr Pfeile\u201c <\/span>weiterlesen<\/a><\/p>\n","protected":false},"author":2,"featured_media":0,"parent":6755,"menu_order":0,"comment_status":"closed","ping_status":"closed","template":"","meta":{"footnotes":""},"class_list":["post-6921","page","type-page","status-publish","hentry"],"_links":{"self":[{"href":"https:\/\/shop.mittgard.de\/index.php?rest_route=\/wp\/v2\/pages\/6921","targetHints":{"allow":["GET"]}}],"collection":[{"href":"https:\/\/shop.mittgard.de\/index.php?rest_route=\/wp\/v2\/pages"}],"about":[{"href":"https:\/\/shop.mittgard.de\/index.php?rest_route=\/wp\/v2\/types\/page"}],"author":[{"embeddable":true,"href":"https:\/\/shop.mittgard.de\/index.php?rest_route=\/wp\/v2\/users\/2"}],"replies":[{"embeddable":true,"href":"https:\/\/shop.mittgard.de\/index.php?rest_route=%2Fwp%2Fv2%2Fcomments&post=6921"}],"version-history":[{"count":1,"href":"https:\/\/shop.mittgard.de\/index.php?rest_route=\/wp\/v2\/pages\/6921\/revisions"}],"predecessor-version":[{"id":6930,"href":"https:\/\/shop.mittgard.de\/index.php?rest_route=\/wp\/v2\/pages\/6921\/revisions\/6930"}],"up":[{"embeddable":true,"href":"https:\/\/shop.mittgard.de\/index.php?rest_route=\/wp\/v2\/pages\/6755"}],"wp:attachment":[{"href":"https:\/\/shop.mittgard.de\/index.php?rest_route=%2Fwp%2Fv2%2Fmedia&parent=6921"}],"curies":[{"name":"wp","href":"https:\/\/api.w.org\/{rel}","templated":true}]}}