{"id":6948,"date":"2019-01-27T10:58:35","date_gmt":"2019-01-27T09:58:35","guid":{"rendered":"http:\/\/shop.mittgard.de\/?page_id=6948"},"modified":"2019-01-27T10:58:35","modified_gmt":"2019-01-27T09:58:35","slug":"geldbeutel","status":"publish","type":"page","link":"https:\/\/shop.mittgard.de\/?page_id=6948","title":{"rendered":"Geldbeutel"},"content":{"rendered":"<h1>Geldbeutel<\/h1>\n<p style=\"text-align: justify;\"><img loading=\"lazy\" decoding=\"async\" class=\"alignleft size-full wp-image-6949\" src=\"http:\/\/shop.mittgard.de\/wp-content\/uploads\/2019\/01\/beutel.jpg\" alt=\"\" width=\"147\" height=\"361\" srcset=\"https:\/\/shop.mittgard.de\/wp-content\/uploads\/2019\/01\/beutel.jpg 147w, https:\/\/shop.mittgard.de\/wp-content\/uploads\/2019\/01\/beutel-122x300.jpg 122w\" sizes=\"auto, (max-width: 147px) 100vw, 147px\" \/> Der Geldbeutel hei\u00dft Geldbeutel, weil er ein Beutel ist, in den man sein Geld tut. Und damit ihn der Beutelschneider abschneiden kann, mu\u00df er an langen Riemen am G\u00fcrtel befestigt sein, die ungef\u00e4hr so dimensioniert sein sollten, da\u00df der Besitzer gerade mit seinen Fingern noch darein kommt.<img loading=\"lazy\" decoding=\"async\" class=\"alignright size-full wp-image-6950\" src=\"http:\/\/shop.mittgard.de\/wp-content\/uploads\/2019\/01\/beutel2.jpg\" alt=\"\" width=\"222\" height=\"276\" \/>\u00a0Je nach Menge und Beschaffenheit des mitzuf\u00fchrenden Verm\u00f6gens wei\u00dft der Geldbeutel verschiedenste Gr\u00f6\u00dfen auf. Mit der Hand sollte man aber schon durch die \u00d6ffnung gelangen k\u00f6nnen.<br \/>\nDer Beutel besteht aus zwei Teilen: der \r\n\t<a class=\"paoc-popup-click paoc-popup-cust-6951 paoc-popup-simple_link paoc-popup-link\" href=\"javascript:void(0);\">R\u00fcckenfl\u00e4che<\/a>\r\n\r\n aus steifem und dem Bauch aus geschmeidigem Leder, wobei erstere die Form bekommt, die der Beutel sp\u00e4ter bilden soll, zweiteres im Zuschnitt einen Halbkreis darstellt (\r\n\t<a class=\"paoc-popup-click paoc-popup-cust-6953 paoc-popup-simple_link paoc-popup-link\" href=\"javascript:void(0);\">Skizze 4<\/a>\r\n\r\n).<br \/>\nDer Umfang des R\u00fcckens (ohne seine gerade Oberkante) mu\u00df so gro\u00df wie der Durchmesser des Halbkreises sein. Auf diesen beiden Linien werden symmetrisch gleich viele L\u00f6cher gestochen, da diese Teile miteinander verbunden werden. Der Halbkreis wird au\u00dferdem in 10 gleiche Sektoren unterteilt, in deren Mittellinie ca. 1 cm vom Rand entfernt je eine \u00d6se oder Hohlniete eingebracht wird zum Zwecke der Durchf\u00e4delung und Verschlie\u00dfung des Beh\u00e4lters.<br \/>\nDie Riemchen bekommen oben eine Schlaufe f\u00fcr den G\u00fcrtel, unten werden sie durch drei Schlitze in das R\u00fcckenteil eingef\u00e4delt und verknotet (\r\n\t<a class=\"paoc-popup-click paoc-popup-cust-6955 paoc-popup-simple_link paoc-popup-link\" href=\"javascript:void(0);\">siehe hierzu Skizze 2, 2A und 3<\/a>\r\n\r\n).<br \/>\nNachdem also die Nieten verpre\u00dft, die Riemen verknotet und vorher m\u00f6glichst die L\u00f6cher gestochen wurden, werden Bauch und R\u00fccken vern\u00e4ht, was nach den ersten Stichen so aussieht wie in \r\n\t<a class=\"paoc-popup-click paoc-popup-cust-6959 paoc-popup-simple_link paoc-popup-link\" href=\"javascript:void(0);\">Skizze 5<\/a>\r\n\r\n.<br \/>\nZum Schlu\u00df noch eine d\u00fcnne Lederschnur durch die \u00d6sen- fertig! Das Ergebnis sollte der \r\n\t<a class=\"paoc-popup-click paoc-popup-cust-6961 paoc-popup-simple_link paoc-popup-link\" href=\"javascript:void(0);\">Skizze 1<\/a>\r\n\r\n \u00e4hneln (siehe auch Photos!).<\/p>\n<p style=\"text-align: right;\">Loke Klingsor<\/p>\n","protected":false},"excerpt":{"rendered":"<p>Geldbeutel Der Geldbeutel hei\u00dft Geldbeutel, weil er ein Beutel ist, in den man sein Geld tut. Und damit ihn der Beutelschneider abschneiden kann, mu\u00df er an langen Riemen am G\u00fcrtel befestigt sein, die ungef\u00e4hr so dimensioniert sein sollten, da\u00df der Besitzer gerade mit seinen Fingern noch darein kommt.\u00a0Je nach Menge und Beschaffenheit des mitzuf\u00fchrenden Verm\u00f6gens &hellip; <\/p>\n<p class=\"link-more\"><a href=\"https:\/\/shop.mittgard.de\/?page_id=6948\" class=\"more-link\"><span class=\"screen-reader-text\">\u201eGeldbeutel\u201c <\/span>weiterlesen<\/a><\/p>\n","protected":false},"author":2,"featured_media":0,"parent":6755,"menu_order":0,"comment_status":"closed","ping_status":"closed","template":"","meta":{"footnotes":""},"class_list":["post-6948","page","type-page","status-publish","hentry"],"_links":{"self":[{"href":"https:\/\/shop.mittgard.de\/index.php?rest_route=\/wp\/v2\/pages\/6948","targetHints":{"allow":["GET"]}}],"collection":[{"href":"https:\/\/shop.mittgard.de\/index.php?rest_route=\/wp\/v2\/pages"}],"about":[{"href":"https:\/\/shop.mittgard.de\/index.php?rest_route=\/wp\/v2\/types\/page"}],"author":[{"embeddable":true,"href":"https:\/\/shop.mittgard.de\/index.php?rest_route=\/wp\/v2\/users\/2"}],"replies":[{"embeddable":true,"href":"https:\/\/shop.mittgard.de\/index.php?rest_route=%2Fwp%2Fv2%2Fcomments&post=6948"}],"version-history":[{"count":1,"href":"https:\/\/shop.mittgard.de\/index.php?rest_route=\/wp\/v2\/pages\/6948\/revisions"}],"predecessor-version":[{"id":6963,"href":"https:\/\/shop.mittgard.de\/index.php?rest_route=\/wp\/v2\/pages\/6948\/revisions\/6963"}],"up":[{"embeddable":true,"href":"https:\/\/shop.mittgard.de\/index.php?rest_route=\/wp\/v2\/pages\/6755"}],"wp:attachment":[{"href":"https:\/\/shop.mittgard.de\/index.php?rest_route=%2Fwp%2Fv2%2Fmedia&parent=6948"}],"curies":[{"name":"wp","href":"https:\/\/api.w.org\/{rel}","templated":true}]}}