{"id":7012,"date":"2019-01-27T12:02:30","date_gmt":"2019-01-27T11:02:30","guid":{"rendered":"http:\/\/shop.mittgard.de\/?page_id=7012"},"modified":"2020-10-30T14:55:58","modified_gmt":"2020-10-30T13:55:58","slug":"trippen-teil-2","status":"publish","type":"page","link":"https:\/\/shop.mittgard.de\/?page_id=7012","title":{"rendered":"Trippen Teil 2"},"content":{"rendered":"<h1>Trippen Teil 2<\/h1>\n<h2>Trippen in aller Welt<\/h2>\n<p style=\"text-align: justify;\"><img loading=\"lazy\" decoding=\"async\" class=\"alignleft size-full wp-image-7013\" src=\"http:\/\/shop.mittgard.de\/wp-content\/uploads\/2019\/01\/abb-4.jpg\" alt=\"\" width=\"250\" height=\"277\" \/> So, wie es nicht nur eine Art der Schnabelschuhe gibt, hat der menschliche Erfindungsgeist wohl eine Unzahl von Variationen ersonnen, die Einrichtung der Trippen als n\u00fctzliche Erg\u00e4nzung der Fu\u00dfkledage abzuwandeln. Zur europ\u00e4ischen Entwicklung dieses Bekleidungsst\u00fcckes ist schon viel gesagt worden und es l\u00e4\u00dft sich immer noch etwas hinzuf\u00fcgen. Bei nur kurzer Umschau lassen sich doch schon f\u00fcr den Unkundigen viele Details unterscheiden. Und was gibt es da nicht alles! H\u00f6rner, Klappmechanismen, Schnallen, flache H\u00f6cker, hohe Querbrettchen, Sohlenauskerbungen als Fu\u00dfbett, Abs\u00e4tze &#8211; eine wahre Flut an modischen Schn\u00f6rkeln ist zu entdecken. Hierzu nur einige Skizzen eines unma\u00dfgeblichen Schmierfinken (\r\n\t<a class=\"paoc-popup-click paoc-popup-cust-7017 paoc-popup-simple_link paoc-popup-link\" href=\"javascript:void(0);\">Abb. Nr.I, II, III<\/a>\r\n\r\n), sowie die des Amsterdamer Malers van Dyck (Abb.Nr. IV). Die letztgezeigte Form mit hohen Abs\u00e4tzen, ausgekehltem Fu\u00dfbett und m\u00e4\u00dfig vorstehendem Horn ist die wohl typischste Darstellungsweise, wie sie auch in der Literatur oft zu finden ist. In einem Anflug von geistiger Umnachtung versuchte sich ein Lehrbursche an dieser Vorlage,<img loading=\"lazy\" decoding=\"async\" class=\"alignright size-full wp-image-7014\" src=\"http:\/\/shop.mittgard.de\/wp-content\/uploads\/2019\/01\/abb-v.jpg\" alt=\"\" width=\"300\" height=\"99\" \/> wobei ein Produkt herauskam, das wohl den optischen Anspr\u00fcchen gen\u00fcgen kann, aber unm\u00f6glich ein praktikables Utensil zum t\u00e4glichen Gebrauch genannt werden kann (Abb.Nr. V).<br \/>\nNun ist es nicht so, da\u00df Trippen nur uns Mitteleurop\u00e4ern bekannt w\u00e4ren!<br \/>\nNachdem ich den Orient durchreiste und so nach Kairo kam, gewahrte ich, da\u00df auch die Araber und Muselmanen eine selbige Konstruktion unter die F\u00fc\u00dfe zu spannen wissen als es bei uns Gewohnheit ist.<br \/>\nBei einem meiner vielen Streifz\u00fcge durch den Souq von Kairo fand ich im Viertel, wo auch andere Holzwaren aller Art hergestellt werden, eben einen Handwerker, der eine Art von Trippen zu fertigen wu\u00dfte, die ganz erstaunlich unseren mittelalterlichen gleichen.<img loading=\"lazy\" decoding=\"async\" class=\"alignleft size-full wp-image-7015\" src=\"http:\/\/shop.mittgard.de\/wp-content\/uploads\/2019\/01\/abb-vi.jpg\" alt=\"\" width=\"234\" height=\"200\" \/> Der geneigte Leser m\u00f6ge sich zur Illustration der Abbildung Nummer VI zuwenden, um sich zu \u00fcberzeugen, da\u00df ich die Wahrheit spreche.<br \/>\nDiese Entdeckung nahm ich nun zum Anlasse, auch bei anderen Kulturv\u00f6lkern &#8211; wenn auch anderen Glaubens &#8211; nach derlei \u00dcbereinstimmungen Ausschau zu halten.<br \/>\nAls erstes kamen mir bei meinen Nachforschungen Berichte zu Ohren, da\u00df im fernen Nippon, das am Rande der Welt liegt, Holzbrettchen unter die F\u00fc\u00dfe geschnallt w\u00fcrden, die wiederum auf zwei Querb\u00e4lkchen ruhten. Die Bewohner dieses Landes gaben diesen Trippen den Namen geta. Die Vornehmeren unter ihnen tr\u00fcgen entsprechend h\u00f6here getas, was mich auf den Gedanken brachte, hier eine Ursache f\u00fcr das Wort &#8222;h\u00f6hergestellt&#8220; gefunden zu haben. Nach Geschlecht g\u00e4be es auch Unterschiede in der Ausf\u00fchrung. Nach langem Suchen fand ich einen H\u00e4ndler, der mir wenigstens einige Bilder anfertigte und vermachte, die ich nun hiermit denen zug\u00e4nglich mache, die Interesse daran haben (\r\n\t<a class=\"paoc-popup-click paoc-popup-cust-7021 paoc-popup-simple_link paoc-popup-link\" href=\"javascript:void(0);\">Abb. Nr. VIIa und VIIb<\/a>\r\n\r\n).<br \/>\nDoch auch in den s\u00fcdlichen Landen der Welt fanden sich noch weitere Beweise f\u00fcr meine Annahme, denn von \u00c4gypten nach mittag liegt das weitgehend unbekannte Reich Sudan, von wo ein in eigener Sache reisender Angelsachse mir Beschreibung und Abbild einer \u00fcberaus kunstvollen Ausf\u00fchrung brachte. In seinen eigenen Worten beschrieb er mir die Sache so: &#8222;Diese Schuhe sind im Sudan gemacht und erdacht vom Volke der Nuba, um sich vor Infektionen zu sch\u00fctzen, die durch den Guineawurm drohen. Sie [die Schuhe] besitzen eine verl\u00e4ngerte Spitze auf zwei h\u00f6lzernen St\u00fctzen.&#8220;<br \/>\n<img loading=\"lazy\" decoding=\"async\" class=\"alignright size-full wp-image-7016\" src=\"http:\/\/shop.mittgard.de\/wp-content\/uploads\/2019\/01\/abb-viii.jpg\" alt=\"\" width=\"250\" height=\"131\" \/> Ein Blick auf die Sache (Abb.Nr.VIII) stellt die hierbei aufkommenden Unklarheiten richtig. Auch diese Art hat also im vorderen Bereich des Fu\u00dfes eine Lederschlaufe, die den Fu\u00df am Gestell h\u00e4lt w\u00e4hrend des Laufens. Auffallend das lange Horn.<\/p>\n<p style=\"text-align: justify;\">Und so lie\u00dfe sich diese Liste sicherlich noch weiter fortf\u00fchren, was bei n\u00e4chster Gelegenheit geschehen mu\u00df, denn mich zieht es vorerst wieder ins \u00c4gypterland!<\/p>\n<p style=\"text-align: right;\">Loke Klingsor<\/p>\n<p style=\"text-align: center;\"><a href=\"https:\/\/shop.mittgard.de\/?page_id=6998\">zum Teil I<\/a><\/p>\n","protected":false},"excerpt":{"rendered":"<p>Trippen Teil 2 Trippen in aller Welt So, wie es nicht nur eine Art der Schnabelschuhe gibt, hat der menschliche Erfindungsgeist wohl eine Unzahl von Variationen ersonnen, die Einrichtung der Trippen als n\u00fctzliche Erg\u00e4nzung der Fu\u00dfkledage abzuwandeln. Zur europ\u00e4ischen Entwicklung dieses Bekleidungsst\u00fcckes ist schon viel gesagt worden und es l\u00e4\u00dft sich immer noch etwas hinzuf\u00fcgen. &hellip; <\/p>\n<p class=\"link-more\"><a href=\"https:\/\/shop.mittgard.de\/?page_id=7012\" class=\"more-link\"><span class=\"screen-reader-text\">\u201eTrippen Teil 2\u201c <\/span>weiterlesen<\/a><\/p>\n","protected":false},"author":2,"featured_media":0,"parent":6755,"menu_order":0,"comment_status":"closed","ping_status":"closed","template":"","meta":{"footnotes":""},"class_list":["post-7012","page","type-page","status-publish","hentry"],"_links":{"self":[{"href":"https:\/\/shop.mittgard.de\/index.php?rest_route=\/wp\/v2\/pages\/7012","targetHints":{"allow":["GET"]}}],"collection":[{"href":"https:\/\/shop.mittgard.de\/index.php?rest_route=\/wp\/v2\/pages"}],"about":[{"href":"https:\/\/shop.mittgard.de\/index.php?rest_route=\/wp\/v2\/types\/page"}],"author":[{"embeddable":true,"href":"https:\/\/shop.mittgard.de\/index.php?rest_route=\/wp\/v2\/users\/2"}],"replies":[{"embeddable":true,"href":"https:\/\/shop.mittgard.de\/index.php?rest_route=%2Fwp%2Fv2%2Fcomments&post=7012"}],"version-history":[{"count":2,"href":"https:\/\/shop.mittgard.de\/index.php?rest_route=\/wp\/v2\/pages\/7012\/revisions"}],"predecessor-version":[{"id":9634,"href":"https:\/\/shop.mittgard.de\/index.php?rest_route=\/wp\/v2\/pages\/7012\/revisions\/9634"}],"up":[{"embeddable":true,"href":"https:\/\/shop.mittgard.de\/index.php?rest_route=\/wp\/v2\/pages\/6755"}],"wp:attachment":[{"href":"https:\/\/shop.mittgard.de\/index.php?rest_route=%2Fwp%2Fv2%2Fmedia&parent=7012"}],"curies":[{"name":"wp","href":"https:\/\/api.w.org\/{rel}","templated":true}]}}