{"id":10003,"date":"2021-03-17T13:42:07","date_gmt":"2021-03-17T12:42:07","guid":{"rendered":"https:\/\/shop.mittgard.de\/?post_type=product&#038;p=10003"},"modified":"2024-12-14T15:44:28","modified_gmt":"2024-12-14T14:44:28","slug":"netzgefaess-2","status":"publish","type":"product","link":"https:\/\/shop.mittgard.de\/?product=netzgefaess-2","title":{"rendered":"Netzgef\u00e4\u00df 2"},"content":{"rendered":"<p>Messingpokal schwarz\/gold mit Netzeinsatz zum R\u00e4uchern ohne Sand<\/p>\n<p>man legt die R\u00e4ucherkohle einfach auf das Netz, so kommt von allen Seiten Sauerstoff an die Kohle, die so viel besser durchgl\u00fcht. Die Asche f\u00e4llt durch das Netz ins St\u00f6vchen und kann sp\u00e4ter ausgesch\u00fcttet werden.<\/p>\n<p>Ma\u00dfe: 7,5 cm hoch, \u2205 9,5 cm<\/p>\n","protected":false},"excerpt":{"rendered":"<p>Messingpokal schwarz\/gold mit Netzeinsatz zum R\u00e4uchern ohne Sand man legt die R\u00e4ucherkohle einfach auf das Netz, so kommt von allen Seiten Sauerstoff an die Kohle, die so viel besser durchgl\u00fcht. Die Asche f\u00e4llt durch das Netz ins St\u00f6vchen und kann sp\u00e4ter ausgesch\u00fcttet werden. Ma\u00dfe: 7,5 cm hoch, \u2205 9,5 cm<\/p>\n","protected":false},"featured_media":10004,"template":"","meta":[],"product_brand":[],"product_cat":[124,110],"product_tag":[1101,659],"class_list":{"0":"post-10003","1":"product","2":"type-product","3":"status-publish","4":"has-post-thumbnail","6":"product_cat-raeuchergefaesse","7":"product_cat-raeucherwerk","8":"product_tag-messingpokal","9":"product_tag-netz","10":"product_shipping_class-paket","12":"first","13":"instock","14":"taxable","15":"shipping-taxable","16":"purchasable","17":"product-type-simple"},"_links":{"self":[{"href":"https:\/\/shop.mittgard.de\/index.php?rest_route=\/wp\/v2\/product\/10003","targetHints":{"allow":["GET"]}}],"collection":[{"href":"https:\/\/shop.mittgard.de\/index.php?rest_route=\/wp\/v2\/product"}],"about":[{"href":"https:\/\/shop.mittgard.de\/index.php?rest_route=\/wp\/v2\/types\/product"}],"wp:featuredmedia":[{"embeddable":true,"href":"https:\/\/shop.mittgard.de\/index.php?rest_route=\/wp\/v2\/media\/10004"}],"wp:attachment":[{"href":"https:\/\/shop.mittgard.de\/index.php?rest_route=%2Fwp%2Fv2%2Fmedia&parent=10003"}],"wp:term":[{"taxonomy":"product_brand","embeddable":true,"href":"https:\/\/shop.mittgard.de\/index.php?rest_route=%2Fwp%2Fv2%2Fproduct_brand&post=10003"},{"taxonomy":"product_cat","embeddable":true,"href":"https:\/\/shop.mittgard.de\/index.php?rest_route=%2Fwp%2Fv2%2Fproduct_cat&post=10003"},{"taxonomy":"product_tag","embeddable":true,"href":"https:\/\/shop.mittgard.de\/index.php?rest_route=%2Fwp%2Fv2%2Fproduct_tag&post=10003"}],"curies":[{"name":"wp","href":"https:\/\/api.w.org\/{rel}","templated":true}]}}