{"id":10014,"date":"2021-03-18T11:46:20","date_gmt":"2021-03-18T10:46:20","guid":{"rendered":"https:\/\/shop.mittgard.de\/?post_type=product&#038;p=10014"},"modified":"2025-03-21T15:17:56","modified_gmt":"2025-03-21T14:17:56","slug":"leinengarn-10-ockerbraun","status":"publish","type":"product","link":"https:\/\/shop.mittgard.de\/?product=leinengarn-10-ockerbraun","title":{"rendered":"Leinengarn 10 ockerbraun"},"content":{"rendered":"<p>Barkonie Leinengarn zum N\u00e4hen, Sticken oder Kl\u00f6ppeln<br \/>\nGarnst\u00e4rke NeL 50\/2, \u00e4hnlich Bockens 60\/3<br \/>\n1 Spule sind 200m<\/p>\n<p>weitere Farben nachbestellbar siehe Farbtabelle<\/p>\n","protected":false},"excerpt":{"rendered":"<p>Barkonie Leinengarn zum N\u00e4hen, Sticken oder Kl\u00f6ppeln Garnst\u00e4rke NeL 50\/2, \u00e4hnlich Bockens 60\/3 1 Spule sind 200m weitere Farben nachbestellbar siehe Farbtabelle<\/p>\n","protected":false},"featured_media":10015,"template":"","meta":[],"product_brand":[],"product_cat":[562,570],"product_tag":[88,801,1007,92],"class_list":{"0":"post-10014","1":"product","2":"type-product","3":"status-publish","4":"has-post-thumbnail","6":"product_cat-gewandungen","7":"product_cat-naehzubehoer","8":"product_tag-braun","9":"product_tag-leinen","10":"product_tag-naehgarn","11":"product_tag-ocker","12":"product_shipping_class-paket","14":"first","15":"instock","16":"taxable","17":"shipping-taxable","18":"purchasable","19":"product-type-simple"},"_links":{"self":[{"href":"https:\/\/shop.mittgard.de\/index.php?rest_route=\/wp\/v2\/product\/10014","targetHints":{"allow":["GET"]}}],"collection":[{"href":"https:\/\/shop.mittgard.de\/index.php?rest_route=\/wp\/v2\/product"}],"about":[{"href":"https:\/\/shop.mittgard.de\/index.php?rest_route=\/wp\/v2\/types\/product"}],"wp:featuredmedia":[{"embeddable":true,"href":"https:\/\/shop.mittgard.de\/index.php?rest_route=\/wp\/v2\/media\/10015"}],"wp:attachment":[{"href":"https:\/\/shop.mittgard.de\/index.php?rest_route=%2Fwp%2Fv2%2Fmedia&parent=10014"}],"wp:term":[{"taxonomy":"product_brand","embeddable":true,"href":"https:\/\/shop.mittgard.de\/index.php?rest_route=%2Fwp%2Fv2%2Fproduct_brand&post=10014"},{"taxonomy":"product_cat","embeddable":true,"href":"https:\/\/shop.mittgard.de\/index.php?rest_route=%2Fwp%2Fv2%2Fproduct_cat&post=10014"},{"taxonomy":"product_tag","embeddable":true,"href":"https:\/\/shop.mittgard.de\/index.php?rest_route=%2Fwp%2Fv2%2Fproduct_tag&post=10014"}],"curies":[{"name":"wp","href":"https:\/\/api.w.org\/{rel}","templated":true}]}}