{"id":10232,"date":"2021-06-22T12:56:59","date_gmt":"2021-06-22T10:56:59","guid":{"rendered":"https:\/\/shop.mittgard.de\/?post_type=product&#038;p=10232"},"modified":"2025-06-24T08:31:58","modified_gmt":"2025-06-24T06:31:58","slug":"wikingerring-6-bronze-groesse-62","status":"publish","type":"product","link":"https:\/\/shop.mittgard.de\/?product=wikingerring-6-bronze-groesse-62","title":{"rendered":"Wikingerring 6 Bronze gro\u00df"},"content":{"rendered":"<p>fein gearbeitet mit aufgesetzten K\u00fcgelchen und Punktverzierung<\/p>\n<p>M\u00e4nnergr\u00f6\u00dfe 64, Schmuckbronze, 1,2 cm Breite, leicht verstellbar, weil offen<\/p>\n","protected":false},"excerpt":{"rendered":"<p>fein gearbeitet mit aufgesetzten K\u00fcgelchen und Punktverzierung M\u00e4nnergr\u00f6\u00dfe 64, Schmuckbronze, 1,2 cm Breite, leicht verstellbar, weil offen<\/p>\n","protected":false},"featured_media":10233,"template":"","meta":[],"product_brand":[],"product_cat":[470,455],"product_tag":[472,988,311],"class_list":{"0":"post-10232","1":"product","2":"type-product","3":"status-publish","4":"has-post-thumbnail","6":"product_cat-ohr-fingerringe","7":"product_cat-schmuck","8":"product_tag-bronze","9":"product_tag-punzierung","10":"product_tag-wikinger","11":"product_shipping_class-brief","13":"first","14":"instock","15":"taxable","16":"shipping-taxable","17":"purchasable","18":"product-type-simple"},"_links":{"self":[{"href":"https:\/\/shop.mittgard.de\/index.php?rest_route=\/wp\/v2\/product\/10232","targetHints":{"allow":["GET"]}}],"collection":[{"href":"https:\/\/shop.mittgard.de\/index.php?rest_route=\/wp\/v2\/product"}],"about":[{"href":"https:\/\/shop.mittgard.de\/index.php?rest_route=\/wp\/v2\/types\/product"}],"wp:featuredmedia":[{"embeddable":true,"href":"https:\/\/shop.mittgard.de\/index.php?rest_route=\/wp\/v2\/media\/10233"}],"wp:attachment":[{"href":"https:\/\/shop.mittgard.de\/index.php?rest_route=%2Fwp%2Fv2%2Fmedia&parent=10232"}],"wp:term":[{"taxonomy":"product_brand","embeddable":true,"href":"https:\/\/shop.mittgard.de\/index.php?rest_route=%2Fwp%2Fv2%2Fproduct_brand&post=10232"},{"taxonomy":"product_cat","embeddable":true,"href":"https:\/\/shop.mittgard.de\/index.php?rest_route=%2Fwp%2Fv2%2Fproduct_cat&post=10232"},{"taxonomy":"product_tag","embeddable":true,"href":"https:\/\/shop.mittgard.de\/index.php?rest_route=%2Fwp%2Fv2%2Fproduct_tag&post=10232"}],"curies":[{"name":"wp","href":"https:\/\/api.w.org\/{rel}","templated":true}]}}