{"id":10237,"date":"2021-06-22T13:07:17","date_gmt":"2021-06-22T11:07:17","guid":{"rendered":"https:\/\/shop.mittgard.de\/?post_type=product&#038;p=10237"},"modified":"2025-07-28T10:06:41","modified_gmt":"2025-07-28T08:06:41","slug":"wikingerring-7-bronze-gross","status":"publish","type":"product","link":"https:\/\/shop.mittgard.de\/?product=wikingerring-7-bronze-gross","title":{"rendered":"Wikingerring 7 Bronze gro\u00df"},"content":{"rendered":"<p>fein gearbeitet mit Punktverzierung und Gesichtern an der Seite<\/p>\n<p>M\u00e4nnergr\u00f6\u00dfe 64, Schmuckbronze, 0,6 cm Breite<\/p>\n","protected":false},"excerpt":{"rendered":"<p>fein gearbeitet mit Punktverzierung und Gesichtern an der Seite M\u00e4nnergr\u00f6\u00dfe 64, Schmuckbronze, 0,6 cm Breite<\/p>\n","protected":false},"featured_media":10238,"template":"","meta":[],"product_brand":[],"product_cat":[470,455],"product_tag":[472,988,311],"class_list":{"0":"post-10237","1":"product","2":"type-product","3":"status-publish","4":"has-post-thumbnail","6":"product_cat-ohr-fingerringe","7":"product_cat-schmuck","8":"product_tag-bronze","9":"product_tag-punzierung","10":"product_tag-wikinger","11":"product_shipping_class-brief","13":"first","14":"onbackorder","15":"taxable","16":"shipping-taxable","17":"purchasable","18":"product-type-simple"},"_links":{"self":[{"href":"https:\/\/shop.mittgard.de\/index.php?rest_route=\/wp\/v2\/product\/10237","targetHints":{"allow":["GET"]}}],"collection":[{"href":"https:\/\/shop.mittgard.de\/index.php?rest_route=\/wp\/v2\/product"}],"about":[{"href":"https:\/\/shop.mittgard.de\/index.php?rest_route=\/wp\/v2\/types\/product"}],"wp:featuredmedia":[{"embeddable":true,"href":"https:\/\/shop.mittgard.de\/index.php?rest_route=\/wp\/v2\/media\/10238"}],"wp:attachment":[{"href":"https:\/\/shop.mittgard.de\/index.php?rest_route=%2Fwp%2Fv2%2Fmedia&parent=10237"}],"wp:term":[{"taxonomy":"product_brand","embeddable":true,"href":"https:\/\/shop.mittgard.de\/index.php?rest_route=%2Fwp%2Fv2%2Fproduct_brand&post=10237"},{"taxonomy":"product_cat","embeddable":true,"href":"https:\/\/shop.mittgard.de\/index.php?rest_route=%2Fwp%2Fv2%2Fproduct_cat&post=10237"},{"taxonomy":"product_tag","embeddable":true,"href":"https:\/\/shop.mittgard.de\/index.php?rest_route=%2Fwp%2Fv2%2Fproduct_tag&post=10237"}],"curies":[{"name":"wp","href":"https:\/\/api.w.org\/{rel}","templated":true}]}}