{"id":10295,"date":"2021-06-29T16:08:31","date_gmt":"2021-06-29T14:08:31","guid":{"rendered":"https:\/\/shop.mittgard.de\/?post_type=product&#038;p=10295"},"modified":"2024-12-15T16:01:43","modified_gmt":"2024-12-15T15:01:43","slug":"schiffer-thomas-das-roemische-germanien","status":"publish","type":"product","link":"https:\/\/shop.mittgard.de\/?product=schiffer-thomas-das-roemische-germanien","title":{"rendered":"Schiffer, Thomas &#8222;Das r\u00f6mische Germanien&#8220;"},"content":{"rendered":"<p>Das r\u00f6mische Erbe<\/p>\n<p>Dieses Werk beschreibt umf\u00e4nglich die Eroberung Germaniens durch die R\u00f6mer in den Jahrzehnten vor und nach Christus und deren Handeln und Wirken w\u00e4hrend ihrer fast f\u00fcnfhundertj\u00e4hrigen Herrschaft, sowohl aus milit\u00e4rischer wie auch aus politischer und kultureller Sicht. Es bietet ausf\u00fchrliche Informationen zum Verh\u00e4ltnis der V\u00f6lker, zu Herrschaft und Verwaltung, Wirtschaft und Handel, zu sozialer Struktur, zum Leben in der Stadt und auf dem Land, zu Berufen und zu Freizeitt\u00e4tigkeiten, zu Architektur, Kunst und Religion.<\/p>\n<p>Ausf\u00fchrliche Glossare, eine Zeittafel, ein Ortsregister, mehrere Karten sowie Informationen zu den wichtigsten Museen und Besichtigungszielen im deutschsprachigen Raum runden dieses mit vielen Illustrationen und Bildern versehene Buch ab, das fundiert und verst\u00e4ndlich zugleich ist.<\/p>\n<p>Mit diesem Buch legte der in K\u00f6ln lebende Autor Thomas Schiffer (*1972) sein zweites Werk im Regionalia Verlag vor &#8211; nach dem Titel &#8222;Auf R\u00f6merwegen durch die Eifel&#8220;. Er arbeitet als freier Ausstellungsmacher und Museumsp\u00e4dagoge zu kulturhistorischen Themen.<\/p>\n<p>Gebunden Ausgabe, 224 Seiten<\/p>\n","protected":false},"excerpt":{"rendered":"<p>HC<\/p>\n","protected":false},"featured_media":10296,"template":"","meta":[],"product_brand":[],"product_cat":[193,192,185,211],"product_tag":[336,1132,314],"class_list":{"0":"post-10295","1":"product","2":"type-product","3":"status-publish","4":"has-post-thumbnail","6":"product_cat-germanen","7":"product_cat-geschichte","8":"product_cat-literatur","9":"product_cat-sachbuch-lexika","10":"product_tag-germanen","11":"product_tag-limes","12":"product_tag-roemer","13":"product_shipping_class-paket","15":"first","16":"onbackorder","17":"taxable","18":"shipping-taxable","19":"purchasable","20":"product-type-simple"},"_links":{"self":[{"href":"https:\/\/shop.mittgard.de\/index.php?rest_route=\/wp\/v2\/product\/10295","targetHints":{"allow":["GET"]}}],"collection":[{"href":"https:\/\/shop.mittgard.de\/index.php?rest_route=\/wp\/v2\/product"}],"about":[{"href":"https:\/\/shop.mittgard.de\/index.php?rest_route=\/wp\/v2\/types\/product"}],"wp:featuredmedia":[{"embeddable":true,"href":"https:\/\/shop.mittgard.de\/index.php?rest_route=\/wp\/v2\/media\/10296"}],"wp:attachment":[{"href":"https:\/\/shop.mittgard.de\/index.php?rest_route=%2Fwp%2Fv2%2Fmedia&parent=10295"}],"wp:term":[{"taxonomy":"product_brand","embeddable":true,"href":"https:\/\/shop.mittgard.de\/index.php?rest_route=%2Fwp%2Fv2%2Fproduct_brand&post=10295"},{"taxonomy":"product_cat","embeddable":true,"href":"https:\/\/shop.mittgard.de\/index.php?rest_route=%2Fwp%2Fv2%2Fproduct_cat&post=10295"},{"taxonomy":"product_tag","embeddable":true,"href":"https:\/\/shop.mittgard.de\/index.php?rest_route=%2Fwp%2Fv2%2Fproduct_tag&post=10295"}],"curies":[{"name":"wp","href":"https:\/\/api.w.org\/{rel}","templated":true}]}}