{"id":10458,"date":"2021-08-31T13:30:57","date_gmt":"2021-08-31T11:30:57","guid":{"rendered":"https:\/\/shop.mittgard.de\/?post_type=product&#038;p=10458"},"modified":"2025-12-02T17:08:47","modified_gmt":"2025-12-02T16:08:47","slug":"hecker-naturfuehrer-fuer-unterwegs","status":"publish","type":"product","link":"https:\/\/shop.mittgard.de\/?product=hecker-naturfuehrer-fuer-unterwegs","title":{"rendered":"Hecker &#8222;Naturf\u00fchrer f\u00fcr unterwegs&#8220;"},"content":{"rendered":"<p>Einfach bestimmen nach Lebensr\u00e4umen<\/p>\n<p>Lebensgewohnheiten: Der Dachs f\u00fchlt sich im Wald am wohlsten, w\u00e4hrend sich der Waschb\u00e4r gern in Siedlungsn\u00e4he aufh\u00e4lt. Wer das ber\u00fccksichtigt, kann die Lebewesen in der Natur ganz einfach entdecken und bestimmen.<\/p>\n<p>&#8211; Portr\u00e4ts der 550 wichtigsten und bekanntesten Tiere, Pflanzen und Pilze<\/p>\n<p>&#8211; \u00fcber 800 Fotos zeigen typische Merkmale auf einen Blick<\/p>\n<p>&#8211; extra Tierspuren: Fu\u00df- oder Fra\u00dfspuren, Losungen, Bauten oder Nester verraten die Anwesenheit der Tiere<\/p>\n<p>Ihr Begleiter f\u00fcr Streifz\u00fcge durch die Naturf\u00fchrer<\/p>\n<p>Kt, 368 Seiten<\/p>\n","protected":false},"excerpt":{"rendered":"<p>Kt<\/p>\n","protected":false},"featured_media":10459,"template":"","meta":[],"product_brand":[],"product_cat":[186,197,185],"product_tag":[409,246,430,527],"class_list":{"0":"post-10458","1":"product","2":"type-product","3":"status-publish","4":"has-post-thumbnail","6":"product_cat-alternativ-leben","7":"product_cat-kinderbuecher","8":"product_cat-literatur","9":"product_tag-bestimmungsbuch","10":"product_tag-pflanzen","11":"product_tag-pilze","12":"product_tag-tiere","13":"product_shipping_class-paket","15":"first","16":"onbackorder","17":"taxable","18":"shipping-taxable","19":"purchasable","20":"product-type-simple"},"_links":{"self":[{"href":"https:\/\/shop.mittgard.de\/index.php?rest_route=\/wp\/v2\/product\/10458","targetHints":{"allow":["GET"]}}],"collection":[{"href":"https:\/\/shop.mittgard.de\/index.php?rest_route=\/wp\/v2\/product"}],"about":[{"href":"https:\/\/shop.mittgard.de\/index.php?rest_route=\/wp\/v2\/types\/product"}],"wp:featuredmedia":[{"embeddable":true,"href":"https:\/\/shop.mittgard.de\/index.php?rest_route=\/wp\/v2\/media\/10459"}],"wp:attachment":[{"href":"https:\/\/shop.mittgard.de\/index.php?rest_route=%2Fwp%2Fv2%2Fmedia&parent=10458"}],"wp:term":[{"taxonomy":"product_brand","embeddable":true,"href":"https:\/\/shop.mittgard.de\/index.php?rest_route=%2Fwp%2Fv2%2Fproduct_brand&post=10458"},{"taxonomy":"product_cat","embeddable":true,"href":"https:\/\/shop.mittgard.de\/index.php?rest_route=%2Fwp%2Fv2%2Fproduct_cat&post=10458"},{"taxonomy":"product_tag","embeddable":true,"href":"https:\/\/shop.mittgard.de\/index.php?rest_route=%2Fwp%2Fv2%2Fproduct_tag&post=10458"}],"curies":[{"name":"wp","href":"https:\/\/api.w.org\/{rel}","templated":true}]}}