{"id":10463,"date":"2021-08-31T13:35:13","date_gmt":"2021-08-31T11:35:13","guid":{"rendered":"https:\/\/shop.mittgard.de\/?post_type=product&#038;p=10463"},"modified":"2024-12-16T11:29:54","modified_gmt":"2024-12-16T10:29:54","slug":"diez-ottmar-ein-gutes-dutzend-wilde-beeren","status":"publish","type":"product","link":"https:\/\/shop.mittgard.de\/?product=diez-ottmar-ein-gutes-dutzend-wilde-beeren","title":{"rendered":"Diez, Ottmar &#8222;Ein gutes Dutzend wilde Beeren&#8220;"},"content":{"rendered":"<p>K\u00f6stliches aus der Natur<\/p>\n<p>Wildbeeren sind echtes Superfood aus unseren heimischen W\u00e4ldern. Doch welche sind essbar und welche giftig? Dieses Buch stellt die 12 wichtigsten und h\u00e4ufigsten essbaren Wildbeeren in ausf\u00fchrlichen Portr\u00e4ts vor. Das macht es zum idealen Naturf\u00fchrer auf dem Spaziergang.<\/p>\n<p>&#8211; auf einen Blick: Merkmale direkt am Bild erkl\u00e4rt<\/p>\n<p>&#8211; erfolgreich sammeln: Erntezeitpunkt, Fundorte und Sammeltipps<\/p>\n<p>&#8211; sicher erkennen: Doppelg\u00e4nger auf einen Blick<\/p>\n<p>&#8211; Geniessen: Leckere Rezepte f\u00fcr viele Gelegenheiten<\/p>\n<p>Kt, 112 Seiten<\/p>\n","protected":false},"excerpt":{"rendered":"<p>Kt<\/p>\n","protected":false},"featured_media":10464,"template":"","meta":[],"product_brand":[],"product_cat":[185,206],"product_tag":[529,409,427],"class_list":{"0":"post-10463","1":"product","2":"type-product","3":"status-publish","4":"has-post-thumbnail","6":"product_cat-literatur","7":"product_cat-naturkost","8":"product_tag-beeren","9":"product_tag-bestimmungsbuch","10":"product_tag-obst","11":"product_shipping_class-paket","13":"first","14":"onbackorder","15":"taxable","16":"shipping-taxable","17":"purchasable","18":"product-type-simple"},"_links":{"self":[{"href":"https:\/\/shop.mittgard.de\/index.php?rest_route=\/wp\/v2\/product\/10463","targetHints":{"allow":["GET"]}}],"collection":[{"href":"https:\/\/shop.mittgard.de\/index.php?rest_route=\/wp\/v2\/product"}],"about":[{"href":"https:\/\/shop.mittgard.de\/index.php?rest_route=\/wp\/v2\/types\/product"}],"wp:featuredmedia":[{"embeddable":true,"href":"https:\/\/shop.mittgard.de\/index.php?rest_route=\/wp\/v2\/media\/10464"}],"wp:attachment":[{"href":"https:\/\/shop.mittgard.de\/index.php?rest_route=%2Fwp%2Fv2%2Fmedia&parent=10463"}],"wp:term":[{"taxonomy":"product_brand","embeddable":true,"href":"https:\/\/shop.mittgard.de\/index.php?rest_route=%2Fwp%2Fv2%2Fproduct_brand&post=10463"},{"taxonomy":"product_cat","embeddable":true,"href":"https:\/\/shop.mittgard.de\/index.php?rest_route=%2Fwp%2Fv2%2Fproduct_cat&post=10463"},{"taxonomy":"product_tag","embeddable":true,"href":"https:\/\/shop.mittgard.de\/index.php?rest_route=%2Fwp%2Fv2%2Fproduct_tag&post=10463"}],"curies":[{"name":"wp","href":"https:\/\/api.w.org\/{rel}","templated":true}]}}