{"id":10468,"date":"2021-08-31T13:41:04","date_gmt":"2021-08-31T11:41:04","guid":{"rendered":"https:\/\/shop.mittgard.de\/?post_type=product&#038;p=10468"},"modified":"2025-10-06T13:08:16","modified_gmt":"2025-10-06T11:08:16","slug":"veit-myriam-die-heilkraft-der-raunaechte","status":"publish","type":"product","link":"https:\/\/shop.mittgard.de\/?product=veit-myriam-die-heilkraft-der-raunaechte","title":{"rendered":"Veit, Myriam &#8222;Die Heilkraft der Raun\u00e4chte&#8220;"},"content":{"rendered":"<p>Erlebe die Kraft der Heiligen N\u00e4chte<\/p>\n<p>Die N\u00e4chte vom 25. Dezember bis zum 6. Januar sind Magie pur. Jetzt sind die Tore in die geistige Welt so offen wie sonst nicht. Durch einen sinnlichen und ganzheitlichen Zugang verbindest du dich tief mit der Lebenskraft der Natur \u2013 und mit deiner Seele. Auf diese Weise tankst du Energie f\u00fcr das kommende Jahr und findest deine Mitte.<\/p>\n<p>Traditionelle, kraftvolle Rituale \u2013 Atempausen in unserer hektischen Zeit<\/p>\n<p>St\u00e4rkende Impulse f\u00fcr die 12 N\u00e4chte und Tage \u2013 ausgew\u00e4hlte Bewegungs\u00fcbungen aus dem Yoga, feine \u00e4therische \u00d6le und besondere R\u00e4uchermischungen<\/p>\n<p>Zahlreiche Rezepte \u2013 Zum Ausprobieren und Vertiefen der jeweiligen Tagesqualit\u00e4t<\/p>\n<p>Br, 128 Seiten<\/p>\n","protected":false},"excerpt":{"rendered":"<p>Br<\/p>\n","protected":false},"featured_media":10469,"template":"","meta":[],"product_brand":[],"product_cat":[186,195,185],"product_tag":[653,643,1139,536],"class_list":{"0":"post-10468","1":"product","2":"type-product","3":"status-publish","4":"has-post-thumbnail","6":"product_cat-alternativ-leben","7":"product_cat-hexentum-schamanismus","8":"product_cat-literatur","9":"product_tag-jul","10":"product_tag-raeuchern","11":"product_tag-raunaechte","12":"product_tag-winter","13":"product_shipping_class-paket","15":"first","16":"onbackorder","17":"taxable","18":"shipping-taxable","19":"purchasable","20":"product-type-simple"},"_links":{"self":[{"href":"https:\/\/shop.mittgard.de\/index.php?rest_route=\/wp\/v2\/product\/10468","targetHints":{"allow":["GET"]}}],"collection":[{"href":"https:\/\/shop.mittgard.de\/index.php?rest_route=\/wp\/v2\/product"}],"about":[{"href":"https:\/\/shop.mittgard.de\/index.php?rest_route=\/wp\/v2\/types\/product"}],"wp:featuredmedia":[{"embeddable":true,"href":"https:\/\/shop.mittgard.de\/index.php?rest_route=\/wp\/v2\/media\/10469"}],"wp:attachment":[{"href":"https:\/\/shop.mittgard.de\/index.php?rest_route=%2Fwp%2Fv2%2Fmedia&parent=10468"}],"wp:term":[{"taxonomy":"product_brand","embeddable":true,"href":"https:\/\/shop.mittgard.de\/index.php?rest_route=%2Fwp%2Fv2%2Fproduct_brand&post=10468"},{"taxonomy":"product_cat","embeddable":true,"href":"https:\/\/shop.mittgard.de\/index.php?rest_route=%2Fwp%2Fv2%2Fproduct_cat&post=10468"},{"taxonomy":"product_tag","embeddable":true,"href":"https:\/\/shop.mittgard.de\/index.php?rest_route=%2Fwp%2Fv2%2Fproduct_tag&post=10468"}],"curies":[{"name":"wp","href":"https:\/\/api.w.org\/{rel}","templated":true}]}}