{"id":10473,"date":"2021-08-31T13:44:52","date_gmt":"2021-08-31T11:44:52","guid":{"rendered":"https:\/\/shop.mittgard.de\/?post_type=product&#038;p=10473"},"modified":"2025-10-06T13:07:46","modified_gmt":"2025-10-06T11:07:46","slug":"hess-sam-die-welt-der-naturgeister","status":"publish","type":"product","link":"https:\/\/shop.mittgard.de\/?product=hess-sam-die-welt-der-naturgeister","title":{"rendered":"Hess, Sam &#8222;Die Welt der Naturgeister&#8220;"},"content":{"rendered":"<p>Sam Hess \u201eDie Welt der Naturgeister\u201c<\/p>\n<p>Zwerge, Feen und Nymphen wahrnehmen und sich mit ihnen verbinden<\/p>\n<p>Liebe, Schutz und Energie erfahren<\/p>\n<p>Naturgeister k\u00f6nnen sich in vielf\u00e4ltiger Weise bemerkbar machen: Sie zeigen sich in den Pflanzen wie auch in den Elementen \u2013 in Erde, Wasser, Luft und im Feuer. Das Einzigartige in ihrem Wesen ist, da\u00df sie uns unendliche Liebe schenken. Sie begegnen uns in v\u00f6lliger Hingabe. Wenn wir lernen, sie wahrzunehmen, \u00f6ffnen sie die Pforten zu ihrem Reich. Sie laden uns ein, ihre Welt zu sp\u00fcren, zu erkunden und an ihren Kr\u00e4ften zu wachsen.<\/p>\n<p>&#8211; Verborgene Welten entdecken \u2013 Die Naturgeister und ihre Erscheinungsformen kennenlernen<\/p>\n<p>&#8211; Die Welt mit neuen Augen sehen \u2013 Mit dem unersch\u00f6pflichen Wissen der Naturwesen K\u00f6rper und Geist gesund halten<\/p>\n<p>&#8211; Mit Naturwesen kommunizieren lernen \u2013 Mit zahlreichen \u00dcbungen eintauchen in die Energie der Natur<\/p>\n<p>Br, 144 Seiten<\/p>\n","protected":false},"excerpt":{"rendered":"<p>Br<\/p>\n","protected":false},"featured_media":10474,"template":"","meta":[],"product_brand":[],"product_cat":[185,200],"product_tag":[503,1140,323,1141],"class_list":{"0":"post-10473","1":"product","2":"type-product","3":"status-publish","4":"has-post-thumbnail","6":"product_cat-literatur","7":"product_cat-naturgeister","8":"product_tag-feen","9":"product_tag-kobolde","10":"product_tag-naturgeister","11":"product_tag-zwerge","12":"product_shipping_class-paket","14":"first","15":"onbackorder","16":"taxable","17":"shipping-taxable","18":"purchasable","19":"product-type-simple"},"_links":{"self":[{"href":"https:\/\/shop.mittgard.de\/index.php?rest_route=\/wp\/v2\/product\/10473","targetHints":{"allow":["GET"]}}],"collection":[{"href":"https:\/\/shop.mittgard.de\/index.php?rest_route=\/wp\/v2\/product"}],"about":[{"href":"https:\/\/shop.mittgard.de\/index.php?rest_route=\/wp\/v2\/types\/product"}],"wp:featuredmedia":[{"embeddable":true,"href":"https:\/\/shop.mittgard.de\/index.php?rest_route=\/wp\/v2\/media\/10474"}],"wp:attachment":[{"href":"https:\/\/shop.mittgard.de\/index.php?rest_route=%2Fwp%2Fv2%2Fmedia&parent=10473"}],"wp:term":[{"taxonomy":"product_brand","embeddable":true,"href":"https:\/\/shop.mittgard.de\/index.php?rest_route=%2Fwp%2Fv2%2Fproduct_brand&post=10473"},{"taxonomy":"product_cat","embeddable":true,"href":"https:\/\/shop.mittgard.de\/index.php?rest_route=%2Fwp%2Fv2%2Fproduct_cat&post=10473"},{"taxonomy":"product_tag","embeddable":true,"href":"https:\/\/shop.mittgard.de\/index.php?rest_route=%2Fwp%2Fv2%2Fproduct_tag&post=10473"}],"curies":[{"name":"wp","href":"https:\/\/api.w.org\/{rel}","templated":true}]}}