{"id":10489,"date":"2021-08-31T13:58:18","date_gmt":"2021-08-31T11:58:18","guid":{"rendered":"https:\/\/shop.mittgard.de\/?post_type=product&#038;p=10489"},"modified":"2025-09-15T13:50:35","modified_gmt":"2025-09-15T11:50:35","slug":"diverse-das-formen-und-modelliren","status":"publish","type":"product","link":"https:\/\/shop.mittgard.de\/?product=diverse-das-formen-und-modelliren","title":{"rendered":"Diverse \u201eDas Formen und Modelliren\u201c"},"content":{"rendered":"<p>illustrierte Anleitung zur selbst\u00e4ndigen Erlernung<br \/>\nder Formerei mit Gips und Leim und des Modellierens in Ton, Wachs, Plastilin, Gummiknetmasse etc.<br \/>\nDiese Anleitung ist f\u00fcr alle, die sich kunsthandwerklich bet\u00e4tigen m\u00f6chten. Zu Zeiten der Jahrhundertwende wurden noch praktische B\u00fccher verfasst, die kurz und pr\u00e4gnant waren, und die wichtigsten Dinge vermittelten. Meist wurden sie von echten Praktikern ihres Handwerkstandes verfasst.<br \/>\nDie Anleitung zum Formen und Modellieren stellt alle ben\u00f6tigten Materialien vor, gibt auch Hinweise zur Selbstherstellung, beschreibt die Former-Technik, wie z.B. Gipsformen, Leimformen, die Anfertigung von Abg\u00fcssen, die Restaurierung, das Antiquisieren von Gipsobjekten und zeigt schlie\u00dflich im dritten Abschnitt das Modellieren.<br \/>\nMit \u00a0\u00fcber 100 Abbildungen f\u00fchrt dieses B\u00fcchlein in dieses interessante Gebiet des Kunsthandwerkes ein.<\/p>\n<p>Softcover, 76 S., modernes Schriftbild, Reprint der 2. Aufl. 1904.<\/p>\n","protected":false},"excerpt":{"rendered":"<p>Heft<\/p>\n","protected":false},"featured_media":10490,"template":"","meta":[],"product_brand":[],"product_cat":[188,185],"product_tag":[1146,1147,1148,662,301],"class_list":{"0":"post-10489","1":"product","2":"type-product","3":"status-publish","4":"has-post-thumbnail","6":"product_cat-altes-handwerk","7":"product_cat-literatur","8":"product_tag-formen","9":"product_tag-gipsen","10":"product_tag-knete","11":"product_tag-ton","12":"product_tag-wachs","13":"product_shipping_class-paket","15":"first","16":"onbackorder","17":"taxable","18":"shipping-taxable","19":"purchasable","20":"product-type-simple"},"_links":{"self":[{"href":"https:\/\/shop.mittgard.de\/index.php?rest_route=\/wp\/v2\/product\/10489","targetHints":{"allow":["GET"]}}],"collection":[{"href":"https:\/\/shop.mittgard.de\/index.php?rest_route=\/wp\/v2\/product"}],"about":[{"href":"https:\/\/shop.mittgard.de\/index.php?rest_route=\/wp\/v2\/types\/product"}],"wp:featuredmedia":[{"embeddable":true,"href":"https:\/\/shop.mittgard.de\/index.php?rest_route=\/wp\/v2\/media\/10490"}],"wp:attachment":[{"href":"https:\/\/shop.mittgard.de\/index.php?rest_route=%2Fwp%2Fv2%2Fmedia&parent=10489"}],"wp:term":[{"taxonomy":"product_brand","embeddable":true,"href":"https:\/\/shop.mittgard.de\/index.php?rest_route=%2Fwp%2Fv2%2Fproduct_brand&post=10489"},{"taxonomy":"product_cat","embeddable":true,"href":"https:\/\/shop.mittgard.de\/index.php?rest_route=%2Fwp%2Fv2%2Fproduct_cat&post=10489"},{"taxonomy":"product_tag","embeddable":true,"href":"https:\/\/shop.mittgard.de\/index.php?rest_route=%2Fwp%2Fv2%2Fproduct_tag&post=10489"}],"curies":[{"name":"wp","href":"https:\/\/api.w.org\/{rel}","templated":true}]}}