{"id":10579,"date":"2021-09-23T10:17:35","date_gmt":"2021-09-23T08:17:35","guid":{"rendered":"https:\/\/shop.mittgard.de\/?post_type=product&#038;p=10579"},"modified":"2025-08-05T08:56:40","modified_gmt":"2025-08-05T06:56:40","slug":"eldaring-e-v-eldariten","status":"publish","type":"product","link":"https:\/\/shop.mittgard.de\/?product=eldaring-e-v-eldariten","title":{"rendered":"Eldaring e.V. &#8222;Eldariten&#8220;"},"content":{"rendered":"<p>Gelebtes germanisches Heidentum<br \/>\nDas Ritualbuch des Eldaring e.V.<\/p>\n<div class=\"\"><strong class=\"\">Opfer und Rituale sind kein Akt des Verzichts,<br class=\"\" \/>sondern ein Akt des Teilens und der Dankbarkeit.<\/strong><\/div>\n<p><br class=\"\" \/>Gaben waren immer das wichtigste Bindeglied zwischen Menschen und G\u00f6ttern. In sogenannten Bl\u00f3ts (altnordisch f\u00fcr\u201eOpfer\u201c), opfern wir den G\u00f6ttern und Wesenheiten zum Dank oder als Bitte f\u00fcr eine Gegengabe. Bl\u00f3ts waren damals wie heute die Vertr\u00e4ge zwischen uns und den G\u00f6ttern.<br class=\"\" \/><br class=\"\" \/>Das vorliegende Werk ist eine Hilfestellung f\u00fcr Anf\u00e4nger und Suchende, aber auch praxiserfahrene Heiden finden hier zahlreiche neue Ideen und Zug\u00e4nge. Neben Ritualvorschl\u00e4gen und Inspirationen zu Lebenskreis- und Jahreskreisfesten, der Ahnenverehrung, Bl\u00f3ts f\u00fcr die Hohen und weitere Wesenheiten enth\u00e4lt das Praxisbuch ebenso hilfreiche Tipps rund ums Ritual so wie Beispiele f\u00fcr Bl\u00f3ts in gro\u00dfen Gruppen.<br class=\"\" \/><br class=\"\" \/><strong class=\"\">Eldariten<\/strong> ist in 9 Jahren von den Mitgliedern zusammengetragen worden. Petra Bolte hat die bisher nur online verf\u00fcgbare Ausgabe des Ritualbuchs sorgf\u00e4ltig neu redigiert, L\u00fccken identifiziert und mit neuem Material gef\u00fcllt, so dass eine stark \u00fcberarbeitete und erweiterte Ausgabe des Ritualbuchs mit \u00fcber 30 Autoren vorliegt.<br class=\"\" \/><br class=\"\" \/><br class=\"\" \/><strong class=\"\">Eldariten<\/strong><br class=\"\" \/><em class=\"\">Gelebtes germanisches Heidentum &#8211; Das Ritualbuch des Eldaring e.V.<\/em><br class=\"\" \/>Zusammengestellt und herausgegeben von Petra Bolte<br class=\"\" \/><br class=\"\" \/>320 Seiten, 17 x 24 cm, Broschur, mit 50 Abbildungen<\/p>\n","protected":false},"excerpt":{"rendered":"<p>Br<\/p>\n","protected":false},"featured_media":10580,"template":"","meta":[],"product_brand":[],"product_cat":[186,193,185],"product_tag":[1054,1037,224,959,223,382],"class_list":{"0":"post-10579","1":"product","2":"type-product","3":"status-publish","4":"has-post-thumbnail","6":"product_cat-alternativ-leben","7":"product_cat-germanen","8":"product_cat-literatur","9":"product_tag-blot","10":"product_tag-eldaring","11":"product_tag-heidentum","12":"product_tag-jahreskreisfeste","13":"product_tag-naturreligion","14":"product_tag-rituale","15":"product_shipping_class-paket","17":"first","18":"outofstock","19":"taxable","20":"shipping-taxable","21":"purchasable","22":"product-type-simple"},"_links":{"self":[{"href":"https:\/\/shop.mittgard.de\/index.php?rest_route=\/wp\/v2\/product\/10579","targetHints":{"allow":["GET"]}}],"collection":[{"href":"https:\/\/shop.mittgard.de\/index.php?rest_route=\/wp\/v2\/product"}],"about":[{"href":"https:\/\/shop.mittgard.de\/index.php?rest_route=\/wp\/v2\/types\/product"}],"wp:featuredmedia":[{"embeddable":true,"href":"https:\/\/shop.mittgard.de\/index.php?rest_route=\/wp\/v2\/media\/10580"}],"wp:attachment":[{"href":"https:\/\/shop.mittgard.de\/index.php?rest_route=%2Fwp%2Fv2%2Fmedia&parent=10579"}],"wp:term":[{"taxonomy":"product_brand","embeddable":true,"href":"https:\/\/shop.mittgard.de\/index.php?rest_route=%2Fwp%2Fv2%2Fproduct_brand&post=10579"},{"taxonomy":"product_cat","embeddable":true,"href":"https:\/\/shop.mittgard.de\/index.php?rest_route=%2Fwp%2Fv2%2Fproduct_cat&post=10579"},{"taxonomy":"product_tag","embeddable":true,"href":"https:\/\/shop.mittgard.de\/index.php?rest_route=%2Fwp%2Fv2%2Fproduct_tag&post=10579"}],"curies":[{"name":"wp","href":"https:\/\/api.w.org\/{rel}","templated":true}]}}