{"id":10648,"date":"2021-10-04T13:10:10","date_gmt":"2021-10-04T11:10:10","guid":{"rendered":"https:\/\/shop.mittgard.de\/?post_type=product&#038;p=10648"},"modified":"2024-12-14T12:39:29","modified_gmt":"2024-12-14T11:39:29","slug":"tigerauge-splitterperle","status":"publish","type":"product","link":"https:\/\/shop.mittgard.de\/?product=tigerauge-splitterperle","title":{"rendered":"Tigerauge, Splitterperle"},"content":{"rendered":"<p>ca. \u00d8 0,6 &#8211; 0,9 cm<\/p>\n<p>sehr d\u00fcnn gebohrt, nur f\u00fcr Angelschnur oder Draht geeignet<\/p>\n<p>Preis pro St\u00fcck<\/p>\n","protected":false},"excerpt":{"rendered":"<p>ca. \u00d8 0,6 &#8211; 0,9 cm sehr d\u00fcnn gebohrt, nur f\u00fcr Angelschnur oder Draht geeignet Preis pro St\u00fcck<\/p>\n","protected":false},"featured_media":10649,"template":"","meta":[],"product_brand":[],"product_cat":[486,455],"product_tag":[811,1159],"class_list":{"0":"post-10648","1":"product","2":"type-product","3":"status-publish","4":"has-post-thumbnail","6":"product_cat-perlen","7":"product_cat-schmuck","8":"product_tag-splitter","9":"product_tag-tigerauge","10":"product_shipping_class-brief","12":"first","13":"instock","14":"taxable","15":"shipping-taxable","16":"purchasable","17":"product-type-simple"},"_links":{"self":[{"href":"https:\/\/shop.mittgard.de\/index.php?rest_route=\/wp\/v2\/product\/10648","targetHints":{"allow":["GET"]}}],"collection":[{"href":"https:\/\/shop.mittgard.de\/index.php?rest_route=\/wp\/v2\/product"}],"about":[{"href":"https:\/\/shop.mittgard.de\/index.php?rest_route=\/wp\/v2\/types\/product"}],"wp:featuredmedia":[{"embeddable":true,"href":"https:\/\/shop.mittgard.de\/index.php?rest_route=\/wp\/v2\/media\/10649"}],"wp:attachment":[{"href":"https:\/\/shop.mittgard.de\/index.php?rest_route=%2Fwp%2Fv2%2Fmedia&parent=10648"}],"wp:term":[{"taxonomy":"product_brand","embeddable":true,"href":"https:\/\/shop.mittgard.de\/index.php?rest_route=%2Fwp%2Fv2%2Fproduct_brand&post=10648"},{"taxonomy":"product_cat","embeddable":true,"href":"https:\/\/shop.mittgard.de\/index.php?rest_route=%2Fwp%2Fv2%2Fproduct_cat&post=10648"},{"taxonomy":"product_tag","embeddable":true,"href":"https:\/\/shop.mittgard.de\/index.php?rest_route=%2Fwp%2Fv2%2Fproduct_tag&post=10648"}],"curies":[{"name":"wp","href":"https:\/\/api.w.org\/{rel}","templated":true}]}}