{"id":10654,"date":"2021-10-04T13:15:29","date_gmt":"2021-10-04T11:15:29","guid":{"rendered":"https:\/\/shop.mittgard.de\/?post_type=product&#038;p=10654"},"modified":"2025-11-26T13:13:34","modified_gmt":"2025-11-26T12:13:34","slug":"tigerauge-kugelperle","status":"publish","type":"product","link":"https:\/\/shop.mittgard.de\/?product=tigerauge-kugelperle","title":{"rendered":"Tigerauge, Kugelperle"},"content":{"rendered":"<p>ca. \u00d8 0,6 cm<\/p>\n<p>sehr d\u00fcnn gebohrt, nur f\u00fcr Angelschnur oder Draht geeignet<\/p>\n<p>Preis pro St\u00fcck, nur noch 5 St\u00fcck lieferbar!<\/p>\n","protected":false},"excerpt":{"rendered":"<p>ca. \u00d8 0,6 cm sehr d\u00fcnn gebohrt, nur f\u00fcr Angelschnur oder Draht geeignet Preis pro St\u00fcck, nur noch 5 St\u00fcck lieferbar!<\/p>\n","protected":false},"featured_media":10655,"template":"","meta":[],"product_brand":[],"product_cat":[486,455],"product_tag":[816,1159],"class_list":{"0":"post-10654","1":"product","2":"type-product","3":"status-publish","4":"has-post-thumbnail","6":"product_cat-perlen","7":"product_cat-schmuck","8":"product_tag-kugel","9":"product_tag-tigerauge","10":"product_shipping_class-brief","12":"first","13":"instock","14":"taxable","15":"shipping-taxable","16":"purchasable","17":"product-type-simple"},"_links":{"self":[{"href":"https:\/\/shop.mittgard.de\/index.php?rest_route=\/wp\/v2\/product\/10654","targetHints":{"allow":["GET"]}}],"collection":[{"href":"https:\/\/shop.mittgard.de\/index.php?rest_route=\/wp\/v2\/product"}],"about":[{"href":"https:\/\/shop.mittgard.de\/index.php?rest_route=\/wp\/v2\/types\/product"}],"wp:featuredmedia":[{"embeddable":true,"href":"https:\/\/shop.mittgard.de\/index.php?rest_route=\/wp\/v2\/media\/10655"}],"wp:attachment":[{"href":"https:\/\/shop.mittgard.de\/index.php?rest_route=%2Fwp%2Fv2%2Fmedia&parent=10654"}],"wp:term":[{"taxonomy":"product_brand","embeddable":true,"href":"https:\/\/shop.mittgard.de\/index.php?rest_route=%2Fwp%2Fv2%2Fproduct_brand&post=10654"},{"taxonomy":"product_cat","embeddable":true,"href":"https:\/\/shop.mittgard.de\/index.php?rest_route=%2Fwp%2Fv2%2Fproduct_cat&post=10654"},{"taxonomy":"product_tag","embeddable":true,"href":"https:\/\/shop.mittgard.de\/index.php?rest_route=%2Fwp%2Fv2%2Fproduct_tag&post=10654"}],"curies":[{"name":"wp","href":"https:\/\/api.w.org\/{rel}","templated":true}]}}