{"id":10656,"date":"2021-10-04T13:19:57","date_gmt":"2021-10-04T11:19:57","guid":{"rendered":"https:\/\/shop.mittgard.de\/?post_type=product&#038;p=10656"},"modified":"2024-12-14T12:25:01","modified_gmt":"2024-12-14T11:25:01","slug":"karneol-splitterperle","status":"publish","type":"product","link":"https:\/\/shop.mittgard.de\/?product=karneol-splitterperle","title":{"rendered":"Karneol, Splitterperle"},"content":{"rendered":"<p>\u00d8 0,6 &#8211; 0,9 cm<\/p>\n<p>sehr d\u00fcnne Bohrung f\u00fcr Angelschnur oder Draht geeignet, nicht f\u00fcr Lederb\u00e4nder!<\/p>\n<p>Preis pro St\u00fcck<\/p>\n<p>&nbsp;<\/p>\n","protected":false},"excerpt":{"rendered":"<p>\u00d8 0,6 &#8211; 0,9 cm sehr d\u00fcnne Bohrung f\u00fcr Angelschnur oder Draht geeignet, nicht f\u00fcr Lederb\u00e4nder! Preis pro St\u00fcck &nbsp;<\/p>\n","protected":false},"featured_media":10657,"template":"","meta":[],"product_brand":[],"product_cat":[486,455],"product_tag":[1161,1152,811],"class_list":{"0":"post-10656","1":"product","2":"type-product","3":"status-publish","4":"has-post-thumbnail","6":"product_cat-perlen","7":"product_cat-schmuck","8":"product_tag-carneol","9":"product_tag-karneol","10":"product_tag-splitter","11":"product_shipping_class-brief","13":"first","14":"instock","15":"taxable","16":"shipping-taxable","17":"purchasable","18":"product-type-simple"},"_links":{"self":[{"href":"https:\/\/shop.mittgard.de\/index.php?rest_route=\/wp\/v2\/product\/10656","targetHints":{"allow":["GET"]}}],"collection":[{"href":"https:\/\/shop.mittgard.de\/index.php?rest_route=\/wp\/v2\/product"}],"about":[{"href":"https:\/\/shop.mittgard.de\/index.php?rest_route=\/wp\/v2\/types\/product"}],"wp:featuredmedia":[{"embeddable":true,"href":"https:\/\/shop.mittgard.de\/index.php?rest_route=\/wp\/v2\/media\/10657"}],"wp:attachment":[{"href":"https:\/\/shop.mittgard.de\/index.php?rest_route=%2Fwp%2Fv2%2Fmedia&parent=10656"}],"wp:term":[{"taxonomy":"product_brand","embeddable":true,"href":"https:\/\/shop.mittgard.de\/index.php?rest_route=%2Fwp%2Fv2%2Fproduct_brand&post=10656"},{"taxonomy":"product_cat","embeddable":true,"href":"https:\/\/shop.mittgard.de\/index.php?rest_route=%2Fwp%2Fv2%2Fproduct_cat&post=10656"},{"taxonomy":"product_tag","embeddable":true,"href":"https:\/\/shop.mittgard.de\/index.php?rest_route=%2Fwp%2Fv2%2Fproduct_tag&post=10656"}],"curies":[{"name":"wp","href":"https:\/\/api.w.org\/{rel}","templated":true}]}}