{"id":10701,"date":"2021-10-12T14:24:02","date_gmt":"2021-10-12T12:24:02","guid":{"rendered":"https:\/\/shop.mittgard.de\/?post_type=product&#038;p=10701"},"modified":"2024-12-15T15:22:22","modified_gmt":"2024-12-15T14:22:22","slug":"egerkrans-johan-nordische-wesen","status":"publish","type":"product","link":"https:\/\/shop.mittgard.de\/?product=egerkrans-johan-nordische-wesen","title":{"rendered":"Egerkrans, Johan &#8222;Nordische Wesen&#8220;"},"content":{"rendered":"<p>Wild und gef\u00e4hrlich sind die Wesen, die in den dunklen W\u00e4ldern, tiefen Seen und schroffen Bergen des hohen Nordens leben. Sie halten sich im Verborgenen und sind doch allgegenw\u00e4rtig: Wenn Wanderer auf r\u00e4tselhafte Weise verschwinden, wenn am Fluss die Kl\u00e4nge einer Fl\u00f6te ert\u00f6nen oder wenn geheimnisvolle Nebelschwaden aufziehen&#8230;<\/p>\n<p>Dieses Buch entf\u00fchrt in die sagenhafte Welt der Trolle, Elfen und Drachen<\/p>\n<p>Gebunden, in Leinen mit Leseb\u00e4ndchen, 128 Seiten<\/p>\n","protected":false},"excerpt":{"rendered":"<p>Geb<\/p>\n","protected":false},"featured_media":10702,"template":"","meta":[],"product_brand":[],"product_cat":[193,185,200,211],"product_tag":[504,356,323,985,1141],"class_list":{"0":"post-10701","1":"product","2":"type-product","3":"status-publish","4":"has-post-thumbnail","6":"product_cat-germanen","7":"product_cat-literatur","8":"product_cat-naturgeister","9":"product_cat-sachbuch-lexika","10":"product_tag-elfen","11":"product_tag-mythologie","12":"product_tag-naturgeister","13":"product_tag-trolle","14":"product_tag-zwerge","15":"product_shipping_class-paket","17":"first","18":"onbackorder","19":"taxable","20":"shipping-taxable","21":"purchasable","22":"product-type-simple"},"_links":{"self":[{"href":"https:\/\/shop.mittgard.de\/index.php?rest_route=\/wp\/v2\/product\/10701","targetHints":{"allow":["GET"]}}],"collection":[{"href":"https:\/\/shop.mittgard.de\/index.php?rest_route=\/wp\/v2\/product"}],"about":[{"href":"https:\/\/shop.mittgard.de\/index.php?rest_route=\/wp\/v2\/types\/product"}],"wp:featuredmedia":[{"embeddable":true,"href":"https:\/\/shop.mittgard.de\/index.php?rest_route=\/wp\/v2\/media\/10702"}],"wp:attachment":[{"href":"https:\/\/shop.mittgard.de\/index.php?rest_route=%2Fwp%2Fv2%2Fmedia&parent=10701"}],"wp:term":[{"taxonomy":"product_brand","embeddable":true,"href":"https:\/\/shop.mittgard.de\/index.php?rest_route=%2Fwp%2Fv2%2Fproduct_brand&post=10701"},{"taxonomy":"product_cat","embeddable":true,"href":"https:\/\/shop.mittgard.de\/index.php?rest_route=%2Fwp%2Fv2%2Fproduct_cat&post=10701"},{"taxonomy":"product_tag","embeddable":true,"href":"https:\/\/shop.mittgard.de\/index.php?rest_route=%2Fwp%2Fv2%2Fproduct_tag&post=10701"}],"curies":[{"name":"wp","href":"https:\/\/api.w.org\/{rel}","templated":true}]}}