{"id":10805,"date":"2021-11-08T11:18:19","date_gmt":"2021-11-08T10:18:19","guid":{"rendered":"https:\/\/shop.mittgard.de\/?post_type=product&#038;p=10805"},"modified":"2024-12-15T13:12:43","modified_gmt":"2024-12-15T12:12:43","slug":"junkes-sagen-legenden-aus-dem-alten-trier","status":"publish","type":"product","link":"https:\/\/shop.mittgard.de\/?product=junkes-sagen-legenden-aus-dem-alten-trier","title":{"rendered":"Junkes &#8222;Sagen &#038; Legenden aus dem alten Trier&#8220;"},"content":{"rendered":"<p>Sagenhaftes Trier<\/p>\n<p>Auf mehr als 2000 Jahre Geschichte blickt die alte Stadt an der Mosel. Und auf einen immensen Sagenschatz!<\/p>\n<p>Haben Sie zum Beispiel die Geschichten \u00fcber Trebeta geh\u00f6rt, den Gr\u00fcnder der Stadt, oder kennen Sie die Legende von der frommen Helena? Welche Sagen ranken sich um Sankt Matthias, den Trierer Dom, die Porta Nigra? Und wie kam eigentlich der Heilige Rock in die Stadt?<\/p>\n<p>Erleben Sie Antike, Mittelalter und Neuzeit mit Augen, Herzen und Seele der Einheimischen. Mario Junkes hat die sch\u00f6nsten Geschichten f\u00fcr Sie gesammelt und erz\u00e4hlt sie in seiner eigenen fesselnden Sprache nach.<\/p>\n<p>Mario Junkes, *1972 in Trier, war lange als Fremdsprachenkorrespondent t\u00e4tig und arbeitet heute, nach erfolgreicher \u00dcbersetzerpr\u00fcfung, als Sprachmittler. Seit 2012 widmet er sich zunehmend seinen eigenen Schreibprojekten.<\/p>\n<p>Gebundene Ausgabe, 160 Seiten<\/p>\n","protected":false},"excerpt":{"rendered":"<p>Geb<\/p>\n","protected":false},"featured_media":10806,"template":"","meta":[],"product_brand":[],"product_cat":[187,185,212],"product_tag":[327,314,305,1169],"class_list":{"0":"post-10805","1":"product","2":"type-product","3":"status-publish","4":"has-post-thumbnail","6":"product_cat-alternativ-reisen","7":"product_cat-literatur","8":"product_cat-sagen","9":"product_tag-geschichte","10":"product_tag-roemer","11":"product_tag-sagen","12":"product_tag-trier","13":"product_shipping_class-paket","15":"first","16":"onbackorder","17":"taxable","18":"shipping-taxable","19":"purchasable","20":"product-type-simple"},"_links":{"self":[{"href":"https:\/\/shop.mittgard.de\/index.php?rest_route=\/wp\/v2\/product\/10805","targetHints":{"allow":["GET"]}}],"collection":[{"href":"https:\/\/shop.mittgard.de\/index.php?rest_route=\/wp\/v2\/product"}],"about":[{"href":"https:\/\/shop.mittgard.de\/index.php?rest_route=\/wp\/v2\/types\/product"}],"wp:featuredmedia":[{"embeddable":true,"href":"https:\/\/shop.mittgard.de\/index.php?rest_route=\/wp\/v2\/media\/10806"}],"wp:attachment":[{"href":"https:\/\/shop.mittgard.de\/index.php?rest_route=%2Fwp%2Fv2%2Fmedia&parent=10805"}],"wp:term":[{"taxonomy":"product_brand","embeddable":true,"href":"https:\/\/shop.mittgard.de\/index.php?rest_route=%2Fwp%2Fv2%2Fproduct_brand&post=10805"},{"taxonomy":"product_cat","embeddable":true,"href":"https:\/\/shop.mittgard.de\/index.php?rest_route=%2Fwp%2Fv2%2Fproduct_cat&post=10805"},{"taxonomy":"product_tag","embeddable":true,"href":"https:\/\/shop.mittgard.de\/index.php?rest_route=%2Fwp%2Fv2%2Fproduct_tag&post=10805"}],"curies":[{"name":"wp","href":"https:\/\/api.w.org\/{rel}","templated":true}]}}