{"id":10834,"date":"2021-11-09T13:24:26","date_gmt":"2021-11-09T12:24:26","guid":{"rendered":"https:\/\/shop.mittgard.de\/?post_type=product&#038;p=10834"},"modified":"2024-12-16T10:13:44","modified_gmt":"2024-12-16T09:13:44","slug":"lindgren-astrid-tomte-und-der-fuchs-2","status":"publish","type":"product","link":"https:\/\/shop.mittgard.de\/?product=lindgren-astrid-tomte-und-der-fuchs-2","title":{"rendered":"Lindgren, Astrid &#8222;Tomte und der Fuchs&#8220;"},"content":{"rendered":"<p>Wenn es Nacht wird und alle schlafen, kommt Tomte Tummetott aus seinem Versteck hervor. Der kleine Wichtel mit dem langen Bart und der roten M\u00fctze besch\u00fctzt die Menschen und die Tiere auf dem Bauernhof. Doch in dieser Nacht schleicht Mikkel, der hungrige Fuchs, \u00fcber den Hof. Zum Gl\u00fcck hat Tomte eine gute Idee&#8230;<\/p>\n<p>Astrid Lindgrens Weihnachtsklassiker &#8211; mit Bildern von Harald Wiberg<\/p>\n<p>Gebundene Ausgabe, 38 Seiten, Querformat<\/p>\n","protected":false},"excerpt":{"rendered":"<p>PB<\/p>\n","protected":false},"featured_media":10835,"template":"","meta":[],"product_brand":[],"product_cat":[197,185],"product_tag":[252,396,650],"class_list":{"0":"post-10834","1":"product","2":"type-product","3":"status-publish","4":"has-post-thumbnail","6":"product_cat-kinderbuecher","7":"product_cat-literatur","8":"product_tag-kinder","9":"product_tag-weihnachten","10":"product_tag-wichtel","11":"product_shipping_class-paket","13":"first","14":"onbackorder","15":"taxable","16":"shipping-taxable","17":"purchasable","18":"product-type-simple"},"_links":{"self":[{"href":"https:\/\/shop.mittgard.de\/index.php?rest_route=\/wp\/v2\/product\/10834","targetHints":{"allow":["GET"]}}],"collection":[{"href":"https:\/\/shop.mittgard.de\/index.php?rest_route=\/wp\/v2\/product"}],"about":[{"href":"https:\/\/shop.mittgard.de\/index.php?rest_route=\/wp\/v2\/types\/product"}],"wp:featuredmedia":[{"embeddable":true,"href":"https:\/\/shop.mittgard.de\/index.php?rest_route=\/wp\/v2\/media\/10835"}],"wp:attachment":[{"href":"https:\/\/shop.mittgard.de\/index.php?rest_route=%2Fwp%2Fv2%2Fmedia&parent=10834"}],"wp:term":[{"taxonomy":"product_brand","embeddable":true,"href":"https:\/\/shop.mittgard.de\/index.php?rest_route=%2Fwp%2Fv2%2Fproduct_brand&post=10834"},{"taxonomy":"product_cat","embeddable":true,"href":"https:\/\/shop.mittgard.de\/index.php?rest_route=%2Fwp%2Fv2%2Fproduct_cat&post=10834"},{"taxonomy":"product_tag","embeddable":true,"href":"https:\/\/shop.mittgard.de\/index.php?rest_route=%2Fwp%2Fv2%2Fproduct_tag&post=10834"}],"curies":[{"name":"wp","href":"https:\/\/api.w.org\/{rel}","templated":true}]}}